{"id":1106,"date":"2017-09-22T09:54:58","date_gmt":"2017-09-22T07:54:58","guid":{"rendered":"http:\/\/sp5.pila.pl\/SP5\/?page_id=1106"},"modified":"2025-10-03T11:53:46","modified_gmt":"2025-10-03T09:53:46","slug":"sklad-prezydium-rady-rodzicow","status":"publish","type":"page","link":"https:\/\/sp5.pila.pl\/SP5\/sklad-prezydium-rady-rodzicow\/","title":{"rendered":"RADA RODZIC\u00d3W"},"content":{"rendered":"<p style=\"text-align: center;\"><span style=\"color: #993300;\"><strong>SK\u0141AD PREZYDIUM RADY RODZIC\u00d3W<\/strong><\/span><br \/>\n<span style=\"color: #993300;\"><strong> 2025\/2026<\/strong><\/span><\/p>\n<p style=\"text-align: center;\">Katarzyna Makowska &#8211; przewodnicz\u0105ca<\/p>\n<p style=\"text-align: center;\">Marcin Hankowski- zast\u0119pca przewodnicz\u0105cej<\/p>\n<p style=\"text-align: center;\">Ewelina Ska\u0142ka- skarbnik<\/p>\n<p style=\"text-align: center;\">Katarzyna Szukaj\u0142o- sekretarz<\/p>\n<p><strong>Uwaga!<\/strong><\/p>\n<p style=\"text-align: center;\"><img loading=\"lazy\" decoding=\"async\" class=\"alignnone wp-image-45695 \" src=\"https:\/\/sp5.pila.pl\/SP5\/wp-content\/uploads\/Bez-nazwy-68.png\" alt=\"\" width=\"552\" height=\"838\" srcset=\"https:\/\/sp5.pila.pl\/SP5\/wp-content\/uploads\/Bez-nazwy-68.png 639w, https:\/\/sp5.pila.pl\/SP5\/wp-content\/uploads\/Bez-nazwy-68-198x300.png 198w\" sizes=\"auto, (max-width: 552px) 100vw, 552px\" \/><\/p>\n<p style=\"text-align: center;\"><strong>Na poni\u017csze konto mo\u017cna wp\u0142aca\u0107 sk\u0142adki na Komitet Rodzicielski &#8211; SGB Bank Sp\u00f3\u0142dzielczy w Czarnkowie o \/ Pi\u0142a<\/strong><\/p>\n<p style=\"text-align: center;\">55 8951 0009 4202 0503 3000 0010<\/p>\n<p style=\"text-align: center;\">kwota 100 z\u0142otych na dziecko (p\u0142aci tylko jedno dziecko z rodziny)<\/p>\n<p style=\"text-align: center;\">W tytule przelewu prosimy wpisa\u0107 imi\u0119, nazwisko i klas\u0119 wszystkich dzieci ucz\u0119szczaj\u0105cych do szko\u0142y.<\/p>\n<p>&nbsp;<\/p>\n<p style=\"text-align: center;\"><span style=\"color: #993300;\"><strong>SK\u0141AD PREZYDIUM RADY RODZIC\u00d3W<\/strong><\/span><br \/>\n<span style=\"color: #993300;\"><strong> 2024\/2025<\/strong><\/span><\/p>\n<p style=\"text-align: center;\">p.&nbsp; Anna Szwedowicz\u2013 przewodnicz\u0105ca<br \/>\np. Marcin Hankowski \u2013 z-ca przewodnicz\u0105cej<\/p>\n<p style=\"text-align: center;\">p. Katarzyna Makowska \u2013 skarbnik<\/p>\n<p style=\"text-align: center;\">p. Aleksandra Lewicz &#8211; sekretarz<\/p>\n<h4 style=\"text-align: center;\"><strong>Informacja nie dotyczy dzieci z oddzia\u0142\u00f3w przedszkolnych<\/strong><\/h4>\n<p style=\"text-align: center;\">&nbsp;<\/p>\n<p style=\"text-align: center;\">&nbsp;<\/p>\n<p style=\"text-align: center;\">&nbsp;<\/p>\n","protected":false},"excerpt":{"rendered":"<p>SK\u0141AD PREZYDIUM RADY RODZIC\u00d3W 2025\/2026 Katarzyna Makowska &#8211; przewodnicz\u0105ca Marcin Hankowski- zast\u0119pca przewodnicz\u0105cej Ewelina Ska\u0142ka- skarbnik Katarzyna Szukaj\u0142o- sekretarz Uwaga! [&hellip;]<\/p>\n","protected":false},"author":1,"featured_media":0,"parent":0,"menu_order":0,"comment_status":"closed","ping_status":"closed","template":"","meta":{"_editorskit_title_hidden":false,"_editorskit_reading_time":0,"_editorskit_is_block_options_detached":false,"_editorskit_block_options_position":"{}","rop_custom_images_group":[],"rop_custom_messages_group":[],"rop_publish_now":"initial","rop_publish_now_accounts":[],"rop_publish_now_history":[],"rop_publish_now_status":"pending","_uag_custom_page_level_css":"","site-sidebar-layout":"default","site-content-layout":"","ast-site-content-layout":"default","site-content-style":"default","site-sidebar-style":"default","ast-global-header-display":"","ast-banner-title-visibility":"","ast-main-header-display":"","ast-hfb-above-header-display":"","ast-hfb-below-header-display":"","ast-hfb-mobile-header-display":"","site-post-title":"","ast-breadcrumbs-content":"","ast-featured-img":"","footer-sml-layout":"","ast-disable-related-posts":"","theme-transparent-header-meta":"","adv-header-id-meta":"","stick-header-meta":"","header-above-stick-meta":"","header-main-stick-meta":"","header-below-stick-meta":"","astra-migrate-meta-layouts":"default","ast-page-background-enabled":"default","ast-page-background-meta":{"desktop":{"background-color":"var(--ast-global-color-5)","background-image":"","background-repeat":"repeat","background-position":"center center","background-size":"auto","background-attachment":"scroll","background-type":"","background-media":"","overlay-type":"","overlay-color":"","overlay-opacity":"","overlay-gradient":""},"tablet":{"background-color":"","background-image":"","background-repeat":"repeat","background-position":"center center","background-size":"auto","background-attachment":"scroll","background-type":"","background-media":"","overlay-type":"","overlay-color":"","overlay-opacity":"","overlay-gradient":""},"mobile":{"background-color":"","background-image":"","background-repeat":"repeat","background-position":"center center","background-size":"auto","background-attachment":"scroll","background-type":"","background-media":"","overlay-type":"","overlay-color":"","overlay-opacity":"","overlay-gradient":""}},"ast-content-background-meta":{"desktop":{"background-color":"var(--ast-global-color-4)","background-image":"","background-repeat":"repeat","background-position":"center center","background-size":"auto","background-attachment":"scroll","background-type":"","background-media":"","overlay-type":"","overlay-color":"","overlay-opacity":"","overlay-gradient":""},"tablet":{"background-color":"var(--ast-global-color-4)","background-image":"","background-repeat":"repeat","background-position":"center center","background-size":"auto","background-attachment":"scroll","background-type":"","background-media":"","overlay-type":"","overlay-color":"","overlay-opacity":"","overlay-gradient":""},"mobile":{"background-color":"var(--ast-global-color-4)","background-image":"","background-repeat":"repeat","background-position":"center center","background-size":"auto","background-attachment":"scroll","background-type":"","background-media":"","overlay-type":"","overlay-color":"","overlay-opacity":"","overlay-gradient":""}},"ngg_post_thumbnail":0,"footnotes":""},"class_list":["post-1106","page","type-page","status-publish","hentry"],"uagb_featured_image_src":{"full":false,"thumbnail":false,"medium":false,"medium_large":false,"large":false,"1536x1536":false,"2048x2048":false},"uagb_author_info":{"display_name":"PMT","author_link":"https:\/\/sp5.pila.pl\/SP5\/author\/ludi\/"},"uagb_comment_info":0,"uagb_excerpt":"SK\u0141AD PREZYDIUM RADY RODZIC\u00d3W 2025\/2026 Katarzyna Makowska &#8211; przewodnicz\u0105ca Marcin Hankowski- zast\u0119pca przewodnicz\u0105cej Ewelina Ska\u0142ka- skarbnik Katarzyna Szukaj\u0142o- sekretarz Uwaga! [&hellip;]","_links":{"self":[{"href":"https:\/\/sp5.pila.pl\/SP5\/wp-json\/wp\/v2\/pages\/1106","targetHints":{"allow":["GET"]}}],"collection":[{"href":"https:\/\/sp5.pila.pl\/SP5\/wp-json\/wp\/v2\/pages"}],"about":[{"href":"https:\/\/sp5.pila.pl\/SP5\/wp-json\/wp\/v2\/types\/page"}],"author":[{"embeddable":true,"href":"https:\/\/sp5.pila.pl\/SP5\/wp-json\/wp\/v2\/users\/1"}],"replies":[{"embeddable":true,"href":"https:\/\/sp5.pila.pl\/SP5\/wp-json\/wp\/v2\/comments?post=1106"}],"version-history":[{"count":35,"href":"https:\/\/sp5.pila.pl\/SP5\/wp-json\/wp\/v2\/pages\/1106\/revisions"}],"predecessor-version":[{"id":55102,"href":"https:\/\/sp5.pila.pl\/SP5\/wp-json\/wp\/v2\/pages\/1106\/revisions\/55102"}],"wp:attachment":[{"href":"https:\/\/sp5.pila.pl\/SP5\/wp-json\/wp\/v2\/media?parent=1106"}],"curies":[{"name":"wp","href":"https:\/\/api.w.org\/{rel}","templated":true}]}}