{"id":1112,"date":"2017-09-25T11:08:35","date_gmt":"2017-09-25T09:08:35","guid":{"rendered":"http:\/\/sp5.pila.pl\/SP5\/?page_id=1112"},"modified":"2017-09-25T11:13:17","modified_gmt":"2017-09-25T09:13:17","slug":"ogolnopolski-projekt-literacki","status":"publish","type":"page","link":"https:\/\/sp5.pila.pl\/SP5\/ogolnopolski-projekt-literacki\/","title":{"rendered":"Og\u00f3lnopolski projekt literacki"},"content":{"rendered":"<p><img loading=\"lazy\" decoding=\"async\" width=\"139\" height=\"174\" class=\" wp-image-1088 alignleft\" alt=\"\" src=\"https:\/\/sp5.pila.pl\/SP5\/wp-content\/uploads\/k\u0105cik-literacki.jpg\"><\/p>\n<p align=\"justify\">Mi\u0142o nam poinformowa\u0107, \u017ce grupa uczni\u00f3w z klas gimnazjalnych naszej szko\u0142y zakwalifikowa\u0142a si\u0119 do Og\u00f3lnopolskiego Projektu Literackiego \u201eStworzeni&nbsp;&nbsp;z wyobra\u017ani\u201d. Razem z dziewi\u0119cioma dru\u017cynami z ca\u0142ej Polski b\u0119dziemy tworzy\u0107 powie\u015bci, z kt\u00f3rych w czerwcu powstan\u0105 komiksy. Nasze dzia\u0142ania publikowane b\u0119d\u0105 m.in. na blogu projektowym oraz platformie e-Twinning. Ruszamy ju\u017c we wrze\u015bniu!<\/p>\n<p style=\"text-align: center;\"><a href=\"https:\/\/stworzenizwyobrazni.blogspot.com\/\">&gt;&gt; kliknij tutaj &lt;&lt;<\/a><\/p>\n","protected":false},"excerpt":{"rendered":"<p>Mi\u0142o nam poinformowa\u0107, \u017ce grupa uczni\u00f3w z klas gimnazjalnych naszej szko\u0142y zakwalifikowa\u0142a si\u0119 do Og\u00f3lnopolskiego Projektu Literackiego \u201eStworzeni&nbsp;&nbsp;z wyobra\u017ani\u201d. Razem [&hellip;]<\/p>\n","protected":false},"author":1,"featured_media":0,"parent":0,"menu_order":0,"comment_status":"closed","ping_status":"closed","template":"","meta":{"_editorskit_title_hidden":false,"_editorskit_reading_time":0,"_editorskit_is_block_options_detached":false,"_editorskit_block_options_position":"{}","rop_custom_images_group":[],"rop_custom_messages_group":[],"rop_publish_now":"initial","rop_publish_now_accounts":[],"rop_publish_now_history":[],"rop_publish_now_status":"pending","_uag_custom_page_level_css":"","site-sidebar-layout":"default","site-content-layout":"","ast-site-content-layout":"default","site-content-style":"default","site-sidebar-style":"default","ast-global-header-display":"","ast-banner-title-visibility":"","ast-main-header-display":"","ast-hfb-above-header-display":"","ast-hfb-below-header-display":"","ast-hfb-mobile-header-display":"","site-post-title":"","ast-breadcrumbs-content":"","ast-featured-img":"","footer-sml-layout":"","ast-disable-related-posts":"","theme-transparent-header-meta":"","adv-header-id-meta":"","stick-header-meta":"","header-above-stick-meta":"","header-main-stick-meta":"","header-below-stick-meta":"","astra-migrate-meta-layouts":"default","ast-page-background-enabled":"default","ast-page-background-meta":{"desktop":{"background-color":"var(--ast-global-color-5)","background-image":"","background-repeat":"repeat","background-position":"center center","background-size":"auto","background-attachment":"scroll","background-type":"","background-media":"","overlay-type":"","overlay-color":"","overlay-opacity":"","overlay-gradient":""},"tablet":{"background-color":"","background-image":"","background-repeat":"repeat","background-position":"center center","background-size":"auto","background-attachment":"scroll","background-type":"","background-media":"","overlay-type":"","overlay-color":"","overlay-opacity":"","overlay-gradient":""},"mobile":{"background-color":"","background-image":"","background-repeat":"repeat","background-position":"center center","background-size":"auto","background-attachment":"scroll","background-type":"","background-media":"","overlay-type":"","overlay-color":"","overlay-opacity":"","overlay-gradient":""}},"ast-content-background-meta":{"desktop":{"background-color":"var(--ast-global-color-4)","background-image":"","background-repeat":"repeat","background-position":"center center","background-size":"auto","background-attachment":"scroll","background-type":"","background-media":"","overlay-type":"","overlay-color":"","overlay-opacity":"","overlay-gradient":""},"tablet":{"background-color":"var(--ast-global-color-4)","background-image":"","background-repeat":"repeat","background-position":"center center","background-size":"auto","background-attachment":"scroll","background-type":"","background-media":"","overlay-type":"","overlay-color":"","overlay-opacity":"","overlay-gradient":""},"mobile":{"background-color":"var(--ast-global-color-4)","background-image":"","background-repeat":"repeat","background-position":"center center","background-size":"auto","background-attachment":"scroll","background-type":"","background-media":"","overlay-type":"","overlay-color":"","overlay-opacity":"","overlay-gradient":""}},"ngg_post_thumbnail":0,"footnotes":""},"class_list":["post-1112","page","type-page","status-publish","hentry"],"uagb_featured_image_src":{"full":false,"thumbnail":false,"medium":false,"medium_large":false,"large":false,"1536x1536":false,"2048x2048":false},"uagb_author_info":{"display_name":"PMT","author_link":"https:\/\/sp5.pila.pl\/SP5\/author\/ludi\/"},"uagb_comment_info":0,"uagb_excerpt":"Mi\u0142o nam poinformowa\u0107, \u017ce grupa uczni\u00f3w z klas gimnazjalnych naszej szko\u0142y zakwalifikowa\u0142a si\u0119 do Og\u00f3lnopolskiego Projektu Literackiego \u201eStworzeni&nbsp;&nbsp;z wyobra\u017ani\u201d. Razem [&hellip;]","_links":{"self":[{"href":"https:\/\/sp5.pila.pl\/SP5\/wp-json\/wp\/v2\/pages\/1112","targetHints":{"allow":["GET"]}}],"collection":[{"href":"https:\/\/sp5.pila.pl\/SP5\/wp-json\/wp\/v2\/pages"}],"about":[{"href":"https:\/\/sp5.pila.pl\/SP5\/wp-json\/wp\/v2\/types\/page"}],"author":[{"embeddable":true,"href":"https:\/\/sp5.pila.pl\/SP5\/wp-json\/wp\/v2\/users\/1"}],"replies":[{"embeddable":true,"href":"https:\/\/sp5.pila.pl\/SP5\/wp-json\/wp\/v2\/comments?post=1112"}],"version-history":[{"count":4,"href":"https:\/\/sp5.pila.pl\/SP5\/wp-json\/wp\/v2\/pages\/1112\/revisions"}],"predecessor-version":[{"id":1116,"href":"https:\/\/sp5.pila.pl\/SP5\/wp-json\/wp\/v2\/pages\/1112\/revisions\/1116"}],"wp:attachment":[{"href":"https:\/\/sp5.pila.pl\/SP5\/wp-json\/wp\/v2\/media?parent=1112"}],"curies":[{"name":"wp","href":"https:\/\/api.w.org\/{rel}","templated":true}]}}