{"id":11253,"date":"2021-11-01T06:22:19","date_gmt":"2021-11-01T05:22:19","guid":{"rendered":"http:\/\/sp5.pila.pl\/SP5\/?page_id=11253"},"modified":"2026-04-10T14:28:11","modified_gmt":"2026-04-10T12:28:11","slug":"stolowka-przedszkole","status":"publish","type":"page","link":"https:\/\/sp5.pila.pl\/SP5\/stolowka-przedszkole\/","title":{"rendered":"Sto\u0142\u00f3wka przedszkole"},"content":{"rendered":"<p style=\"text-align: center;\"><strong>Pocz\u0105wszy od 1 stycznia 2026 r.&nbsp; stawka \u017cywieniowa przedszkolak\u00f3w wynosi\u0107 b\u0119dzie 11 z\u0142otych.<\/strong><\/p>\n<p style=\"text-align: justify;\">Dla dzieci w wieku 3-5 lat zapewnia si\u0119 bezp\u0142atne nauczanie, wychowanie i opiek\u0119 od poniedzia\u0142ku do pi\u0105tku przez 5 godzin dziennie, natomiast op\u0142ata za ka\u017cd\u0105 rozpocz\u0119t\u0105 godzin\u0119 pobytu dziecka zgodnie z Uchwa\u0142\u0105 Nr IV\/24\/24 Rady Miasta Pi\u0142y z dnia 30 lipca 2024 r., od 1 wrze\u015bnia 2024 r. wynosi 1,44 z\u0142. Uchwa\u0142a wchodzi w \u017cycie z dniem 01 wrze\u015bnia 2024 r. Dzieci 6-letnie zwolnione s\u0105 z op\u0142aty za pobyt dziecka w przedszkolu.<\/p>\n<p style=\"text-align: center;\"><strong style=\"text-align: justify;\">UWAGA!<\/strong><\/p>\n<p style=\"text-align: center;\"><span style=\"color: #ff0000;\"><strong>Od stycznia 2026 stawka \u017cywieniowa wynosi 11 z\u0142<\/strong><\/span><\/p>\n<p style=\"text-align: center;\">WP\u0141ATY PROSZ\u0118 PRZEKAZYWA\u0106 PRZELEWEM NA NR KONTA SZKO\u0141Y PODSTAWOWEJ NR 5 W PILE:<\/p>\n<p style=\"text-align: center;\"><strong><span style=\"color: #ff0000;\">46102038440000180201392224&nbsp;<\/span><em> &nbsp;<\/em><\/strong><\/p>\n<p><strong>&nbsp;&nbsp;&nbsp;&nbsp; &nbsp;&nbsp;&nbsp;&nbsp;&nbsp;&nbsp;&nbsp;&nbsp;&nbsp;&nbsp;&nbsp;&nbsp;&nbsp;&nbsp;&nbsp;&nbsp;<\/strong><\/p>\n<table width=\"0\">\n<tbody>\n<tr>\n<td width=\"107\"><strong>DATA<\/strong><\/td>\n<td width=\"165\"><strong>\u015aNIADANIE<\/strong><\/td>\n<td width=\"160\"><strong>PODWIECZOREK<\/strong><\/td>\n<td width=\"214\"><strong>OBIAD<\/strong><\/td>\n<\/tr>\n<tr>\n<td width=\"107\"><strong>&nbsp;<\/strong><strong>PONIEDZIA\u0141EK<\/strong><\/p>\n<p><strong>13.04.2026<\/strong><\/td>\n<td width=\"165\"><strong>Pieczywo pszenne<br \/>\ni wieloziarniste z mas\u0142em,<br \/>\npasta ze s\u0142onecznika<br \/>\nz pomidorkami,<br \/>\n<\/strong>kie\u0142ki,<br \/>\nog\u00f3rek \u015bwie\u017cy,<br \/>\npapryka,<strong><br \/>\nzupa mleczna, &nbsp;<\/p>\n<p><\/strong><\/td>\n<td width=\"160\">Chipsy jab\u0142kowe,<\/td>\n<td width=\"214\"><strong>Danie g\u0142\u00f3wne: kopytka z kapusta zasma\u017can\u0105 i boczkiem,<br \/>\n<\/strong>napar z rumianku, &nbsp;<br \/>\n<strong>Zupa: krupnik, <\/strong><strong><br \/>\nbu\u0142ka pszenna z mas\u0142em,<\/strong><\/td>\n<\/tr>\n<tr>\n<td width=\"107\"><strong>WTOREK<\/strong><\/p>\n<p><strong>14.04.2026<\/strong><\/td>\n<td width=\"165\"><strong>Bu\u0142ka pszenna<br \/>\ni \u017cytnia z mas\u0142em,<br \/>\nserek kanapkowy,<br \/>\n<\/strong>sa\u0142ata roszponka,<br \/>\nog\u00f3rek \u015bwie\u017cy,<br \/>\nrzodkiewka,<br \/>\nd\u017cem truskawkowy,<strong><br \/>\nkakao na mleku,<\/p>\n<p><\/strong><\/td>\n<td width=\"160\">Kiwi,<\/td>\n<td width=\"214\"><strong>Danie g\u0142\u00f3wne: <\/strong>udko drobiowe z pieca, <strong>ziemniaki puree, sur\u00f3wka z m\u0142odej kapusty, kukurydzy i papryki, <\/strong>kompot wieloowocowy,<strong> &nbsp;<\/strong><br \/>\n<strong>Zupa: koperkowa z lanymi kluseczkami, &nbsp;<\/strong><strong><br \/>\npieczywo pszenne z mas\u0142em,<\/strong><\/td>\n<\/tr>\n<tr>\n<td width=\"107\"><strong>\u015aRODA <\/strong><\/p>\n<p><strong>15.04.2026<\/strong><\/td>\n<td width=\"165\"><strong>Pieczywo pszenne<br \/>\ni graham z mas\u0142em,<br \/>\nszynka z kurczaka,<br \/>\n<\/strong>sa\u0142ata mas\u0142owa,<br \/>\npomidor,<br \/>\nszczypiorek, <strong>&nbsp;<br \/>\np\u0142atki owsiane na mleku, <\/strong><\/td>\n<td width=\"160\"><strong>Koktajl mleczny<br \/>\nz owocami,<br \/>\n(banan+malina mro\u017cona) <\/strong><\/td>\n<td width=\"214\"><strong>Danie g\u0142\u00f3wne: kotlet mielony, <\/strong>ziemniaki z koperkiem,<strong> mizeria, <\/strong>kompot z czarnej porzeczki,<strong> &nbsp;&nbsp;<\/strong><br \/>\n<strong>Zupa: ziemniaczana, &nbsp;<br \/>\nbu\u0142ka pszenna z mas\u0142em,<\/strong><\/td>\n<\/tr>\n<tr>\n<td width=\"107\"><strong>CZWARTEK<\/strong><\/p>\n<p><strong>16.04.2026<\/strong><\/td>\n<td width=\"165\"><strong>Bu\u0142ka pszenna i razowa<br \/>\nz mas\u0142em,<br \/>\nserek \u017c\u00f3\u0142ty, &nbsp;<br \/>\n<\/strong>rzodkiewka,<br \/>\nszczypiorek,<br \/>\npomidorki koktajlowe,<br \/>\nd\u017cem brzoskwiniowy,<strong><br \/>\nkawa zbo\u017cowa na mleku,<\/p>\n<p><\/strong><\/td>\n<td width=\"160\">Sa\u0142atka owocowa<br \/>\n(bor\u00f3wki, maliny, truskawki),<\/td>\n<td width=\"214\"><strong>Danie g\u0142\u00f3wne:<\/strong> <strong>filet drobiowy<br \/>\nw sosie curry, ry\u017c, mini marchewka<br \/>\nz mase\u0142kiem i miodem,<br \/>\n<\/strong>kompot malinowy, &nbsp;&nbsp;<br \/>\n<strong>Zupa: krem serowo-cebulowa<br \/>\nz groszkiem ptysiowym, &nbsp;<br \/>\npieczywo pszenne &nbsp;z mas\u0142em,<\/strong><\/td>\n<\/tr>\n<tr>\n<td width=\"107\"><strong>PI\u0104TEK<\/strong><\/p>\n<p><strong>17.04.2026<\/strong><\/td>\n<td width=\"165\"><strong>Pieczywo pszenne<br \/>\ni \u017cytnie z mas\u0142em,<br \/>\npasztecik drobiowy, &nbsp;<br \/>\n<\/strong>og\u00f3rek kiszony,<br \/>\nszczypiorek,<br \/>\npapryka,<br \/>\npowid\u0142a \u015bliwkowe,<strong><br \/>\nkawa inka na mleku,<\/p>\n<p><\/strong><\/td>\n<td width=\"160\">Gruszka, &nbsp;<\/td>\n<td width=\"214\"><strong>Danie g\u0142\u00f3wne: ryba po grecku<br \/>\nz warzywami mieszanymi, ziemniaki puree, <\/strong>kompot jab\u0142kowy,<strong> &nbsp;&nbsp;<\/strong><br \/>\n<strong>Zupa: szczawiowa z jajkiem, &nbsp;&nbsp;<br \/>\nbu\u0142ka pszenna z mas\u0142em,<\/strong><\/td>\n<\/tr>\n<\/tbody>\n<\/table>\n<p><strong><em>Potrawy napisane wyt\u0142uszczon\u0105 czcionk\u0105 zawieraj\u0105 substancje alergenne wymienione w Rozporz\u0105dzeniu Parlamentu Europejskiego (UE) nr 1169\/2011 z dnia 25 pa\u017adziernika 2011r<\/em><\/strong><\/p>\n","protected":false},"excerpt":{"rendered":"<p>Pocz\u0105wszy od 1 stycznia 2026 r.&nbsp; stawka \u017cywieniowa przedszkolak\u00f3w wynosi\u0107 b\u0119dzie 11 z\u0142otych. Dla dzieci w wieku 3-5 lat zapewnia [&hellip;]<\/p>\n","protected":false},"author":1,"featured_media":0,"parent":0,"menu_order":0,"comment_status":"closed","ping_status":"closed","template":"","meta":{"_editorskit_title_hidden":false,"_editorskit_reading_time":0,"_editorskit_is_block_options_detached":false,"_editorskit_block_options_position":"{}","rop_custom_images_group":[],"rop_custom_messages_group":[],"rop_publish_now":"initial","rop_publish_now_accounts":[],"rop_publish_now_history":[],"rop_publish_now_status":"pending","_uag_custom_page_level_css":"","site-sidebar-layout":"default","site-content-layout":"","ast-site-content-layout":"default","site-content-style":"default","site-sidebar-style":"default","ast-global-header-display":"","ast-banner-title-visibility":"","ast-main-header-display":"","ast-hfb-above-header-display":"","ast-hfb-below-header-display":"","ast-hfb-mobile-header-display":"","site-post-title":"","ast-breadcrumbs-content":"","ast-featured-img":"","footer-sml-layout":"","ast-disable-related-posts":"","theme-transparent-header-meta":"default","adv-header-id-meta":"","stick-header-meta":"","header-above-stick-meta":"","header-main-stick-meta":"","header-below-stick-meta":"","astra-migrate-meta-layouts":"set","ast-page-background-enabled":"default","ast-page-background-meta":{"desktop":{"background-color":"var(--ast-global-color-5)","background-image":"","background-repeat":"repeat","background-position":"center center","background-size":"auto","background-attachment":"scroll","background-type":"","background-media":"","overlay-type":"","overlay-color":"","overlay-opacity":"","overlay-gradient":""},"tablet":{"background-color":"","background-image":"","background-repeat":"repeat","background-position":"center center","background-size":"auto","background-attachment":"scroll","background-type":"","background-media":"","overlay-type":"","overlay-color":"","overlay-opacity":"","overlay-gradient":""},"mobile":{"background-color":"","background-image":"","background-repeat":"repeat","background-position":"center center","background-size":"auto","background-attachment":"scroll","background-type":"","background-media":"","overlay-type":"","overlay-color":"","overlay-opacity":"","overlay-gradient":""}},"ast-content-background-meta":{"desktop":{"background-color":"var(--ast-global-color-4)","background-image":"","background-repeat":"repeat","background-position":"center center","background-size":"auto","background-attachment":"scroll","background-type":"","background-media":"","overlay-type":"","overlay-color":"","overlay-opacity":"","overlay-gradient":""},"tablet":{"background-color":"var(--ast-global-color-4)","background-image":"","background-repeat":"repeat","background-position":"center center","background-size":"auto","background-attachment":"scroll","background-type":"","background-media":"","overlay-type":"","overlay-color":"","overlay-opacity":"","overlay-gradient":""},"mobile":{"background-color":"var(--ast-global-color-4)","background-image":"","background-repeat":"repeat","background-position":"center center","background-size":"auto","background-attachment":"scroll","background-type":"","background-media":"","overlay-type":"","overlay-color":"","overlay-opacity":"","overlay-gradient":""}},"ngg_post_thumbnail":0,"footnotes":""},"class_list":["post-11253","page","type-page","status-publish","hentry"],"uagb_featured_image_src":{"full":false,"thumbnail":false,"medium":false,"medium_large":false,"large":false,"1536x1536":false,"2048x2048":false},"uagb_author_info":{"display_name":"PMT","author_link":"https:\/\/sp5.pila.pl\/SP5\/author\/ludi\/"},"uagb_comment_info":0,"uagb_excerpt":"Pocz\u0105wszy od 1 stycznia 2026 r.&nbsp; stawka \u017cywieniowa przedszkolak\u00f3w wynosi\u0107 b\u0119dzie 11 z\u0142otych. Dla dzieci w wieku 3-5 lat zapewnia [&hellip;]","_links":{"self":[{"href":"https:\/\/sp5.pila.pl\/SP5\/wp-json\/wp\/v2\/pages\/11253","targetHints":{"allow":["GET"]}}],"collection":[{"href":"https:\/\/sp5.pila.pl\/SP5\/wp-json\/wp\/v2\/pages"}],"about":[{"href":"https:\/\/sp5.pila.pl\/SP5\/wp-json\/wp\/v2\/types\/page"}],"author":[{"embeddable":true,"href":"https:\/\/sp5.pila.pl\/SP5\/wp-json\/wp\/v2\/users\/1"}],"replies":[{"embeddable":true,"href":"https:\/\/sp5.pila.pl\/SP5\/wp-json\/wp\/v2\/comments?post=11253"}],"version-history":[{"count":403,"href":"https:\/\/sp5.pila.pl\/SP5\/wp-json\/wp\/v2\/pages\/11253\/revisions"}],"predecessor-version":[{"id":59427,"href":"https:\/\/sp5.pila.pl\/SP5\/wp-json\/wp\/v2\/pages\/11253\/revisions\/59427"}],"wp:attachment":[{"href":"https:\/\/sp5.pila.pl\/SP5\/wp-json\/wp\/v2\/media?parent=11253"}],"curies":[{"name":"wp","href":"https:\/\/api.w.org\/{rel}","templated":true}]}}