{"id":16584,"date":"2020-03-13T10:47:37","date_gmt":"2020-03-13T09:47:37","guid":{"rendered":"http:\/\/sp5.pila.pl\/SP5\/?page_id=16584"},"modified":"2021-04-19T09:09:55","modified_gmt":"2021-04-19T07:09:55","slug":"etwining","status":"publish","type":"page","link":"https:\/\/sp5.pila.pl\/SP5\/etwining\/","title":{"rendered":"eTwining"},"content":{"rendered":"<div>\n<p style=\"text-align: center;\" align=\"center\"><strong>Projekt Was is(s)t in..<\/strong><\/p>\n<p style=\"text-align: center;\" align=\"center\">Uczniowie naszej szko\u0142y, kt\u00f3rzy bior\u0105 udzia\u0142 w mi\u0119dzynarodowym projekcie e-twinning \u201eWas is(s)t in\u2026\u201d przygotowali tym razem ksi\u0105\u017ck\u0119 kucharsk\u0105, w kt\u00f3rej znajduj\u0105 si\u0119 przepisy na ich ulubione polskie potrawy.<\/p>\n<p style=\"text-align: center;\" align=\"center\">Je\u015bli chcecie zobaczy\u0107 rezultaty ich pracy kliknijcie w poni\u017cszy link:<\/p>\n<p style=\"text-align: center;\" align=\"center\"><a href=\"https:\/\/www.storyjumper.com\/book\/read\/103608476\/6068584b68529\">https:\/\/www.storyjumper.com\/book\/read\/103608476\/6068584b68529<\/a><\/p>\n<p style=\"text-align: right;\" align=\"center\">I.Kusiorska<\/p>\n<p align=\"center\">***********************************************************************************************************<\/p>\n<p style=\"text-align: center;\"><strong>Projekt Was is(s)t in..<\/strong><\/p>\n<p style=\"text-align: center;\">Uczniowie naszej szko\u0142y uczestnicz\u0105 w mi\u0119dzynarodowym projekcie e-twinning &#8222;Was is(s)t in&#8230;&#8221; . Projekt jest realizowany w j\u0119zyku niemieckim przez uczni\u00f3w z Polski, Niemiec i Turcji.<br \/>\nJe\u015bli chcecie pozna\u0107 nasz projekt kliknij na poni\u017cszy link&nbsp;<\/p>\n<p style=\"text-align: center;\"><a href=\"https:\/\/view.genial.ly\/602bf04090c1810d8d20ae4e\/presentation-projekt-e-twinning-sp-5-pila\">https:\/\/view.genial.ly\/602bf04090c1810d8d20ae4e\/presentation-projekt-e-twinning-sp-5-pila<\/a><\/p>\n<p style=\"text-align: right;\"><span style=\"text-align: right;\">I. Kusiorska<\/span><\/p>\n<p style=\"text-align: center;\">************************************************************************************************************<\/p>\n<p style=\"text-align: center;\"><strong><a href=\"https:\/\/live.etwinning.net\/projects\/project\/248001\">E-Christmas wishes to my friends.<\/a><\/strong><\/p>\n<p style=\"text-align: center;\"><img loading=\"lazy\" decoding=\"async\" class=\"alignnone size-medium wp-image-21459\" src=\"https:\/\/sp5.pila.pl\/SP5\/wp-content\/uploads\/Bez-nazwy-300x173.jpg\" alt=\"\" width=\"300\" height=\"173\" srcset=\"https:\/\/sp5.pila.pl\/SP5\/wp-content\/uploads\/Bez-nazwy-300x173.jpg 300w, https:\/\/sp5.pila.pl\/SP5\/wp-content\/uploads\/Bez-nazwy-1024x589.jpg 1024w, https:\/\/sp5.pila.pl\/SP5\/wp-content\/uploads\/Bez-nazwy-768x442.jpg 768w, https:\/\/sp5.pila.pl\/SP5\/wp-content\/uploads\/Bez-nazwy-655x377.jpg 655w, https:\/\/sp5.pila.pl\/SP5\/wp-content\/uploads\/Bez-nazwy.jpg 1062w\" sizes=\"auto, (max-width: 300px) 100vw, 300px\" \/><\/p>\n<p style=\"text-align: justify;\">By\u0142 to projekt dw\u00f3ch szk\u00f3\u0142. Naszej oraz Zespo\u0142u Szk\u00f3\u0142 w \u017balnie. W naszej szkole udzia\u0142 wzi\u0119\u0142a klasa VI b. Projekt zawiera\u0142 kilka etap\u00f3w przygotowa\u0144 do \u015awi\u0105t Bo\u017cego Narodzenia. Uczniowie na lekcjach j\u0119zyka angielskiego oraz w domu wykonywali r\u00f3\u017cne zadania zwi\u0105zane ze \u015awi\u0119tami. Nauczyli si\u0119 piosenki o Rudolfie, powtarzali s\u0142ownictwo zwi\u0105zane z tym \u015bwi\u0119tem, tworz\u0105c s\u0142ownik obrazkowy oraz tworz\u0105 gry online i wysy\u0142aj\u0105c do siebie kartki bo\u017conarodzeniowe. W ramach podsumowania klasa sz\u00f3sta z \u017balna uczestniczy\u0142a w lekcji j\u0119zyka angielskiego klasy VI b. Na koniec spotkania uczniowie za\u015bpiewali wsp\u00f3lnie piosenk\u0119 \u201eRudolph the red-nosed reindeer\u201d.<\/p>\n<p>Efekty mo\u017cna ogl\u0105da\u0107 na stronie:<\/p>\n<p><a href=\"https:\/\/padlet.com\/anetawesola\/qsmqq5twm67mymwm\">E-Christmas wishes to my friend. (padlet.com)<\/a><\/p>\n<p>Oraz gra\u0107 :<\/p>\n<p><a href=\"https:\/\/quizizz.com\/join\/quiz\/5fd78090c2075e001b288d61\/start?studentShare=true\">Start Playing &#8211; Quizizz<\/a><\/p>\n<p><a href=\"https:\/\/create.kahoot.it\/share\/swiateczny-quiz-laura\/d4dbfc27-8530-4ba7-b4f2-6831f618eecf\">Kahoot!<\/a><\/p>\n<p><a href=\"https:\/\/quizizz.com\/join\/quiz\/5fd78090c2075e001b288d61\/start?studentShare=true\">Start Playing &#8211; Quizizz<\/a><\/p>\n<p style=\"text-align: right;\">A.Weso\u0142owska<\/p>\n<p style=\"text-align: center;\">***************************************************************************************************<\/p>\n<p style=\"text-align: center;\"><strong>Kartka dla Polski<\/strong><\/p>\n<p>Uczniowie klasy 7a i 7c pokazuj\u0105, \u017ce mimo pandemii mo\u017cna realizowa\u0107 edukacyjne projekty. Jednym z nich jest og\u00f3lnopolski projekt pt. &#8222;Kartka dla Polski&#8221;, realizowany na platformie eTwinning. Jego celem jest uczczenie \u015awi\u0119ta Niepodleg\u0142o\u015bci, kt\u00f3re przypada na 11 listopada. Oto pierwsze prace uczni\u00f3w.<\/p>\n<p style=\"text-align: center;\"><a href=\"https:\/\/sp5.pila.pl\/SP5\/galeria-2020-21\/nggallery\/rok-szkolny-2020-21\/2020-11-11-kartka-dla-polski\">&gt;&gt;zobacz prace&lt;&lt;<\/a><\/p>\n<p style=\"text-align: right;\">I. Bartol<\/p>\n<p style=\"text-align: center;\">*******************************************************************************************************<\/p>\n<\/div>\n<div style=\"text-align: center;\"><strong>Oswajamy lektury szkolne<\/strong><\/div>\n<div style=\"text-align: justify;\">W ramach og\u00f3lnopolskiego projektu edukacyjnego realizowanego na platformie eTwinning pt. &#8222;Oswajamy lektury szkolne&#8221;, uczniowie klasy 6a wraz z kole\u017cankami i kolegami z ca\u0142ej Polski wsp\u00f3\u0142tworzyli literackiego bloga. Efekt prac m\u0142odych ludzi jest imponuj\u0105cy. Zach\u0119camy do zajrzenia na stron\u0119:<\/div>\n<div style=\"text-align: center;\"><a href=\"https:\/\/oswajamylektury.blogspot.com\/search?updated-max=2020-02-10T09%3A15%3A00-08%3A00&amp;max-results=7&amp;start=7&amp;by-date=false&amp;fbclid=IwAR1EPiEZCzUhlWyHmRCdELu26jJfGVBah7KGAVcUIggtyKJo8D27aBSNc4I\" rel=\"nofollow noopener\" data-saferedirecturl=\"https:\/\/zasobygwp.pl\/redirect?sig=ff6cdde1ae3f2b3a0bc51814409adb7bf6218f3cbc81f797cb21c1208360f875&amp;url=aHR0cHM6Ly9vc3dhamFteWxla3R1cnkuYmxvZ3Nwb3QuY29tL3NlYXJjaD91cGRhdGVkLW1heD0yMDIwLTAyLTEwVDA5JTNBMTUlM0EwMC0wOCUzQTAwJm1heC1yZXN1bHRzPTcmc3RhcnQ9NyZieS1kYXRlPWZhbHNlJmZiY2xpZD1Jd0FSMUVQaUVaQ3pVaGxXeUhtUkNkRUx1MjZqSmZHVkJhaDdLR0FWY1VJZ2d0eUtKbzhEMjdhQlNOYzRJ&amp;platform=desktop&amp;brand=wp\">https:\/\/oswajamylektury.blogspot.com\/search?updated-max=2020-02-10T09:15:00-08:00&amp;max-results=7&amp;start=7&amp;by-date=false<\/a><\/div>\n<div>\n<div style=\"text-align: right;\">I. Bartol<\/div>\n<div style=\"text-align: center;\">*******************************************************************************************************<\/div>\n<div style=\"text-align: center;\"><strong>Projekty edukacyjne podczas nauki zdalnej<\/strong><\/div>\n<div>\n<p style=\"text-align: justify;\"><span style=\"font-size: large;\">Mimo \u017ce nauka zdalna trwa od blisko dw\u00f3ch miesi\u0119cy, nasi uczniowie i nauczyciele nie pr\u00f3\u017cnuj\u0105. Dowodem tego jest udzia\u0142 klasy 6a w og\u00f3lnopolskim projekcie czytelniczym &#8222;Liga czytelnicza&#8221;, realizowanym na platformie eTwinning, Zadaniem m\u0142odych ludzi jest przygotowanie recenzji swojej ulubionej ksi\u0105\u017cki. Mo\u017ce to by\u0107 forma pisemna albo zach\u0119caj\u0105cy filmik. Recenzje te pojawi\u0105&nbsp; si\u0119 na og\u00f3lnopolskim m\u0142odzie\u017cowym blogu czytelniczym. Opiekunki grup projektowych zaprosi\u0142y te\u017c&nbsp; do wsp\u00f3\u0142pracy polskich pisarzy. Jednym z nich jest p. Tomasz Brewczy\u0144ski &#8211; bankowiec mieszkaj\u0105cy w Pile, kt\u00f3ry zadebiutowa\u0142 powie\u015bci\u0105&nbsp; kryminaln\u0105 pt. &#8222;Implikacja&#8221;. Dzi\u0119kujemy za w\u0142\u0105czenie si\u0119 do naszego projektu.<\/span><\/p>\n<p style=\"text-align: center;\"><a href=\"https:\/\/www.facebook.com\/plugins\/video.php?href=https%3A%2F%2Fwww.facebook.com%2F669723096718884%2Fvideos%2F246147279776698%2F&amp;show_text=0&amp;width=560\">&gt;&gt;film &lt;&lt;<\/a><\/p>\n<p style=\"text-align: right;\">I. Bartol<\/p>\n<\/div>\n<\/div>\n","protected":false},"excerpt":{"rendered":"<p>Projekt Was is(s)t in.. Uczniowie naszej szko\u0142y, kt\u00f3rzy bior\u0105 udzia\u0142 w mi\u0119dzynarodowym projekcie e-twinning \u201eWas is(s)t in\u2026\u201d przygotowali tym razem [&hellip;]<\/p>\n","protected":false},"author":1,"featured_media":0,"parent":0,"menu_order":0,"comment_status":"closed","ping_status":"closed","template":"","meta":{"_editorskit_title_hidden":false,"_editorskit_reading_time":0,"_editorskit_is_block_options_detached":false,"_editorskit_block_options_position":"{}","rop_custom_images_group":[],"rop_custom_messages_group":[],"rop_publish_now":"initial","rop_publish_now_accounts":[],"rop_publish_now_history":[],"rop_publish_now_status":"pending","_uag_custom_page_level_css":"","site-sidebar-layout":"default","site-content-layout":"","ast-site-content-layout":"default","site-content-style":"default","site-sidebar-style":"default","ast-global-header-display":"","ast-banner-title-visibility":"","ast-main-header-display":"","ast-hfb-above-header-display":"","ast-hfb-below-header-display":"","ast-hfb-mobile-header-display":"","site-post-title":"","ast-breadcrumbs-content":"","ast-featured-img":"","footer-sml-layout":"","ast-disable-related-posts":"","theme-transparent-header-meta":"","adv-header-id-meta":"","stick-header-meta":"","header-above-stick-meta":"","header-main-stick-meta":"","header-below-stick-meta":"","astra-migrate-meta-layouts":"default","ast-page-background-enabled":"default","ast-page-background-meta":{"desktop":{"background-color":"var(--ast-global-color-5)","background-image":"","background-repeat":"repeat","background-position":"center center","background-size":"auto","background-attachment":"scroll","background-type":"","background-media":"","overlay-type":"","overlay-color":"","overlay-opacity":"","overlay-gradient":""},"tablet":{"background-color":"","background-image":"","background-repeat":"repeat","background-position":"center center","background-size":"auto","background-attachment":"scroll","background-type":"","background-media":"","overlay-type":"","overlay-color":"","overlay-opacity":"","overlay-gradient":""},"mobile":{"background-color":"","background-image":"","background-repeat":"repeat","background-position":"center center","background-size":"auto","background-attachment":"scroll","background-type":"","background-media":"","overlay-type":"","overlay-color":"","overlay-opacity":"","overlay-gradient":""}},"ast-content-background-meta":{"desktop":{"background-color":"var(--ast-global-color-4)","background-image":"","background-repeat":"repeat","background-position":"center center","background-size":"auto","background-attachment":"scroll","background-type":"","background-media":"","overlay-type":"","overlay-color":"","overlay-opacity":"","overlay-gradient":""},"tablet":{"background-color":"var(--ast-global-color-4)","background-image":"","background-repeat":"repeat","background-position":"center center","background-size":"auto","background-attachment":"scroll","background-type":"","background-media":"","overlay-type":"","overlay-color":"","overlay-opacity":"","overlay-gradient":""},"mobile":{"background-color":"var(--ast-global-color-4)","background-image":"","background-repeat":"repeat","background-position":"center center","background-size":"auto","background-attachment":"scroll","background-type":"","background-media":"","overlay-type":"","overlay-color":"","overlay-opacity":"","overlay-gradient":""}},"ngg_post_thumbnail":0,"footnotes":""},"class_list":["post-16584","page","type-page","status-publish","hentry"],"uagb_featured_image_src":{"full":false,"thumbnail":false,"medium":false,"medium_large":false,"large":false,"1536x1536":false,"2048x2048":false},"uagb_author_info":{"display_name":"PMT","author_link":"https:\/\/sp5.pila.pl\/SP5\/author\/ludi\/"},"uagb_comment_info":0,"uagb_excerpt":"Projekt Was is(s)t in.. Uczniowie naszej szko\u0142y, kt\u00f3rzy bior\u0105 udzia\u0142 w mi\u0119dzynarodowym projekcie e-twinning \u201eWas is(s)t in\u2026\u201d przygotowali tym razem [&hellip;]","_links":{"self":[{"href":"https:\/\/sp5.pila.pl\/SP5\/wp-json\/wp\/v2\/pages\/16584","targetHints":{"allow":["GET"]}}],"collection":[{"href":"https:\/\/sp5.pila.pl\/SP5\/wp-json\/wp\/v2\/pages"}],"about":[{"href":"https:\/\/sp5.pila.pl\/SP5\/wp-json\/wp\/v2\/types\/page"}],"author":[{"embeddable":true,"href":"https:\/\/sp5.pila.pl\/SP5\/wp-json\/wp\/v2\/users\/1"}],"replies":[{"embeddable":true,"href":"https:\/\/sp5.pila.pl\/SP5\/wp-json\/wp\/v2\/comments?post=16584"}],"version-history":[{"count":18,"href":"https:\/\/sp5.pila.pl\/SP5\/wp-json\/wp\/v2\/pages\/16584\/revisions"}],"predecessor-version":[{"id":22967,"href":"https:\/\/sp5.pila.pl\/SP5\/wp-json\/wp\/v2\/pages\/16584\/revisions\/22967"}],"wp:attachment":[{"href":"https:\/\/sp5.pila.pl\/SP5\/wp-json\/wp\/v2\/media?parent=16584"}],"curies":[{"name":"wp","href":"https:\/\/api.w.org\/{rel}","templated":true}]}}