{"id":16844,"date":"2020-03-23T08:52:11","date_gmt":"2020-03-23T07:52:11","guid":{"rendered":"http:\/\/sp5.pila.pl\/SP5\/?page_id=16844"},"modified":"2022-09-22T11:23:20","modified_gmt":"2022-09-22T09:23:20","slug":"bezpieczenstwo-w-sieci-rodzic","status":"publish","type":"page","link":"https:\/\/sp5.pila.pl\/SP5\/bezpieczenstwo-w-sieci-rodzic\/","title":{"rendered":"Bezpiecze\u0144stwo w sieci &#8211; rodzic."},"content":{"rendered":"<p style=\"text-align: center;\">Szanowni Pa\u0144stwo.<\/p>\n<p style=\"text-align: justify;\">Zach\u0119camy do zapoznania si\u0119 z kr\u00f3tk\u0105 infografik\u0105 pt. &#8222;Jak zapewni\u0107 bezpiecze\u0144stwo w sieci swojemu dziecku&#8221;.<br \/>\nW obecnych warunkach, w czasie stanu epidemii, Internet stanowi dla nas furtk\u0119 do kontynuowania edukacji Pa\u0144stwa Dzieci. Tym samym Pa\u0144stwa Dzieci maj\u0105 prawdopodobnie wi\u0119kszy\/ d\u0142u\u017cszy dost\u0119p do Internetu. Ma to swoje korzy\u015bci, ale niesie te\u017c za sob\u0105 pewne zagro\u017cenia.<br \/>\nWarto zatem przypomnie\u0107 sobie zasady u\u0142atwiaj\u0105ce zadbanie o bezpiecze\u0144stwo swoich pociech.<\/p>\n<p style=\"text-align: justify; padding-left: 520px;\">&nbsp;&nbsp;&nbsp;&nbsp;&nbsp;&nbsp;&nbsp;&nbsp; Pedagodzy szkolni:<br \/>\nMarta Krysiak i Paulina Zieli\u0144ska<\/p>\n<blockquote>\n<p style=\"text-align: center;\"><a href=\"https:\/\/sp5.pila.pl\/SP5\/wp-content\/uploads\/bezpiecze\u0144stwo-w-sieci-RODZICE-Marta-Krysiak.pdf\">&gt;&gt; tutaj ulotka &lt;&lt;<\/a><\/p>\n<p>Drodzy Rodzice<\/p>\n<p style=\"text-align: justify;\">Internet jest dzisiaj wszechobecny w naszym codziennym \u017cyciu jest platform\u0105 wymiany informacji, miejscem rozrywki, nauki i pracy.&nbsp;Dlatego bardzo wa\u017cne jest by aktywno\u015bci online nie dominowa\u0142y \u017cycia dziecka, aby \u017ar\u00f3d\u0142em wa\u017cnych dla jego rozwoju informacji by\u0142y osoby zaufane, a nie przypadkowi internetowi nadawcy. W zwi\u0105zku, z tym zach\u0119camy do zapoznania si\u0119 z&nbsp;poni\u017cszymi broszurami: \u201eNastolatki w wirtualnym tunelu\u201d oraz \u201eDzieci w wirtualnej sieci\u201d<\/p>\n<p>&nbsp;&nbsp;&nbsp;&nbsp;&nbsp;&nbsp;&nbsp;&nbsp;&nbsp;&nbsp;&nbsp;&nbsp;&nbsp;&nbsp;&nbsp;&nbsp;&nbsp;&nbsp;&nbsp;&nbsp;&nbsp;&nbsp;&nbsp;&nbsp;&nbsp;&nbsp;&nbsp;&nbsp;&nbsp;&nbsp;&nbsp;&nbsp;&nbsp;&nbsp;&nbsp;&nbsp;&nbsp;&nbsp;&nbsp;&nbsp;&nbsp;&nbsp;&nbsp;&nbsp;&nbsp;&nbsp;&nbsp;&nbsp;&nbsp;&nbsp;&nbsp;&nbsp;&nbsp;&nbsp;&nbsp;&nbsp;&nbsp;&nbsp;&nbsp;&nbsp;&nbsp;&nbsp;&nbsp;&nbsp;&nbsp;&nbsp;&nbsp;&nbsp;&nbsp;&nbsp;&nbsp;&nbsp;&nbsp;&nbsp;&nbsp;&nbsp;&nbsp;&nbsp;&nbsp;&nbsp;&nbsp;&nbsp;&nbsp;&nbsp;&nbsp;&nbsp;&nbsp;&nbsp;&nbsp;&nbsp;&nbsp;&nbsp;&nbsp; Pedagodzy szkolni:<\/p>\n<p>&nbsp;&nbsp;&nbsp;&nbsp;&nbsp;&nbsp;&nbsp;&nbsp;&nbsp;&nbsp;&nbsp;&nbsp;&nbsp;&nbsp;&nbsp;&nbsp;&nbsp;&nbsp;&nbsp;&nbsp;&nbsp;&nbsp;&nbsp;&nbsp;&nbsp;&nbsp;&nbsp;&nbsp;&nbsp;&nbsp;&nbsp;&nbsp;&nbsp;&nbsp;&nbsp;&nbsp;&nbsp;&nbsp;&nbsp;&nbsp;&nbsp;&nbsp;&nbsp;&nbsp;&nbsp;&nbsp;&nbsp;&nbsp;&nbsp;&nbsp;&nbsp;&nbsp;&nbsp;&nbsp;&nbsp;&nbsp;&nbsp;&nbsp;&nbsp;&nbsp;&nbsp;&nbsp;&nbsp;&nbsp;&nbsp;&nbsp;&nbsp;&nbsp;&nbsp;&nbsp; Paulina Zieli\u0144ska i Beata Grzybowska-Nowak<\/p><\/blockquote>\n<p style=\"text-align: center;\"><span style=\"color: #ff0000;\"><strong>NOWO\u015a\u0106 !!!<\/strong><\/span><\/p>\n<blockquote>\n<p style=\"text-align: center;\"><a href=\"https:\/\/sp5.pila.pl\/SP5\/wp-content\/uploads\/broszura-Nastolatki-w-wirtualnym-tunelu-18.02.2022.pdf\"><strong>&gt;&gt;NASTOLATKI W WIRTUALNYM TUNELU&lt;&lt;<\/strong><\/a><\/p>\n<\/blockquote>\n<p style=\"text-align: center;\"><strong><a href=\"https:\/\/sp5.pila.pl\/SP5\/wp-content\/uploads\/broszura-Dzieci-w-wirtualnej-sieci_wydanie-III_17.02.2022-1.pdf\">&gt;&gt; DZIECI W WIRTUALNEJ SIECI &lt;&lt;<\/a><\/strong><\/p>\n","protected":false},"excerpt":{"rendered":"<p>Szanowni Pa\u0144stwo. Zach\u0119camy do zapoznania si\u0119 z kr\u00f3tk\u0105 infografik\u0105 pt. &#8222;Jak zapewni\u0107 bezpiecze\u0144stwo w sieci swojemu dziecku&#8221;. W obecnych warunkach, [&hellip;]<\/p>\n","protected":false},"author":1,"featured_media":0,"parent":0,"menu_order":0,"comment_status":"closed","ping_status":"closed","template":"","meta":{"_editorskit_title_hidden":false,"_editorskit_reading_time":0,"_editorskit_is_block_options_detached":false,"_editorskit_block_options_position":"{}","rop_custom_images_group":[],"rop_custom_messages_group":[],"rop_publish_now":"initial","rop_publish_now_accounts":[],"rop_publish_now_history":[],"rop_publish_now_status":"pending","_uag_custom_page_level_css":"","site-sidebar-layout":"default","site-content-layout":"","ast-site-content-layout":"default","site-content-style":"default","site-sidebar-style":"default","ast-global-header-display":"","ast-banner-title-visibility":"","ast-main-header-display":"","ast-hfb-above-header-display":"","ast-hfb-below-header-display":"","ast-hfb-mobile-header-display":"","site-post-title":"","ast-breadcrumbs-content":"","ast-featured-img":"","footer-sml-layout":"","ast-disable-related-posts":"","theme-transparent-header-meta":"","adv-header-id-meta":"","stick-header-meta":"","header-above-stick-meta":"","header-main-stick-meta":"","header-below-stick-meta":"","astra-migrate-meta-layouts":"default","ast-page-background-enabled":"default","ast-page-background-meta":{"desktop":{"background-color":"var(--ast-global-color-5)","background-image":"","background-repeat":"repeat","background-position":"center center","background-size":"auto","background-attachment":"scroll","background-type":"","background-media":"","overlay-type":"","overlay-color":"","overlay-opacity":"","overlay-gradient":""},"tablet":{"background-color":"","background-image":"","background-repeat":"repeat","background-position":"center center","background-size":"auto","background-attachment":"scroll","background-type":"","background-media":"","overlay-type":"","overlay-color":"","overlay-opacity":"","overlay-gradient":""},"mobile":{"background-color":"","background-image":"","background-repeat":"repeat","background-position":"center center","background-size":"auto","background-attachment":"scroll","background-type":"","background-media":"","overlay-type":"","overlay-color":"","overlay-opacity":"","overlay-gradient":""}},"ast-content-background-meta":{"desktop":{"background-color":"var(--ast-global-color-4)","background-image":"","background-repeat":"repeat","background-position":"center center","background-size":"auto","background-attachment":"scroll","background-type":"","background-media":"","overlay-type":"","overlay-color":"","overlay-opacity":"","overlay-gradient":""},"tablet":{"background-color":"var(--ast-global-color-4)","background-image":"","background-repeat":"repeat","background-position":"center center","background-size":"auto","background-attachment":"scroll","background-type":"","background-media":"","overlay-type":"","overlay-color":"","overlay-opacity":"","overlay-gradient":""},"mobile":{"background-color":"var(--ast-global-color-4)","background-image":"","background-repeat":"repeat","background-position":"center center","background-size":"auto","background-attachment":"scroll","background-type":"","background-media":"","overlay-type":"","overlay-color":"","overlay-opacity":"","overlay-gradient":""}},"ngg_post_thumbnail":0,"footnotes":""},"class_list":["post-16844","page","type-page","status-publish","hentry"],"uagb_featured_image_src":{"full":false,"thumbnail":false,"medium":false,"medium_large":false,"large":false,"1536x1536":false,"2048x2048":false},"uagb_author_info":{"display_name":"PMT","author_link":"https:\/\/sp5.pila.pl\/SP5\/author\/ludi\/"},"uagb_comment_info":0,"uagb_excerpt":"Szanowni Pa\u0144stwo. Zach\u0119camy do zapoznania si\u0119 z kr\u00f3tk\u0105 infografik\u0105 pt. &#8222;Jak zapewni\u0107 bezpiecze\u0144stwo w sieci swojemu dziecku&#8221;. W obecnych warunkach, [&hellip;]","_links":{"self":[{"href":"https:\/\/sp5.pila.pl\/SP5\/wp-json\/wp\/v2\/pages\/16844","targetHints":{"allow":["GET"]}}],"collection":[{"href":"https:\/\/sp5.pila.pl\/SP5\/wp-json\/wp\/v2\/pages"}],"about":[{"href":"https:\/\/sp5.pila.pl\/SP5\/wp-json\/wp\/v2\/types\/page"}],"author":[{"embeddable":true,"href":"https:\/\/sp5.pila.pl\/SP5\/wp-json\/wp\/v2\/users\/1"}],"replies":[{"embeddable":true,"href":"https:\/\/sp5.pila.pl\/SP5\/wp-json\/wp\/v2\/comments?post=16844"}],"version-history":[{"count":7,"href":"https:\/\/sp5.pila.pl\/SP5\/wp-json\/wp\/v2\/pages\/16844\/revisions"}],"predecessor-version":[{"id":30271,"href":"https:\/\/sp5.pila.pl\/SP5\/wp-json\/wp\/v2\/pages\/16844\/revisions\/30271"}],"wp:attachment":[{"href":"https:\/\/sp5.pila.pl\/SP5\/wp-json\/wp\/v2\/media?parent=16844"}],"curies":[{"name":"wp","href":"https:\/\/api.w.org\/{rel}","templated":true}]}}