{"id":18493,"date":"2020-05-15T13:30:35","date_gmt":"2020-05-15T11:30:35","guid":{"rendered":"http:\/\/sp5.pila.pl\/SP5\/?page_id=18493"},"modified":"2020-05-15T13:31:09","modified_gmt":"2020-05-15T11:31:09","slug":"zdalna-szkola","status":"publish","type":"page","link":"https:\/\/sp5.pila.pl\/SP5\/zdalna-szkola\/","title":{"rendered":"Zdalna szko\u0142a"},"content":{"rendered":"<p>&nbsp;<\/p>\n<p><a href=\"https:\/\/sp5.pila.pl\/SP5\/zrzut-ekranu-454\/\"><img loading=\"lazy\" decoding=\"async\" class=\"aligncenter size-full wp-image-18361\" src=\"https:\/\/sp5.pila.pl\/SP5\/wp-content\/uploads\/Zrzut-ekranu-454.png\" alt=\"\" width=\"776\" height=\"555\" srcset=\"https:\/\/sp5.pila.pl\/SP5\/wp-content\/uploads\/Zrzut-ekranu-454.png 776w, https:\/\/sp5.pila.pl\/SP5\/wp-content\/uploads\/Zrzut-ekranu-454-300x215.png 300w, https:\/\/sp5.pila.pl\/SP5\/wp-content\/uploads\/Zrzut-ekranu-454-768x549.png 768w, https:\/\/sp5.pila.pl\/SP5\/wp-content\/uploads\/Zrzut-ekranu-454-655x468.png 655w\" sizes=\"auto, (max-width: 776px) 100vw, 776px\" \/><\/a><\/p>\n<p style=\"text-align: center;\">&#8212;&#8212;&#8212;&#8212;&#8212;&#8212;&#8212;&#8212;&#8212;&#8212;&#8212;&#8212;&#8212;&#8212;&#8212;&#8212;&#8212;&#8212;&#8212;&#8212;&#8212;&#8212;&#8212;&#8212;&#8212;&#8212;&#8212;&#8212;&#8212;&#8212;&#8212;&#8212;&#8212;&#8212;&#8212;&#8212;&#8212;&#8212;&#8212;&#8212;&#8212;&#8212;&#8212;&#8212;-<\/p>\n<p style=\"text-align: justify;\">Gmina Pi\u0142a otrzyma\u0142a 100 000 z\u0142 wparcia finansowego i zakupi\u0142a sprz\u0119t komputerowy w ramach projektu Zdalna Szko\u0142a. &nbsp;Nasza szko\u0142a otrzyma\u0142a&nbsp; <strong>3 komputery typu all in one<\/strong>. Dzi\u0119ki temu mogli\u015bmy pom\u00f3c potrzebuj\u0105cym uczniom i nauczycielom w realizacji nauczania zdalnego.<\/p>\n<p>&nbsp;<\/p>\n<p><a href=\"https:\/\/sp5.pila.pl\/SP5\/zdalna-szkola\/img-20200515-wa0001\/\" rel=\"attachment wp-att-18494\"><img loading=\"lazy\" decoding=\"async\" class=\"aligncenter size-full wp-image-18494\" src=\"https:\/\/sp5.pila.pl\/SP5\/wp-content\/uploads\/IMG-20200515-WA0001.jpg\" alt=\"\" width=\"1022\" height=\"1219\" srcset=\"https:\/\/sp5.pila.pl\/SP5\/wp-content\/uploads\/IMG-20200515-WA0001.jpg 1022w, https:\/\/sp5.pila.pl\/SP5\/wp-content\/uploads\/IMG-20200515-WA0001-252x300.jpg 252w, https:\/\/sp5.pila.pl\/SP5\/wp-content\/uploads\/IMG-20200515-WA0001-859x1024.jpg 859w, https:\/\/sp5.pila.pl\/SP5\/wp-content\/uploads\/IMG-20200515-WA0001-768x916.jpg 768w, https:\/\/sp5.pila.pl\/SP5\/wp-content\/uploads\/IMG-20200515-WA0001-655x781.jpg 655w\" sizes=\"auto, (max-width: 1022px) 100vw, 1022px\" \/><\/a><\/p>\n<p>&nbsp;<\/p>\n","protected":false},"excerpt":{"rendered":"<p>&nbsp; &#8212;&#8212;&#8212;&#8212;&#8212;&#8212;&#8212;&#8212;&#8212;&#8212;&#8212;&#8212;&#8212;&#8212;&#8212;&#8212;&#8212;&#8212;&#8212;&#8212;&#8212;&#8212;&#8212;&#8212;&#8212;&#8212;&#8212;&#8212;&#8212;&#8212;&#8212;&#8212;&#8212;&#8212;&#8212;&#8212;&#8212;&#8212;&#8212;&#8212;&#8212;&#8212;&#8212;&#8212;- Gmina Pi\u0142a otrzyma\u0142a 100 000 z\u0142 wparcia finansowego i zakupi\u0142a sprz\u0119t komputerowy w ramach projektu Zdalna Szko\u0142a. &nbsp;Nasza [&hellip;]<\/p>\n","protected":false},"author":1,"featured_media":0,"parent":0,"menu_order":0,"comment_status":"closed","ping_status":"closed","template":"","meta":{"_editorskit_title_hidden":false,"_editorskit_reading_time":0,"_editorskit_is_block_options_detached":false,"_editorskit_block_options_position":"{}","rop_custom_images_group":[],"rop_custom_messages_group":[],"rop_publish_now":"initial","rop_publish_now_accounts":[],"rop_publish_now_history":[],"rop_publish_now_status":"pending","_uag_custom_page_level_css":"","site-sidebar-layout":"default","site-content-layout":"","ast-site-content-layout":"default","site-content-style":"default","site-sidebar-style":"default","ast-global-header-display":"","ast-banner-title-visibility":"","ast-main-header-display":"","ast-hfb-above-header-display":"","ast-hfb-below-header-display":"","ast-hfb-mobile-header-display":"","site-post-title":"","ast-breadcrumbs-content":"","ast-featured-img":"","footer-sml-layout":"","ast-disable-related-posts":"","theme-transparent-header-meta":"","adv-header-id-meta":"","stick-header-meta":"","header-above-stick-meta":"","header-main-stick-meta":"","header-below-stick-meta":"","astra-migrate-meta-layouts":"default","ast-page-background-enabled":"default","ast-page-background-meta":{"desktop":{"background-color":"var(--ast-global-color-5)","background-image":"","background-repeat":"repeat","background-position":"center center","background-size":"auto","background-attachment":"scroll","background-type":"","background-media":"","overlay-type":"","overlay-color":"","overlay-opacity":"","overlay-gradient":""},"tablet":{"background-color":"","background-image":"","background-repeat":"repeat","background-position":"center center","background-size":"auto","background-attachment":"scroll","background-type":"","background-media":"","overlay-type":"","overlay-color":"","overlay-opacity":"","overlay-gradient":""},"mobile":{"background-color":"","background-image":"","background-repeat":"repeat","background-position":"center center","background-size":"auto","background-attachment":"scroll","background-type":"","background-media":"","overlay-type":"","overlay-color":"","overlay-opacity":"","overlay-gradient":""}},"ast-content-background-meta":{"desktop":{"background-color":"var(--ast-global-color-4)","background-image":"","background-repeat":"repeat","background-position":"center center","background-size":"auto","background-attachment":"scroll","background-type":"","background-media":"","overlay-type":"","overlay-color":"","overlay-opacity":"","overlay-gradient":""},"tablet":{"background-color":"var(--ast-global-color-4)","background-image":"","background-repeat":"repeat","background-position":"center center","background-size":"auto","background-attachment":"scroll","background-type":"","background-media":"","overlay-type":"","overlay-color":"","overlay-opacity":"","overlay-gradient":""},"mobile":{"background-color":"var(--ast-global-color-4)","background-image":"","background-repeat":"repeat","background-position":"center center","background-size":"auto","background-attachment":"scroll","background-type":"","background-media":"","overlay-type":"","overlay-color":"","overlay-opacity":"","overlay-gradient":""}},"ngg_post_thumbnail":0,"footnotes":""},"class_list":["post-18493","page","type-page","status-publish","hentry"],"uagb_featured_image_src":{"full":false,"thumbnail":false,"medium":false,"medium_large":false,"large":false,"1536x1536":false,"2048x2048":false},"uagb_author_info":{"display_name":"PMT","author_link":"https:\/\/sp5.pila.pl\/SP5\/author\/ludi\/"},"uagb_comment_info":0,"uagb_excerpt":"&nbsp; &#8212;&#8212;&#8212;&#8212;&#8212;&#8212;&#8212;&#8212;&#8212;&#8212;&#8212;&#8212;&#8212;&#8212;&#8212;&#8212;&#8212;&#8212;&#8212;&#8212;&#8212;&#8212;&#8212;&#8212;&#8212;&#8212;&#8212;&#8212;&#8212;&#8212;&#8212;&#8212;&#8212;&#8212;&#8212;&#8212;&#8212;&#8212;&#8212;&#8212;&#8212;&#8212;&#8212;&#8212;- Gmina Pi\u0142a otrzyma\u0142a 100 000 z\u0142 wparcia finansowego i zakupi\u0142a sprz\u0119t komputerowy w ramach projektu Zdalna Szko\u0142a. &nbsp;Nasza [&hellip;]","_links":{"self":[{"href":"https:\/\/sp5.pila.pl\/SP5\/wp-json\/wp\/v2\/pages\/18493","targetHints":{"allow":["GET"]}}],"collection":[{"href":"https:\/\/sp5.pila.pl\/SP5\/wp-json\/wp\/v2\/pages"}],"about":[{"href":"https:\/\/sp5.pila.pl\/SP5\/wp-json\/wp\/v2\/types\/page"}],"author":[{"embeddable":true,"href":"https:\/\/sp5.pila.pl\/SP5\/wp-json\/wp\/v2\/users\/1"}],"replies":[{"embeddable":true,"href":"https:\/\/sp5.pila.pl\/SP5\/wp-json\/wp\/v2\/comments?post=18493"}],"version-history":[{"count":3,"href":"https:\/\/sp5.pila.pl\/SP5\/wp-json\/wp\/v2\/pages\/18493\/revisions"}],"predecessor-version":[{"id":18497,"href":"https:\/\/sp5.pila.pl\/SP5\/wp-json\/wp\/v2\/pages\/18493\/revisions\/18497"}],"wp:attachment":[{"href":"https:\/\/sp5.pila.pl\/SP5\/wp-json\/wp\/v2\/media?parent=18493"}],"curies":[{"name":"wp","href":"https:\/\/api.w.org\/{rel}","templated":true}]}}