{"id":19461,"date":"2020-06-23T10:44:46","date_gmt":"2020-06-23T08:44:46","guid":{"rendered":"http:\/\/sp5.pila.pl\/SP5\/?page_id=19461"},"modified":"2020-08-13T12:23:22","modified_gmt":"2020-08-13T10:23:22","slug":"wykaz-podrecznikow-klas-iv-viii","status":"publish","type":"page","link":"https:\/\/sp5.pila.pl\/SP5\/wykaz-podrecznikow-klas-iv-viii\/","title":{"rendered":"WYKAZ PODR\u0118CZNIK\u00d3W KLAS IV-VIII"},"content":{"rendered":"<p style=\"text-align: center;\"><strong>WYKAZ PODR\u0118CZNIK\u00d3W I \u0106WICZE\u0143 KLASY IV-VIII<\/strong><\/p>\n<p style=\"text-align: center;\"><strong>ROK SZKOLNY 2020\/2021<\/strong><\/p>\n<p><strong>&nbsp;<\/strong><\/p>\n<p style=\"text-align: center;\"><strong>Wszystkie podr\u0119czniki i \u0107wiczenia do przedmiot\u00f3w obowi\u0105zkowych uczniowie otrzymuj\u0105 w szkole nieodp\u0142atnie.<\/strong><\/p>\n<p style=\"text-align: center;\"><strong>UWAGA! Podr\u0119czniki i \u0107wiczenia do religii rodzice kupuj\u0105 sami.<\/strong><\/p>\n<p>&nbsp;<\/p>\n<p><strong>KLASA IV<\/strong><\/p>\n<p><strong>J\u0119zyk polski :<\/strong><\/p>\n<p><em>A.Klimowicz, M. Derlukiewicz,Nowe S\u0142owa na start 4!, podr\u0119cznik i \u0107wiczenia,<br \/>\nNowa Era <\/em><\/p>\n<p><strong>J\u0119zyk angielski: <\/strong><\/p>\n<p>N. <em>Beare:&nbsp;Brainy 4, podr\u0119cznik i \u0107wiczenia, Macmillan Education<\/em><\/p>\n<p><strong>Matematyka: <\/strong><\/p>\n<p>M. <em>Dobrowolska, M. Jucewicz, M. Karpi\u0144ski, P. Zarzycki,&nbsp;Matematyka z plusem 4, podr\u0119cznik, GWO; P. Zarzycki,&nbsp;Matematyka z plusem 4, \u0107wiczenia 2 zeszyty: geometria i arytmetyka, GWO<\/em><\/p>\n<p><strong>Przyroda:<\/strong><\/p>\n<p>M. <em>Marko-Wor\u0142owska, F. Szlajfer, J. Stawarz,&nbsp;Tajemnice przyrody 4, podr\u0119cznik, Nowa Era J. Golanko, U. Mo\u017adzierz, J. Stawarz, I. Wr\u00f3bel,&nbsp;<\/em><\/p>\n<p><strong>Historia:<\/strong><\/p>\n<p><em>B. Olszewska, W. Surdyk-Fertsch, G. Wojciechowski, Wczoraj i dzi\u015b 4, podr\u0119cznik<\/em><\/p>\n<p><em>Nowa Era <\/em><\/p>\n<p><strong>Plastyka:<\/strong><\/p>\n<p><em>M. Ipczy\u0144ska Do dzie\u0142a! 4, Nowa Era<\/em><\/p>\n<p><strong>Informatyka:<\/strong><\/p>\n<p><em>M. K\u0119ska, Lubi\u0119 to 4!, podr\u0119cznik, Nowa Era<\/em><\/p>\n<p><strong>Religia:<\/strong><\/p>\n<p style=\"text-align: center;\"><img loading=\"lazy\" decoding=\"async\" class=\"alignnone size-full wp-image-19793\" src=\"https:\/\/sp5.pila.pl\/SP5\/wp-content\/uploads\/kl4.jpg\" alt=\"\" width=\"208\" height=\"300\">&nbsp; &nbsp; <img loading=\"lazy\" decoding=\"async\" class=\"alignnone wp-image-19798\" src=\"https:\/\/sp5.pila.pl\/SP5\/wp-content\/uploads\/kl41.jpg\" alt=\"\" width=\"205\" height=\"292\"><\/p>\n<p><em>Podr\u0119cznik do religii klasy IV &#8221; Miejsca pe\u0142ne bogactw&#8221; &#8211; Wydawnictwo JEDNO\u015a\u0106.&nbsp; <\/em><br \/>\n<em>Zeszyt \u0107wicze\u0144 dla klasy IV &#8221; Miejsce pe\u0142ne bogactw&#8221; &#8211; Wydawnictwo JEDNO\u015a\u0106.<\/em><br \/>\n<em>Uwaga:&nbsp; Obowi\u0105zuje podr\u0119cznik + \u0107wiczenia!<\/em><\/p>\n<p><em>~~~~~~~~~~~~~~~~~~~~~~~~~~~~~~~~~~~~~~~~~~~~~~~~~~~~~~~~~~~~~~~~~~~~~~~~~~~~~~~~~~~~~~~~~~~~~~~~<br \/>\n<\/em><\/p>\n<p><strong>KLASA V <\/strong><\/p>\n<p><strong>J\u0119zyk polski: <\/strong><\/p>\n<p><em>A. Klimowicz, M. Derlukiewicz, S\u0142owa na start Nowe 5!, podr\u0119cznik, Nowa Era<\/em><\/p>\n<p><strong>J\u0119zyk angielski:<\/strong><\/p>\n<p><em>N. Beare: Brainy 5, podr\u0119cznik i \u0107wiczenia, Macmillan Education<\/em><\/p>\n<p><strong>Matematyka:<\/strong><\/p>\n<p><em>M. Dobrowolska, Matematyka 5 z plusem, podr\u0119cznik, GWO <\/em><em>P. Zarzycki,&nbsp;<\/em><\/p>\n<p><em>Matematyka z plusem 5, \u0107wiczenia 2 zeszyty: geometria i arytmetyka, GWO <\/em><\/p>\n<p><strong>Geografia:<\/strong><\/p>\n<p><em>F. Szlajfer, Z. Zaniewicz, T. Rachwa\u0142, R. Malarz, Planeta Nowa 5, podr\u0119cznik<\/em><\/p>\n<p><em>i \u0107wiczenia, Nowa Era <\/em><\/p>\n<p><strong>Biologia:<\/strong><\/p>\n<p><em>M. S\u0119ktas, J. Stawarz, Puls \u017cycia 5, podr\u0119cznik, Nowa Era<\/em><\/p>\n<p><strong>Historia<\/strong>:<\/p>\n<p><em>G.Wojciechowski, Wczoraj i dzi\u015b 5, Nowa Era<\/em><\/p>\n<p><strong>Informatyka:<\/strong><\/p>\n<p><em>G.Koba, Lubi\u0119 to 5, podr\u0119cznik, Nowa Era<\/em><\/p>\n<p><strong>Plastyka:<\/strong><\/p>\n<p><em>M.Ipczy\u0144ska Do dzie\u0142a! 5, Nowa Era<\/em><\/p>\n<p><strong>Informatyka<\/strong>:<\/p>\n<p><em>M.K\u0119ska, <\/em><em>Lubi\u0119 to 5, Nowa Era<\/em><\/p>\n<p><strong>Religia:<\/strong><\/p>\n<p style=\"text-align: center;\"><img loading=\"lazy\" decoding=\"async\" class=\"alignnone size-medium wp-image-19794\" src=\"https:\/\/sp5.pila.pl\/SP5\/wp-content\/uploads\/kl5-207x300.jpg\" alt=\"\" width=\"207\" height=\"300\" srcset=\"https:\/\/sp5.pila.pl\/SP5\/wp-content\/uploads\/kl5-207x300.jpg 207w, https:\/\/sp5.pila.pl\/SP5\/wp-content\/uploads\/kl5.jpg 345w\" sizes=\"auto, (max-width: 207px) 100vw, 207px\" \/>&nbsp; &nbsp; &nbsp;<img loading=\"lazy\" decoding=\"async\" class=\"alignnone size-medium wp-image-19799\" src=\"https:\/\/sp5.pila.pl\/SP5\/wp-content\/uploads\/kl51-207x300.jpg\" alt=\"\" width=\"207\" height=\"300\" srcset=\"https:\/\/sp5.pila.pl\/SP5\/wp-content\/uploads\/kl51-207x300.jpg 207w, https:\/\/sp5.pila.pl\/SP5\/wp-content\/uploads\/kl51.jpg 345w\" sizes=\"auto, (max-width: 207px) 100vw, 207px\" \/><\/p>\n<p><em>Podr\u0119cznik do religii klasy V&nbsp; &#8222;Szcz\u0119\u015bliwi, kt\u00f3rzy szukaj\u0105 prawdy&#8221; &#8211; Wydawnictwo JEDNO\u015a\u0106. <\/em><\/p>\n<p><em>Zeszyt \u0107wicze\u0144 &#8222;Szcz\u0119\u015bliwi, kt\u00f3rzy szukaj\u0105 prawdy&#8221; &#8211; Wydawnictwo JEDNO\u015a\u0106 Kielce. <\/em><\/p>\n<p><em>Uwaga:&nbsp; Obowi\u0105zuje podr\u0119cznik + \u0107wiczenia!<\/em><\/p>\n<p>~~~~~~~~~~~~~~~~~~~~~~~~~~~~~~~~~~~~~~~~~~~~~~~~~~~~~~~~~~~~~~~~~~~~~~~~~~~~~~~~~~~~~~~~~<\/p>\n<p><strong>KLASA VI<\/strong><\/p>\n<p><strong>J\u0119zyk&nbsp; polski:<\/strong><\/p>\n<p><em>A. Klimowicz, Nowe s\u0142owa na start 6<strong>!,<\/strong> podr\u0119cznik, Nowa Era<\/em><\/p>\n<p><strong>J\u0119zyk angielski:<\/strong><\/p>\n<p><em>N. Beare, <u>Brainy 6<\/u><strong>, <\/strong>podr\u0119cznik i \u0107wiczenia, Macmillan <\/em><em>Education<\/em><\/p>\n<p><strong>Matematyka:<\/strong><\/p>\n<p><em>M. Dobrowolska, Matematyka 6 z plusem, podr\u0119cznik, GWO <\/em><em>P.Zarzycki,&nbsp;<\/em><\/p>\n<p><em>Matematyka z plusem 6, \u0107wiczenia 2 zeszyty, arytmetyka i algebra, geometria, GWO<\/em><\/p>\n<p><strong>Biologia:<\/strong><\/p>\n<p><em>M. S\u0119ktas, J. Stawarz, <\/em><em>Puls \u017cycia 6, podr\u0119cznik, Nowa Era<\/em><\/p>\n<p><strong>Geografia:<\/strong><\/p>\n<p><em>F. Szlajfer, Z. Zaniewicz, T. Rachwa\u0142, R. Malarz,<\/em><em> Planeta Nowa 6, podr\u0119cznik<\/em><\/p>\n<p><em>i \u0107wiczenia, Nowa Era<\/em><\/p>\n<p><strong>Historia:<\/strong><\/p>\n<p><em>G.Wojciechowski, Wczoraj i dzi\u015b 6, podr\u0119cznik, Nowa Era<\/em><\/p>\n<p><strong>Informatyka:<\/strong><\/p>\n<p><em>G.Koba, Lubi\u0119 to 6, Nowa Era<\/em><\/p>\n<p><strong>Plastyka: <\/strong><\/p>\n<p><em>Do dzie\u0142a, podr\u0119cznik, Nowa Era<\/em><\/p>\n<p><strong>Religia:<\/strong><\/p>\n<p style=\"text-align: center;\"><img loading=\"lazy\" decoding=\"async\" class=\"alignnone size-full wp-image-19795\" src=\"https:\/\/sp5.pila.pl\/SP5\/wp-content\/uploads\/kl6.jpg\" alt=\"\" width=\"210\" height=\"300\">&nbsp; &nbsp; <img loading=\"lazy\" decoding=\"async\" class=\"alignnone size-full wp-image-19800\" src=\"https:\/\/sp5.pila.pl\/SP5\/wp-content\/uploads\/kl61.jpg\" alt=\"\" width=\"210\" height=\"300\"><\/p>\n<p><em>Podr\u0119cznik do religii klasy VI &#8221; Tajemnice Bogatego \u017cycia&#8221; &#8211; Wydawnictwo JEDNO\u015a\u0106.&nbsp;&nbsp;&nbsp;&nbsp;&nbsp;&nbsp;&nbsp;&nbsp;&nbsp;&nbsp;&nbsp;&nbsp;&nbsp;&nbsp;&nbsp;&nbsp;&nbsp;&nbsp;&nbsp;&nbsp;<\/em><\/p>\n<p><em>Zeszyt \u0107wicze\u0144 klasy VI &#8221; Tajemnice Bogatego \u017cycia&#8221; &#8211; Wydawnictwo JEDNO\u015a\u0106.<\/em><\/p>\n<p><em>Uwaga:&nbsp; Obowi\u0105zuje podr\u0119cznik + \u0107wiczenia!<\/em><\/p>\n<p><em>&nbsp;~~~~~~~~~~~~~~~~~~~~~~~~~~~~~~~~~~~~~~~~~~~~~~~~~~~~~~~~~~~~~~~~~~~~~~~~~~~~~~~~~~~~~~~~~~~~~~~~<\/em><\/p>\n<p><strong>KLASA VII<\/strong><\/p>\n<p><strong>J\u0119zyk polski:<\/strong><\/p>\n<p><em>Ko\u015bcierzy\u0144ska J., Chmiel M., Szulc M.Nowe S\u0142owa na start 7!, podr\u0119cznik, Nowa Era<\/em><\/p>\n<p><strong>J\u0119zyk angielski: <\/strong><\/p>\n<p><em>Brainy 7; podr\u0119cznik+ \u0107wiczenia; Catherine Macbeth; wyd. Macmillan<\/em><\/p>\n<p><em><br \/>\n<\/em><strong>J\u0119zyk niemiecki:<\/strong><br \/>\n<em>Deutschtour fit; podr\u0119cznik + \u0107wiczenia 7 Nowa Edycja 2020-2022; Nowa Era<\/em><\/p>\n<p><strong>Matematyka:<\/strong><\/p>\n<p><em>M. Dobrowolska, Matematyka 7 z plusem, podr\u0119cznik, GWO<\/em><\/p>\n<p><strong>Biologia:<\/strong><\/p>\n<p><em>M. Jefimow, Puls \u017cycia 7, podr\u0119cznik, Nowa Era<\/em><\/p>\n<p><strong>Chemia:<\/strong><\/p>\n<p><em>T. Kulawik J, Kulawik, Litwin M. Chemia Nowej Ery 7, podr\u0119cznik i \u0107wiczenia, Nowa Era<\/em><\/p>\n<p><strong>Fizyka:<\/strong><\/p>\n<p><em>G. Francuz-Orna, T. Kulawik, M. Nowotny-R\u00f3\u017ca\u0144ska, Spotkania z fizyk\u0105 7, podr\u0119cznik, Nowa Era<\/em><\/p>\n<p><strong>Geografia:<\/strong><\/p>\n<p><em>R. Malarz, M. Szubert, T. Rachwa\u0142, podr\u0119cznik i \u0107wiczenia, Planeta Nowa 7, Nowa Era<\/em><\/p>\n<p><strong>Historia:<\/strong><\/p>\n<p><em>S. Roszak, A. \u0141aszkiewicz, J. K\u0142aczkow, Wczoraj i dzi\u015b 7, podr\u0119cznik, Nowa Era<\/em><\/p>\n<p><strong>Informatyka:<\/strong><\/p>\n<p><em>G. Koba, Lubi\u0119 to 7, podr\u0119cznik, Nowa Era<\/em><\/p>\n<p><strong>Muzyka:<\/strong><\/p>\n<p><em>M. Gromek, Lekcja muzyki 7, Nowa Era<\/em><\/p>\n<p><strong>Plastyka:<\/strong><\/p>\n<p><em>M.Ipczy\u0144ska Do dzie\u0142a! 7, Nowa Era<\/em><\/p>\n<p><strong>Religia:<\/strong><\/p>\n<p><img loading=\"lazy\" decoding=\"async\" class=\"alignnone size-full wp-image-19796 aligncenter\" src=\"https:\/\/sp5.pila.pl\/SP5\/wp-content\/uploads\/kl7.jpg\" alt=\"\" width=\"210\" height=\"300\"><\/p>\n<p><em>Podr\u0119cznik do religii klasy VII &#8222;B\u0142ogos\u0142awieni, kt\u00f3rzy szukaj\u0105 Jezusa&#8221; &#8211; Wydawnictwo JEDNO\u015a\u0106.&nbsp; <\/em><\/p>\n<p><em>Obowi\u0105zuje podr\u0119cznik + zeszyt w kratk\u0119 96 kartek!<\/em><\/p>\n<p><em>~~~~~~~~~~~~~~~~~~~~~~~~~~~~~~~~~~~~~~~~~~~~~~~~~~~~~~~~~~~~~~~~~~~~~~~~~~~~~~~~~~~~~~~~~~~~~~~~<\/em><\/p>\n<p><strong>KLASA VIII<\/strong><\/p>\n<p><strong>J\u0119zyk polski:<\/strong><\/p>\n<p><em>J. Ko\u015bcierzy\u0144ska, M. Chmiel, M. Szulc, Nowe S\u0142owa na start 8!, podr\u0119cznik, Nowa Era<\/em><\/p>\n<p><strong>J\u0119zyk angielski:<\/strong><\/p>\n<p><em>M. Mann, S.Taylore-Knowles, All Clear 8, podr\u0119cznik i \u0107wiczenia, Macmillan<\/em><\/p>\n<p><strong>J\u0119zyk niemiecki:<\/strong><\/p>\n<p><em>Ko\u015bcielniak-Walewska, Meine Deutschtour 8, podr\u0119cznik i \u0107wiczenia z kodem Qr, Nowa Era <\/em><\/p>\n<p><strong>Matematyka:<\/strong><\/p>\n<p><em>M. Dobrowolska, Matematyka 8 z plusem, podr\u0119cznik, GWO<\/em><\/p>\n<p><strong>Biologia:<\/strong><\/p>\n<p><em>B. S\u0105gin, A. Boczarowski, M. S\u0119ktas, Puls \u017cycia 8, podr\u0119cznik, Nowa Era <\/em><\/p>\n<p><strong>Chemia:<\/strong><\/p>\n<p><em>J.Kulawik, T. Kulawik, M. Litwin, Chemia Nowej Ery 8, podr\u0119cznik i \u0107wiczenia,<\/em><\/p>\n<p><em>Nowa Era <\/em><\/p>\n<p><strong>Fizyka:<\/strong><\/p>\n<p><em>G. Francuz-Ornat, T. Kulawik, M. Nowotny-R\u00f3\u017ca\u0144ska, Spotkania z fizyk\u0105 8, podr\u0119cznik, Nowa Era<\/em><\/p>\n<p><strong>Geografia:<\/strong><\/p>\n<p>T. <em>Rachwa\u0142, D. Szczypi\u0144ski, Planeta Nowa 8, podr\u0119cznik i \u0107wiczenia, Nowa Era<\/em><\/p>\n<p><strong>Historia:<\/strong><\/p>\n<p><em>R. \u015aniegocki, A. Zieli\u0144ska, Wczoraj i dzi\u015b 8, podr\u0119cznik, Nowa Era<\/em><\/p>\n<p><strong>WOS:<\/strong><\/p>\n<p><em>I. Janicka, Dzi\u015b i jutro 8, podr\u0119cznik, Nowa Era<\/em><\/p>\n<p><strong>Edukacja dla bezpiecze\u0144stwa:<\/strong><\/p>\n<p><em>J. S\u0142oma, Edukacja dla Bezpiecze\u0144stwa 8, podr\u0119cznik, Nowa Era<\/em><\/p>\n<p><strong>Informatyka:<\/strong><\/p>\n<p><em>G. Koba, Lubi\u0119 to7, podr\u0119cznik, Nowa Era<\/em><\/p>\n<p><em> <strong>Religia:<\/strong><\/em><\/p>\n<p><img loading=\"lazy\" decoding=\"async\" class=\"alignnone size-full wp-image-19797 aligncenter\" src=\"https:\/\/sp5.pila.pl\/SP5\/wp-content\/uploads\/kl8.jpg\" alt=\"\" width=\"210\" height=\"300\"><\/p>\n<p><em>Podr\u0119cznik do religii klasy VIII&nbsp; &#8222;B\u0142ogos\u0142awieni, kt\u00f3rzy ufaj\u0105 Jezusowi&#8221; &#8211; Wydawnictwo JEDNO\u015a\u0106. <\/em><\/p>\n<p><em>Obowi\u0105zuje podr\u0119cznik + zeszyt w kratk\u0119 96 kartek!<\/em><\/p>\n<p>Mo\u017cna zamawia\u0107 w Wydawnictwie Jedno\u015b\u0107 Kielce;<br \/>\n&#8211; przez telefon 800137072<br \/>\n&#8211; przez internet &#8211; www.jednosc.com.pl<\/p>\n","protected":false},"excerpt":{"rendered":"<p>WYKAZ PODR\u0118CZNIK\u00d3W I \u0106WICZE\u0143 KLASY IV-VIII ROK SZKOLNY 2020\/2021 &nbsp; Wszystkie podr\u0119czniki i \u0107wiczenia do przedmiot\u00f3w obowi\u0105zkowych uczniowie otrzymuj\u0105 w [&hellip;]<\/p>\n","protected":false},"author":1,"featured_media":0,"parent":0,"menu_order":0,"comment_status":"closed","ping_status":"closed","template":"","meta":{"_editorskit_title_hidden":false,"_editorskit_reading_time":0,"_editorskit_is_block_options_detached":false,"_editorskit_block_options_position":"{}","rop_custom_images_group":[],"rop_custom_messages_group":[],"rop_publish_now":"initial","rop_publish_now_accounts":[],"rop_publish_now_history":[],"rop_publish_now_status":"pending","_uag_custom_page_level_css":"","site-sidebar-layout":"default","site-content-layout":"","ast-site-content-layout":"default","site-content-style":"default","site-sidebar-style":"default","ast-global-header-display":"","ast-banner-title-visibility":"","ast-main-header-display":"","ast-hfb-above-header-display":"","ast-hfb-below-header-display":"","ast-hfb-mobile-header-display":"","site-post-title":"","ast-breadcrumbs-content":"","ast-featured-img":"","footer-sml-layout":"","ast-disable-related-posts":"","theme-transparent-header-meta":"","adv-header-id-meta":"","stick-header-meta":"","header-above-stick-meta":"","header-main-stick-meta":"","header-below-stick-meta":"","astra-migrate-meta-layouts":"default","ast-page-background-enabled":"default","ast-page-background-meta":{"desktop":{"background-color":"var(--ast-global-color-5)","background-image":"","background-repeat":"repeat","background-position":"center center","background-size":"auto","background-attachment":"scroll","background-type":"","background-media":"","overlay-type":"","overlay-color":"","overlay-opacity":"","overlay-gradient":""},"tablet":{"background-color":"","background-image":"","background-repeat":"repeat","background-position":"center center","background-size":"auto","background-attachment":"scroll","background-type":"","background-media":"","overlay-type":"","overlay-color":"","overlay-opacity":"","overlay-gradient":""},"mobile":{"background-color":"","background-image":"","background-repeat":"repeat","background-position":"center center","background-size":"auto","background-attachment":"scroll","background-type":"","background-media":"","overlay-type":"","overlay-color":"","overlay-opacity":"","overlay-gradient":""}},"ast-content-background-meta":{"desktop":{"background-color":"var(--ast-global-color-4)","background-image":"","background-repeat":"repeat","background-position":"center center","background-size":"auto","background-attachment":"scroll","background-type":"","background-media":"","overlay-type":"","overlay-color":"","overlay-opacity":"","overlay-gradient":""},"tablet":{"background-color":"var(--ast-global-color-4)","background-image":"","background-repeat":"repeat","background-position":"center center","background-size":"auto","background-attachment":"scroll","background-type":"","background-media":"","overlay-type":"","overlay-color":"","overlay-opacity":"","overlay-gradient":""},"mobile":{"background-color":"var(--ast-global-color-4)","background-image":"","background-repeat":"repeat","background-position":"center center","background-size":"auto","background-attachment":"scroll","background-type":"","background-media":"","overlay-type":"","overlay-color":"","overlay-opacity":"","overlay-gradient":""}},"ngg_post_thumbnail":0,"footnotes":""},"class_list":["post-19461","page","type-page","status-publish","hentry"],"uagb_featured_image_src":{"full":false,"thumbnail":false,"medium":false,"medium_large":false,"large":false,"1536x1536":false,"2048x2048":false},"uagb_author_info":{"display_name":"PMT","author_link":"https:\/\/sp5.pila.pl\/SP5\/author\/ludi\/"},"uagb_comment_info":0,"uagb_excerpt":"WYKAZ PODR\u0118CZNIK\u00d3W I \u0106WICZE\u0143 KLASY IV-VIII ROK SZKOLNY 2020\/2021 &nbsp; Wszystkie podr\u0119czniki i \u0107wiczenia do przedmiot\u00f3w obowi\u0105zkowych uczniowie otrzymuj\u0105 w [&hellip;]","_links":{"self":[{"href":"https:\/\/sp5.pila.pl\/SP5\/wp-json\/wp\/v2\/pages\/19461","targetHints":{"allow":["GET"]}}],"collection":[{"href":"https:\/\/sp5.pila.pl\/SP5\/wp-json\/wp\/v2\/pages"}],"about":[{"href":"https:\/\/sp5.pila.pl\/SP5\/wp-json\/wp\/v2\/types\/page"}],"author":[{"embeddable":true,"href":"https:\/\/sp5.pila.pl\/SP5\/wp-json\/wp\/v2\/users\/1"}],"replies":[{"embeddable":true,"href":"https:\/\/sp5.pila.pl\/SP5\/wp-json\/wp\/v2\/comments?post=19461"}],"version-history":[{"count":8,"href":"https:\/\/sp5.pila.pl\/SP5\/wp-json\/wp\/v2\/pages\/19461\/revisions"}],"predecessor-version":[{"id":19802,"href":"https:\/\/sp5.pila.pl\/SP5\/wp-json\/wp\/v2\/pages\/19461\/revisions\/19802"}],"wp:attachment":[{"href":"https:\/\/sp5.pila.pl\/SP5\/wp-json\/wp\/v2\/media?parent=19461"}],"curies":[{"name":"wp","href":"https:\/\/api.w.org\/{rel}","templated":true}]}}