{"id":19756,"date":"2020-06-30T14:01:19","date_gmt":"2020-06-30T12:01:19","guid":{"rendered":"http:\/\/sp5.pila.pl\/SP5\/?page_id=19756"},"modified":"2020-06-30T14:01:19","modified_gmt":"2020-06-30T12:01:19","slug":"z-kart-historii-szkoly","status":"publish","type":"page","link":"https:\/\/sp5.pila.pl\/SP5\/z-kart-historii-szkoly\/","title":{"rendered":"Z kart historii szko\u0142y"},"content":{"rendered":"<p style=\"text-align: justify;\">Historia Szko\u0142y Podstawowej nr 5 jest \u015bci\u015ble zwi\u0105zana z histori\u0105 naszego miasta. Przed wybuchem II wojny \u015bwiatowej w dzielnicy Koszyce istnia\u0142a jedna szko\u0142a podstawowa. W owych czasach w budynku dzisiejszego gmachu szko\u0142y mie\u015bci\u0142 si\u0119 Instytut dla Dzieci G\u0142uchych. Posiada\u0142 on zabudowania gospodarcze, warsztaty, ogr\u00f3d, a nawet w\u0142asne k\u0105pielisko nad rzek\u0105 Gwd\u0105. Po wojnie budynek ten by\u0142 jednym z nielicznych, kt\u00f3re ocala\u0142y, i zosta\u0142 przeznaczony do magazynowania zbo\u017ca. Kiedy po wojnie do Pi\u0142y zacz\u0119li przybywa\u0107 nowi osadnicy, zaistnia\u0142a konieczno\u015b\u0107 utworzenia nowej plac\u00f3wki o\u015bwiatowej. W\u0142adze zaadaptowa\u0142y wi\u0119c na potrzeby szko\u0142y wy\u017cej wymieniony budynek.<\/p>\n<p style=\"text-align: justify;\">Szko\u0142a Podstawowa nr 5 rozpocz\u0119\u0142a dzia\u0142alno\u015b\u0107 7 wrze\u015bnia 1953 roku. Jej pierwszym kierownikiem zosta\u0142 Fryderyk Krakowski, a uczy\u0142o w niej 12 nauczycieli. Uczni\u00f3w przydzielono do 11 oddzia\u0142\u00f3w. Liczebno\u015b\u0107 klas by\u0142a bardzo r\u00f3\u017cna, wiadomo jednak, \u017ce w klasach I by\u0142o po 55 uczni\u00f3w.<br \/>\nW latach 1957\/58 szko\u0142\u0105 kierowa\u0142 Adolf Pisku\u0142a. Do plac\u00f3wki ucz\u0119szcza\u0142o wtedy 710 uczni\u00f3w, a byli oni podzieleni na 16 oddzia\u0142\u00f3w. Do 16 zwi\u0119kszy\u0142a si\u0119 r\u00f3wnie\u017c ilo\u015b\u0107 nauczycieli. W szkole zacz\u0105\u0142 dzia\u0142a\u0107 Komitet Rodzicielski, kt\u00f3ry zajmowa\u0142 si\u0119 g\u0142\u00f3wnie gromadzeniem pieni\u0119dzy na potrzeby szko\u0142y. W\u0142\u0105cza\u0142 si\u0119 r\u00f3wnie\u017c do rozwi\u0105zywania problem\u00f3w wychowawczych i dydaktycznych. W tym roku szkolnym powsta\u0142 te\u017c Szkolny Klub Sportowy \u201eB\u0142yskawica\u201d, a najch\u0119tniej uprawianymi dyscyplinami sportu by\u0142y: tenis sto\u0142owy, szachy i koszyk\u00f3wka.<br \/>\nPozosta\u0142o\u015bci po II wojnie jeszcze d\u0142ugo dawa\u0142y zna\u0107 o sobie. Pod koniec sierpnia 1958 roku grupa uczni\u00f3w bawi\u0105c si\u0119 nad rzek\u0105 znalaz\u0142a min\u0119. Pr\u00f3ba rozbrojenia jej zako\u0144czy\u0142a si\u0119 tragicznie. Zgin\u0119\u0142o 11 os\u00f3b, w tym 9 uczni\u00f3w Szko\u0142y Podstawowej nr 5. Uroczysto\u015b\u0107 rozpocz\u0119cia roku szkolnego 1958\/59 poprzedzi\u0142 pogrzeb ofiar tragicznego wypadku.<br \/>\nW nast\u0119pnych latach szko\u0142a rozrasta\u0142a si\u0119. Przybywa\u0142o uczni\u00f3w. W roku szkolnym 1960\/61 by\u0142o ich ju\u017c 936. Przydzielono ich do 23 oddzia\u0142\u00f3w, a lekcje odbywa\u0142y si\u0119 na dwie zmiany. Rok p\u00f3\u017aniej by\u0142o ju\u017c 25 klas, a nauka odbywa\u0142a si\u0119 na trzy zmiany.<br \/>\nSzko\u0142a boryka\u0142a si\u0119 wi\u0119c z niema\u0142ymi trudno\u015bciami lokalowymi. Brakowa\u0142o sal lekcyjnych, pokoju nauczycielskiego, sekretariatu, biblioteki oraz jakiegokolwiek zaplecza. Jedynym wyj\u015bciem z tej nie\u0142atwej sytuacji by\u0142a rozbudowa plac\u00f3wki. W\u0142adze o\u015bwiatowe podj\u0119\u0142y decyzj\u0119 o rozebraniu podniszczonego budynku znajduj\u0105cego si\u0119 przy szkole i dobudowaniu nowego skrzyd\u0142a o 12 klasach i Sali gimnastycznej. Do prac budowlanych przyst\u0105piono w 1963 roku. Ju\u017c w nast\u0119pnym budynek by\u0142 gotowy, jednak usuwanie usterek trwa\u0142o a\u017c do kwietnia 1965 roku.<br \/>\nOd wrze\u015bnia 1965 roku nast\u0105pi\u0142a zmiana kierownictwa szko\u0142y. Jej szefow\u0105 zosta\u0142a Aleksandra Kowalska. Od 4 pa\u017adziernika rozpocz\u0119\u0142a sw\u0105 dzia\u0142alno\u015b\u0107 \u015bwietlica szkolna, do kt\u00f3rej ucz\u0119szcza\u0142y dzieci ze Szko\u0142y Podstawowej nr 5 i nr 9. Rozwi\u0105zano r\u00f3wnie\u017c problem \u017cywienia zbiorowego, bowiem zacz\u0119\u0142a funkcjonowa\u0107 sto\u0142\u00f3wka wydaj\u0105ca obiady dla ch\u0119tnych uczni\u00f3w.<br \/>\nOd 1965 roku zmieni\u0142 si\u0119 system organizacyjny szko\u0142y. Wszystkie plac\u00f3wki przyj\u0119\u0142y do realizacji pozna\u0144ski system wychowawczy, kt\u00f3ry zak\u0142ada\u0142 mi\u0119dzy innymi utworzenie klasopracowni przedmiotowych. Zorganizowano wi\u0119c dwie pracownie matematyczne, pracownie wiedzy o spo\u0142ecze\u0144stwie, j\u0119zyka rosyjskiego, wychowania plastycznego, muzyki oraz dwie klasopracownie dla dzieci m\u0142odszych z klas I \u2013 IV.<br \/>\n18 wrze\u015bnia 1966 roku odby\u0142a si\u0119 d\u0142ugo przygotowywana uroczysto\u015b\u0107 nadania szkole imienia. Od tej chwili patronem plac\u00f3wki by\u0142 Janek Krasicki. Ca\u0142a impreza odby\u0142a si\u0119 zreszt\u0105 w rocznic\u0119 jego urodzin. W uroczysto\u015bci wzi\u0119li udzia\u0142 przedstawiciele w\u0142adz o\u015bwiatowych, politycznych i administracyjnych miasta. Nast\u0105pi\u0142o odczytanie aktu nadania szkole imienia i ods\u0142oni\u0119cie tablicy pami\u0105tkowej. 18 marca 1973 roku, po d\u0142ugich miesi\u0105cach oczekiwania, odby\u0142a si\u0119 uroczysto\u015b\u0107 wr\u0119czenia szkole sztandaru. Od tamtego dnia do tradycji szko\u0142y nale\u017cy oddawanie go pod opiek\u0119 klasie wyr\u00f3\u017cniaj\u0105cej si\u0119 w nauce i zachowaniu, kt\u00f3ra spo\u015br\u00f3d siebie typuje kandydat\u00f3w do pocztu sztandarowego. Wtedy te\u017c po raz pierwszy od\u015bpiewano hymn szko\u0142y napisany przez braci Naszkowskich.<br \/>\nW roku szkolnym 1973\/74 znacznie powi\u0119kszy\u0142o si\u0119 grono nauczycielskie. Wprowadzono r\u00f3wnie\u017c w szkole zwyczaje przeprowadzania konkurs\u00f3w z r\u00f3\u017cnych dziedzin wiedzy oraz sesji popularnonaukowych. Pierwsza sesj\u0105 zwi\u0105zan\u0105 z rocznic\u0105 wyzwolenia Pi\u0142y zorganizowa\u0142o ko\u0142o historyczne w 1976 roku.<br \/>\nW latach 1977 \u2013 1979 nast\u0119powa\u0142y cz\u0119ste zmiany kierownictwa szko\u0142y. W tych latach powo\u0142ano tak\u017ce pedagoga szkolnego. Dzi\u0119ki temu jakiekolwiek problemy wychowawcze by\u0142y rozwi\u0105zywane przez jedn\u0105 osob\u0119 przy wsp\u00f3\u0142pracy dyrekcji szko\u0142y, wychowawc\u00f3w i rodzic\u00f3w.<br \/>\nW 1979 roku zosta\u0142a za\u0142o\u017cona \u201eZ\u0142ota Ksi\u0119ga\u201d, do kt\u00f3rej wpisywane s\u0105 nazwiska najlepszych uczni\u00f3w reprezentuj\u0105cych szko\u0142\u0119 w konkursach i olimpiadach przedmiotowych oraz zawodach sportowych.<br \/>\nW latach 80 \u2013 tych w zwi\u0105zku z trudn\u0105 sytuacj\u0105 polityczn\u0105, na wniosek nauczyciela historii pana Dariusza Banacha szko\u0142a zrezygnowa\u0142a z imienia Janka Krasickiego i jego patronatu.<br \/>\nPrzez szereg lat Szko\u0142a Podstawowa nr 5 odnosi\u0142a wielkie sukcesy zar\u00f3wno na polu naukowym jak i sportowym. Uczniowie zajmowali wysokie lokaty w konkursach historycznych, matematycznych, j\u0119zykowych (j\u0119zyk polski, j\u0119zyk rosyjski), chemicznych, plastycznych, technicznych oraz sportowych.<br \/>\nWraz z wprowadzeniem reformy szkolnictwa w roku 1999 szko\u0142a nasza sta\u0142a si\u0119 sze\u015bcioletni\u0105 szko\u0142\u0105 podstawow\u0105. Automatycznie zmniejszy\u0142a si\u0119 ilo\u015b\u0107 uczni\u00f3w, dzi\u0119ki czemu jeste\u015bmy szko\u0142\u0105 ma\u0142\u0105 i bardziej przyjazn\u0105 dla dzieci.<br \/>\nW roku 2004 odby\u0142y si\u0119 obchody 50 \u2013 lecia szko\u0142y. Na uroczysto\u015bci obecni byli przedstawiciele w\u0142adz miasta, w\u0142adz o\u015bwiatowych, a tak\u017ce dyrektorzy szk\u00f3\u0142 pilskich i zaproszeni go\u015bcie. Jednocze\u015bnie szko\u0142a zyska\u0142a nowego patrona. Nadano jej imi\u0119 Dzieci Polskich.<br \/>\nOd 2006 roku plac\u00f3wka jest sukcesywnie remontowana i doposa\u017cona. Odnowione zosta\u0142y wszystkie pomieszczenia w starej i nowej cz\u0119\u015bci szko\u0142y oraz hole i korytarze. Klasy s\u0105 \u0142adne i nowoczesne. \u015awietlica zyska\u0142a nowe, wi\u0119ksze pomieszczenia. Utworzono now\u0105 \u015bwietlic\u0119 dla sze\u015bciolatk\u00f3w. Blok \u017cywieniowy przeniesiono na parter. Powsta\u0142 gabinet do logoterapii oraz nowy gabinet pedagoga szkolnego. Biblioteka zosta\u0142a przeniesiona do wi\u0119kszego, ja\u015bniejszego lokalu, gdzie utworzono Internetowe Centrum Informacji Multimedialnej.<br \/>\nOd czerwca 2010 roku ruszy budowa nowego bloku sportowego, kt\u00f3ry b\u0119dzie si\u0119 sk\u0142ada\u0142 z nowoczesnej Sali gimnastycznej, boisk sportowych oraz bezpiecznego placu zabaw dla m\u0142odszych uczni\u00f3w.<br \/>\nDzi\u015b z ca\u0142\u0105 pewno\u015bci\u0105 mo\u017cna powiedzie\u0107, \u017ce Szko\u0142a Podstawowa nr 5 jest nowoczesn\u0105, doskonale wyposa\u017con\u0105 i przyjazn\u0105 dzieciom plac\u00f3wk\u0105.<\/p>\n<p style=\"text-align: justify;\">Budowa przebieg\u0142a bardzo sprawnie. Prace ruszy\u0142y wiosn\u0105 2011 roku. Podczas prowadzonych rob\u00f3t budowlanych ods\u0142oni\u0119te zosta\u0142y pozosta\u0142o\u015bci niemieckich schron\u00f3w obrony przeciwlotniczej z okresu II wojny \u015bwiatowej. Odkrycie to sta\u0142o si\u0119 wielk\u0105 atrakcj\u0105 dla mi\u0142o\u015bnik\u00f3w historii naszego miasta.<br \/>\nPrzekazania obiektu tj. pe\u0142nowymiarowej hali z zapleczem, sali do zaj\u0119\u0107 rekreacyjnych i sali gimnastyki korekcyjnej, dokona\u0142 Prezydent Miasta Pi\u0142y Piotr G\u0142owski podczas miejskich uroczysto\u015bci podsumowania ROKU SPORTOWEGO w PILE. Pierwsze zaj\u0119cia odby\u0142y si\u0119 w marcu 2012 roku.<br \/>\n6 grudnia 2012 r. na \u015bw. Miko\u0142aja, oddano do u\u017cytku zesp\u00f3\u0142 boisk i plac zabaw. Po wielu latach oczekiwa\u0144 spe\u0142ni\u0142y si\u0119 marzenia nauczycieli wychowania fizycznego i uczni\u00f3w, kt\u00f3rzy teraz w komfortowych warunkach mog\u0105 zadba\u0107 o podniesienie swojej sprawno\u015bci fizycznej.<br \/>\nSukcesy sportowe to \u201especjalno\u015b\u0107\u201d naszej plac\u00f3wki. Od roku 2009 zbieramy najwy\u017csze laury w ramach Czwartk\u00f3w LA \u2013 og\u00f3lnopolskich zawod\u00f3w, kt\u00f3rych fina\u0142y odbywaj\u0105 si\u0119 w Warszawie lub \u0141odzi. Czterokrotnie odbierali\u015bmy tytu\u0142 w kategorii \u201eNauczyciel \u2013 najlepszy opiekun\u201d oraz puchar za zaj\u0119cie I miejsc w regionie. Warto doda\u0107, \u017ce inicjatorem zawod\u00f3w Czwartki LA jest Marian Woronin \u2013 wspania\u0142y lekkoatleta \u2013 wicemistrz olimpijski, mistrz Europy i rekordzista Europy w biegu na 100 m.<br \/>\nNiestety ci\u0105gle odczuwamy skutki ni\u017cu demograficznego; we wrze\u015bniu 2014 nauk\u0119 rozpocz\u0119\u0142o 300 uczni\u00f3w. Mamy jednak nadziej\u0119, \u017ce coraz wi\u0119cej sze\u015bciolatk\u00f3w zawita w nasze progi i b\u0119dzie nas wi\u0119cej. A jak m\u00f3wi obecna dyrektor szko\u0142y (pe\u0142ni funkcj\u0119 od 1 wrze\u015bnia 2008) Anna Stefanowicz warto by\u0107 uczniem SP 5, bo to plac\u00f3wka atrakcyjna, nowoczesna i bardzo bezpieczna.<br \/>\nRok 2014&nbsp;by\u0142&nbsp;dla szko\u0142y wielkim wyzwaniem i \u015bwi\u0119tem \u2013 obchodzili\u015bmy jubileusz 60 lecia istnienia.<\/p>\n<p style=\"text-align: justify;\">Nadszed\u0142 rok 2017 i ogromna reforma o\u015bwiaty, kt\u00f3rej efektem by\u0142 powr\u00f3t do o\u015bmioletniej szko\u0142y podstawowej oraz likwidacja gimnazj\u00f3w (lub ich stopniowe \u201ewygaszanie\u201d). Niestety zmiany bardzo niekorzystnie wp\u0142yn\u0119\u0142y na nasz\u0105 szko\u0142\u0119, kt\u00f3ra od 1 wrze\u015bnia 2017 roku zacz\u0119\u0142a funkcjonowa\u0107 w dw\u00f3ch budynkach. Klasy I \u2013 V pozosta\u0142y przy al. Niepodleg\u0142o\u015bci, natomiast kl. VI i VII rozpocz\u0119\u0142y nauk\u0119 w budynku przy ul. Kujawskiej 18 (dawne Gimnazjum nr 4 im. J.J. Paderewskiego). Tam te\u017c, opr\u00f3cz klas VI i VII, ucz\u0105 si\u0119 gimnazjali\u015bci na poziomie klas II i III. Je\u017celi w polityce o\u015bwiatowej nic si\u0119 nie zmieni, a w\u0142adze samorz\u0105dowe nie b\u0119d\u0105 mia\u0142y innego pomys\u0142u na oba budynki, to docelowo, od 1 IX 2018, klasy I \u2013 IV pozostan\u0105 przy al. Niepodleg\u0142o\u015bci, a \u201estarszaki\u201d czyli klasy V \u2013 VIII b\u0119d\u0105 gospodarzami w budynku przy ul. Kujawskiej 18. Tak wi\u0119c w pewien spos\u00f3b, raczej smutny, zamkn\u0105\u0142 si\u0119 kolejny etap istnienia \u201ePi\u0105tki\u201d. Nowa \u201ePi\u0105tka\u201d funkcjonuj\u0105ca w dw\u00f3ch budynkach, to zupe\u0142nie inna, nowa karta w historii szko\u0142y. Czy lepsza? \u2013 czas poka\u017ce.<\/p>\n","protected":false},"excerpt":{"rendered":"<p>Historia Szko\u0142y Podstawowej nr 5 jest \u015bci\u015ble zwi\u0105zana z histori\u0105 naszego miasta. Przed wybuchem II wojny \u015bwiatowej w dzielnicy Koszyce [&hellip;]<\/p>\n","protected":false},"author":1,"featured_media":0,"parent":0,"menu_order":0,"comment_status":"closed","ping_status":"closed","template":"","meta":{"_editorskit_title_hidden":false,"_editorskit_reading_time":0,"_editorskit_is_block_options_detached":false,"_editorskit_block_options_position":"{}","rop_custom_images_group":[],"rop_custom_messages_group":[],"rop_publish_now":"initial","rop_publish_now_accounts":[],"rop_publish_now_history":[],"rop_publish_now_status":"pending","_uag_custom_page_level_css":"","site-sidebar-layout":"default","site-content-layout":"","ast-site-content-layout":"default","site-content-style":"default","site-sidebar-style":"default","ast-global-header-display":"","ast-banner-title-visibility":"","ast-main-header-display":"","ast-hfb-above-header-display":"","ast-hfb-below-header-display":"","ast-hfb-mobile-header-display":"","site-post-title":"","ast-breadcrumbs-content":"","ast-featured-img":"","footer-sml-layout":"","ast-disable-related-posts":"","theme-transparent-header-meta":"","adv-header-id-meta":"","stick-header-meta":"","header-above-stick-meta":"","header-main-stick-meta":"","header-below-stick-meta":"","astra-migrate-meta-layouts":"default","ast-page-background-enabled":"default","ast-page-background-meta":{"desktop":{"background-color":"var(--ast-global-color-5)","background-image":"","background-repeat":"repeat","background-position":"center center","background-size":"auto","background-attachment":"scroll","background-type":"","background-media":"","overlay-type":"","overlay-color":"","overlay-opacity":"","overlay-gradient":""},"tablet":{"background-color":"","background-image":"","background-repeat":"repeat","background-position":"center center","background-size":"auto","background-attachment":"scroll","background-type":"","background-media":"","overlay-type":"","overlay-color":"","overlay-opacity":"","overlay-gradient":""},"mobile":{"background-color":"","background-image":"","background-repeat":"repeat","background-position":"center center","background-size":"auto","background-attachment":"scroll","background-type":"","background-media":"","overlay-type":"","overlay-color":"","overlay-opacity":"","overlay-gradient":""}},"ast-content-background-meta":{"desktop":{"background-color":"var(--ast-global-color-4)","background-image":"","background-repeat":"repeat","background-position":"center center","background-size":"auto","background-attachment":"scroll","background-type":"","background-media":"","overlay-type":"","overlay-color":"","overlay-opacity":"","overlay-gradient":""},"tablet":{"background-color":"var(--ast-global-color-4)","background-image":"","background-repeat":"repeat","background-position":"center center","background-size":"auto","background-attachment":"scroll","background-type":"","background-media":"","overlay-type":"","overlay-color":"","overlay-opacity":"","overlay-gradient":""},"mobile":{"background-color":"var(--ast-global-color-4)","background-image":"","background-repeat":"repeat","background-position":"center center","background-size":"auto","background-attachment":"scroll","background-type":"","background-media":"","overlay-type":"","overlay-color":"","overlay-opacity":"","overlay-gradient":""}},"ngg_post_thumbnail":0,"footnotes":""},"class_list":["post-19756","page","type-page","status-publish","hentry"],"uagb_featured_image_src":{"full":false,"thumbnail":false,"medium":false,"medium_large":false,"large":false,"1536x1536":false,"2048x2048":false},"uagb_author_info":{"display_name":"PMT","author_link":"https:\/\/sp5.pila.pl\/SP5\/author\/ludi\/"},"uagb_comment_info":0,"uagb_excerpt":"Historia Szko\u0142y Podstawowej nr 5 jest \u015bci\u015ble zwi\u0105zana z histori\u0105 naszego miasta. Przed wybuchem II wojny \u015bwiatowej w dzielnicy Koszyce [&hellip;]","_links":{"self":[{"href":"https:\/\/sp5.pila.pl\/SP5\/wp-json\/wp\/v2\/pages\/19756","targetHints":{"allow":["GET"]}}],"collection":[{"href":"https:\/\/sp5.pila.pl\/SP5\/wp-json\/wp\/v2\/pages"}],"about":[{"href":"https:\/\/sp5.pila.pl\/SP5\/wp-json\/wp\/v2\/types\/page"}],"author":[{"embeddable":true,"href":"https:\/\/sp5.pila.pl\/SP5\/wp-json\/wp\/v2\/users\/1"}],"replies":[{"embeddable":true,"href":"https:\/\/sp5.pila.pl\/SP5\/wp-json\/wp\/v2\/comments?post=19756"}],"version-history":[{"count":1,"href":"https:\/\/sp5.pila.pl\/SP5\/wp-json\/wp\/v2\/pages\/19756\/revisions"}],"predecessor-version":[{"id":19757,"href":"https:\/\/sp5.pila.pl\/SP5\/wp-json\/wp\/v2\/pages\/19756\/revisions\/19757"}],"wp:attachment":[{"href":"https:\/\/sp5.pila.pl\/SP5\/wp-json\/wp\/v2\/media?parent=19756"}],"curies":[{"name":"wp","href":"https:\/\/api.w.org\/{rel}","templated":true}]}}