{"id":20077,"date":"2020-09-07T10:35:08","date_gmt":"2020-09-07T08:35:08","guid":{"rendered":"http:\/\/sp5.pila.pl\/SP5\/?page_id=20077"},"modified":"2020-09-07T11:30:00","modified_gmt":"2020-09-07T09:30:00","slug":"legitymacja-szkolna","status":"publish","type":"page","link":"https:\/\/sp5.pila.pl\/SP5\/legitymacja-szkolna\/","title":{"rendered":"Legitymacja szkolna"},"content":{"rendered":"<p><a href=\"https:\/\/sp5.pila.pl\/SP5\/legitymacja-szkolna\/legitymacja1\/\" rel=\"attachment wp-att-20078\"><img loading=\"lazy\" decoding=\"async\" class=\"aligncenter wp-image-20078\" src=\"https:\/\/sp5.pila.pl\/SP5\/wp-content\/uploads\/legitymacja1.png\" alt=\"\" width=\"262\" height=\"169\" srcset=\"https:\/\/sp5.pila.pl\/SP5\/wp-content\/uploads\/legitymacja1.png 542w, https:\/\/sp5.pila.pl\/SP5\/wp-content\/uploads\/legitymacja1-300x193.png 300w\" sizes=\"auto, (max-width: 262px) 100vw, 262px\" \/><\/a><\/p>\n<p>W celu wyrobienia zgubionej lub zniszczonej legitymacji szkolnej nale\u017cy:<\/p>\n<ul>\n<li>wype\u0142ni\u0107 wniosek&nbsp; <a href=\"https:\/\/sp5.pila.pl\/SP5\/wp-content\/uploads\/legittymacja-wniosek.pdf\"><strong>&gt;&gt; tutaj &lt;&lt;<\/strong><\/a>&nbsp; &nbsp;(mo\u017cna te\u017c go pobra\u0107 z sekretariatu)<\/li>\n<li>dokona\u0107 wp\u0142aty ( kwota i nr konta na wniosku)<\/li>\n<li>Dostarczy\u0107 do sekretariatu w budynku szko\u0142y przy al. Niepodleg\u0142o\u015bci 18:&nbsp; wniosek, zdj\u0119cie, dow\u00f3d wp\u0142aty.<\/li>\n<\/ul>\n","protected":false},"excerpt":{"rendered":"<p>W celu wyrobienia zgubionej lub zniszczonej legitymacji szkolnej nale\u017cy: wype\u0142ni\u0107 wniosek&nbsp; &gt;&gt; tutaj &lt;&lt;&nbsp; &nbsp;(mo\u017cna te\u017c go pobra\u0107 z sekretariatu) [&hellip;]<\/p>\n","protected":false},"author":1,"featured_media":0,"parent":0,"menu_order":0,"comment_status":"closed","ping_status":"closed","template":"","meta":{"_editorskit_title_hidden":false,"_editorskit_reading_time":0,"_editorskit_is_block_options_detached":false,"_editorskit_block_options_position":"{}","rop_custom_images_group":[],"rop_custom_messages_group":[],"rop_publish_now":"initial","rop_publish_now_accounts":[],"rop_publish_now_history":[],"rop_publish_now_status":"pending","_uag_custom_page_level_css":"","site-sidebar-layout":"default","site-content-layout":"","ast-site-content-layout":"default","site-content-style":"default","site-sidebar-style":"default","ast-global-header-display":"","ast-banner-title-visibility":"","ast-main-header-display":"","ast-hfb-above-header-display":"","ast-hfb-below-header-display":"","ast-hfb-mobile-header-display":"","site-post-title":"","ast-breadcrumbs-content":"","ast-featured-img":"","footer-sml-layout":"","ast-disable-related-posts":"","theme-transparent-header-meta":"","adv-header-id-meta":"","stick-header-meta":"","header-above-stick-meta":"","header-main-stick-meta":"","header-below-stick-meta":"","astra-migrate-meta-layouts":"default","ast-page-background-enabled":"default","ast-page-background-meta":{"desktop":{"background-color":"var(--ast-global-color-5)","background-image":"","background-repeat":"repeat","background-position":"center center","background-size":"auto","background-attachment":"scroll","background-type":"","background-media":"","overlay-type":"","overlay-color":"","overlay-opacity":"","overlay-gradient":""},"tablet":{"background-color":"","background-image":"","background-repeat":"repeat","background-position":"center center","background-size":"auto","background-attachment":"scroll","background-type":"","background-media":"","overlay-type":"","overlay-color":"","overlay-opacity":"","overlay-gradient":""},"mobile":{"background-color":"","background-image":"","background-repeat":"repeat","background-position":"center center","background-size":"auto","background-attachment":"scroll","background-type":"","background-media":"","overlay-type":"","overlay-color":"","overlay-opacity":"","overlay-gradient":""}},"ast-content-background-meta":{"desktop":{"background-color":"var(--ast-global-color-4)","background-image":"","background-repeat":"repeat","background-position":"center center","background-size":"auto","background-attachment":"scroll","background-type":"","background-media":"","overlay-type":"","overlay-color":"","overlay-opacity":"","overlay-gradient":""},"tablet":{"background-color":"var(--ast-global-color-4)","background-image":"","background-repeat":"repeat","background-position":"center center","background-size":"auto","background-attachment":"scroll","background-type":"","background-media":"","overlay-type":"","overlay-color":"","overlay-opacity":"","overlay-gradient":""},"mobile":{"background-color":"var(--ast-global-color-4)","background-image":"","background-repeat":"repeat","background-position":"center center","background-size":"auto","background-attachment":"scroll","background-type":"","background-media":"","overlay-type":"","overlay-color":"","overlay-opacity":"","overlay-gradient":""}},"ngg_post_thumbnail":0,"footnotes":""},"class_list":["post-20077","page","type-page","status-publish","hentry"],"uagb_featured_image_src":{"full":false,"thumbnail":false,"medium":false,"medium_large":false,"large":false,"1536x1536":false,"2048x2048":false},"uagb_author_info":{"display_name":"PMT","author_link":"https:\/\/sp5.pila.pl\/SP5\/author\/ludi\/"},"uagb_comment_info":0,"uagb_excerpt":"W celu wyrobienia zgubionej lub zniszczonej legitymacji szkolnej nale\u017cy: wype\u0142ni\u0107 wniosek&nbsp; &gt;&gt; tutaj &lt;&lt;&nbsp; &nbsp;(mo\u017cna te\u017c go pobra\u0107 z sekretariatu) [&hellip;]","_links":{"self":[{"href":"https:\/\/sp5.pila.pl\/SP5\/wp-json\/wp\/v2\/pages\/20077","targetHints":{"allow":["GET"]}}],"collection":[{"href":"https:\/\/sp5.pila.pl\/SP5\/wp-json\/wp\/v2\/pages"}],"about":[{"href":"https:\/\/sp5.pila.pl\/SP5\/wp-json\/wp\/v2\/types\/page"}],"author":[{"embeddable":true,"href":"https:\/\/sp5.pila.pl\/SP5\/wp-json\/wp\/v2\/users\/1"}],"replies":[{"embeddable":true,"href":"https:\/\/sp5.pila.pl\/SP5\/wp-json\/wp\/v2\/comments?post=20077"}],"version-history":[{"count":5,"href":"https:\/\/sp5.pila.pl\/SP5\/wp-json\/wp\/v2\/pages\/20077\/revisions"}],"predecessor-version":[{"id":20085,"href":"https:\/\/sp5.pila.pl\/SP5\/wp-json\/wp\/v2\/pages\/20077\/revisions\/20085"}],"wp:attachment":[{"href":"https:\/\/sp5.pila.pl\/SP5\/wp-json\/wp\/v2\/media?parent=20077"}],"curies":[{"name":"wp","href":"https:\/\/api.w.org\/{rel}","templated":true}]}}