{"id":20370,"date":"2020-03-31T14:15:47","date_gmt":"2020-03-31T12:15:47","guid":{"rendered":"http:\/\/sp5.pila.pl\/SP5\/?page_id=20370"},"modified":"2026-03-26T12:54:07","modified_gmt":"2026-03-26T11:54:07","slug":"deklaracja-dostepnosci","status":"publish","type":"page","link":"https:\/\/sp5.pila.pl\/SP5\/deklaracja-dostepnosci\/","title":{"rendered":"Deklaracja dost\u0119pno\u015bci"},"content":{"rendered":"<p><span id=\"a11y-podmiot\">Szko\u0142a Podstawowa nr 5 im. Dzieci Polskich w Pile zobowi\u0105zuje si\u0119 zapewni\u0107 dost\u0119pno\u015b\u0107 swojej strony internetowej zgodnie z&nbsp;przepisami ustawy z&nbsp;dnia 4 kwietnia 2019 r. o&nbsp;dost\u0119pno\u015bci cyfrowej stron internetowych i&nbsp;aplikacji mobilnych podmiot\u00f3w publicznych.<\/span><br \/>\nO\u015bwiadczenie w&nbsp;sprawie dost\u0119pno\u015bci ma zastosowanie do strony internetowej:&nbsp;<br \/>\n<b><\/b><br \/>\n<span id=\"a11y-url\" style=\"color: #0000ff;\"><strong><a href=\"https:\\\\www.sp5.pila.pl\">www.sp5.pila.pl<\/a><\/strong><\/span><\/p>\n<ol style=\"text-align: justify;\">\n<li>\n<h4>Data publikacji strony internetowej:<\/h4>\n<p><span id=\"a11y-data-publikacja\"><strong>2017 \u2013 08 \u2013 15<\/strong><\/span><\/li>\n<li>\n<h4>Data ostatniej istotnej aktualizacji strony:<\/h4>\n<p><span id=\"a11y-data-aktualizacja\"><strong>2025-09-01<\/strong><\/span><\/li>\n<li>\n<h4>Data sporz\u0105dzenia Deklaracji i&nbsp;metoda oceny dost\u0119pno\u015bci cyfrowej:<\/h4>\n<\/li>\n<\/ol>\n<p style=\"text-align: justify;\">&#8211; aktualizacj\u0119 o\u015bwiadczenia sporz\u0105dzono dnia:<\/p>\n<p><span id=\"a11y-data-sporzadzenie\"><strong>2025 &#8211; 03 -31,<\/strong><\/span><\/p>\n<p style=\"text-align: justify;\">&#8211; deklaracj\u0119 sporz\u0105dzono na podstawie samooceny przeprowadzonej przez podmiot publiczny.<\/p>\n<p>&nbsp;<\/p>\n<p style=\"text-align: justify;\">Strona <a href=\"https:\/\/www.sp5.pila.pl\">www.sp5.pila.pl<\/a> jest cz\u0119\u015bciowo zgodna z&nbsp;ustaw\u0105 z&nbsp;dnia 4 kwietnia 2019 r. o&nbsp;dost\u0119pno\u015bci cyfrowej stron internetowych i&nbsp;aplikacji mobilnych podmiot\u00f3w publicznych.<\/p>\n<p>&nbsp;<\/p>\n<p style=\"text-align: justify;\">Pracujemy nad dostosowaniem naszej strony do standardu WCAG 2.1 (poziom AA)<\/p>\n<p style=\"text-align: justify;\">Istnieje mo\u017cliwo\u015b\u0107 zmiany wielko\u015bci czcionki oraz zmiany kontrastu.<\/p>\n<ol style=\"text-align: justify;\" start=\"4\">\n<li>\n<h4>Zgodno\u015b\u0107 z&nbsp;prawem polskim i&nbsp;mi\u0119dzynarodowym.<\/h4>\n<\/li>\n<\/ol>\n<p style=\"text-align: justify;\">Strona spe\u0142nia wymagania zawarte w Rozporz\u0105dzeniu Rady Ministr\u00f3w Krajowe Ramy Interoperacyjno\u015bci z 12 kwietnia 2012 r. Rozporz\u0105dzenie to wskazuje, \u017ce od czerwca 2015 r. serwisy publiczne musz\u0105 spe\u0142nia\u0107 wymagania dost\u0119pno\u015bci. Powo\u0142uje si\u0119 ono przy tym na specyfikacj\u0119 Web Content Accessibility Guidelines (WCAG) w wersji 2.0 na poziomie AA.<\/p>\n<ol style=\"text-align: justify;\" start=\"5\">\n<li>\n<h4>Tre\u015bci zewn\u0119trzne.<\/h4>\n<\/li>\n<\/ol>\n<p style=\"text-align: justify;\">Tre\u015bci zewn\u0119trzne, nieprzygotowane przez administratora strony (wideo, materia\u0142y dydaktyczne) mog\u0105 nie spe\u0142nia\u0107 wszystkich standard\u00f3w WCAG na poziomie AA.<\/p>\n<ol style=\"text-align: justify;\" start=\"6\">\n<li>\n<h4>Informacje o&nbsp;dost\u0119pno\u015bci architektonicznej siedziby szko\u0142y dla os\u00f3b Niepe\u0142nosprawnych.<\/h4>\n<\/li>\n<\/ol>\n<p style=\"text-align: justify;\">Budynek przy ulicy Kujawskiej 18 posiada podjazd do poziomu parteru a w budynku przy alei Niepodleg\u0142o\u015bci 18 istnieje wjazd do poziomu parteru od strony boiska.<\/p>\n<p style=\"text-align: justify;\">Szko\u0142a nie posiada wind. Posiada jedn\u0105&nbsp; toalet\u0119 dostosowan\u0105 dla os\u00f3b niepe\u0142nosprawnych na parterze budynku przy alei Niepodleg\u0142o\u015bci..<\/p>\n<p style=\"text-align: justify;\">Osoba niepe\u0142nosprawna wraz z&nbsp;psem asystuj\u0105cym ma prawo wst\u0119pu do budynku szko\u0142y (jest zakaz wprowadzania ps\u00f3w, ale nie dotyczy wej\u015bcia z&nbsp;psem asystuj\u0105cym).<\/p>\n<h4>&nbsp; &nbsp; &nbsp; 7. Szko\u0142a nie posiada funkcji umo\u017cliwiaj\u0105cej korzystania z t\u0142umacza j\u0119zyka migowego za po\u015brednictwem \u015brodk\u00f3w komunikacji elektronicznej. W przypadku problem\u00f3w z dost\u0119pno\u015bci\u0105 strony internetowej prosimy o kontakt z dyrektorem szko\u0142y Dorot\u0105 Guli\u0144sk\u0105 , email: sekretariat@sp5.pila.pl. Kontaktowa\u0107 si\u0119 mo\u017cna tak\u017ce dzwoni\u0105c do sekretariatu szko\u0142y pod numer telefonu 67 2123378. T\u0105 sam\u0105 drog\u0105 mo\u017cna sk\u0142ada\u0107 wnioski o udost\u0119pnienie informacji niedost\u0119pnej oraz sk\u0142ada\u0107 \u017c\u0105dania zapewnienia dost\u0119pno\u015bci.<\/h4>\n<p>&nbsp;<\/p>\n<h4 id=\"a11y-kontakt\">&nbsp; &nbsp; &nbsp;8. Informacje zwrotne i dane kontaktowe.<\/h4>\n<p>&nbsp;<\/p>\n<p style=\"text-align: justify;\">W przypadku problem\u00f3w z dost\u0119pno\u015bci\u0105 strony internetowej prosimy o kontakt z<\/p>\n<p><span id=\"a11y-osoba\">dyrektorem szko\u0142y <strong>Dorot\u0105 Guli\u0144sk\u0105<\/strong>,<\/span><br \/>\ne-mail:<br \/>\n<span id=\"a11y-email\"><a href=\"mailto: sekretariat@sp5.pila.pl\">sekretariat@sp5.pila.pl<\/a><\/span><\/p>\n<p style=\"text-align: justify;\">Kontaktowa\u0107 mo\u017cna si\u0119 tak\u017ce, dzwoni\u0105c do sekretariatu szko\u0142y pod numerem telefonu<\/p>\n<p><span id=\"a11y-telefon\"><strong>(67) 212 33 78.<\/strong><\/span><br \/>\n<span id=\"a11y-procedura\"><\/span><\/p>\n<p>T\u0105 sam\u0105 drog\u0105 mo\u017cna sk\u0142ada\u0107 wnioski o&nbsp;udost\u0119pnienie informacji niedost\u0119pnej oraz sk\u0142ada\u0107 \u017c\u0105dania zapewnienia dost\u0119pno\u015bci.<\/p>\n<p>&nbsp;<\/p>\n<ol start=\"9\">\n<li style=\"text-align: justify;\">\n<h4>Ka\u017cdy ma prawo do wyst\u0105pienia z&nbsp;\u017c\u0105daniem zapewnienia dost\u0119pno\u015bci cyfrowej strony internetowej, aplikacji mobilnej lub jakiego\u015b ich elementu. Mo\u017cna tak\u017ce za\u017c\u0105da\u0107 udost\u0119pnienia informacji za pomoc\u0105 alternatywnego sposobu dost\u0119pu, na przyk\u0142ad przez odczytanie niedost\u0119pnego cyfrowo dokumentu, opisanie zawarto\u015bci filmu bez audiodeskrypcji itp. \u017b\u0105danie powinno zawiera\u0107 dane osoby zg\u0142aszaj\u0105cej \u017c\u0105danie, wskazanie, o&nbsp;kt\u00f3r\u0105 stron\u0119 internetow\u0105 lub aplikacj\u0119 mobiln\u0105 chodzi oraz spos\u00f3b kontaktu. Je\u017celi osoba \u017c\u0105daj\u0105ca zg\u0142asza potrzeb\u0119 otrzymania informacji za pomoc\u0105 alternatywnego sposobu dost\u0119pu, powinna tak\u017ce okre\u015bli\u0107 dogodny dla niej spos\u00f3b przedstawienia tej informacji. Podmiot publiczny powinien zrealizowa\u0107 \u017c\u0105danie niezw\u0142ocznie, nie p\u00f3\u017aniej ni\u017c w&nbsp;ci\u0105gu 7 dni od dnia wyst\u0105pienia z&nbsp;\u017c\u0105daniem. Je\u017celi dotrzymanie tego terminu nie jest mo\u017cliwe, podmiot publiczny niezw\u0142ocznie informuje o&nbsp;tym wnosz\u0105cego \u017c\u0105danie, kiedy realizacja \u017c\u0105dania b\u0119dzie mo\u017cliwa, przy czym termin ten nie mo\u017ce by\u0107 d\u0142u\u017cszy ni\u017c 2 miesi\u0105ce od dnia wyst\u0105pienia z&nbsp;\u017c\u0105daniem. Je\u017celi zapewnienie dost\u0119pno\u015bci cyfrowej nie jest mo\u017cliwe, podmiot publiczny mo\u017ce zaproponowa\u0107 alternatywny spos\u00f3b dost\u0119pu do informacji. W&nbsp;przypadku, gdy podmiot publiczny odm\u00f3wi realizacji \u017c\u0105dania zapewnienia dost\u0119pno\u015bci lub alternatywnego sposobu dost\u0119pu do informacji, wnosz\u0105cy \u017c\u0105danie mo\u017cne z\u0142o\u017cy\u0107 skarg\u0119 w&nbsp;sprawie zapewniana dost\u0119pno\u015bci cyfrowej strony internetowej, aplikacji mobilnej lub elementu strony internetowej, lub aplikacji mobilnej. Po wyczerpaniu wskazanej wy\u017cej procedury mo\u017cna tak\u017ce z\u0142o\u017cy\u0107 wniosek do Rzecznika Praw Obywatelskich&nbsp; <a href=\"about:blank\">https:\/\/www.rpo.gov.pl\/pl\/content\/kontakt-przyjmujemy-sprawy-do-rpo<\/a><\/h4>\n<p>Informacyjna infolinia obywatelska <strong>800 676&nbsp;676<\/strong><\/li>\n<\/ol>\n","protected":false},"excerpt":{"rendered":"<p>Szko\u0142a Podstawowa nr 5 im. Dzieci Polskich w Pile zobowi\u0105zuje si\u0119 zapewni\u0107 dost\u0119pno\u015b\u0107 swojej strony internetowej zgodnie z&nbsp;przepisami ustawy z&nbsp;dnia [&hellip;]<\/p>\n","protected":false},"author":1,"featured_media":0,"parent":0,"menu_order":0,"comment_status":"closed","ping_status":"closed","template":"","meta":{"_editorskit_title_hidden":false,"_editorskit_reading_time":0,"_editorskit_is_block_options_detached":false,"_editorskit_block_options_position":"{}","rop_custom_images_group":[],"rop_custom_messages_group":[],"rop_publish_now":"initial","rop_publish_now_accounts":[],"rop_publish_now_history":[],"rop_publish_now_status":"pending","_uag_custom_page_level_css":"","site-sidebar-layout":"default","site-content-layout":"","ast-site-content-layout":"default","site-content-style":"default","site-sidebar-style":"default","ast-global-header-display":"","ast-banner-title-visibility":"","ast-main-header-display":"","ast-hfb-above-header-display":"","ast-hfb-below-header-display":"","ast-hfb-mobile-header-display":"","site-post-title":"","ast-breadcrumbs-content":"","ast-featured-img":"","footer-sml-layout":"","ast-disable-related-posts":"","theme-transparent-header-meta":"","adv-header-id-meta":"","stick-header-meta":"","header-above-stick-meta":"","header-main-stick-meta":"","header-below-stick-meta":"","astra-migrate-meta-layouts":"default","ast-page-background-enabled":"default","ast-page-background-meta":{"desktop":{"background-color":"var(--ast-global-color-5)","background-image":"","background-repeat":"repeat","background-position":"center center","background-size":"auto","background-attachment":"scroll","background-type":"","background-media":"","overlay-type":"","overlay-color":"","overlay-opacity":"","overlay-gradient":""},"tablet":{"background-color":"","background-image":"","background-repeat":"repeat","background-position":"center center","background-size":"auto","background-attachment":"scroll","background-type":"","background-media":"","overlay-type":"","overlay-color":"","overlay-opacity":"","overlay-gradient":""},"mobile":{"background-color":"","background-image":"","background-repeat":"repeat","background-position":"center center","background-size":"auto","background-attachment":"scroll","background-type":"","background-media":"","overlay-type":"","overlay-color":"","overlay-opacity":"","overlay-gradient":""}},"ast-content-background-meta":{"desktop":{"background-color":"var(--ast-global-color-4)","background-image":"","background-repeat":"repeat","background-position":"center center","background-size":"auto","background-attachment":"scroll","background-type":"","background-media":"","overlay-type":"","overlay-color":"","overlay-opacity":"","overlay-gradient":""},"tablet":{"background-color":"var(--ast-global-color-4)","background-image":"","background-repeat":"repeat","background-position":"center center","background-size":"auto","background-attachment":"scroll","background-type":"","background-media":"","overlay-type":"","overlay-color":"","overlay-opacity":"","overlay-gradient":""},"mobile":{"background-color":"var(--ast-global-color-4)","background-image":"","background-repeat":"repeat","background-position":"center center","background-size":"auto","background-attachment":"scroll","background-type":"","background-media":"","overlay-type":"","overlay-color":"","overlay-opacity":"","overlay-gradient":""}},"ngg_post_thumbnail":0,"footnotes":""},"class_list":["post-20370","page","type-page","status-publish","hentry"],"uagb_featured_image_src":{"full":false,"thumbnail":false,"medium":false,"medium_large":false,"large":false,"1536x1536":false,"2048x2048":false},"uagb_author_info":{"display_name":"PMT","author_link":"https:\/\/sp5.pila.pl\/SP5\/author\/ludi\/"},"uagb_comment_info":0,"uagb_excerpt":"Szko\u0142a Podstawowa nr 5 im. Dzieci Polskich w Pile zobowi\u0105zuje si\u0119 zapewni\u0107 dost\u0119pno\u015b\u0107 swojej strony internetowej zgodnie z&nbsp;przepisami ustawy z&nbsp;dnia [&hellip;]","_links":{"self":[{"href":"https:\/\/sp5.pila.pl\/SP5\/wp-json\/wp\/v2\/pages\/20370","targetHints":{"allow":["GET"]}}],"collection":[{"href":"https:\/\/sp5.pila.pl\/SP5\/wp-json\/wp\/v2\/pages"}],"about":[{"href":"https:\/\/sp5.pila.pl\/SP5\/wp-json\/wp\/v2\/types\/page"}],"author":[{"embeddable":true,"href":"https:\/\/sp5.pila.pl\/SP5\/wp-json\/wp\/v2\/users\/1"}],"replies":[{"embeddable":true,"href":"https:\/\/sp5.pila.pl\/SP5\/wp-json\/wp\/v2\/comments?post=20370"}],"version-history":[{"count":13,"href":"https:\/\/sp5.pila.pl\/SP5\/wp-json\/wp\/v2\/pages\/20370\/revisions"}],"predecessor-version":[{"id":59294,"href":"https:\/\/sp5.pila.pl\/SP5\/wp-json\/wp\/v2\/pages\/20370\/revisions\/59294"}],"wp:attachment":[{"href":"https:\/\/sp5.pila.pl\/SP5\/wp-json\/wp\/v2\/media?parent=20370"}],"curies":[{"name":"wp","href":"https:\/\/api.w.org\/{rel}","templated":true}]}}