{"id":239,"date":"2017-08-17T10:14:25","date_gmt":"2017-08-17T08:14:25","guid":{"rendered":"http:\/\/sp5.pila.pl\/SP5\/?page_id=239"},"modified":"2024-09-06T15:12:57","modified_gmt":"2024-09-06T13:12:57","slug":"polityka-plikow-cookie","status":"publish","type":"page","link":"https:\/\/sp5.pila.pl\/SP5\/polityka-plikow-cookie\/","title":{"rendered":"Polityka plik\u00f3w cookies"},"content":{"rendered":"<p><span style=\"color: #800000;\"><strong>CZYM S\u0104 PLIKI COOKIES?<\/strong><\/span><br \/>\nPliki cookies (tzw. &#8222;ciasteczka&#8221;) stanowi\u0105 dane informatyczne, w&nbsp;szczeg\u00f3lno\u015bci pliki tekstowe, kt\u00f3re przechowywane s\u0105 w&nbsp;urz\u0105dzeniu ko\u0144cowym U\u017cytkownika strony i&nbsp;przeznaczone s\u0105 do korzystania z&nbsp;zasob\u00f3w tej strony. Cookies zazwyczaj zawieraj\u0105 nazw\u0119 strony internetowej, z&nbsp;kt\u00f3rej pochodz\u0105, czas przechowywania ich na urz\u0105dzeniu ko\u0144cowym oraz unikalny numer.<\/p>\n<p><span style=\"color: #800000;\"><strong>POLITYKA PLIK\u00d3W COOKIES NA STRONIE<\/strong><\/span><br \/>\nWyra\u017canie zgody na instalacj\u0119 przez witryn\u0119 plik\u00f3w cookies podczas ka\u017cdej wizyty na stronie mog\u0142oby by\u0107 uci\u0105\u017cliwe. W&nbsp;my\u015bl nowelizacji ustawy Prawo Telekomunikacyjne internauta mo\u017ce wyrazi\u0107 zgod\u0119 poprzez odpowiednie ustawienia przegl\u0105darki internetowej. Od chwili uzyskania tych informacji decyzja korzystania ze strony bez zmiany ustawie\u0144 przegl\u0105darki jest traktowana jako \u015bwiadomy wyb\u00f3r u\u017cytkownika.<\/p>\n<p><span style=\"color: #800000;\"><strong>CEL WYKORZYSTYWANIA PLIK\u00d3W COOKIES<\/strong><\/span><br \/>\nPliki cookies wykorzystywane s\u0105 w&nbsp;celu dostosowania zawarto\u015bci strony do preferencji U\u017cytkownika oraz optymalizacji korzystania ze strony internetowej, w&nbsp;szczeg\u00f3lno\u015bci pliki te pozwalaj\u0105 rozpozna\u0107 urz\u0105dzenie U\u017cytkownika i&nbsp;odpowiednio wy\u015bwietli\u0107 stron\u0119 internetow\u0105, dostosowan\u0105 do jego indywidualnych potrzeb. Pliki te wykorzystywane s\u0105 r\u00f3wnie\u017c do tworzenia statystyk, kt\u00f3re pomagaj\u0105 zrozumie\u0107, w&nbsp;jaki spos\u00f3b U\u017cytkownicy strony korzystaj\u0105 z&nbsp;zasob\u00f3w strony, co umo\u017cliwia ulepszanie struktury i&nbsp;zawarto\u015bci strony. Strona nie zbiera w&nbsp;spos\u00f3b automatyczny \u017cadnych informacji, z&nbsp;wyj\u0105tkiem informacji zawartych w&nbsp;plikach cookies.<\/p>\n","protected":false},"excerpt":{"rendered":"<p>CZYM S\u0104 PLIKI COOKIES? Pliki cookies (tzw. &#8222;ciasteczka&#8221;) stanowi\u0105 dane informatyczne, w&nbsp;szczeg\u00f3lno\u015bci pliki tekstowe, kt\u00f3re przechowywane s\u0105 w&nbsp;urz\u0105dzeniu ko\u0144cowym U\u017cytkownika [&hellip;]<\/p>\n","protected":false},"author":1,"featured_media":0,"parent":0,"menu_order":0,"comment_status":"closed","ping_status":"closed","template":"","meta":{"_editorskit_title_hidden":false,"_editorskit_reading_time":0,"_editorskit_is_block_options_detached":false,"_editorskit_block_options_position":"{}","rop_custom_images_group":[],"rop_custom_messages_group":[],"rop_publish_now":"initial","rop_publish_now_accounts":[],"rop_publish_now_history":[],"rop_publish_now_status":"pending","_uag_custom_page_level_css":"","site-sidebar-layout":"default","site-content-layout":"","ast-site-content-layout":"default","site-content-style":"default","site-sidebar-style":"default","ast-global-header-display":"","ast-banner-title-visibility":"","ast-main-header-display":"","ast-hfb-above-header-display":"","ast-hfb-below-header-display":"","ast-hfb-mobile-header-display":"","site-post-title":"","ast-breadcrumbs-content":"","ast-featured-img":"","footer-sml-layout":"","ast-disable-related-posts":"","theme-transparent-header-meta":"","adv-header-id-meta":"","stick-header-meta":"","header-above-stick-meta":"","header-main-stick-meta":"","header-below-stick-meta":"","astra-migrate-meta-layouts":"default","ast-page-background-enabled":"default","ast-page-background-meta":{"desktop":{"background-color":"var(--ast-global-color-5)","background-image":"","background-repeat":"repeat","background-position":"center center","background-size":"auto","background-attachment":"scroll","background-type":"","background-media":"","overlay-type":"","overlay-color":"","overlay-opacity":"","overlay-gradient":""},"tablet":{"background-color":"","background-image":"","background-repeat":"repeat","background-position":"center center","background-size":"auto","background-attachment":"scroll","background-type":"","background-media":"","overlay-type":"","overlay-color":"","overlay-opacity":"","overlay-gradient":""},"mobile":{"background-color":"","background-image":"","background-repeat":"repeat","background-position":"center center","background-size":"auto","background-attachment":"scroll","background-type":"","background-media":"","overlay-type":"","overlay-color":"","overlay-opacity":"","overlay-gradient":""}},"ast-content-background-meta":{"desktop":{"background-color":"var(--ast-global-color-4)","background-image":"","background-repeat":"repeat","background-position":"center center","background-size":"auto","background-attachment":"scroll","background-type":"","background-media":"","overlay-type":"","overlay-color":"","overlay-opacity":"","overlay-gradient":""},"tablet":{"background-color":"var(--ast-global-color-4)","background-image":"","background-repeat":"repeat","background-position":"center center","background-size":"auto","background-attachment":"scroll","background-type":"","background-media":"","overlay-type":"","overlay-color":"","overlay-opacity":"","overlay-gradient":""},"mobile":{"background-color":"var(--ast-global-color-4)","background-image":"","background-repeat":"repeat","background-position":"center center","background-size":"auto","background-attachment":"scroll","background-type":"","background-media":"","overlay-type":"","overlay-color":"","overlay-opacity":"","overlay-gradient":""}},"ngg_post_thumbnail":0,"footnotes":""},"class_list":["post-239","page","type-page","status-publish","hentry"],"uagb_featured_image_src":{"full":false,"thumbnail":false,"medium":false,"medium_large":false,"large":false,"1536x1536":false,"2048x2048":false},"uagb_author_info":{"display_name":"PMT","author_link":"https:\/\/sp5.pila.pl\/SP5\/author\/ludi\/"},"uagb_comment_info":0,"uagb_excerpt":"CZYM S\u0104 PLIKI COOKIES? Pliki cookies (tzw. &#8222;ciasteczka&#8221;) stanowi\u0105 dane informatyczne, w&nbsp;szczeg\u00f3lno\u015bci pliki tekstowe, kt\u00f3re przechowywane s\u0105 w&nbsp;urz\u0105dzeniu ko\u0144cowym U\u017cytkownika [&hellip;]","_links":{"self":[{"href":"https:\/\/sp5.pila.pl\/SP5\/wp-json\/wp\/v2\/pages\/239","targetHints":{"allow":["GET"]}}],"collection":[{"href":"https:\/\/sp5.pila.pl\/SP5\/wp-json\/wp\/v2\/pages"}],"about":[{"href":"https:\/\/sp5.pila.pl\/SP5\/wp-json\/wp\/v2\/types\/page"}],"author":[{"embeddable":true,"href":"https:\/\/sp5.pila.pl\/SP5\/wp-json\/wp\/v2\/users\/1"}],"replies":[{"embeddable":true,"href":"https:\/\/sp5.pila.pl\/SP5\/wp-json\/wp\/v2\/comments?post=239"}],"version-history":[{"count":3,"href":"https:\/\/sp5.pila.pl\/SP5\/wp-json\/wp\/v2\/pages\/239\/revisions"}],"predecessor-version":[{"id":45270,"href":"https:\/\/sp5.pila.pl\/SP5\/wp-json\/wp\/v2\/pages\/239\/revisions\/45270"}],"wp:attachment":[{"href":"https:\/\/sp5.pila.pl\/SP5\/wp-json\/wp\/v2\/media?parent=239"}],"curies":[{"name":"wp","href":"https:\/\/api.w.org\/{rel}","templated":true}]}}