{"id":26839,"date":"2021-12-29T17:47:34","date_gmt":"2021-12-29T16:47:34","guid":{"rendered":"http:\/\/sp5.pila.pl\/SP5\/?page_id=26839"},"modified":"2022-07-08T13:33:08","modified_gmt":"2022-07-08T11:33:08","slug":"aktywna-tablica-2","status":"publish","type":"page","link":"https:\/\/sp5.pila.pl\/SP5\/aktywna-tablica-2\/","title":{"rendered":"AKTYWNA TABLICA"},"content":{"rendered":"<p>&nbsp;<\/p>\n<p align=\"center\"><img loading=\"lazy\" decoding=\"async\" class=\"size-medium wp-image-26824 alignnone\" src=\"https:\/\/sp5.pila.pl\/SP5\/wp-content\/uploads\/flaga-1-300x228.png\" alt=\"\" width=\"300\" height=\"228\" srcset=\"https:\/\/sp5.pila.pl\/SP5\/wp-content\/uploads\/flaga-1-300x228.png 300w, https:\/\/sp5.pila.pl\/SP5\/wp-content\/uploads\/flaga-1-655x498.png 655w, https:\/\/sp5.pila.pl\/SP5\/wp-content\/uploads\/flaga-1.png 678w\" sizes=\"auto, (max-width: 300px) 100vw, 300px\" \/> &nbsp;&nbsp;&nbsp;&nbsp;&nbsp; <img loading=\"lazy\" decoding=\"async\" class=\"wp-image-26823 alignnone\" src=\"https:\/\/sp5.pila.pl\/SP5\/wp-content\/uploads\/godlo-275x300.png\" alt=\"\" width=\"214\" height=\"234\" srcset=\"https:\/\/sp5.pila.pl\/SP5\/wp-content\/uploads\/godlo-275x300.png 275w, https:\/\/sp5.pila.pl\/SP5\/wp-content\/uploads\/godlo.png 493w\" sizes=\"auto, (max-width: 214px) 100vw, 214px\" \/><\/p>\n<p style=\"text-align: center;\"><strong>DOFINANSOWANO ZE \u015aRODK\u00d3W BUD\u017bETU PA\u0143STWA<\/strong><\/p>\n<p style=\"text-align: justify;\">W ramach Rz\u0105dowego Programu rozwijania szkolnej infrastruktury oraz kompetencji uczni\u00f3w i nauczycieli w zakresie technologii informacyjno-komunikacyjnych na lata 2020-2024 \u2013 \u201eAktywna tablica\u201d 25.10.2021r. podpisana zosta\u0142a umowa nr WAF.557.11.129.2021.81<\/p>\n<p style=\"text-align: justify;\">Program realizowany jest <strong>od 25.10.2021r. do 31.12.2021r.<\/strong><\/p>\n<p style=\"text-align: justify;\">Celem programu jest zakup pomocy dydaktycznych s\u0142u\u017c\u0105cych rozwijaniu kompetencji TIK.<\/p>\n<p style=\"text-align: justify;\">Wsparciem obj\u0119ta jest Szko\u0142a Podstawowa nr 5 im. Dzieci Polskich w Pile w kwocie <strong>43,750,00 z\u0142.<\/strong><\/p>\n<p>&nbsp;<\/p>\n<p>POMOCNE ADRESY:<\/p>\n<div>1. <a href=\"http:\/\/scholaris.pl\/\" target=\"_blank\" rel=\"noopener\" data-saferedirecturl=\"https:\/\/www.google.com\/url?hl=pl&amp;q=http:\/\/scholaris.pl&amp;source=gmail&amp;ust=1517401020051000&amp;usg=AFQjCNHONhqLiAJPXI-OofqXrr7San9DkA\">scholaris.pl<\/a><\/div>\n<div>&nbsp;<\/div>\n<div>2. <a href=\"http:\/\/matzoo.pl\/\" target=\"_blank\" rel=\"noopener\" data-saferedirecturl=\"https:\/\/www.google.com\/url?hl=pl&amp;q=http:\/\/matzoo.pl&amp;source=gmail&amp;ust=1517401020051000&amp;usg=AFQjCNH_hY2eaoSu7xoYSSSlDoo9ezFh7Q\">matzoo.pl<\/a><\/div>\n<div>&nbsp;<\/div>\n<div>3. <a href=\"http:\/\/phet.colorado.edu\/\" target=\"_blank\" rel=\"noopener\" data-saferedirecturl=\"https:\/\/www.google.com\/url?hl=pl&amp;q=http:\/\/phet.colorado.edu&amp;source=gmail&amp;ust=1517401020051000&amp;usg=AFQjCNG0cCsYJgwtC3V7I4X9ek__dW8gSg\">phet.colorado.edu<\/a><\/div>\n<div>&nbsp;<\/div>\n<div>4. <a href=\"http:\/\/matlandia.gwo\">matlandia.gwo<\/a><\/div>\n<div>&nbsp;<\/div>\n<div>5. <a href=\"http:\/\/pisiupisiu.pl\/\" target=\"_blank\" rel=\"noopener\" data-saferedirecturl=\"https:\/\/www.google.com\/url?hl=pl&amp;q=http:\/\/pisiupisiu.pl&amp;source=gmail&amp;ust=1517401020051000&amp;usg=AFQjCNHA_dP5w2BPK8PLp2sMUbsJUi_MEQ\">pisiupisiu.pl<\/a><\/div>\n<div>&nbsp;<\/div>\n<div>6. <a href=\"http:\/\/klasoteka.pl\/\" target=\"_blank\" rel=\"noopener\" data-saferedirecturl=\"https:\/\/www.google.com\/url?hl=pl&amp;q=http:\/\/klasoteka.pl&amp;source=gmail&amp;ust=1517401020051000&amp;usg=AFQjCNH4CMAH5iPe5MwV6ZnRlHv929YHeQ\">klasoteka.pl<\/a><\/div>\n<div>&nbsp;<\/div>\n<div>7. <a href=\"http:\/\/edukacjadlaprzysz\u0142osci.pl\">edukacjadlaprzysz\u0142osci.pl<\/a><\/div>\n<div>&nbsp;<\/div>\n<div>8. <a href=\"http:\/\/edunews.pl\/\" target=\"_blank\" rel=\"noopener\" data-saferedirecturl=\"https:\/\/www.google.com\/url?hl=pl&amp;q=http:\/\/edunews.pl&amp;source=gmail&amp;ust=1517401020051000&amp;usg=AFQjCNHFsOAQO6h0JGV3X3B9LgYiptLlTA\">edunews.pl<\/a><\/div>\n<div>&nbsp;<\/div>\n<div>9. <a href=\"http:\/\/edu.tvp.pl\/\" target=\"_blank\" rel=\"noopener\" data-saferedirecturl=\"https:\/\/www.google.com\/url?hl=pl&amp;q=http:\/\/edu.tvp.pl&amp;source=gmail&amp;ust=1517401020052000&amp;usg=AFQjCNFi3IPGPRJg9bT8OcjmeTCiCMvL9g\">edu.tvp.pl<\/a><\/div>\n<div>&nbsp;<\/div>\n<div>10. <a href=\"http:\/\/10.portal.delfinki.pl\">portal.delfinki.pl <\/a><\/div>\n","protected":false},"excerpt":{"rendered":"<p>&nbsp; &nbsp;&nbsp;&nbsp;&nbsp;&nbsp; DOFINANSOWANO ZE \u015aRODK\u00d3W BUD\u017bETU PA\u0143STWA W ramach Rz\u0105dowego Programu rozwijania szkolnej infrastruktury oraz kompetencji uczni\u00f3w i nauczycieli w [&hellip;]<\/p>\n","protected":false},"author":1,"featured_media":0,"parent":0,"menu_order":0,"comment_status":"closed","ping_status":"closed","template":"","meta":{"_editorskit_title_hidden":false,"_editorskit_reading_time":0,"_editorskit_is_block_options_detached":false,"_editorskit_block_options_position":"{}","rop_custom_images_group":[],"rop_custom_messages_group":[],"rop_publish_now":"initial","rop_publish_now_accounts":[],"rop_publish_now_history":[],"rop_publish_now_status":"pending","_uag_custom_page_level_css":"","site-sidebar-layout":"default","site-content-layout":"","ast-site-content-layout":"default","site-content-style":"default","site-sidebar-style":"default","ast-global-header-display":"","ast-banner-title-visibility":"","ast-main-header-display":"","ast-hfb-above-header-display":"","ast-hfb-below-header-display":"","ast-hfb-mobile-header-display":"","site-post-title":"","ast-breadcrumbs-content":"","ast-featured-img":"","footer-sml-layout":"","ast-disable-related-posts":"","theme-transparent-header-meta":"","adv-header-id-meta":"","stick-header-meta":"","header-above-stick-meta":"","header-main-stick-meta":"","header-below-stick-meta":"","astra-migrate-meta-layouts":"default","ast-page-background-enabled":"default","ast-page-background-meta":{"desktop":{"background-color":"var(--ast-global-color-5)","background-image":"","background-repeat":"repeat","background-position":"center center","background-size":"auto","background-attachment":"scroll","background-type":"","background-media":"","overlay-type":"","overlay-color":"","overlay-opacity":"","overlay-gradient":""},"tablet":{"background-color":"","background-image":"","background-repeat":"repeat","background-position":"center center","background-size":"auto","background-attachment":"scroll","background-type":"","background-media":"","overlay-type":"","overlay-color":"","overlay-opacity":"","overlay-gradient":""},"mobile":{"background-color":"","background-image":"","background-repeat":"repeat","background-position":"center center","background-size":"auto","background-attachment":"scroll","background-type":"","background-media":"","overlay-type":"","overlay-color":"","overlay-opacity":"","overlay-gradient":""}},"ast-content-background-meta":{"desktop":{"background-color":"var(--ast-global-color-4)","background-image":"","background-repeat":"repeat","background-position":"center center","background-size":"auto","background-attachment":"scroll","background-type":"","background-media":"","overlay-type":"","overlay-color":"","overlay-opacity":"","overlay-gradient":""},"tablet":{"background-color":"var(--ast-global-color-4)","background-image":"","background-repeat":"repeat","background-position":"center center","background-size":"auto","background-attachment":"scroll","background-type":"","background-media":"","overlay-type":"","overlay-color":"","overlay-opacity":"","overlay-gradient":""},"mobile":{"background-color":"var(--ast-global-color-4)","background-image":"","background-repeat":"repeat","background-position":"center center","background-size":"auto","background-attachment":"scroll","background-type":"","background-media":"","overlay-type":"","overlay-color":"","overlay-opacity":"","overlay-gradient":""}},"ngg_post_thumbnail":0,"footnotes":""},"class_list":["post-26839","page","type-page","status-publish","hentry"],"uagb_featured_image_src":{"full":false,"thumbnail":false,"medium":false,"medium_large":false,"large":false,"1536x1536":false,"2048x2048":false},"uagb_author_info":{"display_name":"PMT","author_link":"https:\/\/sp5.pila.pl\/SP5\/author\/ludi\/"},"uagb_comment_info":0,"uagb_excerpt":"&nbsp; &nbsp;&nbsp;&nbsp;&nbsp;&nbsp; DOFINANSOWANO ZE \u015aRODK\u00d3W BUD\u017bETU PA\u0143STWA W ramach Rz\u0105dowego Programu rozwijania szkolnej infrastruktury oraz kompetencji uczni\u00f3w i nauczycieli w [&hellip;]","_links":{"self":[{"href":"https:\/\/sp5.pila.pl\/SP5\/wp-json\/wp\/v2\/pages\/26839","targetHints":{"allow":["GET"]}}],"collection":[{"href":"https:\/\/sp5.pila.pl\/SP5\/wp-json\/wp\/v2\/pages"}],"about":[{"href":"https:\/\/sp5.pila.pl\/SP5\/wp-json\/wp\/v2\/types\/page"}],"author":[{"embeddable":true,"href":"https:\/\/sp5.pila.pl\/SP5\/wp-json\/wp\/v2\/users\/1"}],"replies":[{"embeddable":true,"href":"https:\/\/sp5.pila.pl\/SP5\/wp-json\/wp\/v2\/comments?post=26839"}],"version-history":[{"count":4,"href":"https:\/\/sp5.pila.pl\/SP5\/wp-json\/wp\/v2\/pages\/26839\/revisions"}],"predecessor-version":[{"id":29869,"href":"https:\/\/sp5.pila.pl\/SP5\/wp-json\/wp\/v2\/pages\/26839\/revisions\/29869"}],"wp:attachment":[{"href":"https:\/\/sp5.pila.pl\/SP5\/wp-json\/wp\/v2\/media?parent=26839"}],"curies":[{"name":"wp","href":"https:\/\/api.w.org\/{rel}","templated":true}]}}