{"id":30113,"date":"2022-09-07T10:46:36","date_gmt":"2022-09-07T08:46:36","guid":{"rendered":"https:\/\/sp5.pila.pl\/SP5\/?page_id=30113"},"modified":"2025-09-03T12:19:40","modified_gmt":"2025-09-03T10:19:40","slug":"programy-i-innowacje","status":"publish","type":"page","link":"https:\/\/sp5.pila.pl\/SP5\/programy-i-innowacje\/","title":{"rendered":"PROGRAMY I INNOWACJE"},"content":{"rendered":"<p class=\"gwpd6caa49d_MsoNormal\">PODSTAWA PROGRAMOWA WYCHOWANIA PRZEDSZKOLNEGO:<\/p>\n<p class=\"gwpd6caa49d_MsoNormal\"><a href=\"https:\/\/sp5.pila.pl\/SP5\/wp-content\/uploads\/Podstawa-programowa.pdf\">&gt;&gt;PLIK&lt;&lt;<\/a><\/p>\n<p class=\"gwpd6caa49d_MsoNormal\">PROGRAM WYCHOWANIA PRZEDSZKOLNEGO realizowany w roku szkolnym 2025\/26:<\/p>\n<p class=\"gwpd6caa49d_MsoNormal\"><a href=\"https:\/\/sp5.pila.pl\/SP5\/wp-content\/uploads\/Program-MAC-2020-1.pdf\">PLIK&lt;&lt;<\/a><\/p>\n<p><strong>W roku szkolnym 2025\/26 dodatkowo b\u0119d\u0105 realizowane nast\u0119puj\u0105ce programy i projekty:<\/strong><\/p>\n<p>Og\u00f3lnopolski program edukacyjny \u201eKubusiowi przyjaciele natury\u201d (w Oddziale I, II, III)<\/p>\n<p>Og\u00f3lnopolski program edukacyjny dla dzieci w wieku przedszkolnym oraz ich rodzic\u00f3w i opiekun\u00f3w&nbsp;przy wsp\u00f3\u0142pracy z PSSE w Pile: \u201eMamo, tato \u2013 co Wy na to?\u201d (w Oddziale III)<\/p>\n<p>Og\u00f3lnopolski projekt Bli\u017cej Przedszkola \u201cBli\u017cej Pieska\u201d (w Oddziale I, II, III)<\/p>\n<p>Projekt autorski Eweliny Lipieckiej \u201eZaj\u0119cia i zabawy na popraw\u0119 koncentracji uwagi\u201d (w Oddziale I)<\/p>\n<p>Projekt autorski Eweliny Lipieckiej i Bogny Oleszak \u201eZaczytane Maluchy\u201d (w Oddziale I)<\/p>\n<p>Projekt autorski Wiolety Galczak &#8222;Emocje s\u0105 w Nas&#8221; (w Oddziale III)<\/p>\n<p><strong>Innowacja pedagogiczna w <\/strong><strong>roku szkolnym 2025\/26:<\/strong><\/p>\n<p>Innowacja programowa autorstwa Joanny G\u00f3ry pt. ,,Pi\u0119\u0107 zmys\u0142\u00f3w przedszkolaka\u201d, kt\u00f3rej celem g\u0142\u00f3wnym jest wielozmys\u0142owe poznawanie \u015bwiata dzieci poprzez stymulowanie rozwoju poznawczego, motorycznego i emocjonalnego (w Oddziale III)<\/p>\n<p>&nbsp;<\/p>\n","protected":false},"excerpt":{"rendered":"<p>PODSTAWA PROGRAMOWA WYCHOWANIA PRZEDSZKOLNEGO: &gt;&gt;PLIK&lt;&lt; PROGRAM WYCHOWANIA PRZEDSZKOLNEGO realizowany w roku szkolnym 2025\/26: PLIK&lt;&lt; W roku szkolnym 2025\/26 dodatkowo b\u0119d\u0105 [&hellip;]<\/p>\n","protected":false},"author":1,"featured_media":0,"parent":0,"menu_order":0,"comment_status":"closed","ping_status":"closed","template":"","meta":{"_editorskit_title_hidden":false,"_editorskit_reading_time":0,"_editorskit_is_block_options_detached":false,"_editorskit_block_options_position":"{}","rop_custom_images_group":[],"rop_custom_messages_group":[],"rop_publish_now":"initial","rop_publish_now_accounts":[],"rop_publish_now_history":[],"rop_publish_now_status":"pending","_uag_custom_page_level_css":"","site-sidebar-layout":"default","site-content-layout":"","ast-site-content-layout":"default","site-content-style":"default","site-sidebar-style":"default","ast-global-header-display":"","ast-banner-title-visibility":"","ast-main-header-display":"","ast-hfb-above-header-display":"","ast-hfb-below-header-display":"","ast-hfb-mobile-header-display":"","site-post-title":"","ast-breadcrumbs-content":"","ast-featured-img":"","footer-sml-layout":"","ast-disable-related-posts":"","theme-transparent-header-meta":"default","adv-header-id-meta":"","stick-header-meta":"","header-above-stick-meta":"","header-main-stick-meta":"","header-below-stick-meta":"","astra-migrate-meta-layouts":"set","ast-page-background-enabled":"default","ast-page-background-meta":{"desktop":{"background-color":"var(--ast-global-color-5)","background-image":"","background-repeat":"repeat","background-position":"center center","background-size":"auto","background-attachment":"scroll","background-type":"","background-media":"","overlay-type":"","overlay-color":"","overlay-opacity":"","overlay-gradient":""},"tablet":{"background-color":"","background-image":"","background-repeat":"repeat","background-position":"center center","background-size":"auto","background-attachment":"scroll","background-type":"","background-media":"","overlay-type":"","overlay-color":"","overlay-opacity":"","overlay-gradient":""},"mobile":{"background-color":"","background-image":"","background-repeat":"repeat","background-position":"center center","background-size":"auto","background-attachment":"scroll","background-type":"","background-media":"","overlay-type":"","overlay-color":"","overlay-opacity":"","overlay-gradient":""}},"ast-content-background-meta":{"desktop":{"background-color":"var(--ast-global-color-4)","background-image":"","background-repeat":"repeat","background-position":"center center","background-size":"auto","background-attachment":"scroll","background-type":"","background-media":"","overlay-type":"","overlay-color":"","overlay-opacity":"","overlay-gradient":""},"tablet":{"background-color":"var(--ast-global-color-4)","background-image":"","background-repeat":"repeat","background-position":"center center","background-size":"auto","background-attachment":"scroll","background-type":"","background-media":"","overlay-type":"","overlay-color":"","overlay-opacity":"","overlay-gradient":""},"mobile":{"background-color":"var(--ast-global-color-4)","background-image":"","background-repeat":"repeat","background-position":"center center","background-size":"auto","background-attachment":"scroll","background-type":"","background-media":"","overlay-type":"","overlay-color":"","overlay-opacity":"","overlay-gradient":""}},"ngg_post_thumbnail":0,"footnotes":""},"class_list":["post-30113","page","type-page","status-publish","hentry"],"uagb_featured_image_src":{"full":false,"thumbnail":false,"medium":false,"medium_large":false,"large":false,"1536x1536":false,"2048x2048":false},"uagb_author_info":{"display_name":"PMT","author_link":"https:\/\/sp5.pila.pl\/SP5\/author\/ludi\/"},"uagb_comment_info":0,"uagb_excerpt":"PODSTAWA PROGRAMOWA WYCHOWANIA PRZEDSZKOLNEGO: &gt;&gt;PLIK&lt;&lt; PROGRAM WYCHOWANIA PRZEDSZKOLNEGO realizowany w roku szkolnym 2025\/26: PLIK&lt;&lt; W roku szkolnym 2025\/26 dodatkowo b\u0119d\u0105 [&hellip;]","_links":{"self":[{"href":"https:\/\/sp5.pila.pl\/SP5\/wp-json\/wp\/v2\/pages\/30113","targetHints":{"allow":["GET"]}}],"collection":[{"href":"https:\/\/sp5.pila.pl\/SP5\/wp-json\/wp\/v2\/pages"}],"about":[{"href":"https:\/\/sp5.pila.pl\/SP5\/wp-json\/wp\/v2\/types\/page"}],"author":[{"embeddable":true,"href":"https:\/\/sp5.pila.pl\/SP5\/wp-json\/wp\/v2\/users\/1"}],"replies":[{"embeddable":true,"href":"https:\/\/sp5.pila.pl\/SP5\/wp-json\/wp\/v2\/comments?post=30113"}],"version-history":[{"count":12,"href":"https:\/\/sp5.pila.pl\/SP5\/wp-json\/wp\/v2\/pages\/30113\/revisions"}],"predecessor-version":[{"id":54444,"href":"https:\/\/sp5.pila.pl\/SP5\/wp-json\/wp\/v2\/pages\/30113\/revisions\/54444"}],"wp:attachment":[{"href":"https:\/\/sp5.pila.pl\/SP5\/wp-json\/wp\/v2\/media?parent=30113"}],"curies":[{"name":"wp","href":"https:\/\/api.w.org\/{rel}","templated":true}]}}