{"id":36707,"date":"2023-06-28T16:46:27","date_gmt":"2023-06-28T14:46:27","guid":{"rendered":"https:\/\/sp5.pila.pl\/SP5\/?page_id=36707"},"modified":"2025-11-20T11:03:00","modified_gmt":"2025-11-20T10:03:00","slug":"wykaz-podrecznikow-2022-2023","status":"publish","type":"page","link":"https:\/\/sp5.pila.pl\/SP5\/wykaz-podrecznikow-2022-2023\/","title":{"rendered":"Wykaz podr\u0119cznik\u00f3w"},"content":{"rendered":"<p style=\"text-align: center;\"><strong><span style=\"color: #ff0000;\">WYKAZ PODR\u0118CZNIK\u00d3W I \u0106WICZE\u0143 KLASY I-VIII<\/span><\/strong><br \/>\n<strong><span style=\"color: #ff0000;\">ROK SZKOLNY 2025\/2026<\/span><\/strong><\/p>\n<p style=\"text-align: left;\">1. Podr\u0119czniki do przedmiot\u00f3w obowi\u0105zkowych uczniowie wypo\u017cyczaj\u0105 z biblioteki szkolnej.<br \/>\nPodr\u0119czniki s\u0105 w\u0142asno\u015bci\u0105 szko\u0142y.<br \/>\n2. \u0106wiczenia s\u0105 w\u0142asno\u015bci\u0105 uczni\u00f3w; otrzymuj\u0105 je od wychowawc\u00f3w.<br \/>\n3. Podr\u0119czniki i \u0107wiczenia do religii kupuj\u0105 rodzice. Zam\u00f3wienia podr\u0119cznik\u00f3w i \u0107wicze\u0144 do religii w Wydawnictwie Jedno\u015b\u0107 Kielce;<\/p>\n<p>&#8211; przez telefon 800- 137 &#8211; 072 lub strona internetowa &#8211; www.jednosc.com.pl<\/p>\n<p>&nbsp;<\/p>\n<p><strong>PIERWSZY ETAP EDUKACYJNY<\/strong><\/p>\n<p><strong>KLASA I<\/strong><\/p>\n<p>&#8211; Podr\u0119cznik i \u0107wiczenia: \u201eAle to ciekawe&#8221;, J. Okuniewska, B. Skrzypiec, S. Pi\u0142at, MAC<\/p>\n<p>J\u0119zyk angielski:<\/p>\n<p>&#8211; Podr\u0119cznik i \u0107wiczenia: \u201eBugs Team 1\u201d, C. Read, A. Sober\u00f3n, Macmillan<\/p>\n<p>Religia:<\/p>\n<p>&#8211; Podr\u0119cznik do religii dla klasy I szko\u0142y podstawowej \u201ePoznaj\u0119 Bo\u017cy \u015bwiat&#8221; Wydawnictwo JEDNO\u015a\u0106 Kielce. (Podr\u0119cznik jest jednocze\u015bnie form\u0105 \u0107wicze\u0144).<\/p>\n<p>&nbsp;<\/p>\n<p><strong>KLASA II<\/strong><\/p>\n<p>&#8211; Podr\u0119cznik i \u0107wiczenia \u201eAle to ciekawe\u201d, J. Okuniewska, B. Skrzypiec, S. Pi\u0142at, MAC<\/p>\n<p>&nbsp;J\u0119zyk angielski:<\/p>\n<p>&#8211; podr\u0119cznik i \u0107wiczenia: \u201eBugs Team 2\u201d, C. Read, A. Sober\u00f3n, Macmillan<\/p>\n<p>Religia:<\/p>\n<p>&#8211; Podr\u0119cznik do religii dla klasy II szko\u0142y podstawowej \u201eKr\u00f3lestwo Bo\u017ce\u201d. Wydawnictwo Jedno\u015b\u0107 Kielce. (Podr\u0119cznik jest jednocze\u015bnie form\u0105 \u0107wicze\u0144).<\/p>\n<p>&nbsp;<\/p>\n<p><strong>KLASA III<\/strong><\/p>\n<p>&#8211; Podr\u0119cznik i \u0107wiczenia \u201eAle to ciekawe\u201d, J. Okuniewska, B. Skrzypiec, S. Pi\u0142at, MAC<\/p>\n<p>J\u0119zyk angielski:<\/p>\n<p>&#8211; Podr\u0119cznik i \u0107wiczenia: \u201eBugs Team 3\u201d, M. Kondro, E. Papiol, M. Toth, Macmillan<\/p>\n<p>Religia:<\/p>\n<p>&#8211; Podr\u0119cznik do religii dla klasy III szko\u0142y podstawowej \u201ePoznaj\u0119 Jezusa\u201d &#8211; zeszyt \u0107wicze\u0144 dla klasy III szko\u0142y Podstawowej \u201ePoznaj\u0119 Jezusa&#8221;. Wydawnictwo Jedno\u015b\u0107 Kielce.<\/p>\n<p>&nbsp;<\/p>\n<p><strong>DRUGI ETAP EDUKACYJNY<\/strong><\/p>\n<p><strong>KLASA IV<\/strong><\/p>\n<ol>\n<li><u> polski:<\/u><br \/>\npodr\u0119cznik i \u0107wiczenia: \u201eZamie\u0144my s\u0142owo 4\u201d, I. Bartol, M. Biskupska, J. Najmanowicz-Michalak, WSiP<\/li>\n<li><u> angielski:<\/u><br \/>\npodr\u0119cznik i \u0107wiczenia: \u201eBrainy 4\u201d, N. Beare, Macmillan Education<\/li>\n<\/ol>\n<p><u>matematyka:<\/u><br \/>\npodr\u0119cznik i \u0107wiczenia wersja AB (2 cz\u0119\u015bci): \u201eMatematyka z plusem\u201d, M. Dobrowolska, M. Jucewicz, GWO<\/p>\n<p><u>przyroda:<\/u><br \/>\npodr\u0119cznik: \u201eTajemnice przyrody\u201d. M. Marko-Wor\u0142owska, F. Szlajfer, J. Stawarz, Nowa Era<\/p>\n<p><u>historia:<\/u><br \/>\npodr\u0119cznik: \u201eWczoraj i dzi\u015b 4\u201d, B. Olszewska, W. Surdyk-Fertsch, G. Wojciechowski, , Nowa Era<\/p>\n<p><u>plastyka:<\/u><br \/>\npodr\u0119cznik: \u201eDo dzie\u0142a!\u201d, J. Lukas, K. Onak, M. Ipczy\u0144ska, N. Mrozkowiak, Nowa Era<\/p>\n<p><u>technika:<\/u><br \/>\npodr\u0119cznik: \u201eJak to dzia\u0142a? 4\u201d, L. \u0141abecki, M. \u0141abecka, J. Pecyna, &nbsp;Nowa Era<\/p>\n<p><u>informatyka:<\/u><br \/>\npodr\u0119cznik: \u201eLubi\u0119 to!\u201d, M. K\u0119ska, Nowa Era<\/p>\n<p><u>religia:<\/u><br \/>\npodr\u0119cznik&nbsp; i zeszyt \u0107wicze\u0144: \u201eOdkrywam \u017cycie z Jezusem\u201d, ks. Dr K. Mielnicki<\/p>\n<p>&nbsp;<\/p>\n<p><strong>KLASA V<\/strong><\/p>\n<ol>\n<li><u> polski:<\/u><br \/>\npodr\u0119cznik i \u0107wiczenia: \u201eZamie\u0144my s\u0142owo 5\u201d, I. Bartol, M. Biskupska, J. Najmanowicz-Michalak, WSiP<\/li>\n<li><u> angielski:<\/u><br \/>\npodr\u0119cznik i \u0107wiczenia: \u201eBrainy 5\u201d, N. Beare, Macmillan Education<\/li>\n<\/ol>\n<p><u>matematyka:<\/u><br \/>\npodr\u0119cznik i \u0107wiczenia wersja AB (2 cz\u0119\u015bci): \u201eMatematyka z plusem\u201d, M. Dobrowolska, P. Zarzycki, GWO<\/p>\n<p><u>geografia:<\/u><br \/>\npodr\u0119cznik: \u201ePlaneta Nowa 5\u201d, F. Szlajfer, Z. Zaniewicz, T. Rachwa\u0142, R. Malarz, Nowa Era<\/p>\n<p><u>biologia:<\/u><br \/>\npodr\u0119cznik: \u201ePuls \u017cycia 5\u201d, M. S\u0119ktas, J. Stawarz, Nowa Era<\/p>\n<p><u>historia:<\/u><br \/>\npodr\u0119cznik: \u201eWczoraj i dzi\u015b 5\u201d, G. Wojciechowski, Nowa Era<\/p>\n<p><u>plastyka:<\/u><br \/>\npodr\u0119cznik: \u201eDo dzie\u0142a!\u201d, J. Lukas, K. Onak, M. Ipczy\u0144ska, N. Mrozkowiak, &nbsp;Nowa Era<\/p>\n<p><u>technika:<\/u><br \/>\npodr\u0119cznik: \u201eJak to dzia\u0142a? 5\u201d, L. \u0141abecki, M. \u0141abecka, J. Pecyna,&nbsp; Nowa Era<\/p>\n<p><u>muzyka:<\/u><br \/>\npodr\u0119cznik: \u201eMuzyka klasa 5\u201d, T. W\u00f3jcik, MAC<\/p>\n<p><u>informatyka:<\/u><br \/>\npodr\u0119cznik: \u201eLubi\u0119 to!\u201d, G. Koba, Nowa Era<\/p>\n<p><u>religia:<\/u><br \/>\npodr\u0119cznik&nbsp; i zeszyt \u0107wicze\u0144: \u201eSzcz\u0119\u015bliwi, kt\u00f3rzy szukaj\u0105 prawdy\u201d, JEDNO\u015a\u0106<\/p>\n<p>&nbsp;<\/p>\n<p><strong>KLASA VI <\/strong><\/p>\n<ol>\n<li><u> polski:<\/u><br \/>\npodr\u0119cznik i \u0107wiczenia: \u201eZamie\u0144my s\u0142owo 6\u201d, I. Bartol, M. Biskupska, J. Najmanowicz-Michalak, WSiP<\/li>\n<li><u> angielski:<\/u><br \/>\npodr\u0119cznik i \u0107wiczenia: \u201eBrainy 6\u201d, N. Beare, Macmillan Education<\/li>\n<\/ol>\n<p><u>matematyka:<\/u><br \/>\npodr\u0119cznik i \u0107wiczenia wersja AB (2 cz\u0119\u015bci): \u201eMatematyka z plusem\u201d, M. Dobrowolska, P. Zarzycki, GWO<\/p>\n<p><u>geografia:<\/u><br \/>\npodr\u0119cznik: \u201ePlaneta Nowa 6\u201d, R. Malarz, T. Rachwa\u0142, D. Szczypi\u0144ski, &nbsp;Nowa Era<\/p>\n<p><u>biologia:<\/u><br \/>\npodr\u0119cznik: \u201ePuls \u017cycia 6\u201d, J. Stawarz, Nowa Era<\/p>\n<p><u>historia:<\/u><br \/>\npodr\u0119cznik: \u201eHistoria. Klasa 6\u201d, Sz. Ciechanowski, MAC<\/p>\n<p><u>plastyka:<\/u><br \/>\npodr\u0119cznik: \u201eDo dzie\u0142a!\u201d, J. Lukas, K. Onak, M. Ipczy\u0144ska, N. Mrozkowiak,&nbsp; Nowa Era<\/p>\n<p><u>technika:<\/u><br \/>\npodr\u0119cznik: \u201eJak to dzia\u0142a? 6\u201d, L. \u0141abecki, M. \u0141abecka, J. Pecyna,&nbsp; Nowa Era<\/p>\n<p><u>muzyka:<\/u><br \/>\npodr\u0119cznik: \u201eMuzyka 6\u201d, T. W\u00f3jcik, MAC<\/p>\n<p><u>informatyka:<\/u><br \/>\npodr\u0119cznik: \u201eLubi\u0119 to!\u201d, G. Koba, Nowa Era<\/p>\n<p><u>religia:<\/u><br \/>\npodr\u0119cznik&nbsp; i zeszyt \u0107wicze\u0144: \u201eSzcz\u0119\u015bliwi, kt\u00f3rzy odkrywaj\u0105 pi\u0119kno\u201d, JEDNO\u015a\u0106<\/p>\n<p>&nbsp;<\/p>\n<p><strong>KLASA VII <\/strong><\/p>\n<ol>\n<li><u> polski:<\/u><br \/>\npodr\u0119cznik i \u0107wiczenia: \u201eZamie\u0144my s\u0142owo 7\u201d, A. Karolczyk-Kozyra, A. Sie\u0144czak, WSiP<\/li>\n<li><u> angielski:<\/u><br \/>\npodr\u0119cznik i \u0107wiczenia: \u201eBrainy 7\u201d, C. McBeth, Macmillan<\/li>\n<\/ol>\n<p><u>j.niemiecki:<br \/>\n<\/u>podr\u0119cznik i \u0107wiczenia: \u201eDeutschtour FIT 7\u201d, E. Ko\u015bcielniak-Walewska, M. Kosacka, Nowa Era<\/p>\n<p><u>matematyka:<\/u><br \/>\npodr\u0119cznik i \u0107wiczenia podstawowe (1 cz\u0119\u015b\u0107): \u201eMatematyka z plusem\u201d, M. Dobrowolska, GWO<\/p>\n<p><u>geografia:<\/u><br \/>\npodr\u0119cznik: \u201ePlaneta Nowa 7\u201d, M. Szubert, T. Rachwa\u0142, Nowa Era<\/p>\n<p><u>biologia:<\/u><br \/>\npodr\u0119cznik: \u201ePuls \u017cycia 7\u201d, M. Jefimow, Nowa Era<\/p>\n<p><u>chemia:<\/u><br \/>\npodr\u0119cznik: \u201eChemia Nowej Ery 7\u201d, T. Kulawik, J. Kulawik, M. Litwin, Nowa Era<\/p>\n<p><u>fizyka:<\/u><br \/>\npodr\u0119cznik: \u201eSpotkania z fizyk\u0105 7\u201d, G. Francuz-Ornat, T. Kulawik, M. Nowotny-Ro\u017ca\u0144ska, Nowa Era<\/p>\n<p><u>historia:<\/u><br \/>\npodr\u0119cznik: \u201eWczoraj i dzi\u015b. Klasa 7\u201d, S. Roszak, A. \u0141aszkiewicz, J. K\u0142aczkow, Nowa Era<\/p>\n<p><u>plastyka:<\/u><br \/>\npodr\u0119cznik: \u201eDo dzie\u0142a!\u201d, J. Lukas, K. Onak, M. Ipczy\u0144ska, N. Mrozkowiak,&nbsp; Nowa Era<\/p>\n<p><u>religia:<\/u><br \/>\npodr\u0119cznik&nbsp; i zeszyt \u0107wicze\u0144: \u201eSzcz\u0119\u015bliwi, kt\u00f3rzy czyni\u0105 dobro\u201d, JEDNO\u015a\u0106<\/p>\n<p>&nbsp;<\/p>\n<p><strong>KLASA VIII <\/strong><\/p>\n<ol>\n<li><u> polski:<\/u><br \/>\npodr\u0119cznik i \u0107wiczenia: \u201eZamie\u0144my s\u0142owo 8\u201d, A. Karolczyk-Kozyra, A. Sie\u0144czuk, D. Kujawa-Wienke, WSiP<\/li>\n<li><u> angielski:<\/u><br \/>\npodr\u0119cznik i \u0107wiczenia: \u201eBrainy 8\u201d, C. McBeth, Macmillan<\/li>\n<li><u> niemiecki:<br \/>\n<\/u>podr\u0119cznik i \u0107wiczenia: \u201eDeutschtour FIT 8\u201d, E. Ko\u015bcielniak-Walewska, M. Kosacka, Nowa Era<\/li>\n<\/ol>\n<p><u>matematyka:<\/u><br \/>\npodr\u0119cznik i \u0107wiczenia podstawowe (1 cz\u0119\u015b\u0107): \u201eMatematyka z plusem\u201d, M. Dobrowolska, GWO<\/p>\n<p><u>geografia:<\/u><br \/>\npodr\u0119cznik: \u201ePlaneta Nowa 8\u201d, T. Rachwa\u0142, D. Szczypi\u0144ski, Nowa Era<\/p>\n<p><u>biologia:<\/u><br \/>\npodr\u0119cznik: \u201ePuls \u017cycia 8\u201d, B. S\u0105gin, A. Boczarowski, M. S\u0119ktas, Nowa Era<\/p>\n<p><u>chemia:<\/u><br \/>\npodr\u0119cznik: \u201eChemia Nowej Ery 8\u201d, T. Kulawik,T. Kulawik, M. Litwin, Nowa Era<\/p>\n<p><u>fizyka:<\/u><br \/>\npodr\u0119cznik: \u201eSpotkania z fizyk\u0105 8\u201d, G. Francuz-Ornat, &nbsp;T. Kulawik, M. Nowotny &#8211; R\u00f3\u017ca\u0144ska, Nowa Era<\/p>\n<p><u>historia:<\/u><br \/>\npodr\u0119cznik: \u201eWczoraj i dzi\u015b 8\u201d, R. \u015aniegocki, A. Zieli\u0144ska, Nowa Era<\/p>\n<p><u>WOS:<\/u><br \/>\npodr\u0119cznik: \u201eDzi\u015b i jutro\u201d, A. Janicki, I. Janicka, A. Ma\u0107kowska-Kucia, T. Ma\u0107kowski, Nowa Era<\/p>\n<p><u>edukacja dla bezpiecze\u0144stwa:<\/u><br \/>\npodr\u0119cznik: \u201eEdukacja dla bezpiecze\u0144stwa. Klasa 8\u201d, B. Breitkopf, D. Czy\u017cow, M. Cie\u015bla, WSiP<\/p>\n<p><u>religia:<\/u><br \/>\npodr\u0119cznik&nbsp; i zeszyt \u0107wicze\u0144: \u201eSzcz\u0119\u015bliwi, kt\u00f3rzy zdobywaj\u0105 \u015bwi\u0119to\u015b\u0107\u201d, JEDNO\u015a\u0106<\/p>\n<p>&nbsp;<\/p>\n","protected":false},"excerpt":{"rendered":"<p>WYKAZ PODR\u0118CZNIK\u00d3W I \u0106WICZE\u0143 KLASY I-VIII ROK SZKOLNY 2025\/2026 1. Podr\u0119czniki do przedmiot\u00f3w obowi\u0105zkowych uczniowie wypo\u017cyczaj\u0105 z biblioteki szkolnej. Podr\u0119czniki [&hellip;]<\/p>\n","protected":false},"author":1,"featured_media":0,"parent":0,"menu_order":0,"comment_status":"closed","ping_status":"closed","template":"","meta":{"_editorskit_title_hidden":false,"_editorskit_reading_time":0,"_editorskit_is_block_options_detached":false,"_editorskit_block_options_position":"{}","rop_custom_images_group":[],"rop_custom_messages_group":[],"rop_publish_now":"initial","rop_publish_now_accounts":[],"rop_publish_now_history":[],"rop_publish_now_status":"pending","_uag_custom_page_level_css":"","site-sidebar-layout":"default","site-content-layout":"","ast-site-content-layout":"default","site-content-style":"default","site-sidebar-style":"default","ast-global-header-display":"","ast-banner-title-visibility":"","ast-main-header-display":"","ast-hfb-above-header-display":"","ast-hfb-below-header-display":"","ast-hfb-mobile-header-display":"","site-post-title":"","ast-breadcrumbs-content":"","ast-featured-img":"","footer-sml-layout":"","ast-disable-related-posts":"","theme-transparent-header-meta":"default","adv-header-id-meta":"","stick-header-meta":"","header-above-stick-meta":"","header-main-stick-meta":"","header-below-stick-meta":"","astra-migrate-meta-layouts":"set","ast-page-background-enabled":"default","ast-page-background-meta":{"desktop":{"background-color":"var(--ast-global-color-5)","background-image":"","background-repeat":"repeat","background-position":"center center","background-size":"auto","background-attachment":"scroll","background-type":"","background-media":"","overlay-type":"","overlay-color":"","overlay-opacity":"","overlay-gradient":""},"tablet":{"background-color":"","background-image":"","background-repeat":"repeat","background-position":"center center","background-size":"auto","background-attachment":"scroll","background-type":"","background-media":"","overlay-type":"","overlay-color":"","overlay-opacity":"","overlay-gradient":""},"mobile":{"background-color":"","background-image":"","background-repeat":"repeat","background-position":"center center","background-size":"auto","background-attachment":"scroll","background-type":"","background-media":"","overlay-type":"","overlay-color":"","overlay-opacity":"","overlay-gradient":""}},"ast-content-background-meta":{"desktop":{"background-color":"var(--ast-global-color-4)","background-image":"","background-repeat":"repeat","background-position":"center center","background-size":"auto","background-attachment":"scroll","background-type":"","background-media":"","overlay-type":"","overlay-color":"","overlay-opacity":"","overlay-gradient":""},"tablet":{"background-color":"var(--ast-global-color-4)","background-image":"","background-repeat":"repeat","background-position":"center center","background-size":"auto","background-attachment":"scroll","background-type":"","background-media":"","overlay-type":"","overlay-color":"","overlay-opacity":"","overlay-gradient":""},"mobile":{"background-color":"var(--ast-global-color-4)","background-image":"","background-repeat":"repeat","background-position":"center center","background-size":"auto","background-attachment":"scroll","background-type":"","background-media":"","overlay-type":"","overlay-color":"","overlay-opacity":"","overlay-gradient":""}},"ngg_post_thumbnail":0,"footnotes":""},"class_list":["post-36707","page","type-page","status-publish","hentry"],"uagb_featured_image_src":{"full":false,"thumbnail":false,"medium":false,"medium_large":false,"large":false,"1536x1536":false,"2048x2048":false},"uagb_author_info":{"display_name":"PMT","author_link":"https:\/\/sp5.pila.pl\/SP5\/author\/ludi\/"},"uagb_comment_info":0,"uagb_excerpt":"WYKAZ PODR\u0118CZNIK\u00d3W I \u0106WICZE\u0143 KLASY I-VIII ROK SZKOLNY 2025\/2026 1. Podr\u0119czniki do przedmiot\u00f3w obowi\u0105zkowych uczniowie wypo\u017cyczaj\u0105 z biblioteki szkolnej. Podr\u0119czniki [&hellip;]","_links":{"self":[{"href":"https:\/\/sp5.pila.pl\/SP5\/wp-json\/wp\/v2\/pages\/36707","targetHints":{"allow":["GET"]}}],"collection":[{"href":"https:\/\/sp5.pila.pl\/SP5\/wp-json\/wp\/v2\/pages"}],"about":[{"href":"https:\/\/sp5.pila.pl\/SP5\/wp-json\/wp\/v2\/types\/page"}],"author":[{"embeddable":true,"href":"https:\/\/sp5.pila.pl\/SP5\/wp-json\/wp\/v2\/users\/1"}],"replies":[{"embeddable":true,"href":"https:\/\/sp5.pila.pl\/SP5\/wp-json\/wp\/v2\/comments?post=36707"}],"version-history":[{"count":7,"href":"https:\/\/sp5.pila.pl\/SP5\/wp-json\/wp\/v2\/pages\/36707\/revisions"}],"predecessor-version":[{"id":56394,"href":"https:\/\/sp5.pila.pl\/SP5\/wp-json\/wp\/v2\/pages\/36707\/revisions\/56394"}],"wp:attachment":[{"href":"https:\/\/sp5.pila.pl\/SP5\/wp-json\/wp\/v2\/media?parent=36707"}],"curies":[{"name":"wp","href":"https:\/\/api.w.org\/{rel}","templated":true}]}}