{"id":36710,"date":"2023-06-29T13:08:45","date_gmt":"2023-06-29T11:08:45","guid":{"rendered":"https:\/\/sp5.pila.pl\/SP5\/?page_id=36710"},"modified":"2024-09-26T11:31:41","modified_gmt":"2024-09-26T09:31:41","slug":"promocja-zdrowia","status":"publish","type":"page","link":"https:\/\/sp5.pila.pl\/SP5\/promocja-zdrowia\/","title":{"rendered":"PROMOCJA ZDROWIA"},"content":{"rendered":"<p><img loading=\"lazy\" decoding=\"async\" class=\"alignnone size-medium wp-image-45506\" src=\"https:\/\/sp5.pila.pl\/SP5\/wp-content\/uploads\/Gopa-EFSA-Safe-to-Lokalna-produkcja-PL-Caprese-1080x1080-1-300x300.png\" alt=\"\" width=\"300\" height=\"300\" srcset=\"https:\/\/sp5.pila.pl\/SP5\/wp-content\/uploads\/Gopa-EFSA-Safe-to-Lokalna-produkcja-PL-Caprese-1080x1080-1-300x300.png 300w, https:\/\/sp5.pila.pl\/SP5\/wp-content\/uploads\/Gopa-EFSA-Safe-to-Lokalna-produkcja-PL-Caprese-1080x1080-1-1024x1024.png 1024w, https:\/\/sp5.pila.pl\/SP5\/wp-content\/uploads\/Gopa-EFSA-Safe-to-Lokalna-produkcja-PL-Caprese-1080x1080-1-150x150.png 150w, https:\/\/sp5.pila.pl\/SP5\/wp-content\/uploads\/Gopa-EFSA-Safe-to-Lokalna-produkcja-PL-Caprese-1080x1080-1-768x768.png 768w, https:\/\/sp5.pila.pl\/SP5\/wp-content\/uploads\/Gopa-EFSA-Safe-to-Lokalna-produkcja-PL-Caprese-1080x1080-1-655x655.png 655w, https:\/\/sp5.pila.pl\/SP5\/wp-content\/uploads\/Gopa-EFSA-Safe-to-Lokalna-produkcja-PL-Caprese-1080x1080-1.png 1080w\" sizes=\"auto, (max-width: 300px) 100vw, 300px\" \/> <img loading=\"lazy\" decoding=\"async\" class=\"alignnone size-medium wp-image-45507\" src=\"https:\/\/sp5.pila.pl\/SP5\/wp-content\/uploads\/Gopa-EFSA-Safe-to-Kulinarna-rozkosz-Carrot_or_banana_cake-1080x1080-1-300x300.png\" alt=\"\" width=\"300\" height=\"300\" srcset=\"https:\/\/sp5.pila.pl\/SP5\/wp-content\/uploads\/Gopa-EFSA-Safe-to-Kulinarna-rozkosz-Carrot_or_banana_cake-1080x1080-1-300x300.png 300w, https:\/\/sp5.pila.pl\/SP5\/wp-content\/uploads\/Gopa-EFSA-Safe-to-Kulinarna-rozkosz-Carrot_or_banana_cake-1080x1080-1-1024x1024.png 1024w, https:\/\/sp5.pila.pl\/SP5\/wp-content\/uploads\/Gopa-EFSA-Safe-to-Kulinarna-rozkosz-Carrot_or_banana_cake-1080x1080-1-150x150.png 150w, https:\/\/sp5.pila.pl\/SP5\/wp-content\/uploads\/Gopa-EFSA-Safe-to-Kulinarna-rozkosz-Carrot_or_banana_cake-1080x1080-1-768x768.png 768w, https:\/\/sp5.pila.pl\/SP5\/wp-content\/uploads\/Gopa-EFSA-Safe-to-Kulinarna-rozkosz-Carrot_or_banana_cake-1080x1080-1-655x655.png 655w, https:\/\/sp5.pila.pl\/SP5\/wp-content\/uploads\/Gopa-EFSA-Safe-to-Kulinarna-rozkosz-Carrot_or_banana_cake-1080x1080-1.png 1080w\" sizes=\"auto, (max-width: 300px) 100vw, 300px\" \/> <img loading=\"lazy\" decoding=\"async\" class=\"alignnone size-medium wp-image-45508\" src=\"https:\/\/sp5.pila.pl\/SP5\/wp-content\/uploads\/Gopa-EFSA-Safe-Zbilansowany-Posilek-1080x1080-1-300x300.png\" alt=\"\" width=\"300\" height=\"300\" srcset=\"https:\/\/sp5.pila.pl\/SP5\/wp-content\/uploads\/Gopa-EFSA-Safe-Zbilansowany-Posilek-1080x1080-1-300x300.png 300w, https:\/\/sp5.pila.pl\/SP5\/wp-content\/uploads\/Gopa-EFSA-Safe-Zbilansowany-Posilek-1080x1080-1-1024x1024.png 1024w, https:\/\/sp5.pila.pl\/SP5\/wp-content\/uploads\/Gopa-EFSA-Safe-Zbilansowany-Posilek-1080x1080-1-150x150.png 150w, https:\/\/sp5.pila.pl\/SP5\/wp-content\/uploads\/Gopa-EFSA-Safe-Zbilansowany-Posilek-1080x1080-1-768x768.png 768w, https:\/\/sp5.pila.pl\/SP5\/wp-content\/uploads\/Gopa-EFSA-Safe-Zbilansowany-Posilek-1080x1080-1-655x655.png 655w, https:\/\/sp5.pila.pl\/SP5\/wp-content\/uploads\/Gopa-EFSA-Safe-Zbilansowany-Posilek-1080x1080-1.png 1080w\" sizes=\"auto, (max-width: 300px) 100vw, 300px\" \/> <img loading=\"lazy\" decoding=\"async\" class=\"alignnone size-medium wp-image-45509\" src=\"https:\/\/sp5.pila.pl\/SP5\/wp-content\/uploads\/Gopa-EFSA-Oswiadczenia-zywieniowe-PL-Mixed_nuts_and_seeds-1080x1080-1-300x300.png\" alt=\"\" width=\"300\" height=\"300\" srcset=\"https:\/\/sp5.pila.pl\/SP5\/wp-content\/uploads\/Gopa-EFSA-Oswiadczenia-zywieniowe-PL-Mixed_nuts_and_seeds-1080x1080-1-300x300.png 300w, https:\/\/sp5.pila.pl\/SP5\/wp-content\/uploads\/Gopa-EFSA-Oswiadczenia-zywieniowe-PL-Mixed_nuts_and_seeds-1080x1080-1-1024x1024.png 1024w, https:\/\/sp5.pila.pl\/SP5\/wp-content\/uploads\/Gopa-EFSA-Oswiadczenia-zywieniowe-PL-Mixed_nuts_and_seeds-1080x1080-1-150x150.png 150w, https:\/\/sp5.pila.pl\/SP5\/wp-content\/uploads\/Gopa-EFSA-Oswiadczenia-zywieniowe-PL-Mixed_nuts_and_seeds-1080x1080-1-768x768.png 768w, https:\/\/sp5.pila.pl\/SP5\/wp-content\/uploads\/Gopa-EFSA-Oswiadczenia-zywieniowe-PL-Mixed_nuts_and_seeds-1080x1080-1-655x655.png 655w, https:\/\/sp5.pila.pl\/SP5\/wp-content\/uploads\/Gopa-EFSA-Oswiadczenia-zywieniowe-PL-Mixed_nuts_and_seeds-1080x1080-1.png 1080w\" sizes=\"auto, (max-width: 300px) 100vw, 300px\" \/><\/p>\n<p><img loading=\"lazy\" decoding=\"async\" class=\"alignnone size-medium wp-image-45513\" src=\"https:\/\/sp5.pila.pl\/SP5\/wp-content\/uploads\/Slajd-3-300x300.png\" alt=\"\" width=\"300\" height=\"300\" srcset=\"https:\/\/sp5.pila.pl\/SP5\/wp-content\/uploads\/Slajd-3-300x300.png 300w, https:\/\/sp5.pila.pl\/SP5\/wp-content\/uploads\/Slajd-3-1024x1024.png 1024w, https:\/\/sp5.pila.pl\/SP5\/wp-content\/uploads\/Slajd-3-150x150.png 150w, https:\/\/sp5.pila.pl\/SP5\/wp-content\/uploads\/Slajd-3-768x768.png 768w, https:\/\/sp5.pila.pl\/SP5\/wp-content\/uploads\/Slajd-3-655x655.png 655w, https:\/\/sp5.pila.pl\/SP5\/wp-content\/uploads\/Slajd-3.png 1440w\" sizes=\"auto, (max-width: 300px) 100vw, 300px\" \/> <img loading=\"lazy\" decoding=\"async\" class=\"alignnone size-medium wp-image-45512\" src=\"https:\/\/sp5.pila.pl\/SP5\/wp-content\/uploads\/Slajd1-300x300.jpg\" alt=\"\" width=\"300\" height=\"300\" srcset=\"https:\/\/sp5.pila.pl\/SP5\/wp-content\/uploads\/Slajd1-300x300.jpg 300w, https:\/\/sp5.pila.pl\/SP5\/wp-content\/uploads\/Slajd1-1024x1024.jpg 1024w, https:\/\/sp5.pila.pl\/SP5\/wp-content\/uploads\/Slajd1-150x150.jpg 150w, https:\/\/sp5.pila.pl\/SP5\/wp-content\/uploads\/Slajd1-768x768.jpg 768w, https:\/\/sp5.pila.pl\/SP5\/wp-content\/uploads\/Slajd1-655x655.jpg 655w, https:\/\/sp5.pila.pl\/SP5\/wp-content\/uploads\/Slajd1.jpg 1440w\" sizes=\"auto, (max-width: 300px) 100vw, 300px\" \/> <img loading=\"lazy\" decoding=\"async\" class=\"alignnone size-medium wp-image-45511\" src=\"https:\/\/sp5.pila.pl\/SP5\/wp-content\/uploads\/Slajd2-300x300.jpg\" alt=\"\" width=\"300\" height=\"300\" srcset=\"https:\/\/sp5.pila.pl\/SP5\/wp-content\/uploads\/Slajd2-300x300.jpg 300w, https:\/\/sp5.pila.pl\/SP5\/wp-content\/uploads\/Slajd2-1024x1024.jpg 1024w, https:\/\/sp5.pila.pl\/SP5\/wp-content\/uploads\/Slajd2-150x150.jpg 150w, https:\/\/sp5.pila.pl\/SP5\/wp-content\/uploads\/Slajd2-768x768.jpg 768w, https:\/\/sp5.pila.pl\/SP5\/wp-content\/uploads\/Slajd2-655x655.jpg 655w, https:\/\/sp5.pila.pl\/SP5\/wp-content\/uploads\/Slajd2.jpg 1440w\" sizes=\"auto, (max-width: 300px) 100vw, 300px\" \/> <img loading=\"lazy\" decoding=\"async\" class=\"alignnone size-medium wp-image-45510\" src=\"https:\/\/sp5.pila.pl\/SP5\/wp-content\/uploads\/Slajd4-300x300.jpg\" alt=\"\" width=\"300\" height=\"300\" srcset=\"https:\/\/sp5.pila.pl\/SP5\/wp-content\/uploads\/Slajd4-300x300.jpg 300w, https:\/\/sp5.pila.pl\/SP5\/wp-content\/uploads\/Slajd4-1024x1024.jpg 1024w, https:\/\/sp5.pila.pl\/SP5\/wp-content\/uploads\/Slajd4-150x150.jpg 150w, https:\/\/sp5.pila.pl\/SP5\/wp-content\/uploads\/Slajd4-768x768.jpg 768w, https:\/\/sp5.pila.pl\/SP5\/wp-content\/uploads\/Slajd4-655x655.jpg 655w, https:\/\/sp5.pila.pl\/SP5\/wp-content\/uploads\/Slajd4.jpg 1440w\" sizes=\"auto, (max-width: 300px) 100vw, 300px\" \/><\/p>\n<p><a href=\"https:\/\/sp5.pila.pl\/SP5\/wp-content\/uploads\/Pismo-przewodnie-PPIS-w-Pile-18.09.2024r.pdf\">Informacja o IV edycji kampanii informacyjnej &#8222;Jedz bezpiecznie&#8221;<\/a><\/p>\n<p><img loading=\"lazy\" decoding=\"async\" class=\"alignnone size-medium wp-image-37093\" src=\"https:\/\/sp5.pila.pl\/SP5\/wp-content\/uploads\/EFSA_Post-1-1_Allergens_PL-300x300.png\" alt=\"\" width=\"300\" height=\"300\" srcset=\"https:\/\/sp5.pila.pl\/SP5\/wp-content\/uploads\/EFSA_Post-1-1_Allergens_PL-300x300.png 300w, https:\/\/sp5.pila.pl\/SP5\/wp-content\/uploads\/EFSA_Post-1-1_Allergens_PL-1024x1024.png 1024w, https:\/\/sp5.pila.pl\/SP5\/wp-content\/uploads\/EFSA_Post-1-1_Allergens_PL-150x150.png 150w, https:\/\/sp5.pila.pl\/SP5\/wp-content\/uploads\/EFSA_Post-1-1_Allergens_PL-768x768.png 768w, https:\/\/sp5.pila.pl\/SP5\/wp-content\/uploads\/EFSA_Post-1-1_Allergens_PL-655x655.png 655w, https:\/\/sp5.pila.pl\/SP5\/wp-content\/uploads\/EFSA_Post-1-1_Allergens_PL.png 1440w\" sizes=\"auto, (max-width: 300px) 100vw, 300px\" \/>&nbsp; <img loading=\"lazy\" decoding=\"async\" class=\"alignnone size-medium wp-image-37091\" src=\"https:\/\/sp5.pila.pl\/SP5\/wp-content\/uploads\/EFSA_Post-1-1_Food-supplements_PL-300x300.png\" alt=\"\" width=\"300\" height=\"300\" srcset=\"https:\/\/sp5.pila.pl\/SP5\/wp-content\/uploads\/EFSA_Post-1-1_Food-supplements_PL-300x300.png 300w, https:\/\/sp5.pila.pl\/SP5\/wp-content\/uploads\/EFSA_Post-1-1_Food-supplements_PL-1024x1024.png 1024w, https:\/\/sp5.pila.pl\/SP5\/wp-content\/uploads\/EFSA_Post-1-1_Food-supplements_PL-150x150.png 150w, https:\/\/sp5.pila.pl\/SP5\/wp-content\/uploads\/EFSA_Post-1-1_Food-supplements_PL-768x768.png 768w, https:\/\/sp5.pila.pl\/SP5\/wp-content\/uploads\/EFSA_Post-1-1_Food-supplements_PL-655x655.png 655w, https:\/\/sp5.pila.pl\/SP5\/wp-content\/uploads\/EFSA_Post-1-1_Food-supplements_PL.png 1440w\" sizes=\"auto, (max-width: 300px) 100vw, 300px\" \/>&nbsp; <img loading=\"lazy\" decoding=\"async\" class=\"alignnone size-medium wp-image-37092\" src=\"https:\/\/sp5.pila.pl\/SP5\/wp-content\/uploads\/EFSA_Post-1-1_Food-Hygiene_PL-300x300.png\" alt=\"\" width=\"300\" height=\"300\" srcset=\"https:\/\/sp5.pila.pl\/SP5\/wp-content\/uploads\/EFSA_Post-1-1_Food-Hygiene_PL-300x300.png 300w, https:\/\/sp5.pila.pl\/SP5\/wp-content\/uploads\/EFSA_Post-1-1_Food-Hygiene_PL-1024x1024.png 1024w, https:\/\/sp5.pila.pl\/SP5\/wp-content\/uploads\/EFSA_Post-1-1_Food-Hygiene_PL-150x150.png 150w, https:\/\/sp5.pila.pl\/SP5\/wp-content\/uploads\/EFSA_Post-1-1_Food-Hygiene_PL-768x768.png 768w, https:\/\/sp5.pila.pl\/SP5\/wp-content\/uploads\/EFSA_Post-1-1_Food-Hygiene_PL-655x655.png 655w, https:\/\/sp5.pila.pl\/SP5\/wp-content\/uploads\/EFSA_Post-1-1_Food-Hygiene_PL.png 1440w\" sizes=\"auto, (max-width: 300px) 100vw, 300px\" \/><\/p>\n<p>&nbsp;<\/p>\n<p><a href=\"https:\/\/sp5.pila.pl\/SP5\/wp-content\/uploads\/Informacja-o-kampanii-EFSA-III-edycja-2023r.-.docx\">Informacja o III edycji kampanii&nbsp; informacyjnej &#8222;Wybieraj Bezpieczn\u0105 \u017bywno\u015b\u0107&#8221; #EUChooseSafeFood<\/a><\/p>\n<p><a href=\"https:\/\/sp5.pila.pl\/SP5\/wp-content\/uploads\/broszura-_-suplementy-_-v2-4.pdf\">broszura&nbsp; Suplementy to nie leki_<\/a><\/p>\n<p><a href=\"https:\/\/sp5.pila.pl\/SP5\/wp-content\/uploads\/broszura-_-zywnosc-_-v3-5.pdf\">broszura _Ty te\u017c masz wp\u0142yw na bezpiecze\u0144stwo \u017cywno\u015bci <\/a><\/p>\n<p><a href=\"https:\/\/sp5.pila.pl\/SP5\/wp-content\/uploads\/Materialy_edukacyjne.pdf\">Post\u0119powanie w przypadku po\u0142kni\u0119cia cia\u0142a obcego<\/a><\/p>\n<p><a href=\"https:\/\/sp5.pila.pl\/SP5\/wp-content\/uploads\/Broszura_do_programu_Mamo_Tato_-_co_Wy_na_to.pdf\">Broszura_do_programu_Mamo,_Tato_-_co_Wy_na_to<\/a><\/p>\n<p><a href=\"https:\/\/sp5.pila.pl\/SP5\/wp-content\/uploads\/wszawica_BROSZURA_A5.pdf\">Broszura dotycz\u0105ca wszawicy<\/a><\/p>\n","protected":false},"excerpt":{"rendered":"<p>Informacja o IV edycji kampanii informacyjnej &#8222;Jedz bezpiecznie&#8221; &nbsp; &nbsp; &nbsp; Informacja o III edycji kampanii&nbsp; informacyjnej &#8222;Wybieraj Bezpieczn\u0105 \u017bywno\u015b\u0107&#8221; [&hellip;]<\/p>\n","protected":false},"author":1,"featured_media":0,"parent":0,"menu_order":0,"comment_status":"closed","ping_status":"closed","template":"","meta":{"_editorskit_title_hidden":false,"_editorskit_reading_time":0,"_editorskit_is_block_options_detached":false,"_editorskit_block_options_position":"{}","rop_custom_images_group":[],"rop_custom_messages_group":[],"rop_publish_now":"initial","rop_publish_now_accounts":[],"rop_publish_now_history":[],"rop_publish_now_status":"pending","_uag_custom_page_level_css":"","site-sidebar-layout":"default","site-content-layout":"","ast-site-content-layout":"default","site-content-style":"default","site-sidebar-style":"default","ast-global-header-display":"","ast-banner-title-visibility":"","ast-main-header-display":"","ast-hfb-above-header-display":"","ast-hfb-below-header-display":"","ast-hfb-mobile-header-display":"","site-post-title":"","ast-breadcrumbs-content":"","ast-featured-img":"","footer-sml-layout":"","ast-disable-related-posts":"","theme-transparent-header-meta":"","adv-header-id-meta":"","stick-header-meta":"","header-above-stick-meta":"","header-main-stick-meta":"","header-below-stick-meta":"","astra-migrate-meta-layouts":"default","ast-page-background-enabled":"default","ast-page-background-meta":{"desktop":{"background-color":"var(--ast-global-color-5)","background-image":"","background-repeat":"repeat","background-position":"center center","background-size":"auto","background-attachment":"scroll","background-type":"","background-media":"","overlay-type":"","overlay-color":"","overlay-opacity":"","overlay-gradient":""},"tablet":{"background-color":"","background-image":"","background-repeat":"repeat","background-position":"center center","background-size":"auto","background-attachment":"scroll","background-type":"","background-media":"","overlay-type":"","overlay-color":"","overlay-opacity":"","overlay-gradient":""},"mobile":{"background-color":"","background-image":"","background-repeat":"repeat","background-position":"center center","background-size":"auto","background-attachment":"scroll","background-type":"","background-media":"","overlay-type":"","overlay-color":"","overlay-opacity":"","overlay-gradient":""}},"ast-content-background-meta":{"desktop":{"background-color":"var(--ast-global-color-4)","background-image":"","background-repeat":"repeat","background-position":"center center","background-size":"auto","background-attachment":"scroll","background-type":"","background-media":"","overlay-type":"","overlay-color":"","overlay-opacity":"","overlay-gradient":""},"tablet":{"background-color":"var(--ast-global-color-4)","background-image":"","background-repeat":"repeat","background-position":"center center","background-size":"auto","background-attachment":"scroll","background-type":"","background-media":"","overlay-type":"","overlay-color":"","overlay-opacity":"","overlay-gradient":""},"mobile":{"background-color":"var(--ast-global-color-4)","background-image":"","background-repeat":"repeat","background-position":"center center","background-size":"auto","background-attachment":"scroll","background-type":"","background-media":"","overlay-type":"","overlay-color":"","overlay-opacity":"","overlay-gradient":""}},"ngg_post_thumbnail":0,"footnotes":""},"class_list":["post-36710","page","type-page","status-publish","hentry"],"uagb_featured_image_src":{"full":false,"thumbnail":false,"medium":false,"medium_large":false,"large":false,"1536x1536":false,"2048x2048":false},"uagb_author_info":{"display_name":"PMT","author_link":"https:\/\/sp5.pila.pl\/SP5\/author\/ludi\/"},"uagb_comment_info":0,"uagb_excerpt":"Informacja o IV edycji kampanii informacyjnej &#8222;Jedz bezpiecznie&#8221; &nbsp; &nbsp; &nbsp; Informacja o III edycji kampanii&nbsp; informacyjnej &#8222;Wybieraj Bezpieczn\u0105 \u017bywno\u015b\u0107&#8221; [&hellip;]","_links":{"self":[{"href":"https:\/\/sp5.pila.pl\/SP5\/wp-json\/wp\/v2\/pages\/36710","targetHints":{"allow":["GET"]}}],"collection":[{"href":"https:\/\/sp5.pila.pl\/SP5\/wp-json\/wp\/v2\/pages"}],"about":[{"href":"https:\/\/sp5.pila.pl\/SP5\/wp-json\/wp\/v2\/types\/page"}],"author":[{"embeddable":true,"href":"https:\/\/sp5.pila.pl\/SP5\/wp-json\/wp\/v2\/users\/1"}],"replies":[{"embeddable":true,"href":"https:\/\/sp5.pila.pl\/SP5\/wp-json\/wp\/v2\/comments?post=36710"}],"version-history":[{"count":8,"href":"https:\/\/sp5.pila.pl\/SP5\/wp-json\/wp\/v2\/pages\/36710\/revisions"}],"predecessor-version":[{"id":45514,"href":"https:\/\/sp5.pila.pl\/SP5\/wp-json\/wp\/v2\/pages\/36710\/revisions\/45514"}],"wp:attachment":[{"href":"https:\/\/sp5.pila.pl\/SP5\/wp-json\/wp\/v2\/media?parent=36710"}],"curies":[{"name":"wp","href":"https:\/\/api.w.org\/{rel}","templated":true}]}}