{"id":37240,"date":"2023-09-27T14:57:46","date_gmt":"2023-09-27T12:57:46","guid":{"rendered":"https:\/\/sp5.pila.pl\/SP5\/?page_id=37240"},"modified":"2025-10-02T15:15:33","modified_gmt":"2025-10-02T13:15:33","slug":"wymagania-edukacyjne-na-poszczegolne-oceny-srodroczne-roczne","status":"publish","type":"page","link":"https:\/\/sp5.pila.pl\/SP5\/wymagania-edukacyjne-na-poszczegolne-oceny-srodroczne-roczne\/","title":{"rendered":"WYMAGANIA EDUKACYJNE"},"content":{"rendered":"<h3><strong>NA POSZCZEG\u00d3LNE OCENY \u015aR\u00d3DROCZNE\/ ROCZNE<\/strong><\/h3>\n<p>&nbsp;<\/p>\n<p><span style=\"color: #999999;\"><span style=\"color: #800000;\"><strong>wymagania edukacyjne dla:&nbsp; &nbsp; &nbsp; &nbsp; &nbsp; &nbsp; &nbsp; &nbsp; <\/strong><\/span><\/span><\/p>\n<p><span style=\"color: #999999;\"><span style=\"color: #800000;\"><strong>klas 1 <a href=\"https:\/\/sp5.pila.pl\/SP5\/wp-content\/uploads\/Wymagania-edukacyjne-dla-klasy-1.pdf\"><img loading=\"lazy\" decoding=\"async\" class=\"alignnone\" src=\"https:\/\/sp5.pila.pl\/SP5\/wp-content\/uploads\/Ikona_PDF-e1536787409928.png\" alt=\"\" width=\"32\" height=\"32\"><\/a> &nbsp; &nbsp; &nbsp; &nbsp; &nbsp; &nbsp; &nbsp; &nbsp; &nbsp; &nbsp; &nbsp; &nbsp; &nbsp; &nbsp;klas 2 <a href=\"https:\/\/sp5.pila.pl\/SP5\/wp-content\/uploads\/Wymagania-edukacyjne-dla-klasy-2.pdf\"><img loading=\"lazy\" decoding=\"async\" class=\"alignnone\" src=\"https:\/\/sp5.pila.pl\/SP5\/wp-content\/uploads\/Ikona_PDF-e1536787409928.png\" alt=\"\" width=\"32\" height=\"32\"><\/a> &nbsp; &nbsp; &nbsp; &nbsp; &nbsp; &nbsp; &nbsp; &nbsp; &nbsp; &nbsp; &nbsp; &nbsp; &nbsp; klas 3<a href=\"https:\/\/sp5.pila.pl\/SP5\/wp-content\/uploads\/Wymagania-edukacyjne-dla-klasy-3.pdf\"><img loading=\"lazy\" decoding=\"async\" class=\"alignnone\" src=\"https:\/\/sp5.pila.pl\/SP5\/wp-content\/uploads\/Ikona_PDF-e1536787409928.png\" alt=\"\" width=\"32\" height=\"32\"><\/a><\/strong><\/span><\/span><\/p>\n<p><span style=\"color: #800000;\"><strong>religia 1-3 <span style=\"color: #999999;\"><a href=\"https:\/\/sp5.pila.pl\/SP5\/wp-content\/uploads\/religia-wymagania-edukacyjne-klasy-1-3.pdf\"><img loading=\"lazy\" decoding=\"async\" class=\"alignnone\" src=\"https:\/\/sp5.pila.pl\/SP5\/wp-content\/uploads\/Ikona_PDF-e1536787409928.png\" alt=\"\" width=\"32\" height=\"32\"><\/a><\/span><\/strong><\/span><\/p>\n<p>&nbsp;<\/p>\n<p style=\"text-align: left;\"><span style=\"color: #999999;\"><span style=\"color: #800000;\"><strong>klas 4-8<\/strong><\/span><\/span><\/p>\n<table border=\"0\">\n<tbody>\n<tr>\n<td width=\"300\"><span style=\"color: #999999;\"><span style=\"color: #800000;\"><strong>j. polski<\/strong>&nbsp;<\/span> <\/span>&nbsp; <a href=\"https:\/\/sp5.pila.pl\/SP5\/wp-content\/uploads\/j-polski.pdf\"><img loading=\"lazy\" decoding=\"async\" class=\"alignnone\" src=\"https:\/\/sp5.pila.pl\/SP5\/wp-content\/uploads\/Ikona_PDF-e1536787409928.png\" alt=\"\" width=\"32\" height=\"32\"><\/a>\n<p><span style=\"color: #800000;\"><strong>j. niemiecki&nbsp;<\/strong><\/span> &nbsp; <a href=\"https:\/\/sp5.pila.pl\/SP5\/wp-content\/uploads\/niemiecki23.pdf\"><img decoding=\"async\" src=\"https:\/\/sp5.pila.pl\/SP5\/wp-content\/uploads\/Ikona_PDF-e1536787409928.png\"><\/a><\/p>\n<p><span style=\"color: #999999;\"><span style=\"color: #800000;\"><strong>j. angielski<\/strong><\/span>&nbsp;<\/span> &nbsp; <a href=\"https:\/\/sp5.pila.pl\/SP5\/wp-content\/uploads\/j.-angielski.pdf\"><img loading=\"lazy\" decoding=\"async\" class=\"alignnone\" src=\"https:\/\/sp5.pila.pl\/SP5\/wp-content\/uploads\/Ikona_PDF-e1536787409928.png\" alt=\"\" width=\"32\" height=\"32\"><\/a><\/p>\n<p><span style=\"color: #999999;\"><span style=\"color: #800000;\"><strong>matematyka<\/strong><\/span>&nbsp; &nbsp;<\/span> <a href=\"https:\/\/sp5.pila.pl\/SP5\/wp-content\/uploads\/matematyka.pdf\"><img loading=\"lazy\" decoding=\"async\" class=\"alignnone\" src=\"https:\/\/sp5.pila.pl\/SP5\/wp-content\/uploads\/Ikona_PDF-e1536787409928.png\" alt=\"\" width=\"32\" height=\"32\"><\/a><\/p>\n<p><span style=\"color: #800000;\"><strong>fizyka kl7<\/strong><\/span> <a href=\"https:\/\/sp5.pila.pl\/SP5\/wp-content\/uploads\/PSO-KLASA-7.pdf\"><img loading=\"lazy\" decoding=\"async\" class=\"alignnone\" src=\"https:\/\/sp5.pila.pl\/SP5\/wp-content\/uploads\/Ikona_PDF-e1536787409928.png\" alt=\"\" width=\"32\" height=\"32\"><\/a><span style=\"color: #800000;\"><strong>kl8<a href=\"https:\/\/sp5.pila.pl\/SP5\/wp-content\/uploads\/PSO-KLASA-8.pdf\" data-wp-editing=\"1\"><img loading=\"lazy\" decoding=\"async\" class=\"alignnone\" src=\"https:\/\/sp5.pila.pl\/SP5\/wp-content\/uploads\/Ikona_PDF-e1536787409928.png\" alt=\"\" width=\"32\" height=\"32\"><\/a><\/strong><\/span><\/p>\n<p><span style=\"color: #800000;\"><strong>edb<\/strong><\/span> <a href=\"https:\/\/sp5.pila.pl\/SP5\/wp-content\/uploads\/EDB.pdf\"><img loading=\"lazy\" decoding=\"async\" class=\"alignnone\" src=\"https:\/\/sp5.pila.pl\/SP5\/wp-content\/uploads\/Ikona_PDF-e1536787409928.png\" alt=\"\" width=\"32\" height=\"32\"><\/a><\/p>\n<\/td>\n<td width=\"300\"><span style=\"color: #999999;\"><span style=\"color: #800000;\"><strong>chemia<\/strong>&nbsp;<\/span> &nbsp; <a style=\"color: #999999;\" href=\"https:\/\/sp5.pila.pl\/SP5\/wp-content\/uploads\/CHEMIA-KLASA-7-i-8.pdf\"><img loading=\"lazy\" decoding=\"async\" class=\"alignnone\" src=\"https:\/\/sp5.pila.pl\/SP5\/wp-content\/uploads\/Ikona_PDF-e1536787409928.png\" alt=\"\" width=\"32\" height=\"32\"><\/a><\/span>\n<p><span style=\"color: #999999;\"><span style=\"color: #800000;\"><strong>biologia<\/strong><\/span>&nbsp; &nbsp; <a style=\"color: #999999;\" href=\"https:\/\/sp5.pila.pl\/SP5\/wp-content\/uploads\/biologia-1.pdf\"><img loading=\"lazy\" decoding=\"async\" class=\"alignnone\" src=\"https:\/\/sp5.pila.pl\/SP5\/wp-content\/uploads\/Ikona_PDF-e1536787409928.png\" alt=\"\" width=\"32\" height=\"32\"><\/a><\/span><\/p>\n<p><span style=\"color: #999999;\"><span style=\"color: #800000;\"><strong>geografia<\/strong><\/span>&nbsp; &nbsp; <a style=\"color: #999999;\" href=\"https:\/\/sp5.pila.pl\/SP5\/wp-content\/uploads\/geografia.pdf\"><img loading=\"lazy\" decoding=\"async\" class=\"alignnone\" src=\"https:\/\/sp5.pila.pl\/SP5\/wp-content\/uploads\/Ikona_PDF-e1536787409928.png\" alt=\"\" width=\"32\" height=\"32\"><\/a><\/span><\/p>\n<p><span style=\"color: #999999;\"><span style=\"color: #800000;\"><strong>historia<\/strong>&nbsp;<\/span> &nbsp; <a style=\"color: #999999;\" href=\"https:\/\/sp5.pila.pl\/SP5\/wp-content\/uploads\/historia-1.pdf\"><img loading=\"lazy\" decoding=\"async\" class=\"alignnone\" src=\"https:\/\/sp5.pila.pl\/SP5\/wp-content\/uploads\/Ikona_PDF-e1536787409928.png\" alt=\"\" width=\"32\" height=\"32\"><\/a><\/span><\/p>\n<p><span style=\"color: #999999;\"><span style=\"color: #800000;\"><strong>wos&nbsp;<\/strong><\/span> &nbsp; <a style=\"color: #999999;\" href=\"https:\/\/sp5.pila.pl\/SP5\/wp-content\/uploads\/wos-1.pdf\"><img loading=\"lazy\" decoding=\"async\" class=\"alignnone\" src=\"https:\/\/sp5.pila.pl\/SP5\/wp-content\/uploads\/Ikona_PDF-e1536787409928.png\" alt=\"\" width=\"32\" height=\"32\"><\/a><\/span><\/p>\n<p><span style=\"color: #800000;\"><strong>przyroda<\/strong><\/span><span style=\"color: #999999;\"> &nbsp;<\/span> <a href=\"https:\/\/sp5.pila.pl\/SP5\/wp-content\/uploads\/przyroda-1.pdf\"><img loading=\"lazy\" decoding=\"async\" class=\"alignnone\" src=\"https:\/\/sp5.pila.pl\/SP5\/wp-content\/uploads\/Ikona_PDF-e1536787409928.png\" alt=\"\" width=\"32\" height=\"32\"><\/a><\/p>\n<\/td>\n<td width=\"300\"><span style=\"color: #999999;\"><span style=\"color: #800000;\"><strong>technika<\/strong><\/span>&nbsp;<\/span> &nbsp; <a href=\"https:\/\/sp5.pila.pl\/SP5\/wp-content\/uploads\/TECHNIKA.pdf\"><img loading=\"lazy\" decoding=\"async\" class=\"alignnone\" src=\"https:\/\/sp5.pila.pl\/SP5\/wp-content\/uploads\/Ikona_PDF-e1536787409928.png\" alt=\"\" width=\"32\" height=\"32\"><\/a>\n<p><span style=\"color: #800000;\"><strong>plastyka<\/strong>&nbsp; &nbsp; <a style=\"color: #800000;\" href=\"https:\/\/sp5.pila.pl\/SP5\/wp-content\/uploads\/plastyka23.pdf\"><img decoding=\"async\" src=\"https:\/\/sp5.pila.pl\/SP5\/wp-content\/uploads\/Ikona_PDF-e1536787409928.png\"><\/a><\/span><\/p>\n<p><span style=\"color: #800000;\"><strong>muzyka<\/strong>&nbsp;<\/span> &nbsp; <a href=\"https:\/\/sp5.pila.pl\/SP5\/wp-content\/uploads\/muzyka23.pdf\"><img decoding=\"async\" src=\"https:\/\/sp5.pila.pl\/SP5\/wp-content\/uploads\/Ikona_PDF-e1536787409928.png\"><\/a><\/p>\n<p><span style=\"color: #800000;\"><strong>informatyka<\/strong><\/span>&nbsp; <a href=\"https:\/\/sp5.pila.pl\/SP5\/wp-content\/uploads\/informatyka2024.pdf\"><img loading=\"lazy\" decoding=\"async\" class=\"alignnone\" src=\"https:\/\/sp5.pila.pl\/SP5\/wp-content\/uploads\/Ikona_PDF-e1536787409928.png\" alt=\"\" width=\"32\" height=\"32\"><\/a><\/p>\n<p><span style=\"color: #800000;\"><strong>w-f&nbsp;<\/strong><\/span> &nbsp; <a href=\"https:\/\/sp5.pila.pl\/SP5\/wp-content\/uploads\/wf23.pdf\"><img decoding=\"async\" src=\"https:\/\/sp5.pila.pl\/SP5\/wp-content\/uploads\/Ikona_PDF-e1536787409928.png\"><\/a><\/p>\n<p><span style=\"color: #800000;\"><strong>religia&nbsp;<\/strong> <\/span>&nbsp; <a href=\"https:\/\/sp5.pila.pl\/SP5\/wp-content\/uploads\/religia23.pdf\"><img decoding=\"async\" src=\"https:\/\/sp5.pila.pl\/SP5\/wp-content\/uploads\/Ikona_PDF-e1536787409928.png\"><\/a><\/p>\n<\/td>\n<\/tr>\n<\/tbody>\n<\/table>\n\n\n<p><\/p>\n","protected":false},"excerpt":{"rendered":"<p>NA POSZCZEG\u00d3LNE OCENY \u015aR\u00d3DROCZNE\/ ROCZNE &nbsp; wymagania edukacyjne dla:&nbsp; &nbsp; &nbsp; &nbsp; &nbsp; &nbsp; &nbsp; &nbsp; klas 1 &nbsp; &nbsp; [&hellip;]<\/p>\n","protected":false},"author":1,"featured_media":0,"parent":0,"menu_order":0,"comment_status":"closed","ping_status":"closed","template":"","meta":{"_editorskit_title_hidden":false,"_editorskit_reading_time":0,"_editorskit_is_block_options_detached":false,"_editorskit_block_options_position":"{}","rop_custom_images_group":[],"rop_custom_messages_group":[],"rop_publish_now":"initial","rop_publish_now_accounts":[],"rop_publish_now_history":[],"rop_publish_now_status":"pending","_uag_custom_page_level_css":"","site-sidebar-layout":"default","site-content-layout":"","ast-site-content-layout":"default","site-content-style":"default","site-sidebar-style":"default","ast-global-header-display":"","ast-banner-title-visibility":"","ast-main-header-display":"","ast-hfb-above-header-display":"","ast-hfb-below-header-display":"","ast-hfb-mobile-header-display":"","site-post-title":"","ast-breadcrumbs-content":"","ast-featured-img":"","footer-sml-layout":"","ast-disable-related-posts":"","theme-transparent-header-meta":"","adv-header-id-meta":"","stick-header-meta":"","header-above-stick-meta":"","header-main-stick-meta":"","header-below-stick-meta":"","astra-migrate-meta-layouts":"default","ast-page-background-enabled":"default","ast-page-background-meta":{"desktop":{"background-color":"var(--ast-global-color-5)","background-image":"","background-repeat":"repeat","background-position":"center center","background-size":"auto","background-attachment":"scroll","background-type":"","background-media":"","overlay-type":"","overlay-color":"","overlay-opacity":"","overlay-gradient":""},"tablet":{"background-color":"","background-image":"","background-repeat":"repeat","background-position":"center center","background-size":"auto","background-attachment":"scroll","background-type":"","background-media":"","overlay-type":"","overlay-color":"","overlay-opacity":"","overlay-gradient":""},"mobile":{"background-color":"","background-image":"","background-repeat":"repeat","background-position":"center center","background-size":"auto","background-attachment":"scroll","background-type":"","background-media":"","overlay-type":"","overlay-color":"","overlay-opacity":"","overlay-gradient":""}},"ast-content-background-meta":{"desktop":{"background-color":"var(--ast-global-color-4)","background-image":"","background-repeat":"repeat","background-position":"center center","background-size":"auto","background-attachment":"scroll","background-type":"","background-media":"","overlay-type":"","overlay-color":"","overlay-opacity":"","overlay-gradient":""},"tablet":{"background-color":"var(--ast-global-color-4)","background-image":"","background-repeat":"repeat","background-position":"center center","background-size":"auto","background-attachment":"scroll","background-type":"","background-media":"","overlay-type":"","overlay-color":"","overlay-opacity":"","overlay-gradient":""},"mobile":{"background-color":"var(--ast-global-color-4)","background-image":"","background-repeat":"repeat","background-position":"center center","background-size":"auto","background-attachment":"scroll","background-type":"","background-media":"","overlay-type":"","overlay-color":"","overlay-opacity":"","overlay-gradient":""}},"ngg_post_thumbnail":0,"footnotes":""},"class_list":["post-37240","page","type-page","status-publish","hentry"],"uagb_featured_image_src":{"full":false,"thumbnail":false,"medium":false,"medium_large":false,"large":false,"1536x1536":false,"2048x2048":false},"uagb_author_info":{"display_name":"PMT","author_link":"https:\/\/sp5.pila.pl\/SP5\/author\/ludi\/"},"uagb_comment_info":0,"uagb_excerpt":"NA POSZCZEG\u00d3LNE OCENY \u015aR\u00d3DROCZNE\/ ROCZNE &nbsp; wymagania edukacyjne dla:&nbsp; &nbsp; &nbsp; &nbsp; &nbsp; &nbsp; &nbsp; &nbsp; klas 1 &nbsp; &nbsp; [&hellip;]","_links":{"self":[{"href":"https:\/\/sp5.pila.pl\/SP5\/wp-json\/wp\/v2\/pages\/37240","targetHints":{"allow":["GET"]}}],"collection":[{"href":"https:\/\/sp5.pila.pl\/SP5\/wp-json\/wp\/v2\/pages"}],"about":[{"href":"https:\/\/sp5.pila.pl\/SP5\/wp-json\/wp\/v2\/types\/page"}],"author":[{"embeddable":true,"href":"https:\/\/sp5.pila.pl\/SP5\/wp-json\/wp\/v2\/users\/1"}],"replies":[{"embeddable":true,"href":"https:\/\/sp5.pila.pl\/SP5\/wp-json\/wp\/v2\/comments?post=37240"}],"version-history":[{"count":27,"href":"https:\/\/sp5.pila.pl\/SP5\/wp-json\/wp\/v2\/pages\/37240\/revisions"}],"predecessor-version":[{"id":55067,"href":"https:\/\/sp5.pila.pl\/SP5\/wp-json\/wp\/v2\/pages\/37240\/revisions\/55067"}],"wp:attachment":[{"href":"https:\/\/sp5.pila.pl\/SP5\/wp-json\/wp\/v2\/media?parent=37240"}],"curies":[{"name":"wp","href":"https:\/\/api.w.org\/{rel}","templated":true}]}}