{"id":37291,"date":"2023-09-28T13:20:52","date_gmt":"2023-09-28T11:20:52","guid":{"rendered":"https:\/\/sp5.pila.pl\/SP5\/?page_id=37291"},"modified":"2025-01-08T14:36:12","modified_gmt":"2025-01-08T13:36:12","slug":"laboratorium-fotograficzne","status":"publish","type":"page","link":"https:\/\/sp5.pila.pl\/SP5\/laboratorium-fotograficzne\/","title":{"rendered":"Laboratorium fotograficzne"},"content":{"rendered":"<p>grudzie\u0144 2024<\/p>\n<p><strong>&nbsp;\u0106wiczenia z kompozycji zdj\u0119cia.<\/strong><\/p>\n<p style=\"text-align: center;\"><a href=\"https:\/\/sp5.pila.pl\/SP5\/wp-content\/uploads\/31.jpg\"><img loading=\"lazy\" decoding=\"async\" class=\"alignnone size-medium wp-image-48726\" src=\"https:\/\/sp5.pila.pl\/SP5\/wp-content\/uploads\/31-300x225.jpg\" alt=\"\" width=\"300\" height=\"225\" srcset=\"https:\/\/sp5.pila.pl\/SP5\/wp-content\/uploads\/31-300x225.jpg 300w, https:\/\/sp5.pila.pl\/SP5\/wp-content\/uploads\/31-768x576.jpg 768w, https:\/\/sp5.pila.pl\/SP5\/wp-content\/uploads\/31-655x491.jpg 655w, https:\/\/sp5.pila.pl\/SP5\/wp-content\/uploads\/31.jpg 1024w\" sizes=\"auto, (max-width: 300px) 100vw, 300px\" \/><\/a> <a href=\"https:\/\/sp5.pila.pl\/SP5\/wp-content\/uploads\/32.jpg\"><img loading=\"lazy\" decoding=\"async\" class=\"alignnone size-medium wp-image-48727\" src=\"https:\/\/sp5.pila.pl\/SP5\/wp-content\/uploads\/32-300x225.jpg\" alt=\"\" width=\"300\" height=\"225\" srcset=\"https:\/\/sp5.pila.pl\/SP5\/wp-content\/uploads\/32-300x225.jpg 300w, https:\/\/sp5.pila.pl\/SP5\/wp-content\/uploads\/32-768x576.jpg 768w, https:\/\/sp5.pila.pl\/SP5\/wp-content\/uploads\/32-655x491.jpg 655w, https:\/\/sp5.pila.pl\/SP5\/wp-content\/uploads\/32.jpg 1024w\" sizes=\"auto, (max-width: 300px) 100vw, 300px\" \/><\/a> <a href=\"https:\/\/sp5.pila.pl\/SP5\/wp-content\/uploads\/30.jpeg\"><img loading=\"lazy\" decoding=\"async\" class=\"alignnone size-medium wp-image-48725\" src=\"https:\/\/sp5.pila.pl\/SP5\/wp-content\/uploads\/30-300x225.jpeg\" alt=\"\" width=\"300\" height=\"225\" srcset=\"https:\/\/sp5.pila.pl\/SP5\/wp-content\/uploads\/30-300x225.jpeg 300w, https:\/\/sp5.pila.pl\/SP5\/wp-content\/uploads\/30-768x576.jpeg 768w, https:\/\/sp5.pila.pl\/SP5\/wp-content\/uploads\/30-655x491.jpeg 655w, https:\/\/sp5.pila.pl\/SP5\/wp-content\/uploads\/30.jpeg 1024w\" sizes=\"auto, (max-width: 300px) 100vw, 300px\" \/><\/a> <a href=\"https:\/\/sp5.pila.pl\/SP5\/wp-content\/uploads\/29.jpeg\"><img loading=\"lazy\" decoding=\"async\" class=\"alignnone size-medium wp-image-48724\" src=\"https:\/\/sp5.pila.pl\/SP5\/wp-content\/uploads\/29-300x225.jpeg\" alt=\"\" width=\"300\" height=\"225\" srcset=\"https:\/\/sp5.pila.pl\/SP5\/wp-content\/uploads\/29-300x225.jpeg 300w, https:\/\/sp5.pila.pl\/SP5\/wp-content\/uploads\/29-768x576.jpeg 768w, https:\/\/sp5.pila.pl\/SP5\/wp-content\/uploads\/29-655x491.jpeg 655w, https:\/\/sp5.pila.pl\/SP5\/wp-content\/uploads\/29.jpeg 1024w\" sizes=\"auto, (max-width: 300px) 100vw, 300px\" \/>&nbsp;<\/a> <a href=\"https:\/\/sp5.pila.pl\/SP5\/wp-content\/uploads\/28.jpeg\"><img loading=\"lazy\" decoding=\"async\" class=\"alignnone size-medium wp-image-48723\" src=\"https:\/\/sp5.pila.pl\/SP5\/wp-content\/uploads\/28-258x300.jpeg\" alt=\"\" width=\"258\" height=\"300\" srcset=\"https:\/\/sp5.pila.pl\/SP5\/wp-content\/uploads\/28-258x300.jpeg 258w, https:\/\/sp5.pila.pl\/SP5\/wp-content\/uploads\/28-655x761.jpeg 655w, https:\/\/sp5.pila.pl\/SP5\/wp-content\/uploads\/28.jpeg 661w\" sizes=\"auto, (max-width: 258px) 100vw, 258px\" \/>&nbsp;<\/a> <a href=\"https:\/\/sp5.pila.pl\/SP5\/wp-content\/uploads\/27.jpeg\"><img loading=\"lazy\" decoding=\"async\" class=\"alignnone size-medium wp-image-48722\" src=\"https:\/\/sp5.pila.pl\/SP5\/wp-content\/uploads\/27-300x225.jpeg\" alt=\"\" width=\"300\" height=\"225\" srcset=\"https:\/\/sp5.pila.pl\/SP5\/wp-content\/uploads\/27-300x225.jpeg 300w, https:\/\/sp5.pila.pl\/SP5\/wp-content\/uploads\/27-768x576.jpeg 768w, https:\/\/sp5.pila.pl\/SP5\/wp-content\/uploads\/27-655x491.jpeg 655w, https:\/\/sp5.pila.pl\/SP5\/wp-content\/uploads\/27.jpeg 1024w\" sizes=\"auto, (max-width: 300px) 100vw, 300px\" \/>&nbsp;<\/a> <a href=\"https:\/\/sp5.pila.pl\/SP5\/wp-content\/uploads\/26.jpeg\"><img loading=\"lazy\" decoding=\"async\" class=\"alignnone size-medium wp-image-48720\" src=\"https:\/\/sp5.pila.pl\/SP5\/wp-content\/uploads\/26-195x300.jpeg\" alt=\"\" width=\"195\" height=\"300\" srcset=\"https:\/\/sp5.pila.pl\/SP5\/wp-content\/uploads\/26-195x300.jpeg 195w, https:\/\/sp5.pila.pl\/SP5\/wp-content\/uploads\/26.jpeg 498w\" sizes=\"auto, (max-width: 195px) 100vw, 195px\" \/><\/a> <a href=\"https:\/\/sp5.pila.pl\/SP5\/wp-content\/uploads\/25.jpeg\"><img loading=\"lazy\" decoding=\"async\" class=\"alignnone size-medium wp-image-48719\" src=\"https:\/\/sp5.pila.pl\/SP5\/wp-content\/uploads\/25-216x300.jpeg\" alt=\"\" width=\"216\" height=\"300\" srcset=\"https:\/\/sp5.pila.pl\/SP5\/wp-content\/uploads\/25-216x300.jpeg 216w, https:\/\/sp5.pila.pl\/SP5\/wp-content\/uploads\/25.jpeg 553w\" sizes=\"auto, (max-width: 216px) 100vw, 216px\" \/><\/a> &nbsp;<a href=\"https:\/\/sp5.pila.pl\/SP5\/wp-content\/uploads\/34.jpeg\"><img loading=\"lazy\" decoding=\"async\" class=\"alignnone size-medium wp-image-48718\" src=\"https:\/\/sp5.pila.pl\/SP5\/wp-content\/uploads\/34-258x300.jpeg\" alt=\"\" width=\"258\" height=\"300\" srcset=\"https:\/\/sp5.pila.pl\/SP5\/wp-content\/uploads\/34-258x300.jpeg 258w, https:\/\/sp5.pila.pl\/SP5\/wp-content\/uploads\/34-655x761.jpeg 655w, https:\/\/sp5.pila.pl\/SP5\/wp-content\/uploads\/34.jpeg 661w\" sizes=\"auto, (max-width: 258px) 100vw, 258px\" \/><\/a> <a href=\"https:\/\/sp5.pila.pl\/SP5\/wp-content\/uploads\/33.jpeg\">&nbsp;<img loading=\"lazy\" decoding=\"async\" class=\"alignnone size-medium wp-image-48717\" src=\"https:\/\/sp5.pila.pl\/SP5\/wp-content\/uploads\/33-280x300.jpeg\" alt=\"\" width=\"280\" height=\"300\" srcset=\"https:\/\/sp5.pila.pl\/SP5\/wp-content\/uploads\/33-280x300.jpeg 280w, https:\/\/sp5.pila.pl\/SP5\/wp-content\/uploads\/33-655x701.jpeg 655w, https:\/\/sp5.pila.pl\/SP5\/wp-content\/uploads\/33.jpeg 718w\" sizes=\"auto, (max-width: 280px) 100vw, 280px\" \/> &nbsp;<\/a><a href=\"https:\/\/sp5.pila.pl\/SP5\/wp-content\/uploads\/24-rotated.jpg\"><img loading=\"lazy\" decoding=\"async\" class=\"alignnone size-medium wp-image-48708\" src=\"https:\/\/sp5.pila.pl\/SP5\/wp-content\/uploads\/24-225x300.jpg\" alt=\"\" width=\"225\" height=\"300\" srcset=\"https:\/\/sp5.pila.pl\/SP5\/wp-content\/uploads\/24-225x300.jpg 225w, https:\/\/sp5.pila.pl\/SP5\/wp-content\/uploads\/24-655x873.jpg 655w, https:\/\/sp5.pila.pl\/SP5\/wp-content\/uploads\/24-rotated.jpg 768w\" sizes=\"auto, (max-width: 225px) 100vw, 225px\" \/><\/a><a href=\"https:\/\/sp5.pila.pl\/SP5\/wp-content\/uploads\/23.jpg\"><img loading=\"lazy\" decoding=\"async\" class=\"alignnone size-medium wp-image-48705\" src=\"https:\/\/sp5.pila.pl\/SP5\/wp-content\/uploads\/23-300x225.jpg\" alt=\"\" width=\"300\" height=\"225\" srcset=\"https:\/\/sp5.pila.pl\/SP5\/wp-content\/uploads\/23-300x225.jpg 300w, https:\/\/sp5.pila.pl\/SP5\/wp-content\/uploads\/23-768x576.jpg 768w, https:\/\/sp5.pila.pl\/SP5\/wp-content\/uploads\/23-655x491.jpg 655w, https:\/\/sp5.pila.pl\/SP5\/wp-content\/uploads\/23.jpg 1024w\" sizes=\"auto, (max-width: 300px) 100vw, 300px\" \/>&nbsp; <\/a>&nbsp;<a href=\"https:\/\/sp5.pila.pl\/SP5\/wp-content\/uploads\/22-1-rotated.jpg\">&nbsp;<img loading=\"lazy\" decoding=\"async\" class=\"alignnone size-medium wp-image-48703\" src=\"https:\/\/sp5.pila.pl\/SP5\/wp-content\/uploads\/22-1-225x300.jpg\" alt=\"\" width=\"225\" height=\"300\" srcset=\"https:\/\/sp5.pila.pl\/SP5\/wp-content\/uploads\/22-1-225x300.jpg 225w, https:\/\/sp5.pila.pl\/SP5\/wp-content\/uploads\/22-1-655x873.jpg 655w, https:\/\/sp5.pila.pl\/SP5\/wp-content\/uploads\/22-1-rotated.jpg 768w\" sizes=\"auto, (max-width: 225px) 100vw, 225px\" \/><\/a><\/p>\n<p style=\"text-align: center;\"><a href=\"https:\/\/sp5.pila.pl\/SP5\/wp-content\/uploads\/16-rotated.jpeg\"><img loading=\"lazy\" decoding=\"async\" class=\"alignnone size-medium wp-image-48704\" src=\"https:\/\/sp5.pila.pl\/SP5\/wp-content\/uploads\/16-225x300.jpeg\" alt=\"\" width=\"225\" height=\"300\" srcset=\"https:\/\/sp5.pila.pl\/SP5\/wp-content\/uploads\/16-225x300.jpeg 225w, https:\/\/sp5.pila.pl\/SP5\/wp-content\/uploads\/16-655x873.jpeg 655w, https:\/\/sp5.pila.pl\/SP5\/wp-content\/uploads\/16-rotated.jpeg 768w\" sizes=\"auto, (max-width: 225px) 100vw, 225px\" \/><\/a> <a href=\"https:\/\/sp5.pila.pl\/SP5\/wp-content\/uploads\/21.jpeg\"><img loading=\"lazy\" decoding=\"async\" class=\"alignnone size-medium wp-image-48721\" src=\"https:\/\/sp5.pila.pl\/SP5\/wp-content\/uploads\/21-300x225.jpeg\" alt=\"\" width=\"300\" height=\"225\" srcset=\"https:\/\/sp5.pila.pl\/SP5\/wp-content\/uploads\/21-300x225.jpeg 300w, https:\/\/sp5.pila.pl\/SP5\/wp-content\/uploads\/21-768x576.jpeg 768w, https:\/\/sp5.pila.pl\/SP5\/wp-content\/uploads\/21-655x491.jpeg 655w, https:\/\/sp5.pila.pl\/SP5\/wp-content\/uploads\/21.jpeg 1024w\" sizes=\"auto, (max-width: 300px) 100vw, 300px\" \/><\/a> <a href=\"https:\/\/sp5.pila.pl\/SP5\/wp-content\/uploads\/20-rotated.jpeg\"><img loading=\"lazy\" decoding=\"async\" class=\"alignnone size-medium wp-image-48711\" src=\"https:\/\/sp5.pila.pl\/SP5\/wp-content\/uploads\/20-225x300.jpeg\" alt=\"\" width=\"225\" height=\"300\" srcset=\"https:\/\/sp5.pila.pl\/SP5\/wp-content\/uploads\/20-225x300.jpeg 225w, https:\/\/sp5.pila.pl\/SP5\/wp-content\/uploads\/20-655x873.jpeg 655w, https:\/\/sp5.pila.pl\/SP5\/wp-content\/uploads\/20-rotated.jpeg 768w\" sizes=\"auto, (max-width: 225px) 100vw, 225px\" \/><\/a> <a href=\"https:\/\/sp5.pila.pl\/SP5\/wp-content\/uploads\/19-rotated.jpeg\"><img loading=\"lazy\" decoding=\"async\" class=\"alignnone size-medium wp-image-48710\" src=\"https:\/\/sp5.pila.pl\/SP5\/wp-content\/uploads\/19-225x300.jpeg\" alt=\"\" width=\"225\" height=\"300\" srcset=\"https:\/\/sp5.pila.pl\/SP5\/wp-content\/uploads\/19-225x300.jpeg 225w, https:\/\/sp5.pila.pl\/SP5\/wp-content\/uploads\/19-655x873.jpeg 655w, https:\/\/sp5.pila.pl\/SP5\/wp-content\/uploads\/19-rotated.jpeg 768w\" sizes=\"auto, (max-width: 225px) 100vw, 225px\" \/><\/a> <a href=\"https:\/\/sp5.pila.pl\/SP5\/wp-content\/uploads\/19a-rotated.jpeg\"><img loading=\"lazy\" decoding=\"async\" class=\"alignnone size-medium wp-image-48709\" src=\"https:\/\/sp5.pila.pl\/SP5\/wp-content\/uploads\/19a-225x300.jpeg\" alt=\"\" width=\"225\" height=\"300\" srcset=\"https:\/\/sp5.pila.pl\/SP5\/wp-content\/uploads\/19a-225x300.jpeg 225w, https:\/\/sp5.pila.pl\/SP5\/wp-content\/uploads\/19a-655x873.jpeg 655w, https:\/\/sp5.pila.pl\/SP5\/wp-content\/uploads\/19a-rotated.jpeg 768w\" sizes=\"auto, (max-width: 225px) 100vw, 225px\" \/><\/a> <a href=\"https:\/\/sp5.pila.pl\/SP5\/wp-content\/uploads\/18-rotated.jpeg\"><img loading=\"lazy\" decoding=\"async\" class=\"alignnone size-medium wp-image-48707\" src=\"https:\/\/sp5.pila.pl\/SP5\/wp-content\/uploads\/18-225x300.jpeg\" alt=\"\" width=\"225\" height=\"300\" srcset=\"https:\/\/sp5.pila.pl\/SP5\/wp-content\/uploads\/18-225x300.jpeg 225w, https:\/\/sp5.pila.pl\/SP5\/wp-content\/uploads\/18-655x873.jpeg 655w, https:\/\/sp5.pila.pl\/SP5\/wp-content\/uploads\/18-rotated.jpeg 768w\" sizes=\"auto, (max-width: 225px) 100vw, 225px\" \/><\/a> <a href=\"https:\/\/sp5.pila.pl\/SP5\/wp-content\/uploads\/17-rotated.jpeg\"><img loading=\"lazy\" decoding=\"async\" class=\"alignnone size-medium wp-image-48706\" src=\"https:\/\/sp5.pila.pl\/SP5\/wp-content\/uploads\/17-225x300.jpeg\" alt=\"\" width=\"225\" height=\"300\" srcset=\"https:\/\/sp5.pila.pl\/SP5\/wp-content\/uploads\/17-225x300.jpeg 225w, https:\/\/sp5.pila.pl\/SP5\/wp-content\/uploads\/17-655x873.jpeg 655w, https:\/\/sp5.pila.pl\/SP5\/wp-content\/uploads\/17-rotated.jpeg 768w\" sizes=\"auto, (max-width: 225px) 100vw, 225px\" \/><\/a><\/p>\n<p style=\"text-align: center;\"><a href=\"https:\/\/sp5.pila.pl\/SP5\/wp-content\/uploads\/11-5.jpg\"><img loading=\"lazy\" decoding=\"async\" class=\"alignnone size-medium wp-image-48712\" src=\"https:\/\/sp5.pila.pl\/SP5\/wp-content\/uploads\/11-5-134x300.jpg\" alt=\"\" width=\"134\" height=\"300\" srcset=\"https:\/\/sp5.pila.pl\/SP5\/wp-content\/uploads\/11-5-134x300.jpg 134w, https:\/\/sp5.pila.pl\/SP5\/wp-content\/uploads\/11-5.jpg 344w\" sizes=\"auto, (max-width: 134px) 100vw, 134px\" \/> &nbsp;<\/a><a href=\"https:\/\/sp5.pila.pl\/SP5\/wp-content\/uploads\/12-4.jpg\"><img loading=\"lazy\" decoding=\"async\" class=\"alignnone size-medium wp-image-48713\" src=\"https:\/\/sp5.pila.pl\/SP5\/wp-content\/uploads\/12-4-225x300.jpg\" alt=\"\" width=\"225\" height=\"300\" srcset=\"https:\/\/sp5.pila.pl\/SP5\/wp-content\/uploads\/12-4-225x300.jpg 225w, https:\/\/sp5.pila.pl\/SP5\/wp-content\/uploads\/12-4.jpg 576w\" sizes=\"auto, (max-width: 225px) 100vw, 225px\" \/> &nbsp;<\/a><a href=\"https:\/\/sp5.pila.pl\/SP5\/wp-content\/uploads\/13-2.jpg\"><img loading=\"lazy\" decoding=\"async\" class=\"alignnone size-medium wp-image-48714\" src=\"https:\/\/sp5.pila.pl\/SP5\/wp-content\/uploads\/13-2-225x300.jpg\" alt=\"\" width=\"225\" height=\"300\" srcset=\"https:\/\/sp5.pila.pl\/SP5\/wp-content\/uploads\/13-2-225x300.jpg 225w, https:\/\/sp5.pila.pl\/SP5\/wp-content\/uploads\/13-2.jpg 576w\" sizes=\"auto, (max-width: 225px) 100vw, 225px\" \/>&nbsp; <\/a><a href=\"https:\/\/sp5.pila.pl\/SP5\/wp-content\/uploads\/14.jpg\"><img loading=\"lazy\" decoding=\"async\" class=\"alignnone size-medium wp-image-48715\" src=\"https:\/\/sp5.pila.pl\/SP5\/wp-content\/uploads\/14-225x300.jpg\" alt=\"\" width=\"225\" height=\"300\" srcset=\"https:\/\/sp5.pila.pl\/SP5\/wp-content\/uploads\/14-225x300.jpg 225w, https:\/\/sp5.pila.pl\/SP5\/wp-content\/uploads\/14.jpg 576w\" sizes=\"auto, (max-width: 225px) 100vw, 225px\" \/><\/a><\/p>\n<p style=\"text-align: center;\"><a href=\"https:\/\/sp5.pila.pl\/SP5\/wp-content\/uploads\/15.jpg\"><img loading=\"lazy\" decoding=\"async\" class=\"alignnone wp-image-48716\" src=\"https:\/\/sp5.pila.pl\/SP5\/wp-content\/uploads\/15-300x134.jpg\" alt=\"\" width=\"403\" height=\"180\" srcset=\"https:\/\/sp5.pila.pl\/SP5\/wp-content\/uploads\/15-300x134.jpg 300w, https:\/\/sp5.pila.pl\/SP5\/wp-content\/uploads\/15-768x344.jpg 768w, https:\/\/sp5.pila.pl\/SP5\/wp-content\/uploads\/15-655x294.jpg 655w, https:\/\/sp5.pila.pl\/SP5\/wp-content\/uploads\/15.jpg 1024w\" sizes=\"auto, (max-width: 403px) 100vw, 403px\" \/><\/a><\/p>\n<p>czerwiec 2024<\/p>\n<p><strong>fotigrafia produktowa i multiekspozycja.<\/strong><\/p>\n<p><a href=\"https:\/\/sp5.pila.pl\/SP5\/laboratorium-fotograficzne\/dsc_0164\/\" rel=\"attachment wp-att-44541\"><img loading=\"lazy\" decoding=\"async\" class=\"aligncenter size-medium wp-image-44541\" src=\"https:\/\/sp5.pila.pl\/SP5\/wp-content\/uploads\/DSC_0164-242x300.jpg\" alt=\"\" width=\"242\" height=\"300\" srcset=\"https:\/\/sp5.pila.pl\/SP5\/wp-content\/uploads\/DSC_0164-242x300.jpg 242w, https:\/\/sp5.pila.pl\/SP5\/wp-content\/uploads\/DSC_0164.jpg 619w\" sizes=\"auto, (max-width: 242px) 100vw, 242px\" \/><\/a><\/p>\n<p style=\"text-align: center;\"><a href=\"https:\/\/sp5.pila.pl\/SP5\/galeria-2023-24\/nggallery\/album\/2024-06-17-laboratorium-fotograficzne-fotigrafia-produktowa-i-multiekspozycja\"><strong>&gt;&gt; galeria zdj\u0119\u0107 &lt;&lt;<\/strong><\/a><\/p>\n<hr>\n<p>grudzie\u0144 2022<\/p>\n<p><strong class=\"gwp2969b821_transfer_display_name_with_message\">fotograficzna sesja \u015bwi\u0105teczna 2022<\/strong><\/p>\n<p>W ramach zaj\u0119\u0107 fotograficznych w szkolnym Laboratorium Przysz\u0142o\u015bci, uczniowie mieli okazj\u0119:<\/p>\n<p style=\"text-align: left;\">&#8211; pozowa\u0107 do zdj\u0119\u0107 podczas sesji \u015bwi\u0105tecznej:<\/p>\n<p style=\"text-align: center;\"><a href=\"https:\/\/sp5.pila.pl\/SP5\/laboratoria-przyszlosci\/nggallery\/pracownia-robotyki\/2022-12-sesja-swiateczna\" rel=\"attachment wp-att-39224\"><img loading=\"lazy\" decoding=\"async\" class=\"aligncenter size-medium wp-image-39224\" src=\"https:\/\/sp5.pila.pl\/SP5\/wp-content\/uploads\/DSC_9345-300x206.jpg\" alt=\"\" width=\"300\" height=\"206\" srcset=\"https:\/\/sp5.pila.pl\/SP5\/wp-content\/uploads\/DSC_9345-300x206.jpg 300w, https:\/\/sp5.pila.pl\/SP5\/wp-content\/uploads\/DSC_9345-768x527.jpg 768w, https:\/\/sp5.pila.pl\/SP5\/wp-content\/uploads\/DSC_9345-655x450.jpg 655w, https:\/\/sp5.pila.pl\/SP5\/wp-content\/uploads\/DSC_9345.jpg 1024w\" sizes=\"auto, (max-width: 300px) 100vw, 300px\" \/>ALBUM \u015awi\u0105teczny 2022<\/a><\/p>\n<p>&#8211; oraz sesji dyniowej:<\/p>\n<p style=\"text-align: center;\"><a href=\"https:\/\/sp5.pila.pl\/SP5\/laboratoria-przyszlosci\/nggallery\/pracownia-robotyki\/2022-12-dynia1\"><img loading=\"lazy\" decoding=\"async\" class=\"aligncenter size-medium wp-image-39217\" src=\"https:\/\/sp5.pila.pl\/SP5\/wp-content\/uploads\/DSC_7786-242x300.jpg\" alt=\"\" width=\"242\" height=\"300\" srcset=\"https:\/\/sp5.pila.pl\/SP5\/wp-content\/uploads\/DSC_7786-242x300.jpg 242w, https:\/\/sp5.pila.pl\/SP5\/wp-content\/uploads\/DSC_7786.jpg 620w\" sizes=\"auto, (max-width: 242px) 100vw, 242px\" \/>ALBUM 1<\/a><\/p>\n<p>&nbsp;<\/p>\n<p style=\"text-align: center;\"><a href=\"https:\/\/sp5.pila.pl\/SP5\/laboratoria-przyszlosci\/nggallery\/pracownia-robotyki\/2022-12-sesja-dynia2\" rel=\"attachment wp-att-39219\"><img loading=\"lazy\" decoding=\"async\" class=\"aligncenter size-medium wp-image-39219\" src=\"https:\/\/sp5.pila.pl\/SP5\/wp-content\/uploads\/2-2-1-300x200.jpg\" alt=\"\" width=\"300\" height=\"200\" srcset=\"https:\/\/sp5.pila.pl\/SP5\/wp-content\/uploads\/2-2-1-300x200.jpg 300w, https:\/\/sp5.pila.pl\/SP5\/wp-content\/uploads\/2-2-1-768x513.jpg 768w, https:\/\/sp5.pila.pl\/SP5\/wp-content\/uploads\/2-2-1-655x438.jpg 655w, https:\/\/sp5.pila.pl\/SP5\/wp-content\/uploads\/2-2-1.jpg 1024w\" sizes=\"auto, (max-width: 300px) 100vw, 300px\" \/>Album 2<\/a><\/p>\n<p>Uczyli si\u0119 odpowiedniego pozowania oraz dobierania kolor\u00f3w i dodatk\u00f3w do sesji.<br \/>\nZapoznali si\u0119 tak\u017ce z poj\u0119ciem \u015bwiat\u0142a sta\u0142ego, stosowanego podczas wykonywania zdj\u0119\u0107.<\/p>\n<hr>\n<p>Uczniowie klas 7 mieli okazj\u0119 zapozna\u0107 si\u0119 z r\u00f3\u017cnymi ustawieniami aparatu cyfrowego, tworz\u0105c \u015bwietlne napisy z wykorzystaniem r\u00f3\u017cnych \u017ar\u00f3de\u0142 \u015bwiat\u0142a:<\/p>\n<p style=\"text-align: center;\"><a href=\"https:\/\/sp5.pila.pl\/SP5\/laboratoria-przyszlosci\/nggallery\/pracownia-robotyki\/2022-12-sesja-swietlne-napisy\" rel=\"attachment wp-att-39222\"><img loading=\"lazy\" decoding=\"async\" class=\"aligncenter size-medium wp-image-39222\" src=\"https:\/\/sp5.pila.pl\/SP5\/wp-content\/uploads\/DSC_7733-300x209.jpg\" alt=\"\" width=\"300\" height=\"209\" srcset=\"https:\/\/sp5.pila.pl\/SP5\/wp-content\/uploads\/DSC_7733-300x209.jpg 300w, https:\/\/sp5.pila.pl\/SP5\/wp-content\/uploads\/DSC_7733-768x535.jpg 768w, https:\/\/sp5.pila.pl\/SP5\/wp-content\/uploads\/DSC_7733-655x456.jpg 655w, https:\/\/sp5.pila.pl\/SP5\/wp-content\/uploads\/DSC_7733.jpg 1024w\" sizes=\"auto, (max-width: 300px) 100vw, 300px\" \/>Album \u015bwiat\u0142a<\/a><\/p>\n","protected":false},"excerpt":{"rendered":"<p>grudzie\u0144 2024 &nbsp;\u0106wiczenia z kompozycji zdj\u0119cia. &nbsp; &nbsp; &nbsp; &nbsp; &nbsp; &nbsp;&nbsp; &nbsp;&nbsp; &nbsp; &nbsp;&nbsp; czerwiec 2024 fotigrafia produktowa i [&hellip;]<\/p>\n","protected":false},"author":1,"featured_media":0,"parent":0,"menu_order":0,"comment_status":"closed","ping_status":"closed","template":"","meta":{"_editorskit_title_hidden":false,"_editorskit_reading_time":0,"_editorskit_is_block_options_detached":false,"_editorskit_block_options_position":"{}","rop_custom_images_group":[],"rop_custom_messages_group":[],"rop_publish_now":"initial","rop_publish_now_accounts":[],"rop_publish_now_history":[],"rop_publish_now_status":"pending","_uag_custom_page_level_css":"","site-sidebar-layout":"default","site-content-layout":"","ast-site-content-layout":"default","site-content-style":"default","site-sidebar-style":"default","ast-global-header-display":"","ast-banner-title-visibility":"","ast-main-header-display":"","ast-hfb-above-header-display":"","ast-hfb-below-header-display":"","ast-hfb-mobile-header-display":"","site-post-title":"","ast-breadcrumbs-content":"","ast-featured-img":"","footer-sml-layout":"","ast-disable-related-posts":"","theme-transparent-header-meta":"","adv-header-id-meta":"","stick-header-meta":"","header-above-stick-meta":"","header-main-stick-meta":"","header-below-stick-meta":"","astra-migrate-meta-layouts":"default","ast-page-background-enabled":"default","ast-page-background-meta":{"desktop":{"background-color":"var(--ast-global-color-5)","background-image":"","background-repeat":"repeat","background-position":"center center","background-size":"auto","background-attachment":"scroll","background-type":"","background-media":"","overlay-type":"","overlay-color":"","overlay-opacity":"","overlay-gradient":""},"tablet":{"background-color":"","background-image":"","background-repeat":"repeat","background-position":"center center","background-size":"auto","background-attachment":"scroll","background-type":"","background-media":"","overlay-type":"","overlay-color":"","overlay-opacity":"","overlay-gradient":""},"mobile":{"background-color":"","background-image":"","background-repeat":"repeat","background-position":"center center","background-size":"auto","background-attachment":"scroll","background-type":"","background-media":"","overlay-type":"","overlay-color":"","overlay-opacity":"","overlay-gradient":""}},"ast-content-background-meta":{"desktop":{"background-color":"var(--ast-global-color-4)","background-image":"","background-repeat":"repeat","background-position":"center center","background-size":"auto","background-attachment":"scroll","background-type":"","background-media":"","overlay-type":"","overlay-color":"","overlay-opacity":"","overlay-gradient":""},"tablet":{"background-color":"var(--ast-global-color-4)","background-image":"","background-repeat":"repeat","background-position":"center center","background-size":"auto","background-attachment":"scroll","background-type":"","background-media":"","overlay-type":"","overlay-color":"","overlay-opacity":"","overlay-gradient":""},"mobile":{"background-color":"var(--ast-global-color-4)","background-image":"","background-repeat":"repeat","background-position":"center center","background-size":"auto","background-attachment":"scroll","background-type":"","background-media":"","overlay-type":"","overlay-color":"","overlay-opacity":"","overlay-gradient":""}},"ngg_post_thumbnail":0,"footnotes":""},"class_list":["post-37291","page","type-page","status-publish","hentry"],"uagb_featured_image_src":{"full":false,"thumbnail":false,"medium":false,"medium_large":false,"large":false,"1536x1536":false,"2048x2048":false},"uagb_author_info":{"display_name":"PMT","author_link":"https:\/\/sp5.pila.pl\/SP5\/author\/ludi\/"},"uagb_comment_info":0,"uagb_excerpt":"grudzie\u0144 2024 &nbsp;\u0106wiczenia z kompozycji zdj\u0119cia. &nbsp; &nbsp; &nbsp; &nbsp; &nbsp; &nbsp;&nbsp; &nbsp;&nbsp; &nbsp; &nbsp;&nbsp; czerwiec 2024 fotigrafia produktowa i [&hellip;]","_links":{"self":[{"href":"https:\/\/sp5.pila.pl\/SP5\/wp-json\/wp\/v2\/pages\/37291","targetHints":{"allow":["GET"]}}],"collection":[{"href":"https:\/\/sp5.pila.pl\/SP5\/wp-json\/wp\/v2\/pages"}],"about":[{"href":"https:\/\/sp5.pila.pl\/SP5\/wp-json\/wp\/v2\/types\/page"}],"author":[{"embeddable":true,"href":"https:\/\/sp5.pila.pl\/SP5\/wp-json\/wp\/v2\/users\/1"}],"replies":[{"embeddable":true,"href":"https:\/\/sp5.pila.pl\/SP5\/wp-json\/wp\/v2\/comments?post=37291"}],"version-history":[{"count":14,"href":"https:\/\/sp5.pila.pl\/SP5\/wp-json\/wp\/v2\/pages\/37291\/revisions"}],"predecessor-version":[{"id":48730,"href":"https:\/\/sp5.pila.pl\/SP5\/wp-json\/wp\/v2\/pages\/37291\/revisions\/48730"}],"wp:attachment":[{"href":"https:\/\/sp5.pila.pl\/SP5\/wp-json\/wp\/v2\/media?parent=37291"}],"curies":[{"name":"wp","href":"https:\/\/api.w.org\/{rel}","templated":true}]}}