{"id":40085,"date":"2023-12-01T07:45:03","date_gmt":"2023-12-01T06:45:03","guid":{"rendered":"https:\/\/sp5.pila.pl\/SP5\/?page_id=40085"},"modified":"2023-12-21T15:42:57","modified_gmt":"2023-12-21T14:42:57","slug":"matematyczne-zagadki-adwentowe","status":"publish","type":"page","link":"https:\/\/sp5.pila.pl\/SP5\/matematyczne-zagadki-adwentowe\/","title":{"rendered":"MATEMATYCZNE ZAGADKI ADWENTOWE"},"content":{"rendered":"<h1 style=\"text-align: center;\"><strong><span style=\"color: #ff0000;\">WESO\u0141YCH \u015aWI\u0104T<\/span><\/strong><\/h1>\n<p style=\"text-align: center;\">22 grudnia<\/p>\n<p><a href=\"https:\/\/sp5.pila.pl\/SP5\/matematyczne-zagadki-adwentowe\/zrzut-ekranu-2023-12-21-154103\/\" rel=\"attachment wp-att-40643\"><img loading=\"lazy\" decoding=\"async\" class=\"aligncenter size-full wp-image-40643\" src=\"https:\/\/sp5.pila.pl\/SP5\/wp-content\/uploads\/Zrzut-ekranu-2023-12-21-154103.png\" alt=\"\" width=\"499\" height=\"766\" srcset=\"https:\/\/sp5.pila.pl\/SP5\/wp-content\/uploads\/Zrzut-ekranu-2023-12-21-154103.png 499w, https:\/\/sp5.pila.pl\/SP5\/wp-content\/uploads\/Zrzut-ekranu-2023-12-21-154103-195x300.png 195w\" sizes=\"auto, (max-width: 499px) 100vw, 499px\" \/><\/a><\/p>\n<hr>\n<p style=\"text-align: center;\">21 grudnia<\/p>\n<p><a href=\"https:\/\/sp5.pila.pl\/SP5\/matematyczne-zagadki-adwentowe\/zrzut-ekranu-2023-12-21-154053\/\" rel=\"attachment wp-att-40642\"><img loading=\"lazy\" decoding=\"async\" class=\"aligncenter size-full wp-image-40642\" src=\"https:\/\/sp5.pila.pl\/SP5\/wp-content\/uploads\/Zrzut-ekranu-2023-12-21-154053.png\" alt=\"\" width=\"471\" height=\"603\" srcset=\"https:\/\/sp5.pila.pl\/SP5\/wp-content\/uploads\/Zrzut-ekranu-2023-12-21-154053.png 471w, https:\/\/sp5.pila.pl\/SP5\/wp-content\/uploads\/Zrzut-ekranu-2023-12-21-154053-234x300.png 234w\" sizes=\"auto, (max-width: 471px) 100vw, 471px\" \/><\/a><\/p>\n<hr>\n<p style=\"text-align: center;\">20 grudnia<\/p>\n<p><a href=\"https:\/\/sp5.pila.pl\/SP5\/matematyczne-zagadki-adwentowe\/zrzut-ekranu-2023-12-19-145805\/\" rel=\"attachment wp-att-40567\"><img loading=\"lazy\" decoding=\"async\" class=\"aligncenter size-full wp-image-40567\" src=\"https:\/\/sp5.pila.pl\/SP5\/wp-content\/uploads\/Zrzut-ekranu-2023-12-19-145805.png\" alt=\"\" width=\"482\" height=\"650\" srcset=\"https:\/\/sp5.pila.pl\/SP5\/wp-content\/uploads\/Zrzut-ekranu-2023-12-19-145805.png 482w, https:\/\/sp5.pila.pl\/SP5\/wp-content\/uploads\/Zrzut-ekranu-2023-12-19-145805-222x300.png 222w\" sizes=\"auto, (max-width: 482px) 100vw, 482px\" \/><\/a><\/p>\n<hr>\n<p style=\"text-align: center;\">19 grudnia<\/p>\n<p><a href=\"https:\/\/sp5.pila.pl\/SP5\/matematyczne-zagadki-adwentowe\/zrzut-ekranu-2023-12-19-145444\/\" rel=\"attachment wp-att-40565\"><img loading=\"lazy\" decoding=\"async\" class=\"aligncenter size-full wp-image-40565\" src=\"https:\/\/sp5.pila.pl\/SP5\/wp-content\/uploads\/Zrzut-ekranu-2023-12-19-145444.png\" alt=\"\" width=\"515\" height=\"758\" srcset=\"https:\/\/sp5.pila.pl\/SP5\/wp-content\/uploads\/Zrzut-ekranu-2023-12-19-145444.png 515w, https:\/\/sp5.pila.pl\/SP5\/wp-content\/uploads\/Zrzut-ekranu-2023-12-19-145444-204x300.png 204w\" sizes=\"auto, (max-width: 515px) 100vw, 515px\" \/><\/a><\/p>\n<hr>\n<p style=\"text-align: center;\">18 grudnia<\/p>\n<p><a href=\"https:\/\/sp5.pila.pl\/SP5\/matematyczne-zagadki-adwentowe\/zrzut-ekranu-2023-12-19-145727\/\" rel=\"attachment wp-att-40566\"><img loading=\"lazy\" decoding=\"async\" class=\"aligncenter size-full wp-image-40566\" src=\"https:\/\/sp5.pila.pl\/SP5\/wp-content\/uploads\/Zrzut-ekranu-2023-12-19-145727.png\" alt=\"\" width=\"505\" height=\"727\" srcset=\"https:\/\/sp5.pila.pl\/SP5\/wp-content\/uploads\/Zrzut-ekranu-2023-12-19-145727.png 505w, https:\/\/sp5.pila.pl\/SP5\/wp-content\/uploads\/Zrzut-ekranu-2023-12-19-145727-208x300.png 208w\" sizes=\"auto, (max-width: 505px) 100vw, 505px\" \/><\/a><\/p>\n<hr>\n<p style=\"text-align: center;\">15 grudnia<\/p>\n<p><a href=\"https:\/\/sp5.pila.pl\/SP5\/matematyczne-zagadki-adwentowe\/zrzut-ekranu-2023-12-14-204951\/\" rel=\"attachment wp-att-40472\"><img loading=\"lazy\" decoding=\"async\" class=\"aligncenter size-full wp-image-40472\" src=\"https:\/\/sp5.pila.pl\/SP5\/wp-content\/uploads\/Zrzut-ekranu-2023-12-14-204951.png\" alt=\"\" width=\"491\" height=\"715\" srcset=\"https:\/\/sp5.pila.pl\/SP5\/wp-content\/uploads\/Zrzut-ekranu-2023-12-14-204951.png 491w, https:\/\/sp5.pila.pl\/SP5\/wp-content\/uploads\/Zrzut-ekranu-2023-12-14-204951-206x300.png 206w\" sizes=\"auto, (max-width: 491px) 100vw, 491px\" \/><\/a><\/p>\n<hr>\n<p style=\"text-align: center;\">14 grudnia&nbsp;<\/p>\n<p style=\"text-align: center;\"><a href=\"https:\/\/sp5.pila.pl\/SP5\/matematyczne-zagadki-adwentowe\/zrzut-ekranu-2023-12-14-204916\/\" rel=\"attachment wp-att-40470\"><img loading=\"lazy\" decoding=\"async\" class=\"aligncenter size-full wp-image-40470\" src=\"https:\/\/sp5.pila.pl\/SP5\/wp-content\/uploads\/Zrzut-ekranu-2023-12-14-204916.png\" alt=\"\" width=\"522\" height=\"706\" srcset=\"https:\/\/sp5.pila.pl\/SP5\/wp-content\/uploads\/Zrzut-ekranu-2023-12-14-204916.png 522w, https:\/\/sp5.pila.pl\/SP5\/wp-content\/uploads\/Zrzut-ekranu-2023-12-14-204916-222x300.png 222w\" sizes=\"auto, (max-width: 522px) 100vw, 522px\" \/><\/a><\/p>\n<hr>\n<p style=\"text-align: center;\">13 grudnia<\/p>\n<p><a href=\"https:\/\/sp5.pila.pl\/SP5\/matematyczne-zagadki-adwentowe\/zrzut-ekranu-2023-12-14-204849\/\" rel=\"attachment wp-att-40469\"><img loading=\"lazy\" decoding=\"async\" class=\"aligncenter size-full wp-image-40469\" src=\"https:\/\/sp5.pila.pl\/SP5\/wp-content\/uploads\/Zrzut-ekranu-2023-12-14-204849.png\" alt=\"\" width=\"634\" height=\"860\" srcset=\"https:\/\/sp5.pila.pl\/SP5\/wp-content\/uploads\/Zrzut-ekranu-2023-12-14-204849.png 634w, https:\/\/sp5.pila.pl\/SP5\/wp-content\/uploads\/Zrzut-ekranu-2023-12-14-204849-221x300.png 221w\" sizes=\"auto, (max-width: 634px) 100vw, 634px\" \/><\/a><\/p>\n<hr>\n<p style=\"text-align: center;\">12 grudnia<\/p>\n<p><a href=\"https:\/\/sp5.pila.pl\/SP5\/matematyczne-zagadki-adwentowe\/zrzut-ekranu-2023-12-12-090841\/\" rel=\"attachment wp-att-40389\"><img loading=\"lazy\" decoding=\"async\" class=\"aligncenter size-full wp-image-40389\" src=\"https:\/\/sp5.pila.pl\/SP5\/wp-content\/uploads\/Zrzut-ekranu-2023-12-12-090841.png\" alt=\"\" width=\"520\" height=\"625\" srcset=\"https:\/\/sp5.pila.pl\/SP5\/wp-content\/uploads\/Zrzut-ekranu-2023-12-12-090841.png 520w, https:\/\/sp5.pila.pl\/SP5\/wp-content\/uploads\/Zrzut-ekranu-2023-12-12-090841-250x300.png 250w\" sizes=\"auto, (max-width: 520px) 100vw, 520px\" \/><\/a><\/p>\n<hr>\n<p style=\"text-align: center;\">11 grudnia<\/p>\n<p><a href=\"https:\/\/sp5.pila.pl\/SP5\/matematyczne-zagadki-adwentowe\/zrzut-ekranu-2023-12-12-091630\/\" rel=\"attachment wp-att-40390\"><img loading=\"lazy\" decoding=\"async\" class=\"aligncenter size-full wp-image-40390\" src=\"https:\/\/sp5.pila.pl\/SP5\/wp-content\/uploads\/Zrzut-ekranu-2023-12-12-091630.png\" alt=\"\" width=\"495\" height=\"618\" srcset=\"https:\/\/sp5.pila.pl\/SP5\/wp-content\/uploads\/Zrzut-ekranu-2023-12-12-091630.png 495w, https:\/\/sp5.pila.pl\/SP5\/wp-content\/uploads\/Zrzut-ekranu-2023-12-12-091630-240x300.png 240w\" sizes=\"auto, (max-width: 495px) 100vw, 495px\" \/><\/a><\/p>\n<hr>\n<p style=\"text-align: center;\">8 grudnia<\/p>\n<p><a href=\"https:\/\/sp5.pila.pl\/SP5\/matematyczne-zagadki-adwentowe\/zrzut-ekranu-2023-12-07-154415\/\" rel=\"attachment wp-att-40300\"><img loading=\"lazy\" decoding=\"async\" class=\"aligncenter size-full wp-image-40300\" src=\"https:\/\/sp5.pila.pl\/SP5\/wp-content\/uploads\/Zrzut-ekranu-2023-12-07-154415.png\" alt=\"\" width=\"462\" height=\"559\" srcset=\"https:\/\/sp5.pila.pl\/SP5\/wp-content\/uploads\/Zrzut-ekranu-2023-12-07-154415.png 462w, https:\/\/sp5.pila.pl\/SP5\/wp-content\/uploads\/Zrzut-ekranu-2023-12-07-154415-248x300.png 248w\" sizes=\"auto, (max-width: 462px) 100vw, 462px\" \/><\/a><\/p>\n<hr>\n<p style=\"text-align: center;\">7 grudnia<\/p>\n<p>&nbsp;<\/p>\n<p><a href=\"https:\/\/sp5.pila.pl\/SP5\/matematyczne-zagadki-adwentowe\/zrzut-ekranu-2023-12-07-154628\/\" rel=\"attachment wp-att-40302\"><img loading=\"lazy\" decoding=\"async\" class=\"aligncenter size-full wp-image-40302\" src=\"https:\/\/sp5.pila.pl\/SP5\/wp-content\/uploads\/Zrzut-ekranu-2023-12-07-154628.png\" alt=\"\" width=\"501\" height=\"541\" srcset=\"https:\/\/sp5.pila.pl\/SP5\/wp-content\/uploads\/Zrzut-ekranu-2023-12-07-154628.png 501w, https:\/\/sp5.pila.pl\/SP5\/wp-content\/uploads\/Zrzut-ekranu-2023-12-07-154628-278x300.png 278w\" sizes=\"auto, (max-width: 501px) 100vw, 501px\" \/><\/a><\/p>\n<hr>\n<p style=\"text-align: center;\">6 grudnia<\/p>\n<p style=\"text-align: center;\"><a href=\"https:\/\/sp5.pila.pl\/SP5\/matematyczne-zagadki-adwentowe\/zrzut-ekranu-2023-12-05-145225\/\" rel=\"attachment wp-att-40291\"><img loading=\"lazy\" decoding=\"async\" class=\"aligncenter size-full wp-image-40291\" src=\"https:\/\/sp5.pila.pl\/SP5\/wp-content\/uploads\/Zrzut-ekranu-2023-12-05-145225.png\" alt=\"\" width=\"582\" height=\"808\" srcset=\"https:\/\/sp5.pila.pl\/SP5\/wp-content\/uploads\/Zrzut-ekranu-2023-12-05-145225.png 582w, https:\/\/sp5.pila.pl\/SP5\/wp-content\/uploads\/Zrzut-ekranu-2023-12-05-145225-216x300.png 216w\" sizes=\"auto, (max-width: 582px) 100vw, 582px\" \/><\/a><\/p>\n<hr>\n<p style=\"text-align: center;\">5 grudnia<\/p>\n<p style=\"text-align: center;\"><a href=\"https:\/\/sp5.pila.pl\/SP5\/matematyczne-zagadki-adwentowe\/zrzut-ekranu-2023-12-05-105903\/\" rel=\"attachment wp-att-40228\"><img loading=\"lazy\" decoding=\"async\" class=\"aligncenter size-full wp-image-40228\" src=\"https:\/\/sp5.pila.pl\/SP5\/wp-content\/uploads\/Zrzut-ekranu-2023-12-05-105903.png\" alt=\"\" width=\"695\" height=\"760\" srcset=\"https:\/\/sp5.pila.pl\/SP5\/wp-content\/uploads\/Zrzut-ekranu-2023-12-05-105903.png 695w, https:\/\/sp5.pila.pl\/SP5\/wp-content\/uploads\/Zrzut-ekranu-2023-12-05-105903-274x300.png 274w, https:\/\/sp5.pila.pl\/SP5\/wp-content\/uploads\/Zrzut-ekranu-2023-12-05-105903-655x716.png 655w\" sizes=\"auto, (max-width: 695px) 100vw, 695px\" \/><\/a><\/p>\n<hr>\n<p style=\"text-align: center;\">4 grudnia<\/p>\n<p><a href=\"https:\/\/sp5.pila.pl\/SP5\/matematyczne-zagadki-adwentowe\/4-5\/\" rel=\"attachment wp-att-40138\"><img loading=\"lazy\" decoding=\"async\" class=\"aligncenter wp-image-40138\" src=\"https:\/\/sp5.pila.pl\/SP5\/wp-content\/uploads\/4-1.png\" alt=\"\" width=\"439\" height=\"614\" srcset=\"https:\/\/sp5.pila.pl\/SP5\/wp-content\/uploads\/4-1.png 322w, https:\/\/sp5.pila.pl\/SP5\/wp-content\/uploads\/4-1-215x300.png 215w\" sizes=\"auto, (max-width: 439px) 100vw, 439px\" \/><\/a><\/p>\n<hr>\n<p style=\"text-align: center;\">1 grudnia<img loading=\"lazy\" decoding=\"async\" class=\"aligncenter size-full wp-image-40087\" src=\"https:\/\/sp5.pila.pl\/SP5\/wp-content\/uploads\/z1.jpg\" alt=\"\" width=\"470\" height=\"755\" srcset=\"https:\/\/sp5.pila.pl\/SP5\/wp-content\/uploads\/z1.jpg 470w, https:\/\/sp5.pila.pl\/SP5\/wp-content\/uploads\/z1-187x300.jpg 187w\" sizes=\"auto, (max-width: 470px) 100vw, 470px\" \/><\/p>\n<p>&nbsp;<\/p>\n","protected":false},"excerpt":{"rendered":"<p>WESO\u0141YCH \u015aWI\u0104T 22 grudnia 21 grudnia 20 grudnia 19 grudnia 18 grudnia 15 grudnia 14 grudnia&nbsp; 13 grudnia 12 grudnia [&hellip;]<\/p>\n","protected":false},"author":1,"featured_media":0,"parent":0,"menu_order":0,"comment_status":"closed","ping_status":"closed","template":"","meta":{"_editorskit_title_hidden":false,"_editorskit_reading_time":0,"_editorskit_is_block_options_detached":false,"_editorskit_block_options_position":"{}","rop_custom_images_group":[],"rop_custom_messages_group":[],"rop_publish_now":"initial","rop_publish_now_accounts":[],"rop_publish_now_history":[],"rop_publish_now_status":"pending","_uag_custom_page_level_css":"","site-sidebar-layout":"default","site-content-layout":"","ast-site-content-layout":"default","site-content-style":"default","site-sidebar-style":"default","ast-global-header-display":"","ast-banner-title-visibility":"","ast-main-header-display":"","ast-hfb-above-header-display":"","ast-hfb-below-header-display":"","ast-hfb-mobile-header-display":"","site-post-title":"","ast-breadcrumbs-content":"","ast-featured-img":"","footer-sml-layout":"","ast-disable-related-posts":"","theme-transparent-header-meta":"","adv-header-id-meta":"","stick-header-meta":"","header-above-stick-meta":"","header-main-stick-meta":"","header-below-stick-meta":"","astra-migrate-meta-layouts":"default","ast-page-background-enabled":"default","ast-page-background-meta":{"desktop":{"background-color":"var(--ast-global-color-5)","background-image":"","background-repeat":"repeat","background-position":"center center","background-size":"auto","background-attachment":"scroll","background-type":"","background-media":"","overlay-type":"","overlay-color":"","overlay-opacity":"","overlay-gradient":""},"tablet":{"background-color":"","background-image":"","background-repeat":"repeat","background-position":"center center","background-size":"auto","background-attachment":"scroll","background-type":"","background-media":"","overlay-type":"","overlay-color":"","overlay-opacity":"","overlay-gradient":""},"mobile":{"background-color":"","background-image":"","background-repeat":"repeat","background-position":"center center","background-size":"auto","background-attachment":"scroll","background-type":"","background-media":"","overlay-type":"","overlay-color":"","overlay-opacity":"","overlay-gradient":""}},"ast-content-background-meta":{"desktop":{"background-color":"var(--ast-global-color-4)","background-image":"","background-repeat":"repeat","background-position":"center center","background-size":"auto","background-attachment":"scroll","background-type":"","background-media":"","overlay-type":"","overlay-color":"","overlay-opacity":"","overlay-gradient":""},"tablet":{"background-color":"var(--ast-global-color-4)","background-image":"","background-repeat":"repeat","background-position":"center center","background-size":"auto","background-attachment":"scroll","background-type":"","background-media":"","overlay-type":"","overlay-color":"","overlay-opacity":"","overlay-gradient":""},"mobile":{"background-color":"var(--ast-global-color-4)","background-image":"","background-repeat":"repeat","background-position":"center center","background-size":"auto","background-attachment":"scroll","background-type":"","background-media":"","overlay-type":"","overlay-color":"","overlay-opacity":"","overlay-gradient":""}},"ngg_post_thumbnail":0,"footnotes":""},"class_list":["post-40085","page","type-page","status-publish","hentry"],"uagb_featured_image_src":{"full":false,"thumbnail":false,"medium":false,"medium_large":false,"large":false,"1536x1536":false,"2048x2048":false},"uagb_author_info":{"display_name":"PMT","author_link":"https:\/\/sp5.pila.pl\/SP5\/author\/ludi\/"},"uagb_comment_info":0,"uagb_excerpt":"WESO\u0141YCH \u015aWI\u0104T 22 grudnia 21 grudnia 20 grudnia 19 grudnia 18 grudnia 15 grudnia 14 grudnia&nbsp; 13 grudnia 12 grudnia [&hellip;]","_links":{"self":[{"href":"https:\/\/sp5.pila.pl\/SP5\/wp-json\/wp\/v2\/pages\/40085","targetHints":{"allow":["GET"]}}],"collection":[{"href":"https:\/\/sp5.pila.pl\/SP5\/wp-json\/wp\/v2\/pages"}],"about":[{"href":"https:\/\/sp5.pila.pl\/SP5\/wp-json\/wp\/v2\/types\/page"}],"author":[{"embeddable":true,"href":"https:\/\/sp5.pila.pl\/SP5\/wp-json\/wp\/v2\/users\/1"}],"replies":[{"embeddable":true,"href":"https:\/\/sp5.pila.pl\/SP5\/wp-json\/wp\/v2\/comments?post=40085"}],"version-history":[{"count":13,"href":"https:\/\/sp5.pila.pl\/SP5\/wp-json\/wp\/v2\/pages\/40085\/revisions"}],"predecessor-version":[{"id":40644,"href":"https:\/\/sp5.pila.pl\/SP5\/wp-json\/wp\/v2\/pages\/40085\/revisions\/40644"}],"wp:attachment":[{"href":"https:\/\/sp5.pila.pl\/SP5\/wp-json\/wp\/v2\/media?parent=40085"}],"curies":[{"name":"wp","href":"https:\/\/api.w.org\/{rel}","templated":true}]}}