{"id":4332,"date":"2018-08-27T11:28:17","date_gmt":"2018-08-27T09:28:17","guid":{"rendered":"http:\/\/sp5.pila.pl\/SP5\/?page_id=4332"},"modified":"2020-08-12T14:51:28","modified_gmt":"2020-08-12T12:51:28","slug":"wykaz-podrecznikow-klas-i-iv","status":"publish","type":"page","link":"https:\/\/sp5.pila.pl\/SP5\/wykaz-podrecznikow-klas-i-iv\/","title":{"rendered":"WYKAZ PODR\u0118CZNIK\u00d3W KLAS I-III"},"content":{"rendered":"<p style=\"text-align: center;\"><strong>WYKAZ PODR\u0118CZNIK\u00d3W I \u0106WICZE\u0143 KLASY I-III<\/strong><\/p>\n<p style=\"text-align: center;\"><strong>ROK SZKOLNY 2020\/2021<\/strong><\/p>\n<p><strong>&nbsp;<\/strong><\/p>\n<p style=\"text-align: center;\"><strong>Wszystkie podr\u0119czniki i \u0107wiczenia do przedmiot\u00f3w obowi\u0105zkowych uczniowie otrzymuj\u0105 w szkole nieodp\u0142atnie.<\/strong><\/p>\n<p style=\"text-align: center;\"><strong>UWAGA! Podr\u0119czniki i \u0107wiczenia do religii rodzice musz\u0105 zakupi\u0107 sami.<\/strong><\/p>\n<p><strong>&nbsp;<\/strong><\/p>\n<p><strong>KLASA I<\/strong><\/p>\n<p><strong>Edukacja polonistyczna, przyrodnicza, spo\u0142eczna, muzyczna, plastyczna, techniczna: <\/strong><\/p>\n<p><em>Nowi Tropiciele WSiP<strong>; <\/strong>podr\u0119cznik i \u0107wiczenia; praca zbiorowa<\/em><\/p>\n<p><strong>Edukacja matematyczna: <\/strong><\/p>\n<p><em>Nowi Tropiciele; podr\u0119cznik WSiP; J. Hanisz i \u0107wiczenia; A. Chankowska, K. \u0141yczek<\/em><\/p>\n<p><strong>J\u0119zyk angielski: <\/strong><\/p>\n<p><em>Bugs Team 1,<\/em><em>&nbsp;podr\u0119cznik i \u0107wiczenia, Macmillan Education<\/em><\/p>\n<p><strong>Religia:<\/strong><\/p>\n<p><img loading=\"lazy\" decoding=\"async\" class=\"alignnone size-medium wp-image-19779\" src=\"https:\/\/sp5.pila.pl\/SP5\/wp-content\/uploads\/kl.1-249x300.jpg\" alt=\"\" width=\"249\" height=\"300\" srcset=\"https:\/\/sp5.pila.pl\/SP5\/wp-content\/uploads\/kl.1-249x300.jpg 249w, https:\/\/sp5.pila.pl\/SP5\/wp-content\/uploads\/kl.1.jpg 415w\" sizes=\"auto, (max-width: 249px) 100vw, 249px\" \/><\/p>\n<p style=\"text-align: left;\"><em>Podr\u0119cznik do religii dla klasy<\/em> I<em> <strong>&#8222;Poznaj\u0119 Bo\u017cy \u015bwiat&#8221;&nbsp; <\/strong>Wydawnictwo JEDNO\u015a\u0106 Kielce<\/em><strong><br \/>\n<\/strong>Podr\u0119cznik jest jednocze\u015bnie form\u0105 \u0107wicze\u0144!<\/p>\n<p>~~~~~~~~~~~~~~~~~~~~~~~~~~~~~~~~~~~~~~~~~~~~~~~~~~~~~~~~~~~~~~~~~~~~~~~~~~~~~~~~~~~~~~~~~~~~~~~~<\/p>\n<p><strong>KLASA II<\/strong><\/p>\n<p><strong>Edukacja polonistyczna, przyrodnicza, spo\u0142eczna, muzyczna, plastyczna, techniczna: <\/strong><\/p>\n<p><em>Nowi Tropiciele WSiP; podr\u0119cznik i \u0107wiczenia; E. Schumacher, I. Zarzycka,<br \/>\nK. Preibisz-Wala<\/em><\/p>\n<p><strong>Edukacja matematyczna:<\/strong> <em>Nowi Tropiciele; podr\u0119cznik i \u0107wiczenia WSiP, J. Hanisz, A. <\/em><em>Chankowska, K. \u0141yczek<\/em><\/p>\n<p><strong>J\u0119zyk angielski:<\/strong><\/p>\n<p><em>Bugs Team 2<strong>, <\/strong><\/em><em>podr\u0119cznik i \u0107wiczenia, Macmillan Education <\/em><\/p>\n<p><strong>Religia:<\/strong><\/p>\n<p><img loading=\"lazy\" decoding=\"async\" class=\"alignnone size-medium wp-image-19780\" src=\"https:\/\/sp5.pila.pl\/SP5\/wp-content\/uploads\/kl.2-224x300.jpg\" alt=\"\" width=\"224\" height=\"300\" srcset=\"https:\/\/sp5.pila.pl\/SP5\/wp-content\/uploads\/kl.2-224x300.jpg 224w, https:\/\/sp5.pila.pl\/SP5\/wp-content\/uploads\/kl.2.jpg 373w\" sizes=\"auto, (max-width: 224px) 100vw, 224px\" \/><\/p>\n<p><em>Podr\u0119cznik do religii dla klasy II &#8221; Idziemy do Jezusa&#8221; z p\u0142yt\u0105 interaktywn\u0105 &#8211; e-book. Wydawnictwo JEDNO\u015a\u0106 Kielce.<\/em>&nbsp; &nbsp; &nbsp; &nbsp; &nbsp; &nbsp; &nbsp; &nbsp; &nbsp; &nbsp; &nbsp; &nbsp; &nbsp; &nbsp; &nbsp; &nbsp; &nbsp; &nbsp; &nbsp; Uwaga: Podr\u0119cznik jest jednocze\u015bnie form\u0105 \u0107wicze\u0144!<\/p>\n<p>~~~~~~~~~~~~~~~~~~~~~~~~~~~~~~~~~~~~~~~~~~~~~~~~~~~~~~~~~~~~~~~~~~~~~~~~~~~~~~~~~~~~~~~~~~~~~~~~<\/p>\n<p><strong>KLASA III<\/strong><\/p>\n<p><strong>Edukacja polonistyczna, przyrodnicza, spo\u0142eczna, plastyczna, techniczna, muzyczna: <\/strong><\/p>\n<p><em>Nowi Tropiciele; podr\u0119cznik WSiP i \u0107wiczenia E. Schumacher, I. Zarzycka,<br \/>\nK. Preibisz-Wala<\/em><\/p>\n<p><strong>Edukacja matematyczna: <\/strong><\/p>\n<p><em>Nowi<\/em><em> Tropiciele; podr\u0119cznik i \u0107wiczenia WSiP; J. Hanisz; A. Chankowska, K. \u0141yczek<\/em><\/p>\n<p><strong>J\u0119zyk angielski: <\/strong><\/p>\n<p><em>Bugs Team 3,<\/em><em>&nbsp;podr\u0119cznik i \u0107wiczenia, Macmillan Education<\/em><\/p>\n<p><strong>Religia:<\/strong><\/p>\n<p><img loading=\"lazy\" decoding=\"async\" class=\"alignnone size-medium wp-image-19781\" src=\"https:\/\/sp5.pila.pl\/SP5\/wp-content\/uploads\/kl.3-224x300.jpg\" alt=\"\" width=\"224\" height=\"300\" srcset=\"https:\/\/sp5.pila.pl\/SP5\/wp-content\/uploads\/kl.3-224x300.jpg 224w, https:\/\/sp5.pila.pl\/SP5\/wp-content\/uploads\/kl.3.jpg 373w\" sizes=\"auto, (max-width: 224px) 100vw, 224px\" \/><\/p>\n<p><em>Podr\u0119cznik do religii dla klasy III &#8221; Jezus jest z nami&#8221; &#8211; Wydawnictwo JEDNO\u015aC Kielce.<\/em><\/p>\n<p><em> Zeszyt \u0107wicze\u0144 dla klasy III &#8221; Jezus jest z nami&#8221; &#8211; Wydawnictwo JEDNO\u015a\u0106 Kielce.<\/em><\/p>\n<p><strong>Uwaga:&nbsp; Obowi\u0105zuje podr\u0119cznik + \u0107wiczenia!<\/strong><\/p>\n","protected":false},"excerpt":{"rendered":"<p>WYKAZ PODR\u0118CZNIK\u00d3W I \u0106WICZE\u0143 KLASY I-III ROK SZKOLNY 2020\/2021 &nbsp; Wszystkie podr\u0119czniki i \u0107wiczenia do przedmiot\u00f3w obowi\u0105zkowych uczniowie otrzymuj\u0105 w [&hellip;]<\/p>\n","protected":false},"author":1,"featured_media":0,"parent":0,"menu_order":0,"comment_status":"closed","ping_status":"closed","template":"","meta":{"_editorskit_title_hidden":false,"_editorskit_reading_time":0,"_editorskit_is_block_options_detached":false,"_editorskit_block_options_position":"{}","rop_custom_images_group":[],"rop_custom_messages_group":[],"rop_publish_now":"initial","rop_publish_now_accounts":[],"rop_publish_now_history":[],"rop_publish_now_status":"pending","_uag_custom_page_level_css":"","site-sidebar-layout":"default","site-content-layout":"","ast-site-content-layout":"default","site-content-style":"default","site-sidebar-style":"default","ast-global-header-display":"","ast-banner-title-visibility":"","ast-main-header-display":"","ast-hfb-above-header-display":"","ast-hfb-below-header-display":"","ast-hfb-mobile-header-display":"","site-post-title":"","ast-breadcrumbs-content":"","ast-featured-img":"","footer-sml-layout":"","ast-disable-related-posts":"","theme-transparent-header-meta":"","adv-header-id-meta":"","stick-header-meta":"","header-above-stick-meta":"","header-main-stick-meta":"","header-below-stick-meta":"","astra-migrate-meta-layouts":"default","ast-page-background-enabled":"default","ast-page-background-meta":{"desktop":{"background-color":"var(--ast-global-color-5)","background-image":"","background-repeat":"repeat","background-position":"center center","background-size":"auto","background-attachment":"scroll","background-type":"","background-media":"","overlay-type":"","overlay-color":"","overlay-opacity":"","overlay-gradient":""},"tablet":{"background-color":"","background-image":"","background-repeat":"repeat","background-position":"center center","background-size":"auto","background-attachment":"scroll","background-type":"","background-media":"","overlay-type":"","overlay-color":"","overlay-opacity":"","overlay-gradient":""},"mobile":{"background-color":"","background-image":"","background-repeat":"repeat","background-position":"center center","background-size":"auto","background-attachment":"scroll","background-type":"","background-media":"","overlay-type":"","overlay-color":"","overlay-opacity":"","overlay-gradient":""}},"ast-content-background-meta":{"desktop":{"background-color":"var(--ast-global-color-4)","background-image":"","background-repeat":"repeat","background-position":"center center","background-size":"auto","background-attachment":"scroll","background-type":"","background-media":"","overlay-type":"","overlay-color":"","overlay-opacity":"","overlay-gradient":""},"tablet":{"background-color":"var(--ast-global-color-4)","background-image":"","background-repeat":"repeat","background-position":"center center","background-size":"auto","background-attachment":"scroll","background-type":"","background-media":"","overlay-type":"","overlay-color":"","overlay-opacity":"","overlay-gradient":""},"mobile":{"background-color":"var(--ast-global-color-4)","background-image":"","background-repeat":"repeat","background-position":"center center","background-size":"auto","background-attachment":"scroll","background-type":"","background-media":"","overlay-type":"","overlay-color":"","overlay-opacity":"","overlay-gradient":""}},"ngg_post_thumbnail":0,"footnotes":""},"class_list":["post-4332","page","type-page","status-publish","hentry"],"uagb_featured_image_src":{"full":false,"thumbnail":false,"medium":false,"medium_large":false,"large":false,"1536x1536":false,"2048x2048":false},"uagb_author_info":{"display_name":"PMT","author_link":"https:\/\/sp5.pila.pl\/SP5\/author\/ludi\/"},"uagb_comment_info":0,"uagb_excerpt":"WYKAZ PODR\u0118CZNIK\u00d3W I \u0106WICZE\u0143 KLASY I-III ROK SZKOLNY 2020\/2021 &nbsp; Wszystkie podr\u0119czniki i \u0107wiczenia do przedmiot\u00f3w obowi\u0105zkowych uczniowie otrzymuj\u0105 w [&hellip;]","_links":{"self":[{"href":"https:\/\/sp5.pila.pl\/SP5\/wp-json\/wp\/v2\/pages\/4332","targetHints":{"allow":["GET"]}}],"collection":[{"href":"https:\/\/sp5.pila.pl\/SP5\/wp-json\/wp\/v2\/pages"}],"about":[{"href":"https:\/\/sp5.pila.pl\/SP5\/wp-json\/wp\/v2\/types\/page"}],"author":[{"embeddable":true,"href":"https:\/\/sp5.pila.pl\/SP5\/wp-json\/wp\/v2\/users\/1"}],"replies":[{"embeddable":true,"href":"https:\/\/sp5.pila.pl\/SP5\/wp-json\/wp\/v2\/comments?post=4332"}],"version-history":[{"count":11,"href":"https:\/\/sp5.pila.pl\/SP5\/wp-json\/wp\/v2\/pages\/4332\/revisions"}],"predecessor-version":[{"id":19791,"href":"https:\/\/sp5.pila.pl\/SP5\/wp-json\/wp\/v2\/pages\/4332\/revisions\/19791"}],"wp:attachment":[{"href":"https:\/\/sp5.pila.pl\/SP5\/wp-json\/wp\/v2\/media?parent=4332"}],"curies":[{"name":"wp","href":"https:\/\/api.w.org\/{rel}","templated":true}]}}