{"id":4532,"date":"2018-09-06T10:50:36","date_gmt":"2018-09-06T08:50:36","guid":{"rendered":"http:\/\/sp5.pila.pl\/SP5\/?page_id=4532"},"modified":"2018-09-17T12:26:29","modified_gmt":"2018-09-17T10:26:29","slug":"zadania-dla-zainteresowanych-klasa-v-viii","status":"publish","type":"page","link":"https:\/\/sp5.pila.pl\/SP5\/zadania-dla-zainteresowanych-klasa-v-viii\/","title":{"rendered":"Zadania dla zainteresowanych klasa V-VIII"},"content":{"rendered":"<p><img loading=\"lazy\" decoding=\"async\" width=\"328\" height=\"356\" class=\"size-full wp-image-4533 aligncenter\" alt=\"\" src=\"https:\/\/sp5.pila.pl\/SP5\/wp-content\/uploads\/calcul_mental.gif\"><\/p>\n<p>\u0106wiczenie s\u0142ownictwa Brainy <a href=\"https:\/\/quizlet.com\/join\/mpKaEFQ2Q\">pobierz<\/a><\/p>\n<p>Potrenuj przed sprawdzianem z angielskiego klasa V <a href=\"https:\/\/quizlet.com\/join\/vPAvYX5Yp\">pobierz<\/a><\/p>\n<p>Sprawdzian z j\u0119zyka angielskiego&nbsp;<a href=\"https:\/\/sp5.pila.pl\/SP5-archiwum\/wp-content\/uploads\/2014\/12\/zadania_ang.zip\">pobierz<\/a><\/p>\n<p>Sprawdzian z j\u0119zyka angielskiego <a href=\"https:\/\/sp5.pila.pl\/SP5-archiwum\/wp-content\/uploads\/2014\/12\/Sprawdzian_szostoklasisty_zestaw_zadanrz.pdf\">pobierz<\/a><\/p>\n<p>Sprawdzian z j\u0119zyka angielskiego. Zapis nagra\u0144 <a href=\"https:\/\/sp5.pila.pl\/SP5-archiwum\/wp-content\/uploads\/2014\/12\/Sprawdzian_szostoklasisty_zapis_nagrarz.pdf\">pobierz<\/a><\/p>\n<p>Zadania dodatkowe z j\u0119zyka angielskiego dla klas IV \u2013 V <a href=\"https:\/\/sp5.pila.pl\/SP5-archiwum\/wp-content\/uploads\/2014\/12\/EVOPLUS_1_self_checksrz.pdf\">pobierz<\/a><\/p>\n<p>Zadania dodatkowe z j\u0119zyka angielskiego dla klas IV \u2013 V <a href=\"https:\/\/sp5.pila.pl\/SP5-archiwum\/wp-content\/uploads\/2014\/12\/EVOPLUS_2_self_checksrz.pdf\">pobierz<\/a><\/p>\n<p>Zadanie dodatkowe \u201eKalejdoskop\u201d \u2013 zaj\u0119cia komputerowe p<a href=\"https:\/\/sp5.pila.pl\/SP5-archiwum\/wp-content\/uploads\/2014\/12\/Kalejdoskoprz.pdf\">obierz<\/a><\/p>\n<p>Zadanie dodatkowe \u201ePuzzle\u201d \u2013 zaj\u0119cia komputerowe p<a href=\"https:\/\/sp5.pila.pl\/SP5-archiwum\/wp-content\/uploads\/2014\/12\/Puzzlerz.pdf\">obierz<\/a><\/p>\n<p>Zadania dodatkowe z przyrody \u2013 \u0107wiczenia interaktywne I \u2013 <a href=\"https:\/\/sp5.pila.pl\/SP5-archiwum\/wp-content\/uploads\/2014\/12\/\u00c4\u2020wiczenia-interaktywne-1rz.pdf\">pobierz<\/a><\/p>\n<p>Zadania dodatkowe z przyrody \u2013 \u0107wiczenia interaktywne II&nbsp;\u2013 <a href=\"https:\/\/sp5.pila.pl\/SP5-archiwum\/wp-content\/uploads\/2014\/12\/\u00c4\u2020wiczenia-interaktywne-2rz.pdf\">pobierz<\/a><\/p>\n<p><a href=\"http:\/\/learningapps.org\/join\/ek5ahbdt\">Gry dla uczni\u00f3w powtarzaj\u0105ce materia\u0142 z lekcji j\u0119zyka angielskiego dla klasy VI<\/a><\/p>\n<p>Zadania z j\u0119zyka polskiego dla klas IV \u2013 VI&nbsp;<a href=\"http:\/\/learningapps.org\/display?v=pfo9qgdc516\">pobierz<\/a><\/p>\n<p>Zadania z j\u0119zyka polskiego dla klas IV \u2013 VI&nbsp;<a href=\"http:\/\/learningapps.org\/display?v=pnh39xxf316\">pobierz<\/a><\/p>\n<p>Zadania z j\u0119zyka polskiego dla klas IV \u2013 VI <a href=\"http:\/\/learningapps.org\/display?v=pi218kvon16\">pobierz<\/a><\/p>\n<p>Zadania z j\u0119zyka polskiego dla klas IV \u2013 VI <a href=\"http:\/\/learningapps.org\/display?v=pqcfg1uu316\">pobierz<\/a><\/p>\n<p>Krzy\u017c\u00f3wka sportowa <a href=\"https:\/\/sp5.pila.pl\/SP5-archiwum\/wp-content\/uploads\/2014\/12\/krzy\u017c\u00f3wka-sportowarz.docx\">pobierz<\/a><\/p>\n<p>Zadania z j\u0119zyka angielskiego<a href=\"http:\/\/learningapps.org\/display?v=puyunqj2k16\"> pobierz<\/a><\/p>\n<p>Zadania z j\u0119zyka polskiego \u2013 antonimy <a href=\"http:\/\/learningapps.org\/display?v=p13wdgwja16\">pobierz<\/a><\/p>\n<p>Orze\u0142 matematyczny dla klas V \u2013 VI <a href=\"https:\/\/sp5.pila.pl\/SP5-archiwum\/wp-content\/uploads\/2014\/12\/Orze\u0142-matematyczny-klasa-5-6.docx\">pobierz<\/a><\/p>\n<p>Zadania z j\u0119zyka polskiego do lektury \u201eW pustyni i w puszczy\u201d<a href=\"http:\/\/learningapps.org\/display?v=pus2o8emn16\"> pobierz<\/a><\/p>\n<p>Zadania z j\u0119zyka polskiego do lektury \u201eOpowie\u015bci z Narnii\u201d<a href=\"http:\/\/learningapps.org\/display?v=pcabfjii217\"> pobierz<\/a><\/p>\n<p>Zadania z j\u0119zyka polskiego do lektury \u201eOpowie\u015bci z Narnii\u201d <a href=\"http:\/\/learningapps.org\/display?v=pmb77jxfa17\">pobierz<\/a><\/p>\n<p>Zadania z j\u0119zyka polskiego do lektury \u201eCh\u0142opcy z Placu Broni\u201d <a href=\"http:\/\/learningapps.org\/display?v=p9wz2no4a17\">pobierz<\/a><\/p>\n<p>Wiedza z Biblii&nbsp;<a href=\"http:\/\/learningapps.org\/watch?v=pb14ax9pj17\"> pobierz<\/a><\/p>\n<p>Wiedza z Biblii <a href=\"http:\/\/learningapps.org\/watch?v=pwokd04i317\">pobierz<\/a><\/p>\n<p>Wiedza z Biblii <a href=\"http:\/\/learningapps.org\/watch?v=p6rq5avkk17\">pobierz<\/a><\/p>\n<p>Wiedza z Biblii <a href=\"http:\/\/learningapps.org\/watch?v=pv99aki5k17\">pobierz<\/a><\/p>\n<p>Kulinaria <a href=\"http:\/\/learningapps.org\/watch?v=phnsu1dbc17\">pobierz<\/a><\/p>\n<p>Kulinaria <a href=\"http:\/\/learningapps.org\/watch?v=p6buubgxn17\">pobierz<\/a><\/p>\n","protected":false},"excerpt":{"rendered":"<p>\u0106wiczenie s\u0142ownictwa Brainy pobierz Potrenuj przed sprawdzianem z angielskiego klasa V pobierz Sprawdzian z j\u0119zyka angielskiego&nbsp;pobierz Sprawdzian z j\u0119zyka angielskiego [&hellip;]<\/p>\n","protected":false},"author":1,"featured_media":0,"parent":0,"menu_order":0,"comment_status":"closed","ping_status":"closed","template":"","meta":{"_editorskit_title_hidden":false,"_editorskit_reading_time":0,"_editorskit_is_block_options_detached":false,"_editorskit_block_options_position":"{}","rop_custom_images_group":[],"rop_custom_messages_group":[],"rop_publish_now":"initial","rop_publish_now_accounts":[],"rop_publish_now_history":[],"rop_publish_now_status":"pending","_uag_custom_page_level_css":"","site-sidebar-layout":"default","site-content-layout":"","ast-site-content-layout":"default","site-content-style":"default","site-sidebar-style":"default","ast-global-header-display":"","ast-banner-title-visibility":"","ast-main-header-display":"","ast-hfb-above-header-display":"","ast-hfb-below-header-display":"","ast-hfb-mobile-header-display":"","site-post-title":"","ast-breadcrumbs-content":"","ast-featured-img":"","footer-sml-layout":"","ast-disable-related-posts":"","theme-transparent-header-meta":"","adv-header-id-meta":"","stick-header-meta":"","header-above-stick-meta":"","header-main-stick-meta":"","header-below-stick-meta":"","astra-migrate-meta-layouts":"default","ast-page-background-enabled":"default","ast-page-background-meta":{"desktop":{"background-color":"var(--ast-global-color-5)","background-image":"","background-repeat":"repeat","background-position":"center center","background-size":"auto","background-attachment":"scroll","background-type":"","background-media":"","overlay-type":"","overlay-color":"","overlay-opacity":"","overlay-gradient":""},"tablet":{"background-color":"","background-image":"","background-repeat":"repeat","background-position":"center center","background-size":"auto","background-attachment":"scroll","background-type":"","background-media":"","overlay-type":"","overlay-color":"","overlay-opacity":"","overlay-gradient":""},"mobile":{"background-color":"","background-image":"","background-repeat":"repeat","background-position":"center center","background-size":"auto","background-attachment":"scroll","background-type":"","background-media":"","overlay-type":"","overlay-color":"","overlay-opacity":"","overlay-gradient":""}},"ast-content-background-meta":{"desktop":{"background-color":"var(--ast-global-color-4)","background-image":"","background-repeat":"repeat","background-position":"center center","background-size":"auto","background-attachment":"scroll","background-type":"","background-media":"","overlay-type":"","overlay-color":"","overlay-opacity":"","overlay-gradient":""},"tablet":{"background-color":"var(--ast-global-color-4)","background-image":"","background-repeat":"repeat","background-position":"center center","background-size":"auto","background-attachment":"scroll","background-type":"","background-media":"","overlay-type":"","overlay-color":"","overlay-opacity":"","overlay-gradient":""},"mobile":{"background-color":"var(--ast-global-color-4)","background-image":"","background-repeat":"repeat","background-position":"center center","background-size":"auto","background-attachment":"scroll","background-type":"","background-media":"","overlay-type":"","overlay-color":"","overlay-opacity":"","overlay-gradient":""}},"ngg_post_thumbnail":0,"footnotes":""},"class_list":["post-4532","page","type-page","status-publish","hentry"],"uagb_featured_image_src":{"full":false,"thumbnail":false,"medium":false,"medium_large":false,"large":false,"1536x1536":false,"2048x2048":false},"uagb_author_info":{"display_name":"PMT","author_link":"https:\/\/sp5.pila.pl\/SP5\/author\/ludi\/"},"uagb_comment_info":0,"uagb_excerpt":"\u0106wiczenie s\u0142ownictwa Brainy pobierz Potrenuj przed sprawdzianem z angielskiego klasa V pobierz Sprawdzian z j\u0119zyka angielskiego&nbsp;pobierz Sprawdzian z j\u0119zyka angielskiego [&hellip;]","_links":{"self":[{"href":"https:\/\/sp5.pila.pl\/SP5\/wp-json\/wp\/v2\/pages\/4532","targetHints":{"allow":["GET"]}}],"collection":[{"href":"https:\/\/sp5.pila.pl\/SP5\/wp-json\/wp\/v2\/pages"}],"about":[{"href":"https:\/\/sp5.pila.pl\/SP5\/wp-json\/wp\/v2\/types\/page"}],"author":[{"embeddable":true,"href":"https:\/\/sp5.pila.pl\/SP5\/wp-json\/wp\/v2\/users\/1"}],"replies":[{"embeddable":true,"href":"https:\/\/sp5.pila.pl\/SP5\/wp-json\/wp\/v2\/comments?post=4532"}],"version-history":[{"count":3,"href":"https:\/\/sp5.pila.pl\/SP5\/wp-json\/wp\/v2\/pages\/4532\/revisions"}],"predecessor-version":[{"id":4751,"href":"https:\/\/sp5.pila.pl\/SP5\/wp-json\/wp\/v2\/pages\/4532\/revisions\/4751"}],"wp:attachment":[{"href":"https:\/\/sp5.pila.pl\/SP5\/wp-json\/wp\/v2\/media?parent=4532"}],"curies":[{"name":"wp","href":"https:\/\/api.w.org\/{rel}","templated":true}]}}