{"id":45689,"date":"2024-10-02T10:04:56","date_gmt":"2024-10-02T08:04:56","guid":{"rendered":"https:\/\/sp5.pila.pl\/SP5\/?page_id=45689"},"modified":"2024-10-07T11:44:21","modified_gmt":"2024-10-07T09:44:21","slug":"kola-zainteresowan-2024-25","status":"publish","type":"page","link":"https:\/\/sp5.pila.pl\/SP5\/kola-zainteresowan-2024-25\/","title":{"rendered":"Ko\u0142a zainteresowa\u0144 2024-25"},"content":{"rendered":"<p style=\"text-align: center;\"><span style=\"color: #ff0000;\"><strong>NIEPODLEG\u0141O\u015aCI<\/strong><\/span><\/p>\n<p style=\"text-align: center;\"><strong>&nbsp;zaj\u0119cia muzyczno- taneczne zespo\u0142u &#8222;RITMO&#8221; dla klas II i III<\/strong>&nbsp;<br \/>\nczwartek 9.50-10.35 sala fioletowa<\/p>\n<p>&nbsp;<\/p>\n<p style=\"text-align: center;\"><strong><span style=\"color: #ff0000;\">KUJAWSKA<\/span><\/strong><\/p>\n<p style=\"text-align: center;\"><strong>Ko\u0142o szachowe<\/strong>&nbsp;<br \/>\nponiedzia\u0142ek 13:35-15:30;&nbsp; pi\u0105tek&nbsp; 12:45-14:30<\/p>\n<p style=\"text-align: center;\"><span style=\"text-align: center;\"><strong>Szkolny Klub Debat Oksfordzkich Vendetta<\/strong>&nbsp;<br \/>\nczwartki 15:30-17:00 s.3<\/span><\/p>\n<p>&nbsp;<\/p>\n<hr>\n<p style=\"text-align: center;\"><span style=\"color: #008000;\"><strong>SOS&nbsp;<\/strong><\/span><\/p>\n<p style=\"text-align: center;\"><strong>Iwona W\u00f3jcik&nbsp; &nbsp;<\/strong> &nbsp; &nbsp; &nbsp; &nbsp; &nbsp; &nbsp; &nbsp; &nbsp; &nbsp; &nbsp; &nbsp; &nbsp; &nbsp; &nbsp; &nbsp; &nbsp; &nbsp; &nbsp; &nbsp; &nbsp; &nbsp; &nbsp; &nbsp; &nbsp; &nbsp; &nbsp; &nbsp; &nbsp; &nbsp; &nbsp; &nbsp; &nbsp; &nbsp; &nbsp; &nbsp; &nbsp; &nbsp; &nbsp; &nbsp; &nbsp; &nbsp; &nbsp;&nbsp;<\/p>\n<p style=\"text-align: center;\">dla dziewczynek kl 7a Pn 16.30-18.00 sala Kujawska<\/p>\n<p style=\"text-align: center;\">&nbsp;dziewczynek kl 4a Wt 14.40-15.25 sala Kujawska<\/p>\n<p style=\"text-align: center;\"><strong>Magdalena Szwagierczak&nbsp; &nbsp;<\/strong> &nbsp; &nbsp; &nbsp; &nbsp; &nbsp; &nbsp; &nbsp; &nbsp; &nbsp; &nbsp; &nbsp; &nbsp; &nbsp; &nbsp; &nbsp; &nbsp; &nbsp; &nbsp; &nbsp; &nbsp; &nbsp; &nbsp; &nbsp; &nbsp; &nbsp; &nbsp; &nbsp; &nbsp; &nbsp; &nbsp; &nbsp; &nbsp; &nbsp; &nbsp; &nbsp; &nbsp; &nbsp; &nbsp; &nbsp;<\/p>\n<p style=\"text-align: center;\">dla dziewczynek kl. 5a i 6a &#8211; \u015broda 16.20-18-20 sala Kujawska<\/p>\n<p style=\"text-align: center;\">dla dziewczynek kl.8a &#8211; poniedzia\u0142ek 16.20-18.00 sala Kujawska<\/p>\n<hr>\n<p style=\"text-align: center;\"><strong><span style=\"color: #008000;\">LABORATORIA PRZYSZ\u0141O\u015aCI<\/span><\/strong><\/p>\n<p style=\"text-align: center;\"><strong>KO\u0141O ROBOTYKI i DRUKU 3D<\/strong>&nbsp; &nbsp;<br \/>\nponiedzia\u0142ki 14:45-15:30 s.6<\/p>\n<p style=\"text-align: center;\">&nbsp;<\/p>\n<p style=\"text-align: center;\">&nbsp;<\/p>\n<p style=\"text-align: center;\">&nbsp;<\/p>\n<p>&nbsp;<\/p>\n","protected":false},"excerpt":{"rendered":"<p>NIEPODLEG\u0141O\u015aCI &nbsp;zaj\u0119cia muzyczno- taneczne zespo\u0142u &#8222;RITMO&#8221; dla klas II i III&nbsp; czwartek 9.50-10.35 sala fioletowa &nbsp; KUJAWSKA Ko\u0142o szachowe&nbsp; poniedzia\u0142ek [&hellip;]<\/p>\n","protected":false},"author":1,"featured_media":0,"parent":0,"menu_order":0,"comment_status":"closed","ping_status":"closed","template":"","meta":{"_editorskit_title_hidden":false,"_editorskit_reading_time":0,"_editorskit_is_block_options_detached":false,"_editorskit_block_options_position":"{}","rop_custom_images_group":[],"rop_custom_messages_group":[],"rop_publish_now":"initial","rop_publish_now_accounts":[],"rop_publish_now_history":[],"rop_publish_now_status":"pending","_uag_custom_page_level_css":"","site-sidebar-layout":"default","site-content-layout":"","ast-site-content-layout":"default","site-content-style":"default","site-sidebar-style":"default","ast-global-header-display":"","ast-banner-title-visibility":"","ast-main-header-display":"","ast-hfb-above-header-display":"","ast-hfb-below-header-display":"","ast-hfb-mobile-header-display":"","site-post-title":"","ast-breadcrumbs-content":"","ast-featured-img":"","footer-sml-layout":"","ast-disable-related-posts":"","theme-transparent-header-meta":"","adv-header-id-meta":"","stick-header-meta":"","header-above-stick-meta":"","header-main-stick-meta":"","header-below-stick-meta":"","astra-migrate-meta-layouts":"default","ast-page-background-enabled":"default","ast-page-background-meta":{"desktop":{"background-color":"var(--ast-global-color-5)","background-image":"","background-repeat":"repeat","background-position":"center center","background-size":"auto","background-attachment":"scroll","background-type":"","background-media":"","overlay-type":"","overlay-color":"","overlay-opacity":"","overlay-gradient":""},"tablet":{"background-color":"","background-image":"","background-repeat":"repeat","background-position":"center center","background-size":"auto","background-attachment":"scroll","background-type":"","background-media":"","overlay-type":"","overlay-color":"","overlay-opacity":"","overlay-gradient":""},"mobile":{"background-color":"","background-image":"","background-repeat":"repeat","background-position":"center center","background-size":"auto","background-attachment":"scroll","background-type":"","background-media":"","overlay-type":"","overlay-color":"","overlay-opacity":"","overlay-gradient":""}},"ast-content-background-meta":{"desktop":{"background-color":"var(--ast-global-color-4)","background-image":"","background-repeat":"repeat","background-position":"center center","background-size":"auto","background-attachment":"scroll","background-type":"","background-media":"","overlay-type":"","overlay-color":"","overlay-opacity":"","overlay-gradient":""},"tablet":{"background-color":"var(--ast-global-color-4)","background-image":"","background-repeat":"repeat","background-position":"center center","background-size":"auto","background-attachment":"scroll","background-type":"","background-media":"","overlay-type":"","overlay-color":"","overlay-opacity":"","overlay-gradient":""},"mobile":{"background-color":"var(--ast-global-color-4)","background-image":"","background-repeat":"repeat","background-position":"center center","background-size":"auto","background-attachment":"scroll","background-type":"","background-media":"","overlay-type":"","overlay-color":"","overlay-opacity":"","overlay-gradient":""}},"ngg_post_thumbnail":0,"footnotes":""},"class_list":["post-45689","page","type-page","status-publish","hentry"],"uagb_featured_image_src":{"full":false,"thumbnail":false,"medium":false,"medium_large":false,"large":false,"1536x1536":false,"2048x2048":false},"uagb_author_info":{"display_name":"PMT","author_link":"https:\/\/sp5.pila.pl\/SP5\/author\/ludi\/"},"uagb_comment_info":0,"uagb_excerpt":"NIEPODLEG\u0141O\u015aCI &nbsp;zaj\u0119cia muzyczno- taneczne zespo\u0142u &#8222;RITMO&#8221; dla klas II i III&nbsp; czwartek 9.50-10.35 sala fioletowa &nbsp; KUJAWSKA Ko\u0142o szachowe&nbsp; poniedzia\u0142ek [&hellip;]","_links":{"self":[{"href":"https:\/\/sp5.pila.pl\/SP5\/wp-json\/wp\/v2\/pages\/45689","targetHints":{"allow":["GET"]}}],"collection":[{"href":"https:\/\/sp5.pila.pl\/SP5\/wp-json\/wp\/v2\/pages"}],"about":[{"href":"https:\/\/sp5.pila.pl\/SP5\/wp-json\/wp\/v2\/types\/page"}],"author":[{"embeddable":true,"href":"https:\/\/sp5.pila.pl\/SP5\/wp-json\/wp\/v2\/users\/1"}],"replies":[{"embeddable":true,"href":"https:\/\/sp5.pila.pl\/SP5\/wp-json\/wp\/v2\/comments?post=45689"}],"version-history":[{"count":7,"href":"https:\/\/sp5.pila.pl\/SP5\/wp-json\/wp\/v2\/pages\/45689\/revisions"}],"predecessor-version":[{"id":45792,"href":"https:\/\/sp5.pila.pl\/SP5\/wp-json\/wp\/v2\/pages\/45689\/revisions\/45792"}],"wp:attachment":[{"href":"https:\/\/sp5.pila.pl\/SP5\/wp-json\/wp\/v2\/media?parent=45689"}],"curies":[{"name":"wp","href":"https:\/\/api.w.org\/{rel}","templated":true}]}}