{"id":4726,"date":"2018-09-17T11:04:39","date_gmt":"2018-09-17T09:04:39","guid":{"rendered":"http:\/\/sp5.pila.pl\/SP5\/?page_id=4726"},"modified":"2026-03-26T12:38:24","modified_gmt":"2026-03-26T11:38:24","slug":"dokumenty","status":"publish","type":"page","link":"https:\/\/sp5.pila.pl\/SP5\/dokumenty\/","title":{"rendered":"DOKUMENTY"},"content":{"rendered":"<p><a href=\"https:\/\/sp5.pila.pl\/SP5\/wp-content\/uploads\/Statut-SP-nr-5-od-1-IX-2023.pdf\"><span style=\"color: #ff0000;\"><strong>STATUT SZKO\u0141Y <\/strong><span style=\"color: #3366ff;\">pobierz<\/span><\/span><\/a><\/p>\n<p><strong><span style=\"color: #ff0000;\"><a style=\"color: #ff0000;\" href=\"https:\/\/sp5.pila.pl\/SP5\/wykaz-podrecznikow-2022-2023\/\">WYKAZ PODR\u0118CZNIK\u00d3W &lt;&lt;&nbsp;<\/a><\/span><\/strong><\/p>\n<p><span style=\"color: #ff0000;\"><a style=\"color: #ff0000;\" href=\"https:\/\/sp5.pila.pl\/SP5\/deklaracja-dostepnosci\/\"><strong>DEKLARACJA DOST\u0118PNO\u015aCI &lt;&lt;<\/strong><\/a><\/span><\/p>\n<p><a href=\"https:\/\/sp5.pila.pl\/SP5\/wymagania-edukacyjne-na-poszczegolne-oceny-srodroczne-roczne\/\"><strong><span style=\"color: #ff0000;\">WYMAGANIA EDUKACYJNE &lt;&lt;<\/span><\/strong><\/a><\/p>\n<p><a href=\"https:\/\/sp5.pila.pl\/SP5\/wp-content\/uploads\/Szkolny-Program-Wychowawczo.pdf\"><strong><span style=\"color: #ff0000;\">SZKOLNY PROGRAM PROFILAKTYCZNO &#8211; WYCHOWAWCZY <\/span><\/strong><span style=\"color: #3366ff;\">pobierz<\/span><\/a><\/p>\n<p><a href=\"https:\/\/sp5.pila.pl\/SP5\/dyplomy-i-certyfikaty\/\"><strong><span style=\"color: #ff0000;\">DYPLOMY I CERTYFIKATY &lt;&lt;<\/span><\/strong><\/a><\/p>\n<p style=\"text-align: center;\"><span style=\"color: #000000;\"><strong>INNE<\/strong><\/span><\/p>\n<p>&nbsp;<\/p>\n<p><strong>SZ<\/strong><strong>KO\u0141A<\/strong><\/p>\n<p>STANDARDY OCHRONY MA\u0141OLETNICH- wersja dla dzieci&nbsp; <a href=\"https:\/\/sp5.pila.pl\/SP5\/wp-content\/uploads\/STANDARDY-OCHRONY-MALOLETNICH-.pdf\">pobierz<\/a><\/p>\n<p>STANDARDY OCHRONY MA\u0141OLETNICH &#8211; wersja dla rodzic\u00f3w <a href=\"https:\/\/sp5.pila.pl\/SP5\/wp-content\/uploads\/Standardy-Ochrony-Maloletnich-SP5-PILA-2.pdf\">pobierz<\/a><\/p>\n<p>Informacja dotycz\u0105ca przetwarzania danych osobowych <a href=\"https:\/\/sp5.pila.pl\/SP5\/wp-content\/uploads\/Informacja-dla-dla-rodzica-dane-osobowe-nowy-inspektor.docx\">pobierz<\/a><\/p>\n<p>O\u015bwiadczenie dotycz\u0105ce wykorzystania wizerunku dziecka <a href=\"https:\/\/sp5.pila.pl\/SP5\/wp-content\/uploads\/Oswiadczenie-dot.-wykorzystania-wizerunku-dziecka-1.docx\">pobierz<\/a><\/p>\n<p>Procedura post\u0119powania wobec os\u00f3b wchodz\u0105cych na teren szko\u0142y <a href=\"https:\/\/sp5.pila.pl\/SP5\/wp-content\/uploads\/procedury-bezpiecze\u0144stwa.docx\">pobierz<\/a><\/p>\n<p>Procedury post\u0119powania nauczycieli w sytuacji zagro\u017cenia bezpiecze\u0144stwa lub zdrowia ucznia <a href=\"https:\/\/sp5.pila.pl\/SP5\/wp-content\/uploads\/Procedury-post\u0119powania-w-sp-5.docx\">pobierz<\/a><\/p>\n<p>Regulamin sali gimnastycznej <a href=\"https:\/\/sp5.pila.pl\/SP5\/wp-content\/uploads\/Regulamin-sali-gimnastycznej.pdf\">pobierz&nbsp;<\/a><\/p>\n<p>Granice obwodu Szko\u0142y Podstawowej nr 5<a href=\"https:\/\/sp5.pila.pl\/SP5\/wp-content\/uploads\/Obwod-Szkoly-Podstawowej-nr-5-im.docx\"> pobierz<\/a><\/p>\n<p><strong>\u015a<\/strong><strong>WIETLICA<\/strong><\/p>\n<p><a href=\"https:\/\/sp5.pila.pl\/SP5\/wp-content\/uploads\/Karta-zapisu-do-swietlicy-2026-2027-1-1.docx\">Karta zapisu do \u015bwietlicy 2026\/27<\/a><\/p>\n<p><a href=\"https:\/\/sp5.pila.pl\/SP5\/wp-content\/uploads\/Regulamin-swietlicy-2022-2023.pdf\">Regulamin \u015bwietlicy<\/a><\/p>\n<p><strong>BIBLIOTEKA<\/strong><\/p>\n<p><a href=\"https:\/\/sp5.pila.pl\/SP5\/wp-content\/uploads\/regulamin-biblioteki.pdf\">Regulamin biblioteki szkolnej<\/a><\/p>\n<p><strong>WYCIECZKI<\/strong><\/p>\n<p><a href=\"https:\/\/sp5.pila.pl\/SP5\/wp-content\/uploads\/Regulamin-wycieczek-szkolnych.pdf\">Regulamin wycieczek szkolnych<\/a><\/p>\n<p><a href=\"https:\/\/sp5.pila.pl\/SP5\/wp-content\/uploads\/Karta-wycieczki-zalacznik-a.doc\">Karta wycieczki <\/a><\/p>\n<p><a href=\"https:\/\/sp5.pila.pl\/SP5\/wp-content\/uploads\/Lista-uczestnikow-wycieczki-zalacznik-b.doc\">Lista uczestnik\u00f3w wycieczki<\/a><\/p>\n<p><a href=\"https:\/\/sp5.pila.pl\/SP5\/wp-content\/uploads\/Rozliczenie-wycieczki-zalacznik-d.docx\">Rozliczenie wycieczki <\/a><\/p>\n<p><a href=\"https:\/\/sp5.pila.pl\/SP5\/wp-content\/uploads\/Zgoda-rodzicow-zalacznik-c.doc\">Zgoda rodzic\u00f3w<\/a><\/p>\n","protected":false},"excerpt":{"rendered":"<p>STATUT SZKO\u0141Y pobierz WYKAZ PODR\u0118CZNIK\u00d3W &lt;&lt;&nbsp; DEKLARACJA DOST\u0118PNO\u015aCI &lt;&lt; WYMAGANIA EDUKACYJNE &lt;&lt; SZKOLNY PROGRAM PROFILAKTYCZNO &#8211; WYCHOWAWCZY pobierz DYPLOMY I [&hellip;]<\/p>\n","protected":false},"author":1,"featured_media":0,"parent":0,"menu_order":0,"comment_status":"closed","ping_status":"closed","template":"","meta":{"_editorskit_title_hidden":false,"_editorskit_reading_time":0,"_editorskit_is_block_options_detached":false,"_editorskit_block_options_position":"{}","rop_custom_images_group":[],"rop_custom_messages_group":[],"rop_publish_now":"initial","rop_publish_now_accounts":[],"rop_publish_now_history":[],"rop_publish_now_status":"pending","_uag_custom_page_level_css":"","site-sidebar-layout":"default","site-content-layout":"","ast-site-content-layout":"default","site-content-style":"default","site-sidebar-style":"default","ast-global-header-display":"","ast-banner-title-visibility":"","ast-main-header-display":"","ast-hfb-above-header-display":"","ast-hfb-below-header-display":"","ast-hfb-mobile-header-display":"","site-post-title":"","ast-breadcrumbs-content":"","ast-featured-img":"","footer-sml-layout":"","ast-disable-related-posts":"","theme-transparent-header-meta":"default","adv-header-id-meta":"","stick-header-meta":"","header-above-stick-meta":"","header-main-stick-meta":"","header-below-stick-meta":"","astra-migrate-meta-layouts":"set","ast-page-background-enabled":"default","ast-page-background-meta":{"desktop":{"background-color":"var(--ast-global-color-5)","background-image":"","background-repeat":"repeat","background-position":"center center","background-size":"auto","background-attachment":"scroll","background-type":"","background-media":"","overlay-type":"","overlay-color":"","overlay-opacity":"","overlay-gradient":""},"tablet":{"background-color":"","background-image":"","background-repeat":"repeat","background-position":"center center","background-size":"auto","background-attachment":"scroll","background-type":"","background-media":"","overlay-type":"","overlay-color":"","overlay-opacity":"","overlay-gradient":""},"mobile":{"background-color":"","background-image":"","background-repeat":"repeat","background-position":"center center","background-size":"auto","background-attachment":"scroll","background-type":"","background-media":"","overlay-type":"","overlay-color":"","overlay-opacity":"","overlay-gradient":""}},"ast-content-background-meta":{"desktop":{"background-color":"var(--ast-global-color-4)","background-image":"","background-repeat":"repeat","background-position":"center center","background-size":"auto","background-attachment":"scroll","background-type":"","background-media":"","overlay-type":"","overlay-color":"","overlay-opacity":"","overlay-gradient":""},"tablet":{"background-color":"var(--ast-global-color-4)","background-image":"","background-repeat":"repeat","background-position":"center center","background-size":"auto","background-attachment":"scroll","background-type":"","background-media":"","overlay-type":"","overlay-color":"","overlay-opacity":"","overlay-gradient":""},"mobile":{"background-color":"var(--ast-global-color-4)","background-image":"","background-repeat":"repeat","background-position":"center center","background-size":"auto","background-attachment":"scroll","background-type":"","background-media":"","overlay-type":"","overlay-color":"","overlay-opacity":"","overlay-gradient":""}},"ngg_post_thumbnail":0,"footnotes":""},"class_list":["post-4726","page","type-page","status-publish","hentry"],"uagb_featured_image_src":{"full":false,"thumbnail":false,"medium":false,"medium_large":false,"large":false,"1536x1536":false,"2048x2048":false},"uagb_author_info":{"display_name":"PMT","author_link":"https:\/\/sp5.pila.pl\/SP5\/author\/ludi\/"},"uagb_comment_info":0,"uagb_excerpt":"STATUT SZKO\u0141Y pobierz WYKAZ PODR\u0118CZNIK\u00d3W &lt;&lt;&nbsp; DEKLARACJA DOST\u0118PNO\u015aCI &lt;&lt; WYMAGANIA EDUKACYJNE &lt;&lt; SZKOLNY PROGRAM PROFILAKTYCZNO &#8211; WYCHOWAWCZY pobierz DYPLOMY I [&hellip;]","_links":{"self":[{"href":"https:\/\/sp5.pila.pl\/SP5\/wp-json\/wp\/v2\/pages\/4726","targetHints":{"allow":["GET"]}}],"collection":[{"href":"https:\/\/sp5.pila.pl\/SP5\/wp-json\/wp\/v2\/pages"}],"about":[{"href":"https:\/\/sp5.pila.pl\/SP5\/wp-json\/wp\/v2\/types\/page"}],"author":[{"embeddable":true,"href":"https:\/\/sp5.pila.pl\/SP5\/wp-json\/wp\/v2\/users\/1"}],"replies":[{"embeddable":true,"href":"https:\/\/sp5.pila.pl\/SP5\/wp-json\/wp\/v2\/comments?post=4726"}],"version-history":[{"count":78,"href":"https:\/\/sp5.pila.pl\/SP5\/wp-json\/wp\/v2\/pages\/4726\/revisions"}],"predecessor-version":[{"id":59291,"href":"https:\/\/sp5.pila.pl\/SP5\/wp-json\/wp\/v2\/pages\/4726\/revisions\/59291"}],"wp:attachment":[{"href":"https:\/\/sp5.pila.pl\/SP5\/wp-json\/wp\/v2\/media?parent=4726"}],"curies":[{"name":"wp","href":"https:\/\/api.w.org\/{rel}","templated":true}]}}