{"id":4731,"date":"2018-09-17T11:13:58","date_gmt":"2018-09-17T09:13:58","guid":{"rendered":"http:\/\/sp5.pila.pl\/SP5\/?page_id=4731"},"modified":"2025-11-20T13:04:43","modified_gmt":"2025-11-20T12:04:43","slug":"nauczyciele","status":"publish","type":"page","link":"https:\/\/sp5.pila.pl\/SP5\/nauczyciele\/","title":{"rendered":"Nauczyciele"},"content":{"rendered":"<p><strong>Andrzejewska Aneta<\/strong>: edukacja wczesnoszkolna<\/p>\n<p><strong>Badzi\u0105g Roman<\/strong>: religia, rewalidacja<\/p>\n<p><strong>Bartkowski Miros\u0142aw<\/strong>: wychowanie fizyczne, edukacja zdrowotna<\/p>\n<p><strong>Bartol Izabella<\/strong>: j\u0119zyk polski<\/p>\n<p><strong>B\u0119ben Monika<\/strong>: edukacja wczesnoszkolna<\/p>\n<p><strong>B\u0119ben Pawe\u0142<\/strong>: informatyka<\/p>\n<p><strong>Bogdanowicz Teresa<\/strong>: j\u0119zyk polski, nauczyciel wsp\u00f3\u0142organizuj\u0105cy<\/p>\n<p><strong>Bruzda Katarzyna<\/strong>: biblioteka, \u015bwietlica<\/p>\n<p><strong>Czerwi\u0144ski Szymon<\/strong>: wychowanie fizyczne<\/p>\n<p><strong>Dakszewicz Alicja<\/strong>: j\u0119zyk angielski<\/p>\n<p><strong>Dobrowolska Danuta<\/strong>: edukacja wczesnoszkolna<\/p>\n<p><strong>Galczak Wioleta:<\/strong> wychowanie przedszkolne<\/p>\n<p><strong>Gie\u0142czyk Diana<\/strong>: matematyka<\/p>\n<p><strong>G\u00f3ra Joanna<\/strong>: wychowanie przedszkolne<\/p>\n<p><strong>Grzybowska \u2013 Nowak Beata<\/strong>: pedagog, nauczyciel wsp\u00f3\u0142organizuj\u0105cy<\/p>\n<p><strong>Guli\u0144ska Dorota<\/strong>: dyrektor szko\u0142y,&nbsp;<\/p>\n<p><strong>Horbatowicz Aleksandra<\/strong>: technika<\/p>\n<p><strong>Idzikowski Adam<\/strong>: wychowanie fizyczne<\/p>\n<p><strong>Jaroszewicz Agnieszka<\/strong>: j\u0119zyk polski<\/p>\n<p><strong>J\u0119drzejak Joanna<\/strong>: wychowanie przedszkolne<\/p>\n<p><strong>Karsznia Stanis\u0142aw:<\/strong> religia<\/p>\n<p><strong>K\u0142os Karolina<\/strong> &#8211; \u015bwietlica<\/p>\n<p><strong>Kownacka Iwona<\/strong>: \u015bwietlica<\/p>\n<p><strong>Krakowiak Beata<\/strong>: j. polski<\/p>\n<p><strong>Krysiak Marta<\/strong>: pedagog specjalny, korekcyjno-kompensacyjne<\/p>\n<p><strong>Kukli\u0144ska Barbara<\/strong>:&nbsp; muzyka<\/p>\n<p><strong>Kusiorska Iwona<\/strong>: j\u0119zyk niemiecki, doradztwo zawodowe<\/p>\n<p><strong>Lempert Katarzyna:<\/strong> edukacja wczesnoszkolna<\/p>\n<p><strong>Lipiecka Ewelina<\/strong>: wychowanie przedszkolne<\/p>\n<p><strong>\u0141awniczak Karolina<\/strong>: wychowanie przedszkolne<\/p>\n<p><strong>\u0141o\u017cy\u0144ski Micha\u0142<\/strong>: historia, przyroda<\/p>\n<p><strong>Malinowska Agnieszka<\/strong>: matematyka,&nbsp;<\/p>\n<p><strong>Manikowska Iwona<\/strong>: fizyka, matematyka<\/p>\n<p><strong>Michalska Ewelina:&nbsp;<\/strong>edukacja wczesnoszkolna<\/p>\n<p><strong>Michalska Natalia: <\/strong>geografia, edukacja dla bezpiecze\u0144stwa<\/p>\n<p><strong>Mleczko Magdalena<\/strong>: wychowanie przedszkolne<\/p>\n<p><strong>Nowakowska Edyta: <\/strong>psycholog<\/p>\n<p><strong>Oleszak Bogna<\/strong>:&nbsp; wicedyrektor, wychowanie przedszkolne<\/p>\n<p><strong>Orli\u0144ska Marta<\/strong>: wicedyrektor, \u015bwietlica, j. polski<\/p>\n<p><strong>Otowska Lidia<\/strong>: nauczyciel wsp\u00f3\u0142organizuj\u0105cy, rewalidacja<\/p>\n<p><strong>Pali\u0144ska Sylwia: <\/strong>edukacja wczesnoszkolna<\/p>\n<p><strong>Pazdej Mateusz<\/strong>: j\u0119zyk angielski,<\/p>\n<p><strong>Pilarczyk Karina:<\/strong>&nbsp;edukacja wczesnoszkolna<\/p>\n<p><strong>Pilarska Olga<\/strong>: edukacja wczesnoszkolna<\/p>\n<p><strong>Pluci\u0144ska Barbara<\/strong>: \u015bwietlica<\/p>\n<p><strong>Prus Ma\u0142gorzata<\/strong>: edukacja wczesnoszkolna<\/p>\n<p><strong>Puchalska El\u017cbieta<\/strong>:&nbsp; wicedyrektor, \u015bwietlica<\/p>\n<p><strong>Sagan-Moszy\u0144ska Agnieszka:<\/strong> logopeda, n-l wsp\u00f3\u0142organizuj\u0105cy<\/p>\n<p><strong>Sekuterska-Nowak Honorata<\/strong>: j\u0119zyk polski<\/p>\n<p><strong>Siwiak &#8211; Koc Anna<\/strong>: edukacja wczesnoszkolna<\/p>\n<p><b>Skiba Karol: <\/b>wychowanie fizyczne<\/p>\n<p><strong>Skrypak-Schiller Agnieszka: <\/strong>edukacja wczesnoszkolna<\/p>\n<p><strong>Szczepaniak Joanna:<\/strong> biologia<\/p>\n<p><strong>Szczuka \u2013 Flis Monika<\/strong>: historia, wos<\/p>\n<p><strong>Szwagierczak Magdalena<\/strong>: wychowanie fizyczne<\/p>\n<p><strong>\u015aliwiak Anna<\/strong>: biblioteka<\/p>\n<p><strong>\u015awiderska Agata<\/strong>: plastyka<\/p>\n<p><strong>Tr\u0119backi Mariusz<\/strong>: matematyka, informatyka<\/p>\n<p><strong>Turek Magdalena<\/strong>: j\u0119zyk polski<\/p>\n<p><strong>Tutlewski Maciej<\/strong>: wychowanie fizyczne<\/p>\n<p><strong>Winkler Agata<\/strong>: j\u0119zyk angielski<\/p>\n<p><strong>Witkowska Monika<\/strong>: j\u0119zyk angielski<\/p>\n<p><strong>Wo\u0142owiec Tomasz: <\/strong>chemia<\/p>\n<p><strong>Wo\u015b \u2013 Kami\u0144ska Sylwia<\/strong>: matematyka<\/p>\n<p><strong>W\u00f3jcik Iwona<\/strong>: wychowanie fizyczne, edukacja zdrowotna<\/p>\n<p><strong>Zieli\u0144ska Paulina<\/strong>: pedagog<\/p>\n<p><strong>Zi\u0119cik Miros\u0142awa<\/strong>: nauczyciel wsp\u00f3\u0142organizuj\u0105cy<\/p>\n","protected":false},"excerpt":{"rendered":"<p>Andrzejewska Aneta: edukacja wczesnoszkolna Badzi\u0105g Roman: religia, rewalidacja Bartkowski Miros\u0142aw: wychowanie fizyczne, edukacja zdrowotna Bartol Izabella: j\u0119zyk polski B\u0119ben Monika: [&hellip;]<\/p>\n","protected":false},"author":1,"featured_media":0,"parent":0,"menu_order":0,"comment_status":"closed","ping_status":"closed","template":"","meta":{"_editorskit_title_hidden":false,"_editorskit_reading_time":0,"_editorskit_is_block_options_detached":false,"_editorskit_block_options_position":"{}","rop_custom_images_group":[],"rop_custom_messages_group":[],"rop_publish_now":"initial","rop_publish_now_accounts":[],"rop_publish_now_history":[],"rop_publish_now_status":"pending","_uag_custom_page_level_css":"","site-sidebar-layout":"default","site-content-layout":"","ast-site-content-layout":"default","site-content-style":"default","site-sidebar-style":"default","ast-global-header-display":"","ast-banner-title-visibility":"","ast-main-header-display":"","ast-hfb-above-header-display":"","ast-hfb-below-header-display":"","ast-hfb-mobile-header-display":"","site-post-title":"","ast-breadcrumbs-content":"","ast-featured-img":"","footer-sml-layout":"","ast-disable-related-posts":"","theme-transparent-header-meta":"default","adv-header-id-meta":"","stick-header-meta":"","header-above-stick-meta":"","header-main-stick-meta":"","header-below-stick-meta":"","astra-migrate-meta-layouts":"set","ast-page-background-enabled":"default","ast-page-background-meta":{"desktop":{"background-color":"var(--ast-global-color-5)","background-image":"","background-repeat":"repeat","background-position":"center center","background-size":"auto","background-attachment":"scroll","background-type":"","background-media":"","overlay-type":"","overlay-color":"","overlay-opacity":"","overlay-gradient":""},"tablet":{"background-color":"","background-image":"","background-repeat":"repeat","background-position":"center center","background-size":"auto","background-attachment":"scroll","background-type":"","background-media":"","overlay-type":"","overlay-color":"","overlay-opacity":"","overlay-gradient":""},"mobile":{"background-color":"","background-image":"","background-repeat":"repeat","background-position":"center center","background-size":"auto","background-attachment":"scroll","background-type":"","background-media":"","overlay-type":"","overlay-color":"","overlay-opacity":"","overlay-gradient":""}},"ast-content-background-meta":{"desktop":{"background-color":"var(--ast-global-color-4)","background-image":"","background-repeat":"repeat","background-position":"center center","background-size":"auto","background-attachment":"scroll","background-type":"","background-media":"","overlay-type":"","overlay-color":"","overlay-opacity":"","overlay-gradient":""},"tablet":{"background-color":"var(--ast-global-color-4)","background-image":"","background-repeat":"repeat","background-position":"center center","background-size":"auto","background-attachment":"scroll","background-type":"","background-media":"","overlay-type":"","overlay-color":"","overlay-opacity":"","overlay-gradient":""},"mobile":{"background-color":"var(--ast-global-color-4)","background-image":"","background-repeat":"repeat","background-position":"center center","background-size":"auto","background-attachment":"scroll","background-type":"","background-media":"","overlay-type":"","overlay-color":"","overlay-opacity":"","overlay-gradient":""}},"ngg_post_thumbnail":0,"footnotes":""},"class_list":["post-4731","page","type-page","status-publish","hentry"],"uagb_featured_image_src":{"full":false,"thumbnail":false,"medium":false,"medium_large":false,"large":false,"1536x1536":false,"2048x2048":false},"uagb_author_info":{"display_name":"PMT","author_link":"https:\/\/sp5.pila.pl\/SP5\/author\/ludi\/"},"uagb_comment_info":0,"uagb_excerpt":"Andrzejewska Aneta: edukacja wczesnoszkolna Badzi\u0105g Roman: religia, rewalidacja Bartkowski Miros\u0142aw: wychowanie fizyczne, edukacja zdrowotna Bartol Izabella: j\u0119zyk polski B\u0119ben Monika: [&hellip;]","_links":{"self":[{"href":"https:\/\/sp5.pila.pl\/SP5\/wp-json\/wp\/v2\/pages\/4731","targetHints":{"allow":["GET"]}}],"collection":[{"href":"https:\/\/sp5.pila.pl\/SP5\/wp-json\/wp\/v2\/pages"}],"about":[{"href":"https:\/\/sp5.pila.pl\/SP5\/wp-json\/wp\/v2\/types\/page"}],"author":[{"embeddable":true,"href":"https:\/\/sp5.pila.pl\/SP5\/wp-json\/wp\/v2\/users\/1"}],"replies":[{"embeddable":true,"href":"https:\/\/sp5.pila.pl\/SP5\/wp-json\/wp\/v2\/comments?post=4731"}],"version-history":[{"count":29,"href":"https:\/\/sp5.pila.pl\/SP5\/wp-json\/wp\/v2\/pages\/4731\/revisions"}],"predecessor-version":[{"id":56395,"href":"https:\/\/sp5.pila.pl\/SP5\/wp-json\/wp\/v2\/pages\/4731\/revisions\/56395"}],"wp:attachment":[{"href":"https:\/\/sp5.pila.pl\/SP5\/wp-json\/wp\/v2\/media?parent=4731"}],"curies":[{"name":"wp","href":"https:\/\/api.w.org\/{rel}","templated":true}]}}