{"id":4758,"date":"2018-09-17T13:11:19","date_gmt":"2018-09-17T11:11:19","guid":{"rendered":"http:\/\/sp5.pila.pl\/SP5\/?page_id=4758"},"modified":"2026-03-23T11:55:46","modified_gmt":"2026-03-23T10:55:46","slug":"rodo","status":"publish","type":"page","link":"https:\/\/sp5.pila.pl\/SP5\/rodo\/","title":{"rendered":"OCHRONA DANYCH OSOBOWYCH"},"content":{"rendered":"<p>Inspektorem Ochrony Danych jest <strong>Robert Erdmann<\/strong><\/p>\n<p>Kontakt adres e-mail:&nbsp;<a href=\"mailto:robert.erdmann@erodo.com.co\"><strong><span style=\"color: #3366ff;\"> robert.erdmann@erodo.com.co<\/span><\/strong><\/a><\/p>\n<p>&nbsp;<\/p>\n<p>Zgodnie z art. 13 ust. 1 i ust. 2 og\u00f3lnego Rozporz\u0105dzenia PE i Rady (UE) 2016\/679 z dnia 27 kwietnia 2016 roku w sprawie ochrony os\u00f3b fizycznych w zwi\u0105zku z przetwarzaniem danych osobowych i w sprawie swobodnego przep\u0142ywu takich danych oraz uchylenia dyrektywy 95\/46\/WE (dalej) RODO informuj\u0119, \u017ce:<\/p>\n<p>&nbsp;<\/p>\n<p>1.Administratorem Pani\/Pana danych osobowych jest Szko\u0142a Podstawowa nr 5 im. Dzieci Polskich w Pile, zwane dalej \u201eSzko\u0142\u0105\u201d.<\/p>\n<ol start=\"2\">\n<li>Inspektorem Ochrony Danych jest <strong>Dawid Nogaj<\/strong>, z kt\u00f3rym mog\u0105 si\u0119 Pa\u0144stwo skontaktowa\u0107 pod adresem: <span style=\"color: #3366ff;\"><strong><a style=\"color: #3366ff;\" href=\"mailto:inspektor@bezpieczne-dane.eu\">inspektor@bezpieczne-dane.eu<\/a><\/strong>&nbsp;<\/span>lub telefonicznie: <strong>613-070-750<\/strong>.<\/li>\n<\/ol>\n<p>3.Pani\/Pana dane osobowe w postaci wizerunku zarejestrowanego przez monitoring przetwarzane b\u0119d\u0105 w celu zapewnienia bezpiecze\u0144stwa os\u00f3b przebywaj\u0105cych na terenie szko\u0142y oraz zabezpieczenia mienia na podstawie art. 6 ust 1 pkt c) i f) RODO.<\/p>\n<ol start=\"4\">\n<li>Podane przez Pani\u0105\/Pana dane osobowe b\u0119d\u0105 udost\u0119pniane podmiotom uprawnionym do ich przetwarzania na podstawie przepis\u00f3w prawa oraz um\u00f3w.<\/li>\n<li>Pani\/Pana dane osobowe b\u0119d\u0105 przechowywane przez okres 1 miesi\u0105ca, po tym terminie przechowywanie b\u0119dzie regulowane na podstawie obowi\u0105zuj\u0105cych przepis\u00f3w prawa.<\/li>\n<li>Posiada Pani\/Pan prawo dost\u0119pu do tre\u015bci swoich danych oraz prawo ich sprostowania, usuni\u0119cia, ograniczenia przetwarzania, prawo do przenoszenia danych, prawo wniesienia sprzeciwu, prawo do cofni\u0119cia zgody w dowolnym momencie bez wp\u0142ywu na zgodno\u015b\u0107 z prawem przetwarzania, kt\u00f3rego dokonano na podstawie zgody przed jej cofni\u0119ciem \u2013 w granicach okre\u015blonych w przepisach prawa.<\/li>\n<li>Posiada Pan\/Pani prawo wniesienia skargi do organu nadzorczego zajmuj\u0105cego si\u0119 ochron\u0105 danych osobowych, je\u017celi uzna Pani\/Pan, i\u017c przetwarzanie danych osobowych Pani\/Pana dotycz\u0105cych narusza przepisy RODO.<\/li>\n<li>Podanie przez Pana\/Pani\u0105 danych osobowych jest dobrowolne. Przebywanie na terenie Szko\u0142y jest r\u00f3wnoznaczne z wyra\u017ceniem zgody na podanie danych osobowych w zakresie wskazanym w pkt. 3. Konsekwencj\u0105 odmowy udost\u0119pnienia tych danych jest brak uprawnienia do przebywania na terenie szko\u0142y.<\/li>\n<li>Pani\/Pana dane b\u0119d\u0105 przetwarzane w spos\u00f3b zautomatyzowany \u2013 kamery monitoringu nagrywaj\u0105 obraz w spos\u00f3b ci\u0105g\u0142y, po up\u0142ywie 1 miesi\u0105ca zapis jest automatycznie nadpisywany.<\/li>\n<\/ol>\n","protected":false},"excerpt":{"rendered":"<p>Inspektorem Ochrony Danych jest Robert Erdmann Kontakt adres e-mail:&nbsp; robert.erdmann@erodo.com.co &nbsp; Zgodnie z art. 13 ust. 1 i ust. 2 [&hellip;]<\/p>\n","protected":false},"author":1,"featured_media":0,"parent":0,"menu_order":0,"comment_status":"closed","ping_status":"closed","template":"","meta":{"_editorskit_title_hidden":false,"_editorskit_reading_time":0,"_editorskit_is_block_options_detached":false,"_editorskit_block_options_position":"{}","rop_custom_images_group":[],"rop_custom_messages_group":[],"rop_publish_now":"initial","rop_publish_now_accounts":[],"rop_publish_now_history":[],"rop_publish_now_status":"pending","_uag_custom_page_level_css":"","site-sidebar-layout":"default","site-content-layout":"","ast-site-content-layout":"default","site-content-style":"default","site-sidebar-style":"default","ast-global-header-display":"","ast-banner-title-visibility":"","ast-main-header-display":"","ast-hfb-above-header-display":"","ast-hfb-below-header-display":"","ast-hfb-mobile-header-display":"","site-post-title":"","ast-breadcrumbs-content":"","ast-featured-img":"","footer-sml-layout":"","ast-disable-related-posts":"","theme-transparent-header-meta":"","adv-header-id-meta":"","stick-header-meta":"","header-above-stick-meta":"","header-main-stick-meta":"","header-below-stick-meta":"","astra-migrate-meta-layouts":"default","ast-page-background-enabled":"default","ast-page-background-meta":{"desktop":{"background-color":"var(--ast-global-color-5)","background-image":"","background-repeat":"repeat","background-position":"center center","background-size":"auto","background-attachment":"scroll","background-type":"","background-media":"","overlay-type":"","overlay-color":"","overlay-opacity":"","overlay-gradient":""},"tablet":{"background-color":"","background-image":"","background-repeat":"repeat","background-position":"center center","background-size":"auto","background-attachment":"scroll","background-type":"","background-media":"","overlay-type":"","overlay-color":"","overlay-opacity":"","overlay-gradient":""},"mobile":{"background-color":"","background-image":"","background-repeat":"repeat","background-position":"center center","background-size":"auto","background-attachment":"scroll","background-type":"","background-media":"","overlay-type":"","overlay-color":"","overlay-opacity":"","overlay-gradient":""}},"ast-content-background-meta":{"desktop":{"background-color":"var(--ast-global-color-4)","background-image":"","background-repeat":"repeat","background-position":"center center","background-size":"auto","background-attachment":"scroll","background-type":"","background-media":"","overlay-type":"","overlay-color":"","overlay-opacity":"","overlay-gradient":""},"tablet":{"background-color":"var(--ast-global-color-4)","background-image":"","background-repeat":"repeat","background-position":"center center","background-size":"auto","background-attachment":"scroll","background-type":"","background-media":"","overlay-type":"","overlay-color":"","overlay-opacity":"","overlay-gradient":""},"mobile":{"background-color":"var(--ast-global-color-4)","background-image":"","background-repeat":"repeat","background-position":"center center","background-size":"auto","background-attachment":"scroll","background-type":"","background-media":"","overlay-type":"","overlay-color":"","overlay-opacity":"","overlay-gradient":""}},"ngg_post_thumbnail":0,"footnotes":""},"class_list":["post-4758","page","type-page","status-publish","hentry"],"uagb_featured_image_src":{"full":false,"thumbnail":false,"medium":false,"medium_large":false,"large":false,"1536x1536":false,"2048x2048":false},"uagb_author_info":{"display_name":"PMT","author_link":"https:\/\/sp5.pila.pl\/SP5\/author\/ludi\/"},"uagb_comment_info":0,"uagb_excerpt":"Inspektorem Ochrony Danych jest Robert Erdmann Kontakt adres e-mail:&nbsp; robert.erdmann@erodo.com.co &nbsp; Zgodnie z art. 13 ust. 1 i ust. 2 [&hellip;]","_links":{"self":[{"href":"https:\/\/sp5.pila.pl\/SP5\/wp-json\/wp\/v2\/pages\/4758","targetHints":{"allow":["GET"]}}],"collection":[{"href":"https:\/\/sp5.pila.pl\/SP5\/wp-json\/wp\/v2\/pages"}],"about":[{"href":"https:\/\/sp5.pila.pl\/SP5\/wp-json\/wp\/v2\/types\/page"}],"author":[{"embeddable":true,"href":"https:\/\/sp5.pila.pl\/SP5\/wp-json\/wp\/v2\/users\/1"}],"replies":[{"embeddable":true,"href":"https:\/\/sp5.pila.pl\/SP5\/wp-json\/wp\/v2\/comments?post=4758"}],"version-history":[{"count":14,"href":"https:\/\/sp5.pila.pl\/SP5\/wp-json\/wp\/v2\/pages\/4758\/revisions"}],"predecessor-version":[{"id":59265,"href":"https:\/\/sp5.pila.pl\/SP5\/wp-json\/wp\/v2\/pages\/4758\/revisions\/59265"}],"wp:attachment":[{"href":"https:\/\/sp5.pila.pl\/SP5\/wp-json\/wp\/v2\/media?parent=4758"}],"curies":[{"name":"wp","href":"https:\/\/api.w.org\/{rel}","templated":true}]}}