{"id":55109,"date":"2025-10-03T12:05:17","date_gmt":"2025-10-03T10:05:17","guid":{"rendered":"https:\/\/sp5.pila.pl\/SP5\/?page_id=55109"},"modified":"2026-02-26T18:41:44","modified_gmt":"2026-02-26T17:41:44","slug":"klasa-patronacka","status":"publish","type":"page","link":"https:\/\/sp5.pila.pl\/SP5\/klasa-patronacka\/","title":{"rendered":"Klasa patronacka"},"content":{"rendered":"\n<p><strong>Jak za\u0142o\u017cy\u0107 w\u0142asn\u0105 firm\u0119?<\/strong><\/p>\n\n\n\n<p>W ramach dzia\u0142alno\u015bci klasy patronackiej odby\u0142a si\u0119 lekcja pt. \u201eJak za\u0142o\u017cy\u0107 w\u0142asn\u0105 firm\u0119?\u201d. Zaj\u0119cia przeprowadzi\u0142 pan \u0141ukasz Kuli\u0144ski, kt\u00f3ry przybli\u017cy\u0142 uczniom podstawy przedsi\u0119biorczo\u015bci oraz etapy zak\u0142adania dzia\u0142alno\u015bci gospodarczej.<\/p>\n\n\n\n<p>Spotkanie by\u0142o inspiruj\u0105c\u0105 okazj\u0105 do zdobycia praktycznej wiedzy i rozwijania przedsi\u0119biorczych postaw w\u015br\u00f3d uczni\u00f3w.<\/p>\n\n\n\n<div class=\"wp-block-uagb-image uagb-block-302e5484 wp-block-uagb-image--layout-default wp-block-uagb-image--effect-static wp-block-uagb-image--align-none\"><figure class=\"wp-block-uagb-image__figure\"><img decoding=\"async\" srcset=\"https:\/\/sp5.pila.pl\/SP5\/wp-content\/uploads\/PXL_20260123_092814886-1024x771.jpg ,https:\/\/sp5.pila.pl\/SP5\/wp-content\/uploads\/PXL_20260123_092814886-scaled.jpg 780w, https:\/\/sp5.pila.pl\/SP5\/wp-content\/uploads\/PXL_20260123_092814886-scaled.jpg 360w\" sizes=\"auto, (max-width: 480px) 150px\" src=\"https:\/\/sp5.pila.pl\/SP5\/wp-content\/uploads\/PXL_20260123_092814886-1024x771.jpg\" alt=\"\" class=\"uag-image-58720\" width=\"1024\" height=\"771\" title=\"PXL_20260123_092814886\" loading=\"lazy\" role=\"img\"\/><\/figure><\/div>\n\n\n\n<div class=\"wp-block-uagb-image uagb-block-3d716eb6 wp-block-uagb-image--layout-default wp-block-uagb-image--effect-static wp-block-uagb-image--align-none\"><figure class=\"wp-block-uagb-image__figure\"><img decoding=\"async\" srcset=\"https:\/\/sp5.pila.pl\/SP5\/wp-content\/uploads\/PXL_20260123_085657272.MP_-1024x771.jpg ,https:\/\/sp5.pila.pl\/SP5\/wp-content\/uploads\/PXL_20260123_085657272.MP_-scaled.jpg 780w, https:\/\/sp5.pila.pl\/SP5\/wp-content\/uploads\/PXL_20260123_085657272.MP_-scaled.jpg 360w\" sizes=\"auto, (max-width: 480px) 150px\" src=\"https:\/\/sp5.pila.pl\/SP5\/wp-content\/uploads\/PXL_20260123_085657272.MP_-1024x771.jpg\" alt=\"\" class=\"uag-image-58721\" width=\"1024\" height=\"771\" title=\"PXL_20260123_085657272.MP\" loading=\"lazy\" role=\"img\"\/><\/figure><\/div>\n\n\n\n<figure class=\"wp-block-image size-large\"><img decoding=\"async\" src=\"https:\/\/sp5.pila.pl\/SP5\/wp-content\/uploads\/PXL_20260123_085640400-1024x771.jpg\" alt=\"\"\/><\/figure>\n\n\n\n<p><strong>Wizyta klasy patronackiej VIA w firmie ORCA w Pile<\/strong> (05.12.2025)<\/p>\n\n\n\n<p class=\"has-text-align-justify has-text-align-justify\">Uczniowie klasy patronackiej <strong>VIA<\/strong> mieli okazj\u0119 odwiedzi\u0107 firm\u0119 <strong>ORCA w Pile<\/strong>, gdzie zapoznali si\u0119 z dzia\u0142alno\u015bci\u0105 przedsi\u0119biorstwa oraz specyfik\u0105 pracy w nowoczesnym zak\u0142adzie. Firma ORCA zajmuje si\u0119 produkcj\u0105 i obr\u00f3bk\u0105 element\u00f3w przemys\u0142owych, wykorzystuj\u0105c nowoczesne technologie oraz innowacyjne rozwi\u0105zania stosowane w bran\u017cy.<\/p>\n\n\n\n<p class=\"has-text-align-justify has-text-align-justify\">Podczas spotkania uczniowie dowiedzieli si\u0119, jak wygl\u0105da codzienna praca w firmie, jakie kwalifikacje s\u0105 potrzebne na poszczeg\u00f3lnych stanowiskach oraz jakie mo\u017cliwo\u015bci rozwoju zawodowego oferuje przedsi\u0119biorstwo. Nast\u0119pnie m\u0142odzie\u017c zwiedzi\u0142a zak\u0142ad pracy, obserwuj\u0105c procesy produkcyjne oraz organizacj\u0119 pracy \u201eod zaplecza\u201d.<\/p>\n\n\n\n<p class=\"has-text-align-justify has-text-align-justify\">Wizyta by\u0142a cennym do\u015bwiadczeniem, kt\u00f3re pozwoli\u0142o uczniom poszerzy\u0107 wiedz\u0119 praktyczn\u0105 oraz lepiej zrozumie\u0107 funkcjonowanie firmy i realia przysz\u0142ej pracy zawodowej.<\/p>\n\n\n\n<figure class=\"wp-block-image size-large\"><img loading=\"lazy\" decoding=\"async\" width=\"1024\" height=\"771\" src=\"https:\/\/sp5.pila.pl\/SP5\/wp-content\/uploads\/PXL_20251205_102221145.MP_-1024x771.jpg\" alt=\"\" class=\"wp-image-57760\" srcset=\"https:\/\/sp5.pila.pl\/SP5\/wp-content\/uploads\/PXL_20251205_102221145.MP_-1024x771.jpg 1024w, https:\/\/sp5.pila.pl\/SP5\/wp-content\/uploads\/PXL_20251205_102221145.MP_-300x226.jpg 300w, https:\/\/sp5.pila.pl\/SP5\/wp-content\/uploads\/PXL_20251205_102221145.MP_-768x578.jpg 768w, https:\/\/sp5.pila.pl\/SP5\/wp-content\/uploads\/PXL_20251205_102221145.MP_-1536x1157.jpg 1536w, https:\/\/sp5.pila.pl\/SP5\/wp-content\/uploads\/PXL_20251205_102221145.MP_-2048x1542.jpg 2048w\" sizes=\"auto, (max-width: 1024px) 100vw, 1024px\" \/><\/figure>\n\n\n\n<figure class=\"wp-block-image size-full is-resized\"><img loading=\"lazy\" decoding=\"async\" width=\"800\" height=\"600\" src=\"https:\/\/sp5.pila.pl\/SP5\/wp-content\/uploads\/10000193061-1.jpg\" alt=\"\" class=\"wp-image-57761\" style=\"width:487px;height:auto\" srcset=\"https:\/\/sp5.pila.pl\/SP5\/wp-content\/uploads\/10000193061-1.jpg 800w, https:\/\/sp5.pila.pl\/SP5\/wp-content\/uploads\/10000193061-1-300x225.jpg 300w, https:\/\/sp5.pila.pl\/SP5\/wp-content\/uploads\/10000193061-1-768x576.jpg 768w\" sizes=\"auto, (max-width: 800px) 100vw, 800px\" \/><\/figure>\n\n\n\n<figure class=\"wp-block-image size-large is-resized\"><img loading=\"lazy\" decoding=\"async\" width=\"771\" height=\"1024\" src=\"https:\/\/sp5.pila.pl\/SP5\/wp-content\/uploads\/PXL_20251205_093315993-1-771x1024.jpg\" alt=\"\" class=\"wp-image-57762\" style=\"aspect-ratio:0.7529363150532647;width:499px;height:auto\" srcset=\"https:\/\/sp5.pila.pl\/SP5\/wp-content\/uploads\/PXL_20251205_093315993-1-771x1024.jpg 771w, https:\/\/sp5.pila.pl\/SP5\/wp-content\/uploads\/PXL_20251205_093315993-1-226x300.jpg 226w, https:\/\/sp5.pila.pl\/SP5\/wp-content\/uploads\/PXL_20251205_093315993-1-768x1020.jpg 768w, https:\/\/sp5.pila.pl\/SP5\/wp-content\/uploads\/PXL_20251205_093315993-1-1157x1536.jpg 1157w, https:\/\/sp5.pila.pl\/SP5\/wp-content\/uploads\/PXL_20251205_093315993-1-1542x2048.jpg 1542w, https:\/\/sp5.pila.pl\/SP5\/wp-content\/uploads\/PXL_20251205_093315993-1-scaled.jpg 1928w\" sizes=\"auto, (max-width: 771px) 100vw, 771px\" \/><\/figure>\n\n\n\n<figure class=\"wp-block-image size-large is-resized\"><img loading=\"lazy\" decoding=\"async\" width=\"601\" height=\"1024\" src=\"https:\/\/sp5.pila.pl\/SP5\/wp-content\/uploads\/PXL_20251205_101500553.MP2_-601x1024.jpg\" alt=\"\" class=\"wp-image-57763\" style=\"aspect-ratio:0.586565946114396;width:527px;height:auto\" srcset=\"https:\/\/sp5.pila.pl\/SP5\/wp-content\/uploads\/PXL_20251205_101500553.MP2_-601x1024.jpg 601w, https:\/\/sp5.pila.pl\/SP5\/wp-content\/uploads\/PXL_20251205_101500553.MP2_-176x300.jpg 176w, https:\/\/sp5.pila.pl\/SP5\/wp-content\/uploads\/PXL_20251205_101500553.MP2_-768x1309.jpg 768w, https:\/\/sp5.pila.pl\/SP5\/wp-content\/uploads\/PXL_20251205_101500553.MP2_-901x1536.jpg 901w, https:\/\/sp5.pila.pl\/SP5\/wp-content\/uploads\/PXL_20251205_101500553.MP2_-1201x2048.jpg 1201w, https:\/\/sp5.pila.pl\/SP5\/wp-content\/uploads\/PXL_20251205_101500553.MP2_-scaled.jpg 1502w\" sizes=\"auto, (max-width: 601px) 100vw, 601px\" \/><\/figure>\n\n\n\n<figure class=\"wp-block-image size-large is-resized\"><img loading=\"lazy\" decoding=\"async\" width=\"1024\" height=\"771\" src=\"https:\/\/sp5.pila.pl\/SP5\/wp-content\/uploads\/PXL_20251205_091604478.MP_-1-1024x771.jpg\" alt=\"\" class=\"wp-image-57764\" style=\"aspect-ratio:1.3281196850172148;width:538px;height:auto\" srcset=\"https:\/\/sp5.pila.pl\/SP5\/wp-content\/uploads\/PXL_20251205_091604478.MP_-1-1024x771.jpg 1024w, https:\/\/sp5.pila.pl\/SP5\/wp-content\/uploads\/PXL_20251205_091604478.MP_-1-300x226.jpg 300w, https:\/\/sp5.pila.pl\/SP5\/wp-content\/uploads\/PXL_20251205_091604478.MP_-1-768x578.jpg 768w, https:\/\/sp5.pila.pl\/SP5\/wp-content\/uploads\/PXL_20251205_091604478.MP_-1-1536x1157.jpg 1536w, https:\/\/sp5.pila.pl\/SP5\/wp-content\/uploads\/PXL_20251205_091604478.MP_-1-2048x1542.jpg 2048w\" sizes=\"auto, (max-width: 1024px) 100vw, 1024px\" \/><\/figure>\n\n\n\n<h3 class=\"wp-block-heading\">Podpisanie umowy patronackiej<\/h3>\n\n\n\n<p>W naszej szkole powsta\u0142a <strong>klasa patronacka pod opiek\u0105 firmy ORCA Precision Parts Sp. z o.o.<\/strong>!<br>To wyj\u0105tkowa inicjatywa, kt\u00f3ra \u0142\u0105czy nauk\u0119 z praktyk\u0105 i pomaga uczniom zdobywa\u0107 do\u015bwiadczenie potrzebne w przysz\u0142ej pracy zawodowej.<\/p>\n\n\n\n<p>1 pa\u017adziernika podpisano oficjalne porozumienie pomi\u0119dzy <strong>Beat\u0105 Dudzi\u0144sk\u0105 \u2013 <\/strong>Prezydent Miasta Pi\u0142y, <strong>Szymonem Malinowskim \u2013 <\/strong>Prezesem firmy ORCA oraz pani\u0105 Dyrektor <strong>Dorot\u0105 Guli\u0144sk\u0105 .<\/strong><br>Uczniowie klasy VIa, g\u0142\u00f3wni bohaterowie projektu, r\u00f3wnie\u017c z\u0142o\u017cyli swoje podpisy, potwierdzaj\u0105c gotowo\u015b\u0107 do udzia\u0142u w programie. <\/p>\n\n\n\n<p>Pomys\u0142odawczyni\u0105 i koordynatork\u0105 przedsi\u0119wzi\u0119cia jest <strong>pani Iwona Kusiorska<\/strong>, nauczycielka doradztwa zawodowego.<br>W wydarzeniu uczestniczyli tak\u017ce <strong>Sebastian Dzikowski<\/strong>, dyrektor Wydzia\u0142u O\u015bwiaty Kultury i Sportu oraz <strong>Danuta Dobrzykowska\u2013M\u00fcller<\/strong> z Izby Gospodarczej P\u00f3\u0142nocnej Wielkopolski.<\/p>\n\n\n\n<figure class=\"wp-block-image size-large\"><img loading=\"lazy\" decoding=\"async\" width=\"1024\" height=\"664\" src=\"https:\/\/sp5.pila.pl\/SP5\/wp-content\/uploads\/557252825_1213511010808684_1971511631618522488_n-1024x664.jpg\" alt=\"\" class=\"wp-image-55150\" srcset=\"https:\/\/sp5.pila.pl\/SP5\/wp-content\/uploads\/557252825_1213511010808684_1971511631618522488_n-1024x664.jpg 1024w, https:\/\/sp5.pila.pl\/SP5\/wp-content\/uploads\/557252825_1213511010808684_1971511631618522488_n-300x194.jpg 300w, https:\/\/sp5.pila.pl\/SP5\/wp-content\/uploads\/557252825_1213511010808684_1971511631618522488_n-768x498.jpg 768w, https:\/\/sp5.pila.pl\/SP5\/wp-content\/uploads\/557252825_1213511010808684_1971511631618522488_n-1536x995.jpg 1536w, https:\/\/sp5.pila.pl\/SP5\/wp-content\/uploads\/557252825_1213511010808684_1971511631618522488_n.jpg 2048w\" sizes=\"auto, (max-width: 1024px) 100vw, 1024px\" \/><\/figure>\n\n\n\n<figure class=\"wp-block-gallery has-nested-images columns-default is-cropped wp-block-gallery-1 is-layout-flex wp-block-gallery-is-layout-flex\">\n<figure class=\"wp-block-image size-large is-style-default\"><img loading=\"lazy\" decoding=\"async\" width=\"1024\" height=\"678\" data-id=\"55152\" src=\"https:\/\/sp5.pila.pl\/SP5\/wp-content\/uploads\/558882380_1213511094142009_5416502855699464404_n-1024x678.jpg\" alt=\"\" class=\"wp-image-55152\" srcset=\"https:\/\/sp5.pila.pl\/SP5\/wp-content\/uploads\/558882380_1213511094142009_5416502855699464404_n-1024x678.jpg 1024w, https:\/\/sp5.pila.pl\/SP5\/wp-content\/uploads\/558882380_1213511094142009_5416502855699464404_n-300x198.jpg 300w, https:\/\/sp5.pila.pl\/SP5\/wp-content\/uploads\/558882380_1213511094142009_5416502855699464404_n-768x508.jpg 768w, https:\/\/sp5.pila.pl\/SP5\/wp-content\/uploads\/558882380_1213511094142009_5416502855699464404_n-1536x1016.jpg 1536w, https:\/\/sp5.pila.pl\/SP5\/wp-content\/uploads\/558882380_1213511094142009_5416502855699464404_n.jpg 2048w\" sizes=\"auto, (max-width: 1024px) 100vw, 1024px\" \/><\/figure>\n<\/figure>\n\n\n\n<figure class=\"wp-block-image size-large\"><img loading=\"lazy\" decoding=\"async\" width=\"1024\" height=\"683\" src=\"https:\/\/sp5.pila.pl\/SP5\/wp-content\/uploads\/557502804_1213511100808675_8448352797985979903_n-1024x683.jpg\" alt=\"\" class=\"wp-image-55153\" srcset=\"https:\/\/sp5.pila.pl\/SP5\/wp-content\/uploads\/557502804_1213511100808675_8448352797985979903_n-1024x683.jpg 1024w, https:\/\/sp5.pila.pl\/SP5\/wp-content\/uploads\/557502804_1213511100808675_8448352797985979903_n-300x200.jpg 300w, https:\/\/sp5.pila.pl\/SP5\/wp-content\/uploads\/557502804_1213511100808675_8448352797985979903_n-768x512.jpg 768w, https:\/\/sp5.pila.pl\/SP5\/wp-content\/uploads\/557502804_1213511100808675_8448352797985979903_n-1536x1024.jpg 1536w, https:\/\/sp5.pila.pl\/SP5\/wp-content\/uploads\/557502804_1213511100808675_8448352797985979903_n.jpg 2048w\" sizes=\"auto, (max-width: 1024px) 100vw, 1024px\" \/><\/figure>\n\n\n\n<figure class=\"wp-block-image size-large\"><img loading=\"lazy\" decoding=\"async\" width=\"1024\" height=\"683\" src=\"https:\/\/sp5.pila.pl\/SP5\/wp-content\/uploads\/557599623_1213511060808679_4829549169087904093_n-1024x683.jpg\" alt=\"\" class=\"wp-image-55154\" srcset=\"https:\/\/sp5.pila.pl\/SP5\/wp-content\/uploads\/557599623_1213511060808679_4829549169087904093_n-1024x683.jpg 1024w, https:\/\/sp5.pila.pl\/SP5\/wp-content\/uploads\/557599623_1213511060808679_4829549169087904093_n-300x200.jpg 300w, https:\/\/sp5.pila.pl\/SP5\/wp-content\/uploads\/557599623_1213511060808679_4829549169087904093_n-768x512.jpg 768w, https:\/\/sp5.pila.pl\/SP5\/wp-content\/uploads\/557599623_1213511060808679_4829549169087904093_n-1536x1024.jpg 1536w, https:\/\/sp5.pila.pl\/SP5\/wp-content\/uploads\/557599623_1213511060808679_4829549169087904093_n.jpg 2048w\" sizes=\"auto, (max-width: 1024px) 100vw, 1024px\" \/><\/figure>\n\n\n\n<figure class=\"wp-block-gallery has-nested-images columns-default is-cropped wp-block-gallery-2 is-layout-flex wp-block-gallery-is-layout-flex\">\n<figure class=\"wp-block-image size-large\"><img loading=\"lazy\" decoding=\"async\" width=\"1024\" height=\"645\" data-id=\"55155\" src=\"https:\/\/sp5.pila.pl\/SP5\/wp-content\/uploads\/557647941_1213511020808683_3486011998051082603_n-1024x645.jpg\" alt=\"\" class=\"wp-image-55155\" srcset=\"https:\/\/sp5.pila.pl\/SP5\/wp-content\/uploads\/557647941_1213511020808683_3486011998051082603_n-1024x645.jpg 1024w, https:\/\/sp5.pila.pl\/SP5\/wp-content\/uploads\/557647941_1213511020808683_3486011998051082603_n-300x189.jpg 300w, https:\/\/sp5.pila.pl\/SP5\/wp-content\/uploads\/557647941_1213511020808683_3486011998051082603_n-768x483.jpg 768w, https:\/\/sp5.pila.pl\/SP5\/wp-content\/uploads\/557647941_1213511020808683_3486011998051082603_n-1536x967.jpg 1536w, https:\/\/sp5.pila.pl\/SP5\/wp-content\/uploads\/557647941_1213511020808683_3486011998051082603_n.jpg 2048w\" sizes=\"auto, (max-width: 1024px) 100vw, 1024px\" \/><\/figure>\n<\/figure>\n\n\n\n<figure class=\"wp-block-image size-large\"><img loading=\"lazy\" decoding=\"async\" width=\"1024\" height=\"683\" src=\"https:\/\/sp5.pila.pl\/SP5\/wp-content\/uploads\/557803948_1213511150808670_3544288295655319254_n-1024x683.jpg\" alt=\"\" class=\"wp-image-55156\" srcset=\"https:\/\/sp5.pila.pl\/SP5\/wp-content\/uploads\/557803948_1213511150808670_3544288295655319254_n-1024x683.jpg 1024w, https:\/\/sp5.pila.pl\/SP5\/wp-content\/uploads\/557803948_1213511150808670_3544288295655319254_n-300x200.jpg 300w, https:\/\/sp5.pila.pl\/SP5\/wp-content\/uploads\/557803948_1213511150808670_3544288295655319254_n-768x512.jpg 768w, https:\/\/sp5.pila.pl\/SP5\/wp-content\/uploads\/557803948_1213511150808670_3544288295655319254_n-1536x1024.jpg 1536w, https:\/\/sp5.pila.pl\/SP5\/wp-content\/uploads\/557803948_1213511150808670_3544288295655319254_n.jpg 2048w\" sizes=\"auto, (max-width: 1024px) 100vw, 1024px\" \/><\/figure>\n\n\n\n<figure class=\"wp-block-image size-large\"><img loading=\"lazy\" decoding=\"async\" width=\"1024\" height=\"683\" src=\"https:\/\/sp5.pila.pl\/SP5\/wp-content\/uploads\/558807152_1213511084142010_8953954900235376294_n-1024x683.jpg\" alt=\"\" class=\"wp-image-55157\" srcset=\"https:\/\/sp5.pila.pl\/SP5\/wp-content\/uploads\/558807152_1213511084142010_8953954900235376294_n-1024x683.jpg 1024w, https:\/\/sp5.pila.pl\/SP5\/wp-content\/uploads\/558807152_1213511084142010_8953954900235376294_n-300x200.jpg 300w, https:\/\/sp5.pila.pl\/SP5\/wp-content\/uploads\/558807152_1213511084142010_8953954900235376294_n-768x512.jpg 768w, https:\/\/sp5.pila.pl\/SP5\/wp-content\/uploads\/558807152_1213511084142010_8953954900235376294_n-1536x1024.jpg 1536w, https:\/\/sp5.pila.pl\/SP5\/wp-content\/uploads\/558807152_1213511084142010_8953954900235376294_n.jpg 2048w\" sizes=\"auto, (max-width: 1024px) 100vw, 1024px\" \/><\/figure>\n\n\n\n<hr class=\"wp-block-separator has-alpha-channel-opacity\"\/>\n\n\n\n<p class=\"has-text-align-center\"><strong>Plan dzia\u0142a\u0144 klasy patronackiej<\/strong><\/p>\n\n\n\n<p>01.10.2025 <strong>Podpisanie umowy patronackiej<\/strong><br>Spotkanie przedstawicieli szko\u0142y i firmy ORCA, ustalenie zasad wsp\u00f3\u0142pracy oraz oficjalne podpisanie umowy.<\/p>\n\n\n\n<p><strong>Listopad 2025 &#8211; Pierwsza wizyta w ORCA<\/strong><br>Poznanie firmy od \u015brodka: produkcja, zasady BHP i spotkanie z pracownikami.<\/p>\n\n\n\n<p><strong>Stycze\u0144 2026 &#8211; Spotkanie w szkole<\/strong><br>Go\u015bcie z ORCA opowiedz\u0105 o swojej pracy i zawodach zwi\u0105zanych z technik\u0105 i produkcj\u0105.<\/p>\n\n\n\n<p><strong>Luty 2026 &#8211; Konkurs \u201eZaprojektuj swoj\u0105 maszyn\u0119 przysz\u0142o\u015bci\u201d<\/strong><br>Uczniowie tworz\u0105 w\u0142asne pomys\u0142y i projekty \u2013 najlepsze prace zostan\u0105 nagrodzone.<\/p>\n\n\n\n<p><strong>Marzec 2026 &#8211; Warsztaty w firmie<\/strong><br>Temat: \u201eJak powstaj\u0105 cz\u0119\u015bci precyzyjne?\u201d \u2013 uczniowie poznaj\u0105 tajniki nowoczesnej technologii.<\/p>\n\n\n\n<p><strong>Kwiecie\u0144 2026 &#8211; Warsztaty kreatywne<\/strong><br>Zaj\u0119cia z pracownikami firmy ORCA \u2013 rozw\u00f3j pomys\u0142owo\u015bci i pracy zespo\u0142owej.<\/p>\n\n\n\n<p><strong>Czerwiec 2026 &#8211; Projekt \u201eFabryka przysz\u0142o\u015bci\u201d<\/strong><br>Uczniowie przygotuj\u0105 makiety lub prezentacje, najciekawsze pomys\u0142y zostan\u0105 nagrodzone.<\/p>\n\n\n\n<p><\/p>\n","protected":false},"excerpt":{"rendered":"<p>Jak za\u0142o\u017cy\u0107 w\u0142asn\u0105 firm\u0119? W ramach dzia\u0142alno\u015bci klasy patronackiej odby\u0142a si\u0119 lekcja pt. \u201eJak za\u0142o\u017cy\u0107 w\u0142asn\u0105 firm\u0119?\u201d. Zaj\u0119cia przeprowadzi\u0142 pan [&hellip;]<\/p>\n","protected":false},"author":1,"featured_media":55150,"parent":0,"menu_order":0,"comment_status":"closed","ping_status":"closed","template":"","meta":{"_editorskit_title_hidden":false,"_editorskit_reading_time":0,"_editorskit_is_block_options_detached":false,"_editorskit_block_options_position":"{}","rop_custom_images_group":[],"rop_custom_messages_group":[],"rop_publish_now":"initial","rop_publish_now_accounts":[],"rop_publish_now_history":[],"rop_publish_now_status":"pending","_uag_custom_page_level_css":"","site-sidebar-layout":"default","site-content-layout":"","ast-site-content-layout":"default","site-content-style":"default","site-sidebar-style":"default","ast-global-header-display":"","ast-banner-title-visibility":"","ast-main-header-display":"","ast-hfb-above-header-display":"","ast-hfb-below-header-display":"","ast-hfb-mobile-header-display":"","site-post-title":"","ast-breadcrumbs-content":"","ast-featured-img":"","footer-sml-layout":"","ast-disable-related-posts":"","theme-transparent-header-meta":"","adv-header-id-meta":"","stick-header-meta":"","header-above-stick-meta":"","header-main-stick-meta":"","header-below-stick-meta":"","astra-migrate-meta-layouts":"default","ast-page-background-enabled":"default","ast-page-background-meta":{"desktop":{"background-color":"var(--ast-global-color-5)","background-image":"","background-repeat":"repeat","background-position":"center center","background-size":"auto","background-attachment":"scroll","background-type":"","background-media":"","overlay-type":"","overlay-color":"","overlay-opacity":"","overlay-gradient":""},"tablet":{"background-color":"","background-image":"","background-repeat":"repeat","background-position":"center center","background-size":"auto","background-attachment":"scroll","background-type":"","background-media":"","overlay-type":"","overlay-color":"","overlay-opacity":"","overlay-gradient":""},"mobile":{"background-color":"","background-image":"","background-repeat":"repeat","background-position":"center center","background-size":"auto","background-attachment":"scroll","background-type":"","background-media":"","overlay-type":"","overlay-color":"","overlay-opacity":"","overlay-gradient":""}},"ast-content-background-meta":{"desktop":{"background-color":"var(--ast-global-color-4)","background-image":"","background-repeat":"repeat","background-position":"center center","background-size":"auto","background-attachment":"scroll","background-type":"","background-media":"","overlay-type":"","overlay-color":"","overlay-opacity":"","overlay-gradient":""},"tablet":{"background-color":"var(--ast-global-color-4)","background-image":"","background-repeat":"repeat","background-position":"center center","background-size":"auto","background-attachment":"scroll","background-type":"","background-media":"","overlay-type":"","overlay-color":"","overlay-opacity":"","overlay-gradient":""},"mobile":{"background-color":"var(--ast-global-color-4)","background-image":"","background-repeat":"repeat","background-position":"center center","background-size":"auto","background-attachment":"scroll","background-type":"","background-media":"","overlay-type":"","overlay-color":"","overlay-opacity":"","overlay-gradient":""}},"ngg_post_thumbnail":0,"footnotes":""},"class_list":["post-55109","page","type-page","status-publish","has-post-thumbnail","hentry"],"uagb_featured_image_src":{"full":["https:\/\/sp5.pila.pl\/SP5\/wp-content\/uploads\/557252825_1213511010808684_1971511631618522488_n.jpg",2048,1327,false],"thumbnail":["https:\/\/sp5.pila.pl\/SP5\/wp-content\/uploads\/557252825_1213511010808684_1971511631618522488_n-150x150.jpg",150,150,true],"medium":["https:\/\/sp5.pila.pl\/SP5\/wp-content\/uploads\/557252825_1213511010808684_1971511631618522488_n-300x194.jpg",300,194,true],"medium_large":["https:\/\/sp5.pila.pl\/SP5\/wp-content\/uploads\/557252825_1213511010808684_1971511631618522488_n-768x498.jpg",768,498,true],"large":["https:\/\/sp5.pila.pl\/SP5\/wp-content\/uploads\/557252825_1213511010808684_1971511631618522488_n-1024x664.jpg",1024,664,true],"1536x1536":["https:\/\/sp5.pila.pl\/SP5\/wp-content\/uploads\/557252825_1213511010808684_1971511631618522488_n-1536x995.jpg",1536,995,true],"2048x2048":["https:\/\/sp5.pila.pl\/SP5\/wp-content\/uploads\/557252825_1213511010808684_1971511631618522488_n.jpg",2048,1327,false]},"uagb_author_info":{"display_name":"PMT","author_link":"https:\/\/sp5.pila.pl\/SP5\/author\/ludi\/"},"uagb_comment_info":0,"uagb_excerpt":"Jak za\u0142o\u017cy\u0107 w\u0142asn\u0105 firm\u0119? W ramach dzia\u0142alno\u015bci klasy patronackiej odby\u0142a si\u0119 lekcja pt. \u201eJak za\u0142o\u017cy\u0107 w\u0142asn\u0105 firm\u0119?\u201d. Zaj\u0119cia przeprowadzi\u0142 pan [&hellip;]","_links":{"self":[{"href":"https:\/\/sp5.pila.pl\/SP5\/wp-json\/wp\/v2\/pages\/55109","targetHints":{"allow":["GET"]}}],"collection":[{"href":"https:\/\/sp5.pila.pl\/SP5\/wp-json\/wp\/v2\/pages"}],"about":[{"href":"https:\/\/sp5.pila.pl\/SP5\/wp-json\/wp\/v2\/types\/page"}],"author":[{"embeddable":true,"href":"https:\/\/sp5.pila.pl\/SP5\/wp-json\/wp\/v2\/users\/1"}],"replies":[{"embeddable":true,"href":"https:\/\/sp5.pila.pl\/SP5\/wp-json\/wp\/v2\/comments?post=55109"}],"version-history":[{"count":8,"href":"https:\/\/sp5.pila.pl\/SP5\/wp-json\/wp\/v2\/pages\/55109\/revisions"}],"predecessor-version":[{"id":58730,"href":"https:\/\/sp5.pila.pl\/SP5\/wp-json\/wp\/v2\/pages\/55109\/revisions\/58730"}],"wp:featuredmedia":[{"embeddable":true,"href":"https:\/\/sp5.pila.pl\/SP5\/wp-json\/wp\/v2\/media\/55150"}],"wp:attachment":[{"href":"https:\/\/sp5.pila.pl\/SP5\/wp-json\/wp\/v2\/media?parent=55109"}],"curies":[{"name":"wp","href":"https:\/\/api.w.org\/{rel}","templated":true}]}}