{"id":5589,"date":"2018-10-08T10:39:48","date_gmt":"2018-10-08T08:39:48","guid":{"rendered":"http:\/\/sp5.pila.pl\/SP5\/?page_id=5589"},"modified":"2022-02-07T09:32:50","modified_gmt":"2022-02-07T08:32:50","slug":"psycholog-szkolny","status":"publish","type":"page","link":"https:\/\/sp5.pila.pl\/SP5\/psycholog-szkolny\/","title":{"rendered":"PSYCHOLOG SZKOLNY"},"content":{"rendered":"<p><a href=\"https:\/\/sp5.pila.pl\/SP5\/psycholog-szkolny\/zrzut-ekranu-99\/\" rel=\"attachment wp-att-24917\"><img loading=\"lazy\" decoding=\"async\" class=\"aligncenter size-full wp-image-24917\" src=\"https:\/\/sp5.pila.pl\/SP5\/wp-content\/uploads\/Zrzut-ekranu-99.png\" alt=\"\" width=\"570\" height=\"720\"><\/a><\/p>\n<p style=\"text-align: center;\"><a href=\"https:\/\/sp5.pila.pl\/SP5\/wp-content\/uploads\/Jak-madrze-chwalic-dzieci..pdf\">Jak m\u0105drze chwali\u0107 dzieci pobierz<\/a><\/p>\n<p style=\"text-align: center;\"><a href=\"https:\/\/sp5.pila.pl\/SP5\/wp-content\/uploads\/Wplyw-gier-planszowych-na-rozwoj-dziecka.pdf\">Wp\u0142yw gier planszowych na rozw\u00f3j dziecka pobierz<\/a><\/p>\n<p style=\"text-align: center;\">&nbsp;<a href=\"https:\/\/sp5.pila.pl\/SP5\/wp-content\/uploads\/NIEZle-emocje.-Rozumiec-siebie-i-dziecko..pdf\">(NIE)Z\u0142e emocje. Rozumie\u0107 siebie i dziecko. pobierz<\/a><\/p>\n<p style=\"text-align: center;\"><a href=\"https:\/\/sp5.pila.pl\/SP5\/wp-content\/uploads\/Swiatowy-Dzien-Zdrowia-Psychicznego.docx.pdf\">\u015awiatowy Dzie\u0144 Zdrowia Psychicznego pobierz<\/a><\/p>\n<p style=\"text-align: center;\">JAK MOTYWOWA\u0106 DZIECKO DO NAUKI<a href=\"https:\/\/sp5.pila.pl\/SP5\/wp-content\/uploads\/Jak-motywowac-dziecko-do-nauki-wskazowki-dla-rodzicow.pdf\">&nbsp;pobierz<\/a><\/p>\n<p style=\"text-align: center;\">5 KROK\u00d3W DO DOBROSTANU PSYCHICZNEGO<a href=\"https:\/\/sp5.pila.pl\/SP5\/wp-content\/uploads\/1558020050413_5-krok\u00f3w-do-dobrostanu-psychicznego.pdf\"> pobierz<\/a><\/p>\n<p style=\"text-align: center;\">DOJRZA\u0141O\u015a\u0106 SZKOLNA DZIECKA W KLASIE PIERWSZEJ <a href=\"https:\/\/sp5.pila.pl\/SP5\/wp-content\/uploads\/Dojrzalosc-szkolna-dziecka-w-klasie-pierwszej.docx-1.pdf\">pobierz<\/a><\/p>\n<p style=\"text-align: center;\"><span style=\"color: #ff0000;\"><strong>Je\u015bli Masz problem nie zwlekaj!<\/strong><\/span><\/p>\n<p style=\"text-align: center;\"><span style=\"color: #ff0000;\"><strong>Tu otrzymasz pomoc w przypadkach uzale\u017cnie\u0144, zaburze\u0144 zachowania, trudno\u015bci wychowawczych.<\/strong><\/span><\/p>\n<p><strong>&nbsp;<\/strong><\/p>\n<p><strong>PORADNIA PSYCHOLOGICZNO-PEDAGOGICZNA W PILE<\/strong><\/p>\n<ol>\n<li><strong> Sikorskiego 19<\/strong><\/li>\n<\/ol>\n<p><strong>tel.67 353 25 70<br \/>\ntel. kom. 509 758 330<\/strong><\/p>\n<p>Sekretariat Poradni czynny od poniedzia\u0142ku do pi\u0105tku w godzinach<\/p>\n<p>od 7:30 do 15:30<\/p>\n<p>Problemy dzieci z nauk\u0105, niedostosowanie, zaburzenia emocji, trudno\u015bci wychowawcze.<\/p>\n<p><strong>PORADNIA SPECJALISTYCZNA WADY MOWY I S\u0141UCHU<\/strong><\/p>\n<ol>\n<li><strong> Sikorskiego 19<\/strong><\/li>\n<\/ol>\n<p><strong> tel. 350-90-97<\/strong><\/p>\n<p>Problemy dzieci z nauk\u0105, wady wymowy i wady s\u0142uchu, niedostosowanie, zaburzenia emocji.<\/p>\n<p><strong>O\u015aRODEK PROFILAKTYKI I ROZWI\u0104ZYWANIA PROBLEM\u00d3W ALKOHOLOWYCH <\/strong><\/p>\n<p>Pi\u0142a, ul. Polna 3<\/p>\n<p>tel. 67&nbsp;212 65 58<\/p>\n<p>Pomoc osobom uzale\u017cnionym od alkoholu terapia, grupy wsparcia dla ofiar i sprawc\u00f3w przemocy, \u015bwietlica socjoterapeutyczna dla dzieci i m\u0142odzie\u017cy. Terapia indywidualna dla os\u00f3b dotkni\u0119tych przemoc\u0105, borykaj\u0105cych si\u0119 w rodzinie z problemem alkoholowym bliskiej osoby, szukaj\u0105cych wsparcia i pomocy.<\/p>\n<p><strong>MIEJSKA KOMISJA ROZWI\u0104ZYWANIA PROBLEM\u00d3W ALKOHOLOWYCH<\/strong><\/p>\n<p>Pi\u0142a, ul. Polna 3<\/p>\n<p>tel. 67&nbsp;212 65 58<\/p>\n<p><strong>PORADNIA ZDROWIA PSYCHICZNEGO DLA DZIECI , M\u0141ODZIE\u017bY I DOROS\u0141YCH<\/strong><\/p>\n<p>Pi\u0142a, Al. Wojska Polskiego 49 B<\/p>\n<p>tel. 67 212 72 84(dzieci)<\/p>\n<p>tel. 67&nbsp;212 48 62 (doro\u015bli)<\/p>\n<p>email: poradnia.zdrowia.psychicznego@gmail.com<\/p>\n<p>&nbsp;<\/p>\n<p><strong>&nbsp;&nbsp;&nbsp;&nbsp;&nbsp;&nbsp;&nbsp;&nbsp;&nbsp;&nbsp;&nbsp;&nbsp;&nbsp;&nbsp;&nbsp; <\/strong><\/p>\n<p><strong>NIEPUBLICZNY SPECJALISTYCZNY ZAK\u0141AD OPIEKI PSYCHIATRYCZNEJ I ODWYKOWEJ <\/strong><\/p>\n<p>Pi\u0142a, Al. Wojska Polskiego 49 B<\/p>\n<p>tel. 67&nbsp;212 40 56, 212 48 62<\/p>\n<p>Leczenie uzale\u017cnie\u0144 i zaburze\u0144 psychicznych os\u00f3b doros\u0142ych.<\/p>\n<p><strong>O\u015aRODEK DIAGNOSTYKI NEUROROZWOJOWEJ I REHABILITACJI <\/strong><\/p>\n<p>Pi\u0142a, ul. Rydygiera 23<\/p>\n<p>tel. 67&nbsp;215 46 82<\/p>\n<p><strong>KLINIKA \u201eARS MEDICAL\u201d<\/strong>,<strong> ZESP\u00d3\u0141 PORADNI PSYCHOLOGICZNO-PSYCHIATRYCZNYCH, PORADNIA ZDROWIA PSYCHICZNEGO, PORADNIA LECZENIA UZALE\u017bNIE\u0143<\/strong><\/p>\n<p>Pi\u0142a, Al. Wojska Polskiego 43<\/p>\n<p>tel. 67&nbsp;215 62 75<\/p>\n<p>Dla pacjent\u00f3w powy\u017cej 11 r.\u017c., Poradnia, psychoterapia indywidualna i grupowa dla os\u00f3b uzale\u017cnionych od narkotyk\u00f3w i ich rodzin, Konsultacje lekarskie.<\/p>\n<p>&nbsp;<\/p>\n<p><strong>GABINET PSYCHOLOGICZNY TERAPIA UZALE\u017bNIE\u0143 <\/strong><\/p>\n<p>Pi\u0142a, ul. 11 Listopada 51<\/p>\n<p>tel. 604&nbsp;419&nbsp;529<\/p>\n<p>&nbsp;<\/p>\n<p><strong>GABINET PSYCHOTERAPII<\/strong><\/p>\n<p><strong>PSYCHOLOG DZIECI\u0118CY I RODZINNY<\/strong><\/p>\n<p>Pi\u0142a, ul. Jaworowa 12<\/p>\n<p>Tel. 505&nbsp;913&nbsp;513<\/p>\n<p>&nbsp;<\/p>\n<p><strong>PORADNIA PROFILAKTYKI , LECZENIA I TERAPII UZALE\u017bNIE\u0143<\/strong><\/p>\n<p>(Monar- Markot)<\/p>\n<p>Pi\u0142a, Al. Niepodleg\u0142o\u015bci 135<\/p>\n<p>Tel. 67&nbsp;215 22 50<\/p>\n<p>Pomoc osobom uzale\u017cnionym od alkoholu, narkotyk\u00f3w, lek\u00f3w. Terapia rodzin os\u00f3b uzale\u017cnionych.<\/p>\n<p>&nbsp;<\/p>\n<p><strong>&nbsp;<\/strong><\/p>\n<p><strong>S\u0104D REJONOWY W PILE III WYDZIA\u0141 RODZINNY I NIELETNICH<\/strong><\/p>\n<p>Pi\u0142a, Al. Powsta\u0144c\u00f3w Wlkp. 79<\/p>\n<p>Tel. 67&nbsp;352 28 00<\/p>\n<p>&nbsp;<\/p>\n<p>&nbsp;<\/p>\n<p><strong>WYDZIA\u0141 DO SPRAW NIELETNICH KPP W PILE<\/strong><\/p>\n<p>tel. 67&nbsp;353 15 52, 363 13 02<\/p>\n<p>&nbsp;<\/p>\n<p><strong>SPECJALISTYCZNY O\u015aRODEK WSPARCIA DLA OFIAR PRZEMOCY W RODZINIE<\/strong><\/p>\n<p>Pi\u0142a, ul. Rydygiera 23<\/p>\n<p>Tel. 67&nbsp;349 09 69, 349 09 70<\/p>\n<p>&nbsp;<\/p>\n<p><strong>O\u015aRODEK WSPARCIA MIEJSKIEGO O\u015aRODKA POMOCY SPO\u0141ECZNEJ<\/strong><\/p>\n<p>Pi\u0142a, ul. Spacerowa 23<\/p>\n<p>Tel. 67&nbsp;352 84 71<\/p>\n<p>&nbsp;<\/p>\n<p><strong>W NASZEJ SZKOLE:<\/strong><\/p>\n<p><strong>Pedagog szkolny<\/strong><\/p>\n<p><strong>Psycholog szkolny<\/strong><\/p>\n<p><strong>Konsultacje<\/strong><\/p>\n","protected":false},"excerpt":{"rendered":"<p>Jak m\u0105drze chwali\u0107 dzieci pobierz Wp\u0142yw gier planszowych na rozw\u00f3j dziecka pobierz &nbsp;(NIE)Z\u0142e emocje. Rozumie\u0107 siebie i dziecko. pobierz \u015awiatowy [&hellip;]<\/p>\n","protected":false},"author":1,"featured_media":0,"parent":0,"menu_order":0,"comment_status":"closed","ping_status":"closed","template":"","meta":{"_editorskit_title_hidden":false,"_editorskit_reading_time":0,"_editorskit_is_block_options_detached":false,"_editorskit_block_options_position":"{}","rop_custom_images_group":[],"rop_custom_messages_group":[],"rop_publish_now":"initial","rop_publish_now_accounts":[],"rop_publish_now_history":[],"rop_publish_now_status":"pending","_uag_custom_page_level_css":"","site-sidebar-layout":"default","site-content-layout":"","ast-site-content-layout":"default","site-content-style":"default","site-sidebar-style":"default","ast-global-header-display":"","ast-banner-title-visibility":"","ast-main-header-display":"","ast-hfb-above-header-display":"","ast-hfb-below-header-display":"","ast-hfb-mobile-header-display":"","site-post-title":"","ast-breadcrumbs-content":"","ast-featured-img":"","footer-sml-layout":"","ast-disable-related-posts":"","theme-transparent-header-meta":"","adv-header-id-meta":"","stick-header-meta":"","header-above-stick-meta":"","header-main-stick-meta":"","header-below-stick-meta":"","astra-migrate-meta-layouts":"default","ast-page-background-enabled":"default","ast-page-background-meta":{"desktop":{"background-color":"var(--ast-global-color-5)","background-image":"","background-repeat":"repeat","background-position":"center center","background-size":"auto","background-attachment":"scroll","background-type":"","background-media":"","overlay-type":"","overlay-color":"","overlay-opacity":"","overlay-gradient":""},"tablet":{"background-color":"","background-image":"","background-repeat":"repeat","background-position":"center center","background-size":"auto","background-attachment":"scroll","background-type":"","background-media":"","overlay-type":"","overlay-color":"","overlay-opacity":"","overlay-gradient":""},"mobile":{"background-color":"","background-image":"","background-repeat":"repeat","background-position":"center center","background-size":"auto","background-attachment":"scroll","background-type":"","background-media":"","overlay-type":"","overlay-color":"","overlay-opacity":"","overlay-gradient":""}},"ast-content-background-meta":{"desktop":{"background-color":"var(--ast-global-color-4)","background-image":"","background-repeat":"repeat","background-position":"center center","background-size":"auto","background-attachment":"scroll","background-type":"","background-media":"","overlay-type":"","overlay-color":"","overlay-opacity":"","overlay-gradient":""},"tablet":{"background-color":"var(--ast-global-color-4)","background-image":"","background-repeat":"repeat","background-position":"center center","background-size":"auto","background-attachment":"scroll","background-type":"","background-media":"","overlay-type":"","overlay-color":"","overlay-opacity":"","overlay-gradient":""},"mobile":{"background-color":"var(--ast-global-color-4)","background-image":"","background-repeat":"repeat","background-position":"center center","background-size":"auto","background-attachment":"scroll","background-type":"","background-media":"","overlay-type":"","overlay-color":"","overlay-opacity":"","overlay-gradient":""}},"ngg_post_thumbnail":0,"footnotes":""},"class_list":["post-5589","page","type-page","status-publish","hentry"],"uagb_featured_image_src":{"full":false,"thumbnail":false,"medium":false,"medium_large":false,"large":false,"1536x1536":false,"2048x2048":false},"uagb_author_info":{"display_name":"PMT","author_link":"https:\/\/sp5.pila.pl\/SP5\/author\/ludi\/"},"uagb_comment_info":0,"uagb_excerpt":"Jak m\u0105drze chwali\u0107 dzieci pobierz Wp\u0142yw gier planszowych na rozw\u00f3j dziecka pobierz &nbsp;(NIE)Z\u0142e emocje. Rozumie\u0107 siebie i dziecko. pobierz \u015awiatowy [&hellip;]","_links":{"self":[{"href":"https:\/\/sp5.pila.pl\/SP5\/wp-json\/wp\/v2\/pages\/5589","targetHints":{"allow":["GET"]}}],"collection":[{"href":"https:\/\/sp5.pila.pl\/SP5\/wp-json\/wp\/v2\/pages"}],"about":[{"href":"https:\/\/sp5.pila.pl\/SP5\/wp-json\/wp\/v2\/types\/page"}],"author":[{"embeddable":true,"href":"https:\/\/sp5.pila.pl\/SP5\/wp-json\/wp\/v2\/users\/1"}],"replies":[{"embeddable":true,"href":"https:\/\/sp5.pila.pl\/SP5\/wp-json\/wp\/v2\/comments?post=5589"}],"version-history":[{"count":28,"href":"https:\/\/sp5.pila.pl\/SP5\/wp-json\/wp\/v2\/pages\/5589\/revisions"}],"predecessor-version":[{"id":26965,"href":"https:\/\/sp5.pila.pl\/SP5\/wp-json\/wp\/v2\/pages\/5589\/revisions\/26965"}],"wp:attachment":[{"href":"https:\/\/sp5.pila.pl\/SP5\/wp-json\/wp\/v2\/media?parent=5589"}],"curies":[{"name":"wp","href":"https:\/\/api.w.org\/{rel}","templated":true}]}}