{"id":5834,"date":"2018-10-16T12:30:13","date_gmt":"2018-10-16T10:30:13","guid":{"rendered":"http:\/\/sp5.pila.pl\/SP5\/?page_id=5834"},"modified":"2018-10-16T14:16:21","modified_gmt":"2018-10-16T12:16:21","slug":"egzamin-osmioklasisty","status":"publish","type":"page","link":"https:\/\/sp5.pila.pl\/SP5\/egzamin-osmioklasisty\/","title":{"rendered":"EGZAMIN O\u015aMIOKLASISTY"},"content":{"rendered":"<p>Szanowni Pa\u0144stwo!<\/p>\n<p>W tym miejscu macie dost\u0119p do dokument\u00f3w og\u0142oszonych przez Centraln\u0105 Komisj\u0119 Egzaminacyjn\u0105, kt\u00f3re dotycz\u0105 egzaminu \u00f3smoklasisty w bie\u017c\u0105cym roku szkolnym:<\/p>\n<ol>\n<li>Informacja o sposobie organizacji i przeprowadzania egzaminu \u00f3smoklasisty obowi\u0105zuj\u0105ca w roku szkolnym 2018\/2019 <a href=\"https:\/\/sp5.pila.pl\/SP5\/wp-content\/uploads\/20180820-E8-2019-Informacja.pdf\">zobacz<\/a><\/li>\n<li>Komunikat dyrektora Centralnej Komisji Egzaminacyjnej z 20 sierpnia 2018 roku w sprawie sposob\u00f3w dostosowania warunk\u00f3w i form przeprowadzania egzaminu \u00f3smoklasisty i egzaminu gimnazjalnego w roku szkolnym 2018\/2019 <a href=\"https:\/\/sp5.pila.pl\/SP5\/wp-content\/uploads\/20180820-E8-EG-Komunikat-o-dostosowaniach.pdf\">zobacz<\/a><\/li>\n<li>Komunikat dyrektora Centralnej Komisji Egzaminacyjnej z 20 sierpnia 2018 roku w sprawie materia\u0142\u00f3w i przybor\u00f3w pomocniczych, z kt\u00f3rych mog\u0105 korzysta\u0107 zdaj\u0105cy na egzaminie \u00f3smoklasisty, egzaminie gimnazjalnym i egzaminie maturalnym w 2019 roku <a href=\"https:\/\/sp5.pila.pl\/SP5\/wp-content\/uploads\/20180820-E8-EG-EM-Komunikat-o-przyborach.pdf\">zobacz<\/a><\/li>\n<\/ol>\n","protected":false},"excerpt":{"rendered":"<p>Szanowni Pa\u0144stwo! W tym miejscu macie dost\u0119p do dokument\u00f3w og\u0142oszonych przez Centraln\u0105 Komisj\u0119 Egzaminacyjn\u0105, kt\u00f3re dotycz\u0105 egzaminu \u00f3smoklasisty w bie\u017c\u0105cym [&hellip;]<\/p>\n","protected":false},"author":1,"featured_media":0,"parent":0,"menu_order":0,"comment_status":"closed","ping_status":"closed","template":"","meta":{"_editorskit_title_hidden":false,"_editorskit_reading_time":0,"_editorskit_is_block_options_detached":false,"_editorskit_block_options_position":"{}","rop_custom_images_group":[],"rop_custom_messages_group":[],"rop_publish_now":"initial","rop_publish_now_accounts":[],"rop_publish_now_history":[],"rop_publish_now_status":"pending","_uag_custom_page_level_css":"","site-sidebar-layout":"default","site-content-layout":"","ast-site-content-layout":"default","site-content-style":"default","site-sidebar-style":"default","ast-global-header-display":"","ast-banner-title-visibility":"","ast-main-header-display":"","ast-hfb-above-header-display":"","ast-hfb-below-header-display":"","ast-hfb-mobile-header-display":"","site-post-title":"","ast-breadcrumbs-content":"","ast-featured-img":"","footer-sml-layout":"","ast-disable-related-posts":"","theme-transparent-header-meta":"","adv-header-id-meta":"","stick-header-meta":"","header-above-stick-meta":"","header-main-stick-meta":"","header-below-stick-meta":"","astra-migrate-meta-layouts":"default","ast-page-background-enabled":"default","ast-page-background-meta":{"desktop":{"background-color":"var(--ast-global-color-5)","background-image":"","background-repeat":"repeat","background-position":"center center","background-size":"auto","background-attachment":"scroll","background-type":"","background-media":"","overlay-type":"","overlay-color":"","overlay-opacity":"","overlay-gradient":""},"tablet":{"background-color":"","background-image":"","background-repeat":"repeat","background-position":"center center","background-size":"auto","background-attachment":"scroll","background-type":"","background-media":"","overlay-type":"","overlay-color":"","overlay-opacity":"","overlay-gradient":""},"mobile":{"background-color":"","background-image":"","background-repeat":"repeat","background-position":"center center","background-size":"auto","background-attachment":"scroll","background-type":"","background-media":"","overlay-type":"","overlay-color":"","overlay-opacity":"","overlay-gradient":""}},"ast-content-background-meta":{"desktop":{"background-color":"var(--ast-global-color-4)","background-image":"","background-repeat":"repeat","background-position":"center center","background-size":"auto","background-attachment":"scroll","background-type":"","background-media":"","overlay-type":"","overlay-color":"","overlay-opacity":"","overlay-gradient":""},"tablet":{"background-color":"var(--ast-global-color-4)","background-image":"","background-repeat":"repeat","background-position":"center center","background-size":"auto","background-attachment":"scroll","background-type":"","background-media":"","overlay-type":"","overlay-color":"","overlay-opacity":"","overlay-gradient":""},"mobile":{"background-color":"var(--ast-global-color-4)","background-image":"","background-repeat":"repeat","background-position":"center center","background-size":"auto","background-attachment":"scroll","background-type":"","background-media":"","overlay-type":"","overlay-color":"","overlay-opacity":"","overlay-gradient":""}},"ngg_post_thumbnail":0,"footnotes":""},"class_list":["post-5834","page","type-page","status-publish","hentry"],"uagb_featured_image_src":{"full":false,"thumbnail":false,"medium":false,"medium_large":false,"large":false,"1536x1536":false,"2048x2048":false},"uagb_author_info":{"display_name":"PMT","author_link":"https:\/\/sp5.pila.pl\/SP5\/author\/ludi\/"},"uagb_comment_info":0,"uagb_excerpt":"Szanowni Pa\u0144stwo! W tym miejscu macie dost\u0119p do dokument\u00f3w og\u0142oszonych przez Centraln\u0105 Komisj\u0119 Egzaminacyjn\u0105, kt\u00f3re dotycz\u0105 egzaminu \u00f3smoklasisty w bie\u017c\u0105cym [&hellip;]","_links":{"self":[{"href":"https:\/\/sp5.pila.pl\/SP5\/wp-json\/wp\/v2\/pages\/5834","targetHints":{"allow":["GET"]}}],"collection":[{"href":"https:\/\/sp5.pila.pl\/SP5\/wp-json\/wp\/v2\/pages"}],"about":[{"href":"https:\/\/sp5.pila.pl\/SP5\/wp-json\/wp\/v2\/types\/page"}],"author":[{"embeddable":true,"href":"https:\/\/sp5.pila.pl\/SP5\/wp-json\/wp\/v2\/users\/1"}],"replies":[{"embeddable":true,"href":"https:\/\/sp5.pila.pl\/SP5\/wp-json\/wp\/v2\/comments?post=5834"}],"version-history":[{"count":4,"href":"https:\/\/sp5.pila.pl\/SP5\/wp-json\/wp\/v2\/pages\/5834\/revisions"}],"predecessor-version":[{"id":5842,"href":"https:\/\/sp5.pila.pl\/SP5\/wp-json\/wp\/v2\/pages\/5834\/revisions\/5842"}],"wp:attachment":[{"href":"https:\/\/sp5.pila.pl\/SP5\/wp-json\/wp\/v2\/media?parent=5834"}],"curies":[{"name":"wp","href":"https:\/\/api.w.org\/{rel}","templated":true}]}}