{"id":7578,"date":"2019-01-16T16:11:42","date_gmt":"2019-01-16T15:11:42","guid":{"rendered":"http:\/\/sp5.pila.pl\/SP5\/?page_id=7578"},"modified":"2019-01-16T16:15:03","modified_gmt":"2019-01-16T15:15:03","slug":"materialy-dotyczace-zajec-z-tolerancji","status":"publish","type":"page","link":"https:\/\/sp5.pila.pl\/SP5\/materialy-dotyczace-zajec-z-tolerancji\/","title":{"rendered":"MATERIA\u0141Y DOTYCZ\u0104CE ZAJ\u0118\u0106 Z TOLERANCJI"},"content":{"rendered":"<p>Edukacja jest broni\u0105 przeciw nienawi\u015bci, nietolerancji, przemocy. Przygotowali\u015bmy kilka rekomendacji na lekcje wychowawcze lub do u\u017cycia na ka\u017cdej innej. S\u0105 tam&nbsp;materia\u0142y dla starszych uczni\u00f3w ale te\u017c i m\u0142odszych. S\u0105 to jedynie przyk\u0142ady, kt\u00f3rych wiele w internecie. Poni\u017cej lista, UDOST\u0118PNIAJCIE w grupach nauczycielskich, rodzicom, ludziom odpowiedzialnym w samorz\u0105dach za edukacj\u0119:<\/p>\n<div>\n<ul>\n<li>Mowa nienawi\u015bci, narz\u0119dziownik<em> <strong><a href=\"http:\/\/www.mowanienawisci.info\/sekcja\/materialy-dla-edukatorow\/?fbclid=IwAR01j3vC71jH3vdvTcLj3pCnkF5kil0CQa9deEiXxgjUEWQtRcueHlPgp_M\">&gt;&gt;kliknij &lt;&lt;<\/a><\/strong><\/em><\/li>\n<li>Lekcja: S\u0142owa, kt\u00f3re rani\u0105: <em><strong><a href=\"https:\/\/edukacjamedialna.edu.pl\/lekcje\/slowa-ktore-rania\/\">&gt;&gt; kliknij &lt;&lt;<\/a><\/strong><\/em><\/li>\n<li>Czym jest mowa nienawi\u015bci? <em><strong><a href=\"http:\/\/uprzedzuprzedzenia.org\/czym-mowa-nienawisci\/\">&gt;&gt; kliknij &lt;&lt;<\/a><\/strong><\/em><\/li>\n<\/ul>\n<p>Ksi\u0105\u017ceczka do pracy z m\u0142odszymi i starszymi o jednym z najwi\u0119kszych stereotyp\u00f3w w Polsce: O \u017bydach i \u017byd\u00f3wkach. Pomys\u0142y mo\u017cna adaptowa\u0107 praktycznie do ka\u017cdego innego zagadnienia zwi\u0105zanego z uprzedzeniami <em><strong><a href=\"http:\/\/uprzedzuprzedzenia.org\/wp-content\/uploads\/2016\/11\/OZydachiZydowkach_ebook.pdf?fbclid=IwAR0zr9Fdj06PkbmkLQ-w5eObpJI2hnTCZQE3ytHdgdwDdG_2xJgSCfb7eeQ\">&gt;&gt; tutaj &lt;&lt;<\/a><\/strong><\/em><\/p>\n<p>Video Czym jest przywilej? <em><strong><a href=\"https:\/\/www.youtube.com\/watch?v=FBQx8FmOT_0&amp;fbclid=IwAR3TSY9iCw214kGemUe9Yp2KtbGrKfg7pCAy83hL8OO_RrtXhSzHU3Vu1ng\">&gt;&gt; kliknij &lt;&lt;<\/a><\/strong><\/em><\/p>\n<p>Inny eksperyment spo\u0142eczny o przywileju <em><strong><a href=\"https:\/\/www.youtube.com\/watch?v=F2hvibGdg4w&amp;fbclid=IwAR153XA8uf0z_WesPqHNc0gdyHxb78jD5u9BV-6ytHATz_rOaRjUJaY1S4A\">&gt;&gt; zobacz &lt;&lt;<\/a><\/strong><\/em><\/p>\n<p>Eksperyment Niebieskoocy o rolach jakie przybieramy i jak \u0142atwo w nie wchodzimy&nbsp; <a href=\"https:\/\/www.youtube.com\/watch?v=sI7r6cyJ_f0&amp;fbclid=IwAR3n8Y_odHCy9NREXSSpflBszh9Jyh_HrlIoZ3tQHK6xaRGv4ogc2v8zUwg\"><strong><em>&gt;&gt; tutaj &lt;&lt;<\/em><\/strong><\/a> (szukajcie r\u00f3\u017cnych d\u0142u\u017cszych wersji pt&#8221; Niebieskoocy, blue eyes experiment)<\/p>\n<ul>\n<li>Scenariusz lekcji z OK i kartami pracy o mowie nienawi\u015bci <em><strong><a href=\"https:\/\/biblioteka.ceo.org.pl\/sites\/default\/files\/Od%20hate%20speech%20do%20hate%20crime_scenariusz%20lekcji.pdf?fbclid=IwAR14dCRSvTynsCxbilsbefeYIJ7LRYR-o_JxN3RkN_VP4YjbJZm25h2GACE\">&gt;&gt; zobacz tutaj &lt;&lt;<\/a><\/strong><\/em><\/li>\n<\/ul>\n<p>Materia\u0142y dla nauczycieli i rodzic\u00f3w:<\/p>\n<ul>\n<li>Zamiast hejtu &#8211; scenariusz lekcji <em><strong><a href=\"http:\/\/www.edu.fdds.pl\/c453bec6-830f-4e3c-9f2e-27452e13002f\/Extras\/scenariusz_zamiast-hejtu.pdf?fbclid=IwAR0-vK-LAWspi2-iT6vNEj2DG_y1_HMGjGxBshz6ZnJitKGEsZ880n7Uo3I\">&gt;&gt; pobierz &lt;&lt;<\/a><\/strong><\/em><\/li>\n<li>Polski eksperyment o mowie nienawi\u015bci z udzia\u0142em m\u0142odzie\u017cy pt Gra\u017cyna \u017barko <strong><em><a href=\"https:\/\/www.youtube.com\/watch?v=xLIqyVsUnuk&amp;fbclid=IwAR1pJuB6912wpHlBAifwK8Y8aP9veJu46rNRjgRS9Bhh9uWPy3x9dvDioyc\">&gt;&gt; zobacz &lt;&lt;<\/a><\/em><\/strong><br \/>\noraz artyku\u0142 <em><strong><a href=\"http:\/\/wroclaw.naszemiasto.pl\/artykul\/eksperyment-grazyna-zarko-ujawnil-dwa-oblicza-polskiego,2800654,art,t,id,tm.html?fbclid=IwAR2WqvwQK8kl-3RaiqZBkcwSi3bJ2m1VjoWpq2UzW5LQ9gApHyNUwJNNXME\">&gt;&gt; tutaj &lt;&lt;<\/a><\/strong><\/em><\/li>\n<li>Materia\u0142y edukacyjne dla m\u0142odszych i starszych uczni\u00f3w <em><strong><a href=\"http:\/\/globaldignity.pl\/materialy-do-pobrania\/?fbclid=IwAR06VgS1m6CDGvrCNB8P1k4I10Ixl6zqAjXzb7T5YckL60WlpWQM4Wpu5hQ\">&gt;&gt; zapoznaj si\u0119 &lt;&lt;<\/a><\/strong><\/em><\/li>\n<\/ul>\n<p>Co robi\u0107 w praktyce w sieci i w realu z mow\u0105 nienawi\u015bci? Jak reagowa\u0107? Kroki i przydatne grafiki<em><strong><a href=\"http:\/\/uchodzcy.info\/mowa-nienawisci\/zglos-mowe-nienawisci\/?fbclid=IwAR325XEy1lLCJHpNw1RVY1rscCpKd2QAojbu37yeoM481mfiuRzYsK2kjac\"> &gt;&gt; do pobrania &lt;&lt;<\/a><\/strong><\/em><\/p>\n<p>Olbrzymia baza scenariuszy materia\u0142\u00f3w m\u0142odzie\u017cy i dzieci nt uchod\u017ac\u00f3w:&nbsp;<\/p>\n<ul>\n<li>ZAK\u0141ADKI &#8211; <em><strong><a href=\"http:\/\/www.ngofund.org.pl\/wp-content\/uploads\/2015\/04\/Zakladki_podrecznik-przeciwko-mowie-nienawisci.pdf?fbclid=IwAR04M9DS9oZqAGGY08XO79AA5FWirviFC7kfxdc7-KNcdVYoRtWfKwvj7os\">&gt;&gt; tutaj &lt;&lt;<\/a><\/strong><\/em><\/li>\n<li>KOMPASIK &#8211; <em><strong><a href=\"http:\/\/www.bc.ore.edu.pl\/Content\/185\/Kompasik.pdf\">&gt;&gt; tutaj &lt;&lt;<\/a><\/strong><\/em><\/li>\n<\/ul>\n<\/div>\n","protected":false},"excerpt":{"rendered":"<p>Edukacja jest broni\u0105 przeciw nienawi\u015bci, nietolerancji, przemocy. Przygotowali\u015bmy kilka rekomendacji na lekcje wychowawcze lub do u\u017cycia na ka\u017cdej innej. S\u0105 [&hellip;]<\/p>\n","protected":false},"author":1,"featured_media":0,"parent":0,"menu_order":0,"comment_status":"closed","ping_status":"closed","template":"","meta":{"_editorskit_title_hidden":false,"_editorskit_reading_time":0,"_editorskit_is_block_options_detached":false,"_editorskit_block_options_position":"{}","rop_custom_images_group":[],"rop_custom_messages_group":[],"rop_publish_now":"initial","rop_publish_now_accounts":[],"rop_publish_now_history":[],"rop_publish_now_status":"pending","_uag_custom_page_level_css":"","site-sidebar-layout":"default","site-content-layout":"","ast-site-content-layout":"default","site-content-style":"default","site-sidebar-style":"default","ast-global-header-display":"","ast-banner-title-visibility":"","ast-main-header-display":"","ast-hfb-above-header-display":"","ast-hfb-below-header-display":"","ast-hfb-mobile-header-display":"","site-post-title":"","ast-breadcrumbs-content":"","ast-featured-img":"","footer-sml-layout":"","ast-disable-related-posts":"","theme-transparent-header-meta":"","adv-header-id-meta":"","stick-header-meta":"","header-above-stick-meta":"","header-main-stick-meta":"","header-below-stick-meta":"","astra-migrate-meta-layouts":"default","ast-page-background-enabled":"default","ast-page-background-meta":{"desktop":{"background-color":"var(--ast-global-color-5)","background-image":"","background-repeat":"repeat","background-position":"center center","background-size":"auto","background-attachment":"scroll","background-type":"","background-media":"","overlay-type":"","overlay-color":"","overlay-opacity":"","overlay-gradient":""},"tablet":{"background-color":"","background-image":"","background-repeat":"repeat","background-position":"center center","background-size":"auto","background-attachment":"scroll","background-type":"","background-media":"","overlay-type":"","overlay-color":"","overlay-opacity":"","overlay-gradient":""},"mobile":{"background-color":"","background-image":"","background-repeat":"repeat","background-position":"center center","background-size":"auto","background-attachment":"scroll","background-type":"","background-media":"","overlay-type":"","overlay-color":"","overlay-opacity":"","overlay-gradient":""}},"ast-content-background-meta":{"desktop":{"background-color":"var(--ast-global-color-4)","background-image":"","background-repeat":"repeat","background-position":"center center","background-size":"auto","background-attachment":"scroll","background-type":"","background-media":"","overlay-type":"","overlay-color":"","overlay-opacity":"","overlay-gradient":""},"tablet":{"background-color":"var(--ast-global-color-4)","background-image":"","background-repeat":"repeat","background-position":"center center","background-size":"auto","background-attachment":"scroll","background-type":"","background-media":"","overlay-type":"","overlay-color":"","overlay-opacity":"","overlay-gradient":""},"mobile":{"background-color":"var(--ast-global-color-4)","background-image":"","background-repeat":"repeat","background-position":"center center","background-size":"auto","background-attachment":"scroll","background-type":"","background-media":"","overlay-type":"","overlay-color":"","overlay-opacity":"","overlay-gradient":""}},"ngg_post_thumbnail":0,"footnotes":""},"class_list":["post-7578","page","type-page","status-publish","hentry"],"uagb_featured_image_src":{"full":false,"thumbnail":false,"medium":false,"medium_large":false,"large":false,"1536x1536":false,"2048x2048":false},"uagb_author_info":{"display_name":"PMT","author_link":"https:\/\/sp5.pila.pl\/SP5\/author\/ludi\/"},"uagb_comment_info":0,"uagb_excerpt":"Edukacja jest broni\u0105 przeciw nienawi\u015bci, nietolerancji, przemocy. Przygotowali\u015bmy kilka rekomendacji na lekcje wychowawcze lub do u\u017cycia na ka\u017cdej innej. S\u0105 [&hellip;]","_links":{"self":[{"href":"https:\/\/sp5.pila.pl\/SP5\/wp-json\/wp\/v2\/pages\/7578","targetHints":{"allow":["GET"]}}],"collection":[{"href":"https:\/\/sp5.pila.pl\/SP5\/wp-json\/wp\/v2\/pages"}],"about":[{"href":"https:\/\/sp5.pila.pl\/SP5\/wp-json\/wp\/v2\/types\/page"}],"author":[{"embeddable":true,"href":"https:\/\/sp5.pila.pl\/SP5\/wp-json\/wp\/v2\/users\/1"}],"replies":[{"embeddable":true,"href":"https:\/\/sp5.pila.pl\/SP5\/wp-json\/wp\/v2\/comments?post=7578"}],"version-history":[{"count":4,"href":"https:\/\/sp5.pila.pl\/SP5\/wp-json\/wp\/v2\/pages\/7578\/revisions"}],"predecessor-version":[{"id":7583,"href":"https:\/\/sp5.pila.pl\/SP5\/wp-json\/wp\/v2\/pages\/7578\/revisions\/7583"}],"wp:attachment":[{"href":"https:\/\/sp5.pila.pl\/SP5\/wp-json\/wp\/v2\/media?parent=7578"}],"curies":[{"name":"wp","href":"https:\/\/api.w.org\/{rel}","templated":true}]}}