{"id":7769,"date":"2019-02-06T13:24:51","date_gmt":"2019-02-06T12:24:51","guid":{"rendered":"http:\/\/sp5.pila.pl\/SP5\/?page_id=7769"},"modified":"2019-02-08T15:02:01","modified_gmt":"2019-02-08T14:02:01","slug":"cyberzagrozenia","status":"publish","type":"page","link":"https:\/\/sp5.pila.pl\/SP5\/cyberzagrozenia\/","title":{"rendered":"CYBERZAGRO\u017bENIA"},"content":{"rendered":"<div>Prezentacja do pobrania:&nbsp; <a href=\"https:\/\/sp5.pila.pl\/SP5\/wp-content\/uploads\/Rodzicecyberzagrozenia.ppt\">&gt;&gt; tutaj &lt;&lt;<\/a><\/div>\n<div>&nbsp;<\/div>\n<div>&nbsp;<\/div>\n<div>Filmy dot. za\u0142o\u017cenia kontroli rodzicielskiej. Tak naprawd\u0119 wpisuj\u0105c w wyszukiwark\u0119 youtube &#8222;kontrola rodzicielska&#8221; film\u00f3w instrukta\u017cowych jest du\u017co wi\u0119cej.<\/div>\n<div>\n<div>&nbsp;<\/div>\n<\/div>\n<div><a href=\"https:\/\/www.youtube.com\/watch?v=8EVl2JT8bhY\" target=\"_blank\" rel=\"noopener noreferrer\" data-saferedirecturl=\"https:\/\/zasoby.tlen.pl\/redirect?sig=8926026cf3e4599e23b5625b87c355ea726d019e7d0d4fa4c7728a83b741530f&amp;url=aHR0cHM6Ly93d3cueW91dHViZS5jb20vd2F0Y2g_dj04RVZsMkpUOGJoWQ==&amp;platform=desktop&amp;brand=wp\">https:\/\/www.youtube.com\/watch?v=8EVl2JT8bhY<\/a><\/div>\n<div>&nbsp;<\/div>\n<div>&nbsp;<\/div>\n<div>&nbsp;<\/div>\n<div>\n<div>&#8211; kontrola rodzicielska<\/div>\n<div><a href=\"https:\/\/www.youtube.com\/watch?v=K8--mztOu9s\" target=\"_blank\" rel=\"noopener noreferrer\" data-saferedirecturl=\"https:\/\/zasoby.tlen.pl\/redirect?sig=91e90edf20163bdebc3b3dc1041269fb367855bd6511caa18b765fab8f9494d2&amp;url=aHR0cHM6Ly93d3cueW91dHViZS5jb20vd2F0Y2g_dj1LOC0tbXp0T3U5cw==&amp;platform=desktop&amp;brand=wp\">https:\/\/www.youtube.com\/watch?v=K8&#8211;mztOu9s<\/a><\/div>\n<\/div>\n<div>&nbsp;<\/div>\n<div>\n<div>Ranking aplikacji do kontroli.<\/div>\n<div><a href=\"https:\/\/www.pcworld.pl\/ranking\/Najlepsze-aplikacje-do-kontroli-rodzicielskiej-na-Androida,410645.html\" target=\"_blank\" rel=\"noopener noreferrer\" data-saferedirecturl=\"https:\/\/zasoby.tlen.pl\/redirect?sig=9001cb3ba239857959a39128e5a294ae316689e6d67be4547d56ab2450a8e98e&amp;url=aHR0cHM6Ly93d3cucGN3b3JsZC5wbC9yYW5raW5nL05hamxlcHN6ZS1hcGxpa2FjamUtZG8ta29udHJvbGktcm9kemljaWVsc2tpZWotbmEtQW5kcm9pZGEsNDEwNjQ1Lmh0bWw=&amp;platform=desktop&amp;brand=wp\">https:\/\/www.pcworld.pl\/ranking\/Najlepsze-aplikacje-do-kontroli-rodzicielskiej-na-Androida,410645.html<\/a><\/div>\n<div>&nbsp;<\/div>\n<\/div>\n","protected":false},"excerpt":{"rendered":"<p>Prezentacja do pobrania:&nbsp; &gt;&gt; tutaj &lt;&lt; &nbsp; &nbsp; Filmy dot. za\u0142o\u017cenia kontroli rodzicielskiej. Tak naprawd\u0119 wpisuj\u0105c w wyszukiwark\u0119 youtube &#8222;kontrola [&hellip;]<\/p>\n","protected":false},"author":1,"featured_media":0,"parent":0,"menu_order":0,"comment_status":"closed","ping_status":"closed","template":"","meta":{"_editorskit_title_hidden":false,"_editorskit_reading_time":0,"_editorskit_is_block_options_detached":false,"_editorskit_block_options_position":"{}","rop_custom_images_group":[],"rop_custom_messages_group":[],"rop_publish_now":"initial","rop_publish_now_accounts":[],"rop_publish_now_history":[],"rop_publish_now_status":"pending","_uag_custom_page_level_css":"","site-sidebar-layout":"default","site-content-layout":"","ast-site-content-layout":"default","site-content-style":"default","site-sidebar-style":"default","ast-global-header-display":"","ast-banner-title-visibility":"","ast-main-header-display":"","ast-hfb-above-header-display":"","ast-hfb-below-header-display":"","ast-hfb-mobile-header-display":"","site-post-title":"","ast-breadcrumbs-content":"","ast-featured-img":"","footer-sml-layout":"","ast-disable-related-posts":"","theme-transparent-header-meta":"","adv-header-id-meta":"","stick-header-meta":"","header-above-stick-meta":"","header-main-stick-meta":"","header-below-stick-meta":"","astra-migrate-meta-layouts":"default","ast-page-background-enabled":"default","ast-page-background-meta":{"desktop":{"background-color":"var(--ast-global-color-5)","background-image":"","background-repeat":"repeat","background-position":"center center","background-size":"auto","background-attachment":"scroll","background-type":"","background-media":"","overlay-type":"","overlay-color":"","overlay-opacity":"","overlay-gradient":""},"tablet":{"background-color":"","background-image":"","background-repeat":"repeat","background-position":"center center","background-size":"auto","background-attachment":"scroll","background-type":"","background-media":"","overlay-type":"","overlay-color":"","overlay-opacity":"","overlay-gradient":""},"mobile":{"background-color":"","background-image":"","background-repeat":"repeat","background-position":"center center","background-size":"auto","background-attachment":"scroll","background-type":"","background-media":"","overlay-type":"","overlay-color":"","overlay-opacity":"","overlay-gradient":""}},"ast-content-background-meta":{"desktop":{"background-color":"var(--ast-global-color-4)","background-image":"","background-repeat":"repeat","background-position":"center center","background-size":"auto","background-attachment":"scroll","background-type":"","background-media":"","overlay-type":"","overlay-color":"","overlay-opacity":"","overlay-gradient":""},"tablet":{"background-color":"var(--ast-global-color-4)","background-image":"","background-repeat":"repeat","background-position":"center center","background-size":"auto","background-attachment":"scroll","background-type":"","background-media":"","overlay-type":"","overlay-color":"","overlay-opacity":"","overlay-gradient":""},"mobile":{"background-color":"var(--ast-global-color-4)","background-image":"","background-repeat":"repeat","background-position":"center center","background-size":"auto","background-attachment":"scroll","background-type":"","background-media":"","overlay-type":"","overlay-color":"","overlay-opacity":"","overlay-gradient":""}},"ngg_post_thumbnail":0,"footnotes":""},"class_list":["post-7769","page","type-page","status-publish","hentry"],"uagb_featured_image_src":{"full":false,"thumbnail":false,"medium":false,"medium_large":false,"large":false,"1536x1536":false,"2048x2048":false},"uagb_author_info":{"display_name":"PMT","author_link":"https:\/\/sp5.pila.pl\/SP5\/author\/ludi\/"},"uagb_comment_info":0,"uagb_excerpt":"Prezentacja do pobrania:&nbsp; &gt;&gt; tutaj &lt;&lt; &nbsp; &nbsp; Filmy dot. za\u0142o\u017cenia kontroli rodzicielskiej. Tak naprawd\u0119 wpisuj\u0105c w wyszukiwark\u0119 youtube &#8222;kontrola [&hellip;]","_links":{"self":[{"href":"https:\/\/sp5.pila.pl\/SP5\/wp-json\/wp\/v2\/pages\/7769","targetHints":{"allow":["GET"]}}],"collection":[{"href":"https:\/\/sp5.pila.pl\/SP5\/wp-json\/wp\/v2\/pages"}],"about":[{"href":"https:\/\/sp5.pila.pl\/SP5\/wp-json\/wp\/v2\/types\/page"}],"author":[{"embeddable":true,"href":"https:\/\/sp5.pila.pl\/SP5\/wp-json\/wp\/v2\/users\/1"}],"replies":[{"embeddable":true,"href":"https:\/\/sp5.pila.pl\/SP5\/wp-json\/wp\/v2\/comments?post=7769"}],"version-history":[{"count":2,"href":"https:\/\/sp5.pila.pl\/SP5\/wp-json\/wp\/v2\/pages\/7769\/revisions"}],"predecessor-version":[{"id":7841,"href":"https:\/\/sp5.pila.pl\/SP5\/wp-json\/wp\/v2\/pages\/7769\/revisions\/7841"}],"wp:attachment":[{"href":"https:\/\/sp5.pila.pl\/SP5\/wp-json\/wp\/v2\/media?parent=7769"}],"curies":[{"name":"wp","href":"https:\/\/api.w.org\/{rel}","templated":true}]}}