{"id":9285,"date":"2022-03-29T05:40:47","date_gmt":"2022-03-29T03:40:47","guid":{"rendered":"http:\/\/sp5.pila.pl\/SP5\/?page_id=9285"},"modified":"2026-02-09T12:55:26","modified_gmt":"2026-02-09T11:55:26","slug":"nabor-do-przedszkola","status":"publish","type":"page","link":"https:\/\/sp5.pila.pl\/SP5\/nabor-do-przedszkola\/","title":{"rendered":"REKRUTACJA DO PRZEDSZKOLA"},"content":{"rendered":"<p style=\"text-align: center;\">&nbsp;<\/p>\n<div style=\"text-align: center;\">\n<div><strong><img loading=\"lazy\" decoding=\"async\" class=\"wp-image-33301 alignleft\" src=\"https:\/\/sp5.pila.pl\/SP5\/wp-content\/uploads\/167578301963e26b6b6830a-300x225.jpg\" alt=\"\" width=\"154\" height=\"116\" srcset=\"https:\/\/sp5.pila.pl\/SP5\/wp-content\/uploads\/167578301963e26b6b6830a-300x225.jpg 300w, https:\/\/sp5.pila.pl\/SP5\/wp-content\/uploads\/167578301963e26b6b6830a.jpg 600w\" sizes=\"auto, (max-width: 154px) 100vw, 154px\" \/><\/strong><\/div>\n<h1><strong>ODDZIA\u0141Y PRZEDSZKOLNE DYSPONUJ\u0104 20 WOLNYMI MIEJSCAMI <\/strong><\/h1>\n<h1><strong>&nbsp; &nbsp; &nbsp; &nbsp; &nbsp; &nbsp; &nbsp; &nbsp; NA ROK SZKOLNY 2026\/27<\/strong><\/h1>\n<h1><strong>&nbsp; &nbsp; &nbsp; &nbsp; &nbsp; &nbsp; &nbsp; ZAPRASZAMY!<\/strong><\/h1>\n<h4><span style=\"color: #ff0000;\">W dniach od 2 do 6 marca 2026 r. w godzinach 8.00 -16.00 zapraszamy na DNI OTWARTE<br \/>\ndla os\u00f3b zainteresowanych zapisaniem dziecka do oddzia\u0142\u00f3w przedszkolnych na nowy rok szkolny. B\u0119dzie mo\u017cna zwiedzi\u0107 teren przedszkolny i otrzyma\u0107 wszelkie potrzebne informacje.<\/span><\/h4>\n<div><strong>WSZYSTKIE PRZEDSZKOLA I ODDZIA\u0141Y PRZEDSZKOLNE W GMINIE PI\u0141A PROWADZ\u0104 NAB\u00d3R ELEKTRONICZNY.&nbsp;<\/strong><\/div>\n<div><strong> PROSIMY O ZAPOZNANIE SI\u0118 Z INFORMACJAMI:<\/strong><\/div>\n<div>&nbsp;<\/div>\n<div>&nbsp;<\/div>\n<\/div>\n<div>&nbsp;<\/div>\n<div style=\"text-align: center;\">\n<div><strong><a href=\"https:\/\/sp5.pila.pl\/SP5\/wp-content\/uploads\/NABOR_PRZEDSZKOLA.docx\">Terminarz post\u0119powania rekrutacyjnego &#8211; harmonogram<\/a><\/strong><\/div>\n<\/div>\n<p style=\"text-align: center;\"><span style=\"color: #008000;\"><strong><a style=\"color: #008000;\" href=\"https:\/\/nabor.pcss.pl\/pila\/przedszkole\">Link do systemu naboru elektronicznego<\/a><\/strong><\/span><\/p>\n<p style=\"text-align: center;\"><span style=\"text-align: start;\">W przypadku pyta\u0144 i w\u0105tpliwo\u015bci prosimy o kontakt z sekretariatem szko\u0142y.<\/span><\/p>\n","protected":false},"excerpt":{"rendered":"<p>&nbsp; ODDZIA\u0141Y PRZEDSZKOLNE DYSPONUJ\u0104 20 WOLNYMI MIEJSCAMI &nbsp; &nbsp; &nbsp; &nbsp; &nbsp; &nbsp; &nbsp; &nbsp; NA ROK SZKOLNY 2026\/27 &nbsp; [&hellip;]<\/p>\n","protected":false},"author":1,"featured_media":0,"parent":0,"menu_order":0,"comment_status":"closed","ping_status":"closed","template":"","meta":{"_editorskit_title_hidden":false,"_editorskit_reading_time":0,"_editorskit_is_block_options_detached":false,"_editorskit_block_options_position":"{}","rop_custom_images_group":[],"rop_custom_messages_group":[],"rop_publish_now":"initial","rop_publish_now_accounts":[],"rop_publish_now_history":[],"rop_publish_now_status":"pending","_uag_custom_page_level_css":"","site-sidebar-layout":"default","site-content-layout":"","ast-site-content-layout":"default","site-content-style":"default","site-sidebar-style":"default","ast-global-header-display":"","ast-banner-title-visibility":"","ast-main-header-display":"","ast-hfb-above-header-display":"","ast-hfb-below-header-display":"","ast-hfb-mobile-header-display":"","site-post-title":"","ast-breadcrumbs-content":"","ast-featured-img":"","footer-sml-layout":"","ast-disable-related-posts":"","theme-transparent-header-meta":"","adv-header-id-meta":"","stick-header-meta":"","header-above-stick-meta":"","header-main-stick-meta":"","header-below-stick-meta":"","astra-migrate-meta-layouts":"default","ast-page-background-enabled":"default","ast-page-background-meta":{"desktop":{"background-color":"var(--ast-global-color-5)","background-image":"","background-repeat":"repeat","background-position":"center center","background-size":"auto","background-attachment":"scroll","background-type":"","background-media":"","overlay-type":"","overlay-color":"","overlay-opacity":"","overlay-gradient":""},"tablet":{"background-color":"","background-image":"","background-repeat":"repeat","background-position":"center center","background-size":"auto","background-attachment":"scroll","background-type":"","background-media":"","overlay-type":"","overlay-color":"","overlay-opacity":"","overlay-gradient":""},"mobile":{"background-color":"","background-image":"","background-repeat":"repeat","background-position":"center center","background-size":"auto","background-attachment":"scroll","background-type":"","background-media":"","overlay-type":"","overlay-color":"","overlay-opacity":"","overlay-gradient":""}},"ast-content-background-meta":{"desktop":{"background-color":"var(--ast-global-color-4)","background-image":"","background-repeat":"repeat","background-position":"center center","background-size":"auto","background-attachment":"scroll","background-type":"","background-media":"","overlay-type":"","overlay-color":"","overlay-opacity":"","overlay-gradient":""},"tablet":{"background-color":"var(--ast-global-color-4)","background-image":"","background-repeat":"repeat","background-position":"center center","background-size":"auto","background-attachment":"scroll","background-type":"","background-media":"","overlay-type":"","overlay-color":"","overlay-opacity":"","overlay-gradient":""},"mobile":{"background-color":"var(--ast-global-color-4)","background-image":"","background-repeat":"repeat","background-position":"center center","background-size":"auto","background-attachment":"scroll","background-type":"","background-media":"","overlay-type":"","overlay-color":"","overlay-opacity":"","overlay-gradient":""}},"ngg_post_thumbnail":0,"footnotes":""},"class_list":["post-9285","page","type-page","status-publish","hentry"],"uagb_featured_image_src":{"full":false,"thumbnail":false,"medium":false,"medium_large":false,"large":false,"1536x1536":false,"2048x2048":false},"uagb_author_info":{"display_name":"PMT","author_link":"https:\/\/sp5.pila.pl\/SP5\/author\/ludi\/"},"uagb_comment_info":0,"uagb_excerpt":"&nbsp; ODDZIA\u0141Y PRZEDSZKOLNE DYSPONUJ\u0104 20 WOLNYMI MIEJSCAMI &nbsp; &nbsp; &nbsp; &nbsp; &nbsp; &nbsp; &nbsp; &nbsp; NA ROK SZKOLNY 2026\/27 &nbsp; [&hellip;]","_links":{"self":[{"href":"https:\/\/sp5.pila.pl\/SP5\/wp-json\/wp\/v2\/pages\/9285","targetHints":{"allow":["GET"]}}],"collection":[{"href":"https:\/\/sp5.pila.pl\/SP5\/wp-json\/wp\/v2\/pages"}],"about":[{"href":"https:\/\/sp5.pila.pl\/SP5\/wp-json\/wp\/v2\/types\/page"}],"author":[{"embeddable":true,"href":"https:\/\/sp5.pila.pl\/SP5\/wp-json\/wp\/v2\/users\/1"}],"replies":[{"embeddable":true,"href":"https:\/\/sp5.pila.pl\/SP5\/wp-json\/wp\/v2\/comments?post=9285"}],"version-history":[{"count":171,"href":"https:\/\/sp5.pila.pl\/SP5\/wp-json\/wp\/v2\/pages\/9285\/revisions"}],"predecessor-version":[{"id":58454,"href":"https:\/\/sp5.pila.pl\/SP5\/wp-json\/wp\/v2\/pages\/9285\/revisions\/58454"}],"wp:attachment":[{"href":"https:\/\/sp5.pila.pl\/SP5\/wp-json\/wp\/v2\/media?parent=9285"}],"curies":[{"name":"wp","href":"https:\/\/api.w.org\/{rel}","templated":true}]}}