{"id":94,"date":"2017-07-31T15:26:35","date_gmt":"2017-07-31T13:26:35","guid":{"rendered":"http:\/\/sp5.pila.pl\/SP5\/?page_id=94"},"modified":"2025-02-10T14:08:53","modified_gmt":"2025-02-10T13:08:53","slug":"kontakt","status":"publish","type":"page","link":"https:\/\/sp5.pila.pl\/SP5\/kontakt\/","title":{"rendered":"Kontakt"},"content":{"rendered":"<p style=\"text-align: center;\"><em>SZKO\u0141A PODSTAWOWA NR 5 IM. DZIECI POLSKICH W PILE<\/em><\/p>\n<p style=\"text-align: center;\">64-920 Pi\u0142a, aleja Niepodleg\u0142o\u015bci 18<\/p>\n<hr>\n<p style=\"text-align: center;\">Lista adres\u00f3w poczty elektronicznej:<\/p>\n<p style=\"text-align: center;\">Dorota Guli\u0144ska &#8211; dyrektor &#8211; dyrektor@sp5.pila.pl<\/p>\n<p style=\"text-align: center;\"><span style=\"display: inline !important; float: none; background-color: #ffffff; color: #333333; font-family: Georgia,'Times New Roman','Bitstream Charter',Times,serif; font-size: 16px; font-style: normal; font-variant: normal; font-weight: 400; letter-spacing: normal; orphans: 2; text-align: center; text-decoration: none; text-indent: 0px; text-transform: none; -webkit-text-stroke-width: 0px; white-space: normal; word-spacing: 0px;\">El\u017cbieta Puchalska &#8211; wicedyrektor &#8211; wicedyrektor1@sp5.pila.pl <\/span><\/p>\n<p style=\"text-align: center;\"><span style=\"display: inline !important; float: none; background-color: #ffffff; color: #333333; font-family: Georgia,'Times New Roman','Bitstream Charter',Times,serif; font-size: 16px; font-style: normal; font-variant: normal; font-weight: 400; letter-spacing: normal; orphans: 2; text-align: center; text-decoration: none; text-indent: 0px; text-transform: none; -webkit-text-stroke-width: 0px; white-space: normal; word-spacing: 0px;\">Marta Orli\u0144ska &#8211; wicedyrektor &#8211; wicedyrektor2@sp5.pila.pl <\/span><\/p>\n<p style=\"text-align: center;\"><span style=\"display: inline !important; float: none; background-color: #ffffff; color: #333333; font-family: Georgia,'Times New Roman','Bitstream Charter',Times,serif; font-size: 16px; font-style: normal; font-variant: normal; font-weight: 400; letter-spacing: normal; orphans: 2; text-align: center; text-decoration: none; text-indent: 0px; text-transform: none; -webkit-text-stroke-width: 0px; white-space: normal; word-spacing: 0px;\">Bogna Oleszak &#8211; wicedyrektor &#8211; wicedyrektor3@sp5.pila.pl <\/span><\/p>\n<p style=\"text-align: center;\">Wioletta Heiman &#8211;&nbsp; sekretariat@sp5.pila.pl<\/p>\n<p style=\"text-align: center;\">Anna Moczko &#8211; sekretarz@sp5.pila.pl<\/p>\n<p style=\"text-align: center;\"><span style=\"display: inline !important; float: none; background-color: #ffffff; color: #333333; font-family: Georgia,'Times New Roman','Bitstream Charter',Times,serif; font-size: 16px; font-style: normal; font-variant: normal; font-weight: 400; letter-spacing: normal; orphans: 2; text-align: center; text-decoration: none; text-indent: 0px; text-transform: none; -webkit-text-stroke-width: 0px; white-space: normal; word-spacing: 0px;\">Aleksandra Zawadzak &#8211; g\u0142\u00f3wna ksi\u0119gowa &#8211; glowna_ksiegowa@sp5.pila.pl <\/span><\/p>\n<p style=\"text-align: center;\"><span style=\"display: inline !important; float: none; background-color: #ffffff; color: #333333; font-family: Georgia,'Times New Roman','Bitstream Charter',Times,serif; font-size: 16px; font-style: normal; font-variant: normal; font-weight: 400; letter-spacing: normal; orphans: 2; text-align: center; text-decoration: none; text-indent: 0px; text-transform: none; -webkit-text-stroke-width: 0px; white-space: normal; word-spacing: 0px;\">Lilianna Szyszlak, Iwona D\u0105browska &#8211; ksi\u0119gowo\u015b\u0107 &#8211; ksiegowosc@sp5.pila.pl <\/span><\/p>\n<p style=\"text-align: center;\"><span style=\"display: inline !important; float: none; background-color: #ffffff; color: #333333; font-family: Georgia,'Times New Roman','Bitstream Charter',Times,serif; font-size: 16px; font-style: normal; font-variant: normal; font-weight: 400; letter-spacing: normal; orphans: 2; text-align: center; text-decoration: none; text-indent: 0px; text-transform: none; -webkit-text-stroke-width: 0px; white-space: normal; word-spacing: 0px;\">Beata Grzybowska-Nowak &#8211; pedagog &#8211; pedagog1@sp5.pila.pl&nbsp;<\/span><\/p>\n<p style=\"text-align: center;\"><span style=\"display: inline !important; float: none; background-color: #ffffff; color: #333333; font-family: Georgia,'Times New Roman','Bitstream Charter',Times,serif; font-size: 16px; font-style: normal; font-variant: normal; font-weight: 400; letter-spacing: normal; orphans: 2; text-align: center; text-decoration: none; text-indent: 0px; text-transform: none; -webkit-text-stroke-width: 0px; white-space: normal; word-spacing: 0px;\">Paulina Zieli\u0144ska &#8211; pedagog &#8211; pedagog2@sp5.pila.pl <\/span><\/p>\n<p style=\"text-align: center;\"><span style=\"display: inline !important; float: none; background-color: #ffffff; color: #333333; font-family: Georgia,'Times New Roman','Bitstream Charter',Times,serif; font-size: 16px; font-style: normal; font-variant: normal; font-weight: 400; letter-spacing: normal; orphans: 2; text-align: center; text-decoration: none; text-indent: 0px; text-transform: none; -webkit-text-stroke-width: 0px; white-space: normal; word-spacing: 0px;\">Kinga Wienke &#8211; intendent &#8211; intendent1@sp5.pila.pl <\/span><\/p>\n<p style=\"text-align: center;\"><span style=\"display: inline !important; float: none; background-color: #ffffff; color: #333333; font-family: Georgia,'Times New Roman','Bitstream Charter',Times,serif; font-size: 16px; font-style: normal; font-variant: normal; font-weight: 400; letter-spacing: normal; orphans: 2; text-align: center; text-decoration: none; text-indent: 0px; text-transform: none; -webkit-text-stroke-width: 0px; white-space: normal; word-spacing: 0px;\">Ma\u0142gorzata Jod\u0142owska-Uram &#8211; intendent &#8211; intendent2@sp5.pila.pl <\/span><\/p>\n<p style=\"text-align: center;\"><span style=\"display: inline !important; float: none; background-color: #ffffff; color: #333333; font-family: Georgia,'Times New Roman','Bitstream Charter',Times,serif; font-size: 16px; font-style: normal; font-variant: normal; font-weight: 400; letter-spacing: normal; orphans: 2; text-align: center; text-decoration: none; text-indent: 0px; text-transform: none; -webkit-text-stroke-width: 0px; white-space: normal; word-spacing: 0px;\">Magdalena Szwemin &#8211; specjalista do spraw kadr &#8211; kadry@sp5.pila.pl<\/span><\/p>\n<p style=\"text-align: center;\">Joanna Podg\u00f3rska-K\u0119dziora &#8211; kierownik administracyjny &#8211; kierownik@sp5.pila.pl&nbsp;<\/p>\n<p style=\"text-align: center;\">&#8212;&#8212;&#8212;&#8212;&#8212;&#8212;&#8212;&#8212;&#8212;&#8212;&#8212;&#8212;&#8212;&#8212;&#8212;&#8212;&#8212;&#8212;&#8212;&#8212;&#8211;<br \/>\nBudynek&nbsp;I &#8211; &nbsp;al. Niepodleg\u0142o\u015bci 18<br \/>\n(Oddzia\u0142y przedszkolne i KLASY I-III)<\/p>\n<p style=\"text-align: center;\"><a href=\"https:\/\/sp5.pila.pl\/SP5\/zimg_20200319_084836-kopia\/\"><img loading=\"lazy\" decoding=\"async\" class=\"aligncenter wp-image-16784\" src=\"https:\/\/sp5.pila.pl\/SP5\/wp-content\/uploads\/zIMG_20200319_084836-\u2014-kopia.jpg\" alt=\"\" width=\"473\" height=\"295\" srcset=\"https:\/\/sp5.pila.pl\/SP5\/wp-content\/uploads\/zIMG_20200319_084836-\u2014-kopia.jpg 400w, https:\/\/sp5.pila.pl\/SP5\/wp-content\/uploads\/zIMG_20200319_084836-\u2014-kopia-300x187.jpg 300w\" sizes=\"auto, (max-width: 473px) 100vw, 473px\" \/><\/a><\/p>\n<h4 style=\"text-align: center;\">tel.\/fax (67) 212-33-78<\/h4>\n<h4 style=\"text-align: center;\">email: sekretariat@sp5.pila.pl<\/h4>\n<p style=\"text-align: center;\">&#8212;&#8212;&#8212;&#8212;&#8212;&#8212;&#8212;&#8212;&#8212;&#8212;&#8212;&#8212;&#8212;&#8212;&#8212;&#8212;&#8212;&#8212;&#8212;&#8212;<br \/>\nBudynek&nbsp;II &#8211;&nbsp;&nbsp;ul. Kujawska 18<br \/>\n(KLASY IV-VIII)<\/p>\n<p><img loading=\"lazy\" decoding=\"async\" class=\"wp-image-4432 aligncenter\" src=\"https:\/\/sp5.pila.pl\/SP5\/wp-content\/uploads\/DSC_2672.jpg\" alt=\"\" width=\"469\" height=\"310\" srcset=\"https:\/\/sp5.pila.pl\/SP5\/wp-content\/uploads\/DSC_2672.jpg 4928w, https:\/\/sp5.pila.pl\/SP5\/wp-content\/uploads\/DSC_2672-300x199.jpg 300w, https:\/\/sp5.pila.pl\/SP5\/wp-content\/uploads\/DSC_2672-768x509.jpg 768w, https:\/\/sp5.pila.pl\/SP5\/wp-content\/uploads\/DSC_2672-1024x678.jpg 1024w, https:\/\/sp5.pila.pl\/SP5\/wp-content\/uploads\/DSC_2672-655x434.jpg 655w\" sizes=\"auto, (max-width: 469px) 100vw, 469px\" \/><\/p>\n<h4 style=\"text-align: center;\">tel.\/fax (67) 214-84-56<\/h4>\n<h4 style=\"text-align: center;\">email:&nbsp; sekretariat@sp5.pila.pl<\/h4>\n<p style=\"text-align: center;\">&#8212;&#8212;&#8212;&#8212;&#8212;&#8212;&#8212;&#8212;&#8212;&#8212;&#8212;&#8212;&#8212;&#8212;&#8212;&#8212;&#8212;&#8212;&#8212;&#8212;<\/p>\n","protected":false},"excerpt":{"rendered":"<p>SZKO\u0141A PODSTAWOWA NR 5 IM. DZIECI POLSKICH W PILE 64-920 Pi\u0142a, aleja Niepodleg\u0142o\u015bci 18 Lista adres\u00f3w poczty elektronicznej: Dorota Guli\u0144ska [&hellip;]<\/p>\n","protected":false},"author":1,"featured_media":0,"parent":0,"menu_order":0,"comment_status":"closed","ping_status":"closed","template":"","meta":{"_editorskit_title_hidden":false,"_editorskit_reading_time":0,"_editorskit_is_block_options_detached":false,"_editorskit_block_options_position":"{}","rop_custom_images_group":[],"rop_custom_messages_group":[],"rop_publish_now":"initial","rop_publish_now_accounts":[],"rop_publish_now_history":[],"rop_publish_now_status":"pending","_uag_custom_page_level_css":"","site-sidebar-layout":"default","site-content-layout":"","ast-site-content-layout":"default","site-content-style":"default","site-sidebar-style":"default","ast-global-header-display":"","ast-banner-title-visibility":"","ast-main-header-display":"","ast-hfb-above-header-display":"","ast-hfb-below-header-display":"","ast-hfb-mobile-header-display":"","site-post-title":"","ast-breadcrumbs-content":"","ast-featured-img":"","footer-sml-layout":"","ast-disable-related-posts":"","theme-transparent-header-meta":"","adv-header-id-meta":"","stick-header-meta":"","header-above-stick-meta":"","header-main-stick-meta":"","header-below-stick-meta":"","astra-migrate-meta-layouts":"default","ast-page-background-enabled":"default","ast-page-background-meta":{"desktop":{"background-color":"var(--ast-global-color-5)","background-image":"","background-repeat":"repeat","background-position":"center center","background-size":"auto","background-attachment":"scroll","background-type":"","background-media":"","overlay-type":"","overlay-color":"","overlay-opacity":"","overlay-gradient":""},"tablet":{"background-color":"","background-image":"","background-repeat":"repeat","background-position":"center center","background-size":"auto","background-attachment":"scroll","background-type":"","background-media":"","overlay-type":"","overlay-color":"","overlay-opacity":"","overlay-gradient":""},"mobile":{"background-color":"","background-image":"","background-repeat":"repeat","background-position":"center center","background-size":"auto","background-attachment":"scroll","background-type":"","background-media":"","overlay-type":"","overlay-color":"","overlay-opacity":"","overlay-gradient":""}},"ast-content-background-meta":{"desktop":{"background-color":"var(--ast-global-color-4)","background-image":"","background-repeat":"repeat","background-position":"center center","background-size":"auto","background-attachment":"scroll","background-type":"","background-media":"","overlay-type":"","overlay-color":"","overlay-opacity":"","overlay-gradient":""},"tablet":{"background-color":"var(--ast-global-color-4)","background-image":"","background-repeat":"repeat","background-position":"center center","background-size":"auto","background-attachment":"scroll","background-type":"","background-media":"","overlay-type":"","overlay-color":"","overlay-opacity":"","overlay-gradient":""},"mobile":{"background-color":"var(--ast-global-color-4)","background-image":"","background-repeat":"repeat","background-position":"center center","background-size":"auto","background-attachment":"scroll","background-type":"","background-media":"","overlay-type":"","overlay-color":"","overlay-opacity":"","overlay-gradient":""}},"ngg_post_thumbnail":0,"footnotes":""},"class_list":["post-94","page","type-page","status-publish","hentry"],"uagb_featured_image_src":{"full":false,"thumbnail":false,"medium":false,"medium_large":false,"large":false,"1536x1536":false,"2048x2048":false},"uagb_author_info":{"display_name":"PMT","author_link":"https:\/\/sp5.pila.pl\/SP5\/author\/ludi\/"},"uagb_comment_info":0,"uagb_excerpt":"SZKO\u0141A PODSTAWOWA NR 5 IM. DZIECI POLSKICH W PILE 64-920 Pi\u0142a, aleja Niepodleg\u0142o\u015bci 18 Lista adres\u00f3w poczty elektronicznej: Dorota Guli\u0144ska [&hellip;]","_links":{"self":[{"href":"https:\/\/sp5.pila.pl\/SP5\/wp-json\/wp\/v2\/pages\/94","targetHints":{"allow":["GET"]}}],"collection":[{"href":"https:\/\/sp5.pila.pl\/SP5\/wp-json\/wp\/v2\/pages"}],"about":[{"href":"https:\/\/sp5.pila.pl\/SP5\/wp-json\/wp\/v2\/types\/page"}],"author":[{"embeddable":true,"href":"https:\/\/sp5.pila.pl\/SP5\/wp-json\/wp\/v2\/users\/1"}],"replies":[{"embeddable":true,"href":"https:\/\/sp5.pila.pl\/SP5\/wp-json\/wp\/v2\/comments?post=94"}],"version-history":[{"count":19,"href":"https:\/\/sp5.pila.pl\/SP5\/wp-json\/wp\/v2\/pages\/94\/revisions"}],"predecessor-version":[{"id":49215,"href":"https:\/\/sp5.pila.pl\/SP5\/wp-json\/wp\/v2\/pages\/94\/revisions\/49215"}],"wp:attachment":[{"href":"https:\/\/sp5.pila.pl\/SP5\/wp-json\/wp\/v2\/media?parent=94"}],"curies":[{"name":"wp","href":"https:\/\/api.w.org\/{rel}","templated":true}]}}