{"id":9423,"date":"2019-05-11T12:31:03","date_gmt":"2019-05-11T10:31:03","guid":{"rendered":"http:\/\/sp5.pila.pl\/SP5\/?page_id=9423"},"modified":"2019-05-11T12:55:39","modified_gmt":"2019-05-11T10:55:39","slug":"zmiany-w-salach-na-w-f","status":"publish","type":"page","link":"https:\/\/sp5.pila.pl\/SP5\/zmiany-w-salach-na-w-f\/","title":{"rendered":"Zmiany w salach na w-f"},"content":{"rendered":"<p style=\"text-align: center;\"><a href=\"https:\/\/sp5.pila.pl\/SP5\/2019\/02\/23\/miejski-turniej-halowej-pilki-noznej-chlopcow-klas-iv\/cartoon-boy-playing-football\/\" rel=\"attachment wp-att-8273\"><img loading=\"lazy\" decoding=\"async\" class=\"size-thumbnail wp-image-8273 alignleft\" src=\"https:\/\/sp5.pila.pl\/SP5\/wp-content\/uploads\/fototapety-chlopiec-kreskowka-gry-pilka-nozna_jpg-150x150.jpg\" alt=\"\" width=\"150\" height=\"150\"><\/a><\/p>\n<p style=\"text-align: center;\">W zwi\u0105zku z remontem sal gimnastycznych nast\u0105pi\u0142y zmiany w salach na w-f.<\/p>\n<p style=\"text-align: center;\">&nbsp;<\/p>\n<p>&nbsp;<\/p>\n<p><a href=\"https:\/\/sp5.pila.pl\/SP5\/zmiany-w-salach-na-w-f\/klasy-3\/\" rel=\"attachment wp-att-9435\"><img loading=\"lazy\" decoding=\"async\" class=\"aligncenter wp-image-9435\" src=\"https:\/\/sp5.pila.pl\/SP5\/wp-content\/uploads\/klasy.png\" alt=\"\" width=\"495\" height=\"769\" srcset=\"https:\/\/sp5.pila.pl\/SP5\/wp-content\/uploads\/klasy.png 422w, https:\/\/sp5.pila.pl\/SP5\/wp-content\/uploads\/klasy-193x300.png 193w\" sizes=\"auto, (max-width: 495px) 100vw, 495px\" \/><\/a><a href=\"https:\/\/sp5.pila.pl\/SP5\/zmiany-w-salach-na-w-f\/nauczycieli\/\" rel=\"attachment wp-att-9437\"><img loading=\"lazy\" decoding=\"async\" class=\"aligncenter wp-image-9437\" src=\"https:\/\/sp5.pila.pl\/SP5\/wp-content\/uploads\/nauczycieli.png\" alt=\"\" width=\"476\" height=\"751\" srcset=\"https:\/\/sp5.pila.pl\/SP5\/wp-content\/uploads\/nauczycieli.png 412w, https:\/\/sp5.pila.pl\/SP5\/wp-content\/uploads\/nauczycieli-190x300.png 190w\" sizes=\"auto, (max-width: 476px) 100vw, 476px\" \/><\/a><a href=\"https:\/\/sp5.pila.pl\/SP5\/zmiany-w-salach-na-w-f\/dni-2\/\" rel=\"attachment wp-att-9436\"><img loading=\"lazy\" decoding=\"async\" class=\"aligncenter wp-image-9436\" src=\"https:\/\/sp5.pila.pl\/SP5\/wp-content\/uploads\/dni.png\" alt=\"\" width=\"478\" height=\"738\" srcset=\"https:\/\/sp5.pila.pl\/SP5\/wp-content\/uploads\/dni.png 416w, https:\/\/sp5.pila.pl\/SP5\/wp-content\/uploads\/dni-194x300.png 194w\" sizes=\"auto, (max-width: 478px) 100vw, 478px\" \/><\/a><a href=\"https:\/\/sp5.pila.pl\/SP5\/zmiany-w-salach-na-w-f\/sale-2\/\" rel=\"attachment wp-att-9438\"><img loading=\"lazy\" decoding=\"async\" class=\"aligncenter wp-image-9438\" src=\"https:\/\/sp5.pila.pl\/SP5\/wp-content\/uploads\/sale.png\" alt=\"\" width=\"448\" height=\"682\" srcset=\"https:\/\/sp5.pila.pl\/SP5\/wp-content\/uploads\/sale.png 418w, https:\/\/sp5.pila.pl\/SP5\/wp-content\/uploads\/sale-197x300.png 197w\" sizes=\"auto, (max-width: 448px) 100vw, 448px\" \/><\/a><\/p>\n","protected":false},"excerpt":{"rendered":"<p>W zwi\u0105zku z remontem sal gimnastycznych nast\u0105pi\u0142y zmiany w salach na w-f. &nbsp; &nbsp;<\/p>\n","protected":false},"author":1,"featured_media":0,"parent":0,"menu_order":0,"comment_status":"closed","ping_status":"closed","template":"","meta":{"_editorskit_title_hidden":false,"_editorskit_reading_time":0,"_editorskit_is_block_options_detached":false,"_editorskit_block_options_position":"{}","rop_custom_images_group":[],"rop_custom_messages_group":[],"rop_publish_now":"initial","rop_publish_now_accounts":[],"rop_publish_now_history":[],"rop_publish_now_status":"pending","_uag_custom_page_level_css":"","site-sidebar-layout":"default","site-content-layout":"","ast-site-content-layout":"default","site-content-style":"default","site-sidebar-style":"default","ast-global-header-display":"","ast-banner-title-visibility":"","ast-main-header-display":"","ast-hfb-above-header-display":"","ast-hfb-below-header-display":"","ast-hfb-mobile-header-display":"","site-post-title":"","ast-breadcrumbs-content":"","ast-featured-img":"","footer-sml-layout":"","ast-disable-related-posts":"","theme-transparent-header-meta":"","adv-header-id-meta":"","stick-header-meta":"","header-above-stick-meta":"","header-main-stick-meta":"","header-below-stick-meta":"","astra-migrate-meta-layouts":"default","ast-page-background-enabled":"default","ast-page-background-meta":{"desktop":{"background-color":"var(--ast-global-color-5)","background-image":"","background-repeat":"repeat","background-position":"center center","background-size":"auto","background-attachment":"scroll","background-type":"","background-media":"","overlay-type":"","overlay-color":"","overlay-opacity":"","overlay-gradient":""},"tablet":{"background-color":"","background-image":"","background-repeat":"repeat","background-position":"center center","background-size":"auto","background-attachment":"scroll","background-type":"","background-media":"","overlay-type":"","overlay-color":"","overlay-opacity":"","overlay-gradient":""},"mobile":{"background-color":"","background-image":"","background-repeat":"repeat","background-position":"center center","background-size":"auto","background-attachment":"scroll","background-type":"","background-media":"","overlay-type":"","overlay-color":"","overlay-opacity":"","overlay-gradient":""}},"ast-content-background-meta":{"desktop":{"background-color":"var(--ast-global-color-4)","background-image":"","background-repeat":"repeat","background-position":"center center","background-size":"auto","background-attachment":"scroll","background-type":"","background-media":"","overlay-type":"","overlay-color":"","overlay-opacity":"","overlay-gradient":""},"tablet":{"background-color":"var(--ast-global-color-4)","background-image":"","background-repeat":"repeat","background-position":"center center","background-size":"auto","background-attachment":"scroll","background-type":"","background-media":"","overlay-type":"","overlay-color":"","overlay-opacity":"","overlay-gradient":""},"mobile":{"background-color":"var(--ast-global-color-4)","background-image":"","background-repeat":"repeat","background-position":"center center","background-size":"auto","background-attachment":"scroll","background-type":"","background-media":"","overlay-type":"","overlay-color":"","overlay-opacity":"","overlay-gradient":""}},"ngg_post_thumbnail":0,"footnotes":""},"class_list":["post-9423","page","type-page","status-publish","hentry"],"uagb_featured_image_src":{"full":false,"thumbnail":false,"medium":false,"medium_large":false,"large":false,"1536x1536":false,"2048x2048":false},"uagb_author_info":{"display_name":"PMT","author_link":"https:\/\/sp5.pila.pl\/SP5\/author\/ludi\/"},"uagb_comment_info":0,"uagb_excerpt":"W zwi\u0105zku z remontem sal gimnastycznych nast\u0105pi\u0142y zmiany w salach na w-f. &nbsp; &nbsp;","_links":{"self":[{"href":"https:\/\/sp5.pila.pl\/SP5\/wp-json\/wp\/v2\/pages\/9423","targetHints":{"allow":["GET"]}}],"collection":[{"href":"https:\/\/sp5.pila.pl\/SP5\/wp-json\/wp\/v2\/pages"}],"about":[{"href":"https:\/\/sp5.pila.pl\/SP5\/wp-json\/wp\/v2\/types\/page"}],"author":[{"embeddable":true,"href":"https:\/\/sp5.pila.pl\/SP5\/wp-json\/wp\/v2\/users\/1"}],"replies":[{"embeddable":true,"href":"https:\/\/sp5.pila.pl\/SP5\/wp-json\/wp\/v2\/comments?post=9423"}],"version-history":[{"count":6,"href":"https:\/\/sp5.pila.pl\/SP5\/wp-json\/wp\/v2\/pages\/9423\/revisions"}],"predecessor-version":[{"id":9440,"href":"https:\/\/sp5.pila.pl\/SP5\/wp-json\/wp\/v2\/pages\/9423\/revisions\/9440"}],"wp:attachment":[{"href":"https:\/\/sp5.pila.pl\/SP5\/wp-json\/wp\/v2\/media?parent=9423"}],"curies":[{"name":"wp","href":"https:\/\/api.w.org\/{rel}","templated":true}]}}